{"id":55308,"date":"2020-09-17T11:06:19","date_gmt":"2020-09-17T08:06:19","guid":{"rendered":"https:\/\/unox.com.tr\/urun\/positionneur-electropneumatique-lineaire\/"},"modified":"2020-09-17T11:06:19","modified_gmt":"2020-09-17T08:06:19","slug":"positionneur-electropneumatique-lineaire","status":"publish","type":"product","link":"https:\/\/unox.com.tr\/fr\/positionneur-electropneumatique-lineaire\/","title":{"rendered":"Positionneur Electropneumatique Lin\u00e9aire"},"content":{"rendered":"<h2><span style=\"font-size: 22px;\">Qu&rsquo;est-ce qu&rsquo;un positionneur \u00e9lectropneumatique lin\u00e9aire ?<\/span><\/h2>\n<p>Le positionneur \u00e9lectropneumatique lin\u00e9aire est un appareil qui fonctionne sous air ou gaz. Cet appareil contr\u00f4le le mouvement d&rsquo;un objet \u00e0 l&rsquo;aide de la pression d&rsquo;air ou de gaz. Il est g\u00e9n\u00e9ralement utilis\u00e9 pour mesurer et contr\u00f4ler la position de l&rsquo;objet \u00e0 d\u00e9placer. Par exemple, lors du placement d&rsquo;une pi\u00e8ce sur une ligne de production automatis\u00e9e, un positionneur \u00e9lectropneumatique lin\u00e9aire peut \u00eatre utilis\u00e9. Ce positionneur peut d\u00e9placer la pi\u00e8ce \u00e0 la position souhait\u00e9e en utilisant la pression d&rsquo;air et contr\u00f4ler sa position en la mesurant. Les positionneurs \u00e9lectropneumatiques lin\u00e9aires peuvent fournir un contr\u00f4le de position tr\u00e8s pr\u00e9cis car ils fonctionnent avec de l&rsquo;air ou de la pression de gaz, et ils ont \u00e9galement la capacit\u00e9 de se d\u00e9placer tr\u00e8s rapidement.<\/p>\n<p>Mont\u00e9 sur un actionneur pneumatique \u00e0 membrane, le positionneur EP-1000L d\u00e9place l&rsquo;actionneur en recevant des signaux DC 4 ~ 20mA d&rsquo;un contr\u00f4leur. De plus, la fonction de d\u00e9tection et de retour du d\u00e9placement de l&rsquo;actionneur assure un positionnement pr\u00e9cis en r\u00e9ponse aux signaux DC 4~20mA.<\/p>\n<p>L&rsquo;EP-1000L peut \u00eatre utilis\u00e9 avec des vannes de r\u00e9gulation \u00e0 ressort et des actionneurs \u00e0 double effet.<\/p>\n<h2><span class=\"ez-toc-section\" id=\"Caracteristiques_Generales\"><\/span><span style=\"font-size: 22px;\">Caract\u00e9ristiques G\u00e9n\u00e9rales<\/span><span class=\"ez-toc-section-end\"><\/span><\/h2>\n<ul>\n<li>Conforme aux normes CE<\/li>\n<li>Antid\u00e9flagrant (Exia CT6, Exd BT6, Exd CT6)<\/li>\n<li>Certifi\u00e9 IP66<\/li>\n<li>Anti-vibration \u00e9lev\u00e9 (pas efficace \u00e0 5-200Hz)<\/li>\n<li>La connexion du conduit d&rsquo;air est sous forme perfor\u00e9e adapt\u00e9e au raccordement dans toutes les directions.<\/li>\n<li>Convient pour transformer les actions positives et les contre-mesures<\/li>\n<li>1\/2 split range avec des ajustements simples sans changer de pi\u00e8ces<\/li>\n<li>Entretien facile<\/li>\n<li>Structure simple pour le lien de r\u00e9troaction<\/li>\n<li>\u00c9conomie d&rsquo;\u00e9nergie \u00e9conomique<\/li>\n<\/ul>\n<p><img decoding=\"async\" src=\"https:\/\/images.hepsiburada.net\/assets\/ProductDescription\/202007\/e9584f2e-2be0-4d48-ba96-334327373893.png\" alt=\"\" title=\"\"><\/p>\n<p><img decoding=\"async\" src=\"https:\/\/images.hepsiburada.net\/assets\/ProductDescription\/202007\/1a338e39-cd25-43fe-9574-37aef4bb70ba.png\" alt=\"\" title=\"\"><\/p>\n","protected":false},"excerpt":{"rendered":"<p><a href=\"https:\/\/unox.com.tr\/wp-content\/uploads\/2023\/01\/LINEER-ELEKTRO-PNOMATIK-POZISYONER.pdf\" target=\"_blank\" rel=\"noopener\"><button style=\"background-color: #11224b; color: #ffffff; padding: 10px 15px; font-family: montserrat; font-weight: bold; font-size: 19px; border-radius: 10px;\"><img decoding=\"async\" style=\"width: 25px; height: 25px;\" src=\"https:\/\/unox.com.tr\/wp-content\/uploads\/2023\/02\/pdf-1.png\">CATALOGUE DES PRODUITS<\/button><\/a><\/p>\n<p><button style=\"background-color: #11224b; margin-top: 5px; color: white; padding: 0px 15px; width: 150px; height: 55px; border-radius: 10px; border: none; cursor: pointer;\"><br \/>\n<img decoding=\"async\" style=\"width: 120px; height: 30px;\" src=\"https:\/\/unox.com.tr\/wp-content\/uploads\/2023\/02\/4-1.svg\"><\/button><\/p>\n","protected":false},"featured_media":35954,"comment_status":"open","ping_status":"closed","template":"","meta":[],"product_brand":[],"product_cat":[1186],"product_tag":[],"class_list":{"0":"post-55308","1":"product","2":"type-product","3":"status-publish","4":"has-post-thumbnail","6":"product_cat-accessoires-pour-actionneurs-pneumatiques","8":"first","9":"instock","10":"shipping-taxable","11":"product-type-simple"},"_links":{"self":[{"href":"https:\/\/unox.com.tr\/fr\/wp-json\/wp\/v2\/product\/55308","targetHints":{"allow":["GET"]}}],"collection":[{"href":"https:\/\/unox.com.tr\/fr\/wp-json\/wp\/v2\/product"}],"about":[{"href":"https:\/\/unox.com.tr\/fr\/wp-json\/wp\/v2\/types\/product"}],"replies":[{"embeddable":true,"href":"https:\/\/unox.com.tr\/fr\/wp-json\/wp\/v2\/comments?post=55308"}],"version-history":[{"count":0,"href":"https:\/\/unox.com.tr\/fr\/wp-json\/wp\/v2\/product\/55308\/revisions"}],"wp:featuredmedia":[{"embeddable":true,"href":"https:\/\/unox.com.tr\/fr\/wp-json\/wp\/v2\/media\/35954"}],"wp:attachment":[{"href":"https:\/\/unox.com.tr\/fr\/wp-json\/wp\/v2\/media?parent=55308"}],"wp:term":[{"taxonomy":"product_brand","embeddable":true,"href":"https:\/\/unox.com.tr\/fr\/wp-json\/wp\/v2\/product_brand?post=55308"},{"taxonomy":"product_cat","embeddable":true,"href":"https:\/\/unox.com.tr\/fr\/wp-json\/wp\/v2\/product_cat?post=55308"},{"taxonomy":"product_tag","embeddable":true,"href":"https:\/\/unox.com.tr\/fr\/wp-json\/wp\/v2\/product_tag?post=55308"}],"curies":[{"name":"wp","href":"https:\/\/api.w.org\/{rel}","templated":true}]}}