{"id":55309,"date":"2020-09-17T11:04:18","date_gmt":"2020-09-17T11:04:18","guid":{"rendered":"https:\/\/unox.com.tr\/urun\/boitier-dinterrupteur-de-fin-de-course\/"},"modified":"2020-09-17T11:04:18","modified_gmt":"2020-09-17T08:04:18","slug":"boitier-dinterrupteur-de-fin-de-course","status":"publish","type":"product","link":"https:\/\/unox.com.tr\/fr\/boitier-dinterrupteur-de-fin-de-course\/","title":{"rendered":"Bo\u00eetier d&rsquo;Interrupteur de Fin de Course"},"content":{"rendered":"<div id=\"ez-toc-container\" class=\"ez-toc-v2_0_82_2 counter-hierarchy ez-toc-counter ez-toc-grey ez-toc-container-direction\">\n<div class=\"ez-toc-title-container\">\n<p class=\"ez-toc-title\" style=\"cursor:inherit\">Sayfa \u0130\u00e7eri\u011fi<\/p>\n<span class=\"ez-toc-title-toggle\"><a href=\"#\" class=\"ez-toc-pull-right ez-toc-btn ez-toc-btn-xs ez-toc-btn-default ez-toc-toggle\" aria-label=\"Toggle Table of Content\"><span class=\"ez-toc-js-icon-con\"><span class=\"\"><span class=\"eztoc-hide\" style=\"display:none;\">Toggle<\/span><span class=\"ez-toc-icon-toggle-span\"><svg style=\"fill: #999;color:#999\" xmlns=\"http:\/\/www.w3.org\/2000\/svg\" class=\"list-377408\" width=\"20px\" height=\"20px\" viewBox=\"0 0 24 24\" fill=\"none\"><path d=\"M6 6H4v2h2V6zm14 0H8v2h12V6zM4 11h2v2H4v-2zm16 0H8v2h12v-2zM4 16h2v2H4v-2zm16 0H8v2h12v-2z\" fill=\"currentColor\"><\/path><\/svg><svg style=\"fill: #999;color:#999\" class=\"arrow-unsorted-368013\" xmlns=\"http:\/\/www.w3.org\/2000\/svg\" width=\"10px\" height=\"10px\" viewBox=\"0 0 24 24\" version=\"1.2\" baseProfile=\"tiny\"><path d=\"M18.2 9.3l-6.2-6.3-6.2 6.3c-.2.2-.3.4-.3.7s.1.5.3.7c.2.2.4.3.7.3h11c.3 0 .5-.1.7-.3.2-.2.3-.5.3-.7s-.1-.5-.3-.7zM5.8 14.7l6.2 6.3 6.2-6.3c.2-.2.3-.5.3-.7s-.1-.5-.3-.7c-.2-.2-.4-.3-.7-.3h-11c-.3 0-.5.1-.7.3-.2.2-.3.5-.3.7s.1.5.3.7z\"\/><\/svg><\/span><\/span><\/span><\/a><\/span><\/div>\n<nav><ul class='ez-toc-list ez-toc-list-level-1 ' ><li class='ez-toc-page-1 ez-toc-heading-level-2'><a class=\"ez-toc-link ez-toc-heading-1\" href=\"https:\/\/unox.com.tr\/fr\/boitier-dinterrupteur-de-fin-de-course\/#Quest-ce_quun_boitier_de_fin_de_course\" >Qu&rsquo;est-ce qu&rsquo;un bo\u00eetier de fin de course ?<\/a><\/li><li class='ez-toc-page-1 ez-toc-heading-level-2'><a class=\"ez-toc-link ez-toc-heading-2\" href=\"https:\/\/unox.com.tr\/fr\/boitier-dinterrupteur-de-fin-de-course\/#Caracteristiques_du_produit\" >Caract\u00e9ristiques du produit<\/a><\/li><li class='ez-toc-page-1 ez-toc-heading-level-2'><a class=\"ez-toc-link ez-toc-heading-3\" href=\"https:\/\/unox.com.tr\/fr\/boitier-dinterrupteur-de-fin-de-course\/#Caracteristiques_Generales\" >Caract\u00e9ristiques G\u00e9n\u00e9rales<\/a><\/li><\/ul><\/nav><\/div>\n<h2><span class=\"ez-toc-section\" id=\"Quest-ce_quun_boitier_de_fin_de_course\"><\/span><span style=\"font-size: 22px;\">Qu&rsquo;est-ce qu&rsquo;un bo\u00eetier de fin de course ?<\/span><span class=\"ez-toc-section-end\"><\/span><\/h2>\n<p>Limit Switch Box est une sorte de dispositif de commande \u00e9lectrique utilis\u00e9 pour contr\u00f4ler le mouvement des machines ou des \u00e9quipements. Il se compose d&rsquo;un bo\u00eetier contenant un ou plusieurs interrupteurs de fin de course, qui sont des dispositifs m\u00e9caniques destin\u00e9s \u00e0 d\u00e9tecter la pr\u00e9sence ou l&rsquo;absence d&rsquo;un objet.<\/p>\n<p>Le bo\u00eetier de fin de course est g\u00e9n\u00e9ralement connect\u00e9 \u00e0 la machine ou \u00e0 l&rsquo;\u00e9quipement qu&rsquo;il contr\u00f4le et est utilis\u00e9 pour activer ou d\u00e9sactiver certaines fonctions ou certains mouvements en fonction de l&#8217;emplacement de l&rsquo;objet surveill\u00e9.<\/p>\n<p>Les bo\u00eetiers d&rsquo;interrupteurs de fin de course sont souvent utilis\u00e9s dans les environnements industriels, mais ils peuvent \u00e9galement \u00eatre trouv\u00e9s dans d&rsquo;autres applications telles que les portes automatiques et les ascenseurs. Ils sont utiles pour contr\u00f4ler avec pr\u00e9cision et fiabilit\u00e9 le mouvement des machines et des \u00e9quipements. Ils peuvent aider \u00e0 assurer la s\u00e9curit\u00e9 des travailleurs et de l&rsquo;\u00e9quipement.<\/p>\n<p>Le bo\u00eetier d&rsquo;interrupteur de fin de course est un dispositif qui indique la position ferm\u00e9e ou ouverte de la vanne et fournit un signal de v\u00e9rification de position. Les interrupteurs de fin de course envoient des signaux \u00e0 des ordinateurs distants, souvent appel\u00e9s API ou DCS, qui ne sont pas situ\u00e9s \u00e0 proximit\u00e9 de la vanne.<br \/>\n Un interrupteur de fin de course poss\u00e8de un indicateur de position sur sa partie sup\u00e9rieure qui indique si la vanne est ouverte ou ferm\u00e9e. De cette mani\u00e8re, les op\u00e9rateurs de l&rsquo;installation peuvent acc\u00e9der visuellement aux informations indiquant si la vanne est ouverte ou ferm\u00e9e lorsqu&rsquo;ils sont \u00e0 proximit\u00e9 de la vanne.<\/p>\n<h2><span class=\"ez-toc-section\" id=\"Caracteristiques_du_produit\"><\/span><span style=\"font-size: 22px;\">Caract\u00e9ristiques du produit<\/span><span class=\"ez-toc-section-end\"><\/span><\/h2>\n<ul>\n<li><strong>Corps<\/strong> : Injection d&rsquo;Aluminium<\/li>\n<li><strong>Indicateur<\/strong> : Plastique Transparent<\/li>\n<li><strong>Verrouiller:<\/strong> AISI 304<\/li>\n<li><strong>Joint<\/strong> : EPDM<\/li>\n<li><strong>Classe de protection<\/strong> : IP 67<\/li>\n<li><strong>Connecteur:<\/strong> Namur VDI \/ VDE 3845<\/li>\n<\/ul>\n<h2><span class=\"ez-toc-section\" id=\"Caracteristiques_Generales\"><\/span><span style=\"font-size: 22px;\">Caract\u00e9ristiques G\u00e9n\u00e9rales<\/span><span class=\"ez-toc-section-end\"><\/span><\/h2>\n<ul>\n<li>Indicateur de position marche-arr\u00eat<\/li>\n<li>Raccordement adapt\u00e9 \u00e0 tous types d&rsquo;actionneurs au standard Namur<\/li>\n<li>R\u00e9glage facile<\/li>\n<li>Indicateur de position (0-90)<\/li>\n<li>Plage de temp\u00e9rature de fonctionnement \u00e9lev\u00e9e (-20\u00b0C \u00e0 80\u00b0C)<\/li>\n<li>Syst\u00e8me pour raccorder le distributeur Namur directement dans le coffret<\/li>\n<li>IP 67 WATERPROOF<\/li>\n<\/ul>\n<p>&nbsp;<\/p>\n<p>&nbsp;<\/p>\n<p>&nbsp;<\/p>\n<p><img decoding=\"async\" class=\"wp-image-11916 aligncenter\" src=\"https:\/\/unox.com.tr\/wp-content\/themes\/woodmart\/images\/lazy.svg\" data-src=\"https:\/\/unox.com.tr\/wp-content\/uploads\/2020\/09\/Adsiz-300x242.png\" alt=\"bo\u00eetier de fin de course\" width=\"589\" height=\"475\" title=\"\" srcset=\"\" data-srcset=\"https:\/\/unox.com.tr\/wp-content\/uploads\/2020\/09\/Adsiz-300x242.png 300w, https:\/\/unox.com.tr\/wp-content\/uploads\/2020\/09\/Adsiz-150x121.png 150w, https:\/\/unox.com.tr\/wp-content\/uploads\/2020\/09\/Adsiz-400x323.png 400w, https:\/\/unox.com.tr\/wp-content\/uploads\/2020\/09\/Adsiz-367x297.png 367w, https:\/\/unox.com.tr\/wp-content\/uploads\/2020\/09\/Adsiz.png 459w\" sizes=\"(max-width: 589px) 100vw, 589px\" \/><\/p>\n","protected":false},"excerpt":{"rendered":"<p><a href=\"https:\/\/unox.com.tr\/wp-content\/uploads\/2022\/12\/Limit-Switch-Box.pdf\" target=\"_blank\" rel=\"noopener\"><button style=\"background-color: #11224b; color: #ffffff; padding: 10px 15px; font-family: montserrat; font-weight: bold; font-size: 19px; border-radius: 10px;\"><img decoding=\"async\" style=\"width: 25px; height: 25px;\" src=\"https:\/\/unox.com.tr\/wp-content\/uploads\/2023\/02\/pdf-1.png\">CATALOGUE DES PRODUITS<\/button><\/a><\/p>\n<p><button style=\"background-color: #11224b; margin-top: 5px; color: white; padding: 0px 15px; width: 150px; height: 55px; border-radius: 10px; border: none; cursor: pointer;\"><br \/>\n<img decoding=\"async\" style=\"width: 120px; height: 30px;\" src=\"https:\/\/unox.com.tr\/wp-content\/uploads\/2023\/02\/4-1.svg\"><\/button><\/p>\n","protected":false},"featured_media":69151,"comment_status":"closed","ping_status":"closed","template":"","meta":{"_joinchat":[]},"product_brand":[],"product_cat":[1186],"product_tag":[],"class_list":{"0":"post-55309","1":"product","2":"type-product","3":"status-publish","4":"has-post-thumbnail","6":"product_cat-accessoires-pour-actionneurs-pneumatiques","8":"first","9":"instock","10":"shipping-taxable","11":"product-type-simple"},"_links":{"self":[{"href":"https:\/\/unox.com.tr\/fr\/wp-json\/wp\/v2\/product\/55309","targetHints":{"allow":["GET"]}}],"collection":[{"href":"https:\/\/unox.com.tr\/fr\/wp-json\/wp\/v2\/product"}],"about":[{"href":"https:\/\/unox.com.tr\/fr\/wp-json\/wp\/v2\/types\/product"}],"replies":[{"embeddable":true,"href":"https:\/\/unox.com.tr\/fr\/wp-json\/wp\/v2\/comments?post=55309"}],"version-history":[{"count":0,"href":"https:\/\/unox.com.tr\/fr\/wp-json\/wp\/v2\/product\/55309\/revisions"}],"wp:featuredmedia":[{"embeddable":true,"href":"https:\/\/unox.com.tr\/fr\/wp-json\/wp\/v2\/media\/69151"}],"wp:attachment":[{"href":"https:\/\/unox.com.tr\/fr\/wp-json\/wp\/v2\/media?parent=55309"}],"wp:term":[{"taxonomy":"product_brand","embeddable":true,"href":"https:\/\/unox.com.tr\/fr\/wp-json\/wp\/v2\/product_brand?post=55309"},{"taxonomy":"product_cat","embeddable":true,"href":"https:\/\/unox.com.tr\/fr\/wp-json\/wp\/v2\/product_cat?post=55309"},{"taxonomy":"product_tag","embeddable":true,"href":"https:\/\/unox.com.tr\/fr\/wp-json\/wp\/v2\/product_tag?post=55309"}],"curies":[{"name":"wp","href":"https:\/\/api.w.org\/{rel}","templated":true}]}}