{"id":55310,"date":"2020-09-17T11:00:56","date_gmt":"2020-09-17T08:00:56","guid":{"rendered":"https:\/\/unox.com.tr\/urun\/convertisseur-ip\/"},"modified":"2020-09-17T11:00:56","modified_gmt":"2020-09-17T08:00:56","slug":"convertisseur-ip","status":"publish","type":"product","link":"https:\/\/unox.com.tr\/fr\/convertisseur-ip\/","title":{"rendered":"Convertisseur IP"},"content":{"rendered":"<div id=\"ez-toc-container\" class=\"ez-toc-v2_0_82_2 counter-hierarchy ez-toc-counter ez-toc-grey ez-toc-container-direction\">\n<div class=\"ez-toc-title-container\">\n<p class=\"ez-toc-title\" style=\"cursor:inherit\">Sayfa \u0130\u00e7eri\u011fi<\/p>\n<span class=\"ez-toc-title-toggle\"><a href=\"#\" class=\"ez-toc-pull-right ez-toc-btn ez-toc-btn-xs ez-toc-btn-default ez-toc-toggle\" aria-label=\"Toggle Table of Content\"><span class=\"ez-toc-js-icon-con\"><span class=\"\"><span class=\"eztoc-hide\" style=\"display:none;\">Toggle<\/span><span class=\"ez-toc-icon-toggle-span\"><svg style=\"fill: #999;color:#999\" xmlns=\"http:\/\/www.w3.org\/2000\/svg\" class=\"list-377408\" width=\"20px\" height=\"20px\" viewBox=\"0 0 24 24\" fill=\"none\"><path d=\"M6 6H4v2h2V6zm14 0H8v2h12V6zM4 11h2v2H4v-2zm16 0H8v2h12v-2zM4 16h2v2H4v-2zm16 0H8v2h12v-2z\" fill=\"currentColor\"><\/path><\/svg><svg style=\"fill: #999;color:#999\" class=\"arrow-unsorted-368013\" xmlns=\"http:\/\/www.w3.org\/2000\/svg\" width=\"10px\" height=\"10px\" viewBox=\"0 0 24 24\" version=\"1.2\" baseProfile=\"tiny\"><path d=\"M18.2 9.3l-6.2-6.3-6.2 6.3c-.2.2-.3.4-.3.7s.1.5.3.7c.2.2.4.3.7.3h11c.3 0 .5-.1.7-.3.2-.2.3-.5.3-.7s-.1-.5-.3-.7zM5.8 14.7l6.2 6.3 6.2-6.3c.2-.2.3-.5.3-.7s-.1-.5-.3-.7c-.2-.2-.4-.3-.7-.3h-11c-.3 0-.5.1-.7.3-.2.2-.3.5-.3.7s.1.5.3.7z\"\/><\/svg><\/span><\/span><\/span><\/a><\/span><\/div>\n<nav><ul class='ez-toc-list ez-toc-list-level-1 ' ><li class='ez-toc-page-1 ez-toc-heading-level-2'><a class=\"ez-toc-link ez-toc-heading-1\" href=\"https:\/\/unox.com.tr\/fr\/convertisseur-ip\/#Quest-ce_quun_convertisseur_IP\" >Qu&rsquo;est-ce qu&rsquo;un convertisseur IP ?<\/a><\/li><li class='ez-toc-page-1 ez-toc-heading-level-2'><a class=\"ez-toc-link ez-toc-heading-2\" href=\"https:\/\/unox.com.tr\/fr\/convertisseur-ip\/#Comment_fonctionne_un_convertisseur_IP\" >Comment fonctionne un convertisseur IP ?<\/a><\/li><\/ul><\/nav><\/div>\n<h2><span class=\"ez-toc-section\" id=\"Quest-ce_quun_convertisseur_IP\"><\/span><span style=\"font-size: 22px;\">Qu&rsquo;est-ce qu&rsquo;un convertisseur IP ?<\/span><span class=\"ez-toc-section-end\"><\/span><\/h2>\n<p>Convertisseur IP ; Il s&rsquo;agit d&rsquo;un convertisseur courant-pression utilis\u00e9 dans les syst\u00e8mes de contr\u00f4le industriels. Il s&rsquo;agit d&rsquo;un petit module utilis\u00e9 dans les applications pour convertir un signal analogique existant (I) en une sortie pneumatique (P). En d&rsquo;autres termes, il prend des signaux \u00e9lectriques \u00e0 partir d&rsquo;un signal DC (courant continu) et convertit ces signaux en pression pneumatique proportionnelle. Les convertisseurs I\/P convertissent les signaux \u00e9lectriques d&rsquo;un contr\u00f4leur pour appliquer une pression pneumatique aux vannes, amortisseurs, actionneurs ou freins et embrayages dans un m\u00e9canisme industriel.<\/p>\n<p>Avant d&rsquo;entrer dans les d\u00e9tails du convertisseur IP, il est important de noter qu&rsquo;il existe g\u00e9n\u00e9ralement deux types de ces convertisseurs, un convertisseur IP et un convertisseur EP. Un convertisseur I\/P prend le plus souvent un signal 4-20mA et le convertit en une sortie pneumatique. La diff\u00e9rence d&rsquo;un convertisseur EP est qu&rsquo;il prend un signal 0-10v et le convertit en une sortie pneumatique. Le convertisseur I\/P fonctionne avec le courant, le convertisseur EP fonctionne avec la tension.<\/p>\n<h2><span class=\"ez-toc-section\" id=\"Comment_fonctionne_un_convertisseur_IP\"><\/span><span style=\"font-size: 22px;\">Comment fonctionne un convertisseur IP ?<\/span><span class=\"ez-toc-section-end\"><\/span><\/h2>\n<ul>\n<li>Les convertisseurs I\/P fonctionnent sur un principe similaire aux vannes proportionnelles car ils fournissent des volumes de d\u00e9bit r\u00e9glables et des fonctions de contr\u00f4le. En convertissant le courant \u00e9lectrique en sortie pneumatique, les convertisseurs I\/P \u00e9liminent \u00e9galement le besoin d&rsquo;une source d&rsquo;alimentation externe pour contr\u00f4ler les composants pneumatiques. Ce faisant, les convertisseurs I\/P augmentent l&rsquo;efficacit\u00e9 et le contr\u00f4le de la machine.<\/li>\n<li>La fonction des convertisseurs I\/P est li\u00e9e au concept d&rsquo;un principe d&rsquo;\u00e9quilibre des forces \u00e9lectromagn\u00e9tiques, \u00e0 savoir le processus de conversion du courant \u00e9lectrique en force puis en pression. En termes simples, les effets \u00e9lectromagn\u00e9tiques sont utilis\u00e9s pour cr\u00e9er le courant qui force les transducteurs \u00e0 actionner m\u00e9caniquement les convertisseurs I\/P pour fonctionner. Cette action convertit le courant \u00e9lectrique (g\u00e9n\u00e9ralement 4 \u00e0 20 mA) en une sortie de pression pneumatique (3 \u00e0 15 psi), qui commande proportionnellement l&rsquo;ouverture ou la fermeture d&rsquo;une vanne selon le principe de l&rsquo;\u00e9quilibre des forces.<\/li>\n<li>Lorsque les convertisseurs I\/P fonctionnent, ils fournissent un d\u00e9bit de pression proportionnel descendant en fonction de la vitesse du courant \u00e9lectrique introduit dans le circuit \u00e9lectrique du convertisseur. Dans les syst\u00e8mes de contr\u00f4le de tension de bande, les convertisseurs I\/P servent d&rsquo;interface de connexion importante entre le contr\u00f4leur et les freins et embrayages pneumatiques.<\/li>\n<\/ul>\n","protected":false},"excerpt":{"rendered":"<p><a href=\"https:\/\/unox.com.tr\/wp-content\/uploads\/2022\/12\/IP-KONVERTOR.pdf\" target=\"_blank\" rel=\"noopener\"><button style=\"background-color: #11224b; color: #ffffff; padding: 10px 15px; font-family: montserrat; font-weight: bold; font-size: 19px; border-radius: 10px;\"><img decoding=\"async\" style=\"width: 25px; height: 25px;\" src=\"https:\/\/unox.com.tr\/wp-content\/uploads\/2023\/02\/pdf-1.png\">CATALOGUE DES PRODUITS<\/button><\/a><\/p>\n<p><button style=\"background-color: #11224b; margin-top: 5px; color: white; padding: 0px 15px; width: 150px; height: 55px; border-radius: 10px; border: none; cursor: pointer;\"><br \/>\n<img decoding=\"async\" style=\"width: 120px; height: 30px;\" src=\"https:\/\/unox.com.tr\/wp-content\/uploads\/2023\/02\/4-1.svg\"><\/button><\/p>\n","protected":false},"featured_media":27953,"comment_status":"open","ping_status":"closed","template":"","meta":{"_joinchat":[]},"product_brand":[],"product_cat":[1186],"product_tag":[],"class_list":{"0":"post-55310","1":"product","2":"type-product","3":"status-publish","4":"has-post-thumbnail","6":"product_cat-accessoires-pour-actionneurs-pneumatiques","8":"first","9":"instock","10":"shipping-taxable","11":"product-type-simple"},"_links":{"self":[{"href":"https:\/\/unox.com.tr\/fr\/wp-json\/wp\/v2\/product\/55310","targetHints":{"allow":["GET"]}}],"collection":[{"href":"https:\/\/unox.com.tr\/fr\/wp-json\/wp\/v2\/product"}],"about":[{"href":"https:\/\/unox.com.tr\/fr\/wp-json\/wp\/v2\/types\/product"}],"replies":[{"embeddable":true,"href":"https:\/\/unox.com.tr\/fr\/wp-json\/wp\/v2\/comments?post=55310"}],"version-history":[{"count":0,"href":"https:\/\/unox.com.tr\/fr\/wp-json\/wp\/v2\/product\/55310\/revisions"}],"wp:featuredmedia":[{"embeddable":true,"href":"https:\/\/unox.com.tr\/fr\/wp-json\/wp\/v2\/media\/27953"}],"wp:attachment":[{"href":"https:\/\/unox.com.tr\/fr\/wp-json\/wp\/v2\/media?parent=55310"}],"wp:term":[{"taxonomy":"product_brand","embeddable":true,"href":"https:\/\/unox.com.tr\/fr\/wp-json\/wp\/v2\/product_brand?post=55310"},{"taxonomy":"product_cat","embeddable":true,"href":"https:\/\/unox.com.tr\/fr\/wp-json\/wp\/v2\/product_cat?post=55310"},{"taxonomy":"product_tag","embeddable":true,"href":"https:\/\/unox.com.tr\/fr\/wp-json\/wp\/v2\/product_tag?post=55310"}],"curies":[{"name":"wp","href":"https:\/\/api.w.org\/{rel}","templated":true}]}}