{"id":55311,"date":"2020-09-17T10:18:30","date_gmt":"2020-09-17T10:18:30","guid":{"rendered":"https:\/\/unox.com.tr\/urun\/vanne-de-purge-inferieure-pneumatique-et-manuelle-33602\/"},"modified":"2020-09-17T10:18:30","modified_gmt":"2020-09-17T07:18:30","slug":"vanne-de-purge-inferieure-pneumatique-et-manuelle-33602","status":"publish","type":"product","link":"https:\/\/unox.com.tr\/fr\/vanne-de-purge-inferieure-pneumatique-et-manuelle-33602\/","title":{"rendered":"Vanne de Purge Inf\u00e9rieure Pneumatique et Manuelle &#8211; 33602"},"content":{"rendered":"<div id=\"ez-toc-container\" class=\"ez-toc-v2_0_82_2 counter-hierarchy ez-toc-counter ez-toc-grey ez-toc-container-direction\">\n<div class=\"ez-toc-title-container\">\n<p class=\"ez-toc-title\" style=\"cursor:inherit\">Sayfa \u0130\u00e7eri\u011fi<\/p>\n<span class=\"ez-toc-title-toggle\"><a href=\"#\" class=\"ez-toc-pull-right ez-toc-btn ez-toc-btn-xs ez-toc-btn-default ez-toc-toggle\" aria-label=\"Toggle Table of Content\"><span class=\"ez-toc-js-icon-con\"><span class=\"\"><span class=\"eztoc-hide\" style=\"display:none;\">Toggle<\/span><span class=\"ez-toc-icon-toggle-span\"><svg style=\"fill: #999;color:#999\" xmlns=\"http:\/\/www.w3.org\/2000\/svg\" class=\"list-377408\" width=\"20px\" height=\"20px\" viewBox=\"0 0 24 24\" fill=\"none\"><path d=\"M6 6H4v2h2V6zm14 0H8v2h12V6zM4 11h2v2H4v-2zm16 0H8v2h12v-2zM4 16h2v2H4v-2zm16 0H8v2h12v-2z\" fill=\"currentColor\"><\/path><\/svg><svg style=\"fill: #999;color:#999\" class=\"arrow-unsorted-368013\" xmlns=\"http:\/\/www.w3.org\/2000\/svg\" width=\"10px\" height=\"10px\" viewBox=\"0 0 24 24\" version=\"1.2\" baseProfile=\"tiny\"><path d=\"M18.2 9.3l-6.2-6.3-6.2 6.3c-.2.2-.3.4-.3.7s.1.5.3.7c.2.2.4.3.7.3h11c.3 0 .5-.1.7-.3.2-.2.3-.5.3-.7s-.1-.5-.3-.7zM5.8 14.7l6.2 6.3 6.2-6.3c.2-.2.3-.5.3-.7s-.1-.5-.3-.7c-.2-.2-.4-.3-.7-.3h-11c-.3 0-.5.1-.7.3-.2.2-.3.5-.3.7s.1.5.3.7z\"\/><\/svg><\/span><\/span><\/span><\/a><\/span><\/div>\n<nav><ul class='ez-toc-list ez-toc-list-level-1 ' ><li class='ez-toc-page-1 ez-toc-heading-level-2'><a class=\"ez-toc-link ez-toc-heading-1\" href=\"https:\/\/unox.com.tr\/fr\/vanne-de-purge-inferieure-pneumatique-et-manuelle-33602\/#Quest-ce_quune_vanne_de_purge_inferieure_pneumatique_et_manuelle\" >Qu&rsquo;est-ce qu&rsquo;une vanne de purge inf\u00e9rieure pneumatique et manuelle ?<\/a><\/li><li class='ez-toc-page-1 ez-toc-heading-level-2'><a class=\"ez-toc-link ez-toc-heading-2\" href=\"https:\/\/unox.com.tr\/fr\/vanne-de-purge-inferieure-pneumatique-et-manuelle-33602\/#Caracteristiques_Generales\" >Caract\u00e9ristiques G\u00e9n\u00e9rales<\/a><\/li><li class='ez-toc-page-1 ez-toc-heading-level-2'><a class=\"ez-toc-link ez-toc-heading-3\" href=\"https:\/\/unox.com.tr\/fr\/vanne-de-purge-inferieure-pneumatique-et-manuelle-33602\/#Principe_de_fonctionnement_de_la_position_normalement_fermee\" >Principe de fonctionnement de la position normalement ferm\u00e9e<\/a><\/li><\/ul><\/nav><\/div>\n<h2><span class=\"ez-toc-section\" id=\"Quest-ce_quune_vanne_de_purge_inferieure_pneumatique_et_manuelle\"><\/span><span style=\"font-size: 22px;\">Qu&rsquo;est-ce qu&rsquo;une vanne de purge inf\u00e9rieure pneumatique et manuelle ?<\/span><span class=\"ez-toc-section-end\"><\/span><\/h2>\n<p>La vanne de purge de fond pneumatique est une vanne utilis\u00e9e pour \u00e9vacuer les boues et les boues accumul\u00e9es au fond d&rsquo;une chaudi\u00e8re \u00e0 vapeur. Il est g\u00e9n\u00e9ralement utilis\u00e9 en conjonction avec un actionneur pneumatique (pneumatique) utilis\u00e9 pour ouvrir et fermer la vanne. La vanne peut \u00eatre ouverte et ferm\u00e9e manuellement \u00e0 l&rsquo;aide d&rsquo;une manivelle ou d&rsquo;un levier, ou automatis\u00e9e \u00e0 l&rsquo;aide d&rsquo;un syst\u00e8me de commande pneumatique.<\/p>\n<p>Le but de la vanne de purge inf\u00e9rieure est d&rsquo;\u00e9liminer p\u00e9riodiquement les boues et les boues du fond de la chaudi\u00e8re pour augmenter l&rsquo;efficacit\u00e9 et la s\u00e9curit\u00e9 de la chaudi\u00e8re. Si le tartre et les boues s&rsquo;accumulent, ils peuvent r\u00e9duire l&rsquo;efficacit\u00e9 du transfert de chaleur de la chaudi\u00e8re et augmenter le risque de corrosion et d&rsquo;endommagement de la chaudi\u00e8re. En ouvrant r\u00e9guli\u00e8rement la vanne de purge inf\u00e9rieure, les boues et les boues peuvent \u00eatre \u00e9limin\u00e9es, contribuant ainsi \u00e0 maintenir l&rsquo;efficacit\u00e9 et la s\u00e9curit\u00e9 de la chaudi\u00e8re.<\/p>\n<p>Il convient de noter que la vanne de purge inf\u00e9rieure ne doit \u00eatre ouverte que lorsque la chaudi\u00e8re n&rsquo;est pas utilis\u00e9e et que le niveau d&rsquo;eau dans la chaudi\u00e8re est bas. L&rsquo;ouverture de la vanne pendant le fonctionnement de la chaudi\u00e8re peut endommager la chaudi\u00e8re et pr\u00e9senter un danger pour la s\u00e9curit\u00e9.<\/p>\n<h2><span class=\"ez-toc-section\" id=\"Caracteristiques_Generales\"><\/span><span style=\"font-size: 22px;\">Caract\u00e9ristiques G\u00e9n\u00e9rales<\/span><span class=\"ez-toc-section-end\"><\/span><\/h2>\n<ul>\n<li><strong>Corps<\/strong> : Fonte Ductile GGG-40<\/li>\n<li><strong>Classe de pression<\/strong> : PN16 &#8211; PN25<\/li>\n<li><strong>Fonction<\/strong> : Normalement Ferm\u00e9<\/li>\n<li><strong>\u00c9tanch\u00e9it\u00e9<\/strong> : CLASSE VI (\u00e9tanch\u00e9it\u00e9 souple en PTFE)<\/li>\n<li><strong>Caract\u00e9ristique<\/strong>: Marche-Arr\u00eat<\/li>\n<li><strong>\u00c9tanch\u00e9it\u00e9 du col<\/strong> : PTFE &#8211; \u00e9tanch\u00e9it\u00e9 en graphite<\/li>\n<li><strong>Max. Temp\u00e9rature de fonctionnement :<\/strong> 220 \u00baC (350 \u00baC)<\/li>\n<li><strong>Connexion \u00e0 bride<\/strong> : DIN 1092-2 (PN16 &#8211; PN25)<\/li>\n<\/ul>\n<h2><span class=\"ez-toc-section\" id=\"Principe_de_fonctionnement_de_la_position_normalement_fermee\"><\/span><span style=\"font-size: 22px;\">Principe de fonctionnement de la position normalement ferm\u00e9e<\/span><span class=\"ez-toc-section-end\"><\/span><\/h2>\n<p>C&rsquo;est la position o\u00f9 la vanne est initialement ferm\u00e9e. Le passage de fluide n&rsquo;est pas autoris\u00e9. Avec la force du ressort appliqu\u00e9e en continu sur le piston mobile, il ferme le trou de l&rsquo;orifice avec un bouchon et emp\u00eache l&rsquo;\u00e9coulement du fluide. L&rsquo;air comprim\u00e9 est fourni \u00e0 partir de l&rsquo;entr\u00e9e d&rsquo;alimentation en air pour ouvrir la vanne. Lorsque l&rsquo;air atteint une certaine pression \u00e0 l&rsquo;int\u00e9rieur de l&rsquo;actionneur, le diaphragme surmonte la force du ressort et d\u00e9place le piston vers l&rsquo;avant et ouvre l&rsquo;orifice de l&rsquo;orifice, permettant ainsi le passage du fluide.<\/p>\n","protected":false},"excerpt":{"rendered":"<p><a href=\"https:\/\/unox.com.tr\/wp-content\/uploads\/2023\/01\/Pnomatik-ve-El-Kumandali-Dip-Blof-Vanasi-%E2%80%93-33602.pdf\" target=\"_blank\" rel=\"noopener\"><button style=\"background-color: #11224b; color: #ffffff; padding: 10px 15px; font-family: montserrat; font-weight: bold; font-size: 19px; border-radius: 10px;\"><img decoding=\"async\" style=\"width: 25px; height: 25px;\" src=\"https:\/\/unox.com.tr\/wp-content\/uploads\/2023\/02\/pdf-1.png\">CATALOGUE DES PRODUITS<\/button><\/a><\/p>\n<p><button style=\"background-color: #11224b; margin-top: 5px; color: white; padding: 0px 15px; width: 150px; height: 55px; border-radius: 10px; border: none; cursor: pointer;\"><br \/>\n<img decoding=\"async\" style=\"width: 120px; height: 30px;\" src=\"https:\/\/unox.com.tr\/wp-content\/uploads\/2023\/02\/4-1.svg\"><\/button><\/p>\n","protected":false},"featured_media":69058,"comment_status":"closed","ping_status":"closed","template":"","meta":{"_joinchat":[]},"product_brand":[],"product_cat":[1071,1074],"product_tag":[],"class_list":{"0":"post-55311","1":"product","2":"type-product","3":"status-publish","4":"has-post-thumbnail","6":"product_cat-vannes-de-controle","7":"product_cat-vannes-de-controle-pneumatiques-marche-arret","9":"first","10":"instock","11":"shipping-taxable","12":"product-type-simple"},"_links":{"self":[{"href":"https:\/\/unox.com.tr\/fr\/wp-json\/wp\/v2\/product\/55311","targetHints":{"allow":["GET"]}}],"collection":[{"href":"https:\/\/unox.com.tr\/fr\/wp-json\/wp\/v2\/product"}],"about":[{"href":"https:\/\/unox.com.tr\/fr\/wp-json\/wp\/v2\/types\/product"}],"replies":[{"embeddable":true,"href":"https:\/\/unox.com.tr\/fr\/wp-json\/wp\/v2\/comments?post=55311"}],"version-history":[{"count":0,"href":"https:\/\/unox.com.tr\/fr\/wp-json\/wp\/v2\/product\/55311\/revisions"}],"wp:featuredmedia":[{"embeddable":true,"href":"https:\/\/unox.com.tr\/fr\/wp-json\/wp\/v2\/media\/69058"}],"wp:attachment":[{"href":"https:\/\/unox.com.tr\/fr\/wp-json\/wp\/v2\/media?parent=55311"}],"wp:term":[{"taxonomy":"product_brand","embeddable":true,"href":"https:\/\/unox.com.tr\/fr\/wp-json\/wp\/v2\/product_brand?post=55311"},{"taxonomy":"product_cat","embeddable":true,"href":"https:\/\/unox.com.tr\/fr\/wp-json\/wp\/v2\/product_cat?post=55311"},{"taxonomy":"product_tag","embeddable":true,"href":"https:\/\/unox.com.tr\/fr\/wp-json\/wp\/v2\/product_tag?post=55311"}],"curies":[{"name":"wp","href":"https:\/\/api.w.org\/{rel}","templated":true}]}}