{"id":55313,"date":"2020-09-17T10:14:21","date_gmt":"2020-09-17T07:14:21","guid":{"rendered":"https:\/\/unox.com.tr\/urun\/vanne-de-commande-proportionnelle-pneumatique-a-2-voies-33604\/"},"modified":"2024-03-10T11:38:35","modified_gmt":"2024-03-10T08:38:35","slug":"vanne-de-commande-proportionnelle-pneumatique-a-2-voies-33604","status":"publish","type":"product","link":"https:\/\/unox.com.tr\/fr\/vanne-de-commande-proportionnelle-pneumatique-a-2-voies-33604\/","title":{"rendered":"Vanne de Commande Proportionnelle Pneumatique \u00e0 2 Voies &#8211; 33604"},"content":{"rendered":"<div id=\"ez-toc-container\" class=\"ez-toc-v2_0_82_2 counter-hierarchy ez-toc-counter ez-toc-grey ez-toc-container-direction\">\n<div class=\"ez-toc-title-container\">\n<p class=\"ez-toc-title\" style=\"cursor:inherit\">Sayfa \u0130\u00e7eri\u011fi<\/p>\n<span class=\"ez-toc-title-toggle\"><a href=\"#\" class=\"ez-toc-pull-right ez-toc-btn ez-toc-btn-xs ez-toc-btn-default ez-toc-toggle\" aria-label=\"Toggle Table of Content\"><span class=\"ez-toc-js-icon-con\"><span class=\"\"><span class=\"eztoc-hide\" style=\"display:none;\">Toggle<\/span><span class=\"ez-toc-icon-toggle-span\"><svg style=\"fill: #999;color:#999\" xmlns=\"http:\/\/www.w3.org\/2000\/svg\" class=\"list-377408\" width=\"20px\" height=\"20px\" viewBox=\"0 0 24 24\" fill=\"none\"><path d=\"M6 6H4v2h2V6zm14 0H8v2h12V6zM4 11h2v2H4v-2zm16 0H8v2h12v-2zM4 16h2v2H4v-2zm16 0H8v2h12v-2z\" fill=\"currentColor\"><\/path><\/svg><svg style=\"fill: #999;color:#999\" class=\"arrow-unsorted-368013\" xmlns=\"http:\/\/www.w3.org\/2000\/svg\" width=\"10px\" height=\"10px\" viewBox=\"0 0 24 24\" version=\"1.2\" baseProfile=\"tiny\"><path d=\"M18.2 9.3l-6.2-6.3-6.2 6.3c-.2.2-.3.4-.3.7s.1.5.3.7c.2.2.4.3.7.3h11c.3 0 .5-.1.7-.3.2-.2.3-.5.3-.7s-.1-.5-.3-.7zM5.8 14.7l6.2 6.3 6.2-6.3c.2-.2.3-.5.3-.7s-.1-.5-.3-.7c-.2-.2-.4-.3-.7-.3h-11c-.3 0-.5.1-.7.3-.2.2-.3.5-.3.7s.1.5.3.7z\"\/><\/svg><\/span><\/span><\/span><\/a><\/span><\/div>\n<nav><ul class='ez-toc-list ez-toc-list-level-1 ' ><li class='ez-toc-page-1 ez-toc-heading-level-2'><a class=\"ez-toc-link ez-toc-heading-1\" href=\"https:\/\/unox.com.tr\/fr\/vanne-de-commande-proportionnelle-pneumatique-a-2-voies-33604\/#Quest-ce_quune_vanne_de_commande_proportionnelle_pneumatique_a_2_voies\" >Qu&rsquo;est-ce qu&rsquo;une vanne de commande proportionnelle pneumatique \u00e0 2 voies ?<\/a><\/li><li class='ez-toc-page-1 ez-toc-heading-level-2'><a class=\"ez-toc-link ez-toc-heading-2\" href=\"https:\/\/unox.com.tr\/fr\/vanne-de-commande-proportionnelle-pneumatique-a-2-voies-33604\/#Quest-ce_que_le_principe_de_travail_proportionnel\" >Qu&rsquo;est-ce que le principe de travail proportionnel ?<\/a><\/li><li class='ez-toc-page-1 ez-toc-heading-level-2'><a class=\"ez-toc-link ez-toc-heading-3\" href=\"https:\/\/unox.com.tr\/fr\/vanne-de-commande-proportionnelle-pneumatique-a-2-voies-33604\/#Caracteristiques_Generales\" >Caract\u00e9ristiques G\u00e9n\u00e9rales<\/a><\/li><li class='ez-toc-page-1 ez-toc-heading-level-2'><a class=\"ez-toc-link ez-toc-heading-4\" href=\"https:\/\/unox.com.tr\/fr\/vanne-de-commande-proportionnelle-pneumatique-a-2-voies-33604\/#Proprietes_materielles\" >Propri\u00e9t\u00e9s mat\u00e9rielles<\/a><ul class='ez-toc-list-level-3' ><li class='ez-toc-heading-level-3'><a class=\"ez-toc-link ez-toc-heading-5\" href=\"https:\/\/unox.com.tr\/fr\/vanne-de-commande-proportionnelle-pneumatique-a-2-voies-33604\/#Accessoires\" >Accessoires<\/a><\/li><\/ul><\/li><\/ul><\/nav><\/div>\n<h2><span class=\"ez-toc-section\" id=\"Quest-ce_quune_vanne_de_commande_proportionnelle_pneumatique_a_2_voies\"><\/span><span style=\"font-size: 22px;\">Qu&rsquo;est-ce qu&rsquo;une vanne de commande proportionnelle pneumatique \u00e0 2 voies ?<\/span><span class=\"ez-toc-section-end\"><\/span><\/h2>\n<p>Vanne de commande proportionnelle pneumatique \u00e0 2 voies ; Vanne utilis\u00e9e pour contr\u00f4ler le fluide en modifiant la taille du passage d&rsquo;\u00e9coulement selon les instructions d&rsquo;un signal provenant d&rsquo;un contr\u00f4leur. La vanne de r\u00e9gulation proportionnelle pneumatique assure le contr\u00f4le de la pression, de la temp\u00e9rature, du d\u00e9bit et du niveau dans tous les processus o\u00f9 du fluide est pr\u00e9sent. Les vannes de r\u00e9gulation sont utilis\u00e9es pour l&rsquo;eau froide, l&rsquo;eau chaude, la vapeur, l&rsquo;eau surchauff\u00e9e, la vapeur et le gaz, etc. produits par la consommation d&rsquo;\u00e9nergie dans les entreprises. Il garantit que les fluides peuvent \u00eatre transport\u00e9s et contr\u00f4l\u00e9s sans aucune perte. <\/p>\n<h2><span class=\"ez-toc-section\" id=\"Quest-ce_que_le_principe_de_travail_proportionnel\"><\/span><span style=\"font-size: 22px;\">Qu&rsquo;est-ce que le principe de travail proportionnel ?<\/span><span class=\"ez-toc-section-end\"><\/span><\/h2>\n<p>Le principe de fonctionnement proportionnel est un concept de syst\u00e8me de contr\u00f4le qui se r\u00e9f\u00e8re \u00e0 l&rsquo;utilisation d&rsquo;un signal de contr\u00f4le qui est directement proportionnel \u00e0 l&rsquo;erreur entre le point de consigne souhait\u00e9 et la valeur de processus r\u00e9elle. En d&rsquo;autres termes, le signal de commande est ajust\u00e9 proportionnellement \u00e0 la taille et \u00e0 la direction de l&rsquo;erreur. Ce type de syst\u00e8me de contr\u00f4le est utilis\u00e9 dans diverses applications o\u00f9 il est n\u00e9cessaire de maintenir une variable de processus \u00e0 un certain point de consigne ou dans une certaine plage.<\/p>\n<p>Dans le syst\u00e8me de contr\u00f4le proportionnel, le signal de contr\u00f4le est g\u00e9n\u00e9r\u00e9 par un contr\u00f4leur qui compare le point de consigne \u00e0 la valeur de processus et calcule l&rsquo;erreur. Le contr\u00f4leur applique alors un signal de commande proportionnel \u00e0 l&rsquo;erreur au processus. Le signal de commande est g\u00e9n\u00e9ralement appliqu\u00e9 via un \u00e9l\u00e9ment de commande, tel qu&rsquo;une vanne, qui peut r\u00e9gler le d\u00e9bit d&rsquo;un fluide ou la position d&rsquo;un m\u00e9canisme pour modifier la variable de processus.<\/p>\n<h2><span class=\"ez-toc-section\" id=\"Caracteristiques_Generales\"><\/span><span style=\"font-size: 22px;\">Caract\u00e9ristiques G\u00e9n\u00e9rales<\/span><span class=\"ez-toc-section-end\"><\/span><\/h2>\n<ul>\n<li><strong>Produit<\/strong> : Vanne de commande proportionnelle pneumatique \u00e0 2 voies (avec ajout de soufflet m\u00e9tallique)<\/li>\n<li><strong>Dimensions<\/strong> : DN15 \/ DN20 \/ DN25 \/ DN32 \/ DN40 \/ DN50 \/ DN65 \/ DN80 \/ DN100<\/li>\n<li><strong>Domaine d&rsquo;utilisation<\/strong> : Conduites de vapeur et d&rsquo;huile chaude sous pression<\/li>\n<li><strong>Norme de Connexion : Connexion \u00e0 Bride (DIN1092-2)<\/strong><\/li>\n<li><strong>Classe de pression<\/strong> : PN25<\/li>\n<li><strong>Position de s\u00e9curit\u00e9<\/strong> : Normalement ferm\u00e9 &#8211; Normalement ouvert<\/li>\n<li><strong>Classe d&rsquo;\u00e9tanch\u00e9it\u00e9<\/strong> : CLASSE VI (Joint souple en PTFE)<\/li>\n<li><strong>Max. Temp\u00e9rature de fonctionnement :<\/strong> 220 \u00b0C<\/li>\n<li><strong>Etanch\u00e9it\u00e9 du col :<\/strong> V &#8211; Pack PTFE &#8211; Graphite<\/li>\n<li><strong>En option<\/strong> : Classe IV (M\u00e9tal &#8211; \u00c9tanch\u00e9it\u00e9 M\u00e9tallique)<\/li>\n<li><strong>Caract\u00e9ristique<\/strong> : Pourcentage Egal (Proportionnel)<\/li>\n<li><strong>Option<\/strong> : Etanch\u00e9it\u00e9 \u00e0 soufflet m\u00e9tallique<\/li>\n<li><strong>Pression du signal (Bar)<\/strong>: (0.2-1), (0.4-2), (0.6-3), (1.4-2.3)<\/li>\n<li><strong>Pression d&rsquo;air d&rsquo;alimentation (Bar):<\/strong> (1.8), (2.6), (3.5), (2.8)<\/li>\n<\/ul>\n<p><strong>Positionneur non inclus.<\/strong><\/p>\n<h2><span class=\"ez-toc-section\" id=\"Proprietes_materielles\"><\/span><span style=\"font-size: 22px;\">Propri\u00e9t\u00e9s mat\u00e9rielles<\/span><span class=\"ez-toc-section-end\"><\/span><\/h2>\n<ul>\n<li><strong>Corps<\/strong> : GGG &#8211; 40.3 Fonte Ductile<\/li>\n<li><strong>Couverture<\/strong> : GGG &#8211; 40,3 Fonte Ductile<\/li>\n<li><strong>Connecteur de cou<\/strong> : ST44- 3 (S275J0)<\/li>\n<li><strong>Si\u00e8ge<\/strong> : Acier Inoxydable 1.4571 (AISI316)<\/li>\n<\/ul>\n<h3><span class=\"ez-toc-section\" id=\"Accessoires\"><\/span><span style=\"font-size: 20px;\">Accessoires<\/span><span class=\"ez-toc-section-end\"><\/span><\/h3>\n<p><em>Demandez l&rsquo;ajout d&rsquo;un bo\u00eetier d&rsquo;interrupteur de fin de course.<\/em><\/p>\n<p><em>Demandez le contr\u00f4le manuel.<\/em><\/p>\n<p><em>Le mat\u00e9riau du corps DN100, DN125, DN150 est en fonte PN16.<\/em><\/p>\n<p><em>Veuillez nous consulter pour des mat\u00e9riaux de carrosserie diff\u00e9rents.<\/em><\/p>\n","protected":false},"excerpt":{"rendered":"<p><a href=\"https:\/\/unox.com.tr\/wp-content\/uploads\/2023\/01\/2-Yollu-Pnomatik-Oransal-Kontrol-Vanasi-33604.pdf\" target=\"_blank\" rel=\"noopener\"><button style=\"background-color: #11224b; color: #ffffff; padding: 10px 15px; font-family: montserrat; font-weight: bold; font-size: 19px; border-radius: 10px;\"><img decoding=\"async\" style=\"width: 25px; height: 25px;\" src=\"https:\/\/unox.com.tr\/wp-content\/uploads\/2023\/02\/pdf-1.png\">CATALOGUE DES PRODUITS<\/button><\/a><\/p>\n<p><button style=\"background-color: #11224b; margin-top: 5px; color: white; padding: 0px 15px; width: 150px; height: 55px; border-radius: 10px; border: none; cursor: pointer;\"><br \/>\n<img decoding=\"async\" style=\"width: 120px; height: 30px;\" src=\"https:\/\/unox.com.tr\/wp-content\/uploads\/2023\/02\/4-1.svg\"><\/button><\/p>\n","protected":false},"featured_media":29569,"comment_status":"open","ping_status":"closed","template":"","meta":{"_joinchat":[]},"product_brand":[],"product_cat":[1071,1075],"product_tag":[],"class_list":{"0":"post-55313","1":"product","2":"type-product","3":"status-publish","4":"has-post-thumbnail","6":"product_cat-vannes-de-controle","7":"product_cat-vannes-de-controle-proportionnelles-pneumatiques","9":"first","10":"instock","11":"shipping-taxable","12":"product-type-simple"},"_links":{"self":[{"href":"https:\/\/unox.com.tr\/fr\/wp-json\/wp\/v2\/product\/55313","targetHints":{"allow":["GET"]}}],"collection":[{"href":"https:\/\/unox.com.tr\/fr\/wp-json\/wp\/v2\/product"}],"about":[{"href":"https:\/\/unox.com.tr\/fr\/wp-json\/wp\/v2\/types\/product"}],"replies":[{"embeddable":true,"href":"https:\/\/unox.com.tr\/fr\/wp-json\/wp\/v2\/comments?post=55313"}],"version-history":[{"count":0,"href":"https:\/\/unox.com.tr\/fr\/wp-json\/wp\/v2\/product\/55313\/revisions"}],"wp:featuredmedia":[{"embeddable":true,"href":"https:\/\/unox.com.tr\/fr\/wp-json\/wp\/v2\/media\/29569"}],"wp:attachment":[{"href":"https:\/\/unox.com.tr\/fr\/wp-json\/wp\/v2\/media?parent=55313"}],"wp:term":[{"taxonomy":"product_brand","embeddable":true,"href":"https:\/\/unox.com.tr\/fr\/wp-json\/wp\/v2\/product_brand?post=55313"},{"taxonomy":"product_cat","embeddable":true,"href":"https:\/\/unox.com.tr\/fr\/wp-json\/wp\/v2\/product_cat?post=55313"},{"taxonomy":"product_tag","embeddable":true,"href":"https:\/\/unox.com.tr\/fr\/wp-json\/wp\/v2\/product_tag?post=55313"}],"curies":[{"name":"wp","href":"https:\/\/api.w.org\/{rel}","templated":true}]}}