{"id":55314,"date":"2020-09-17T09:44:47","date_gmt":"2020-09-17T06:44:47","guid":{"rendered":"https:\/\/unox.com.tr\/urun\/vanne-de-pommande-a-piston-pneumatique-33601\/"},"modified":"2020-09-17T09:44:47","modified_gmt":"2020-09-17T06:44:47","slug":"vanne-de-pommande-a-piston-pneumatique-33601","status":"publish","type":"product","link":"https:\/\/unox.com.tr\/fr\/vanne-de-pommande-a-piston-pneumatique-33601\/","title":{"rendered":"Vanne de Pommande \u00e0 Piston Pneumatique &#8211; 33601"},"content":{"rendered":"<div id=\"ez-toc-container\" class=\"ez-toc-v2_0_82_2 counter-hierarchy ez-toc-counter ez-toc-grey ez-toc-container-direction\">\n<div class=\"ez-toc-title-container\">\n<p class=\"ez-toc-title\" style=\"cursor:inherit\">Sayfa \u0130\u00e7eri\u011fi<\/p>\n<span class=\"ez-toc-title-toggle\"><a href=\"#\" class=\"ez-toc-pull-right ez-toc-btn ez-toc-btn-xs ez-toc-btn-default ez-toc-toggle\" aria-label=\"Toggle Table of Content\"><span class=\"ez-toc-js-icon-con\"><span class=\"\"><span class=\"eztoc-hide\" style=\"display:none;\">Toggle<\/span><span class=\"ez-toc-icon-toggle-span\"><svg style=\"fill: #999;color:#999\" xmlns=\"http:\/\/www.w3.org\/2000\/svg\" class=\"list-377408\" width=\"20px\" height=\"20px\" viewBox=\"0 0 24 24\" fill=\"none\"><path d=\"M6 6H4v2h2V6zm14 0H8v2h12V6zM4 11h2v2H4v-2zm16 0H8v2h12v-2zM4 16h2v2H4v-2zm16 0H8v2h12v-2z\" fill=\"currentColor\"><\/path><\/svg><svg style=\"fill: #999;color:#999\" class=\"arrow-unsorted-368013\" xmlns=\"http:\/\/www.w3.org\/2000\/svg\" width=\"10px\" height=\"10px\" viewBox=\"0 0 24 24\" version=\"1.2\" baseProfile=\"tiny\"><path d=\"M18.2 9.3l-6.2-6.3-6.2 6.3c-.2.2-.3.4-.3.7s.1.5.3.7c.2.2.4.3.7.3h11c.3 0 .5-.1.7-.3.2-.2.3-.5.3-.7s-.1-.5-.3-.7zM5.8 14.7l6.2 6.3 6.2-6.3c.2-.2.3-.5.3-.7s-.1-.5-.3-.7c-.2-.2-.4-.3-.7-.3h-11c-.3 0-.5.1-.7.3-.2.2-.3.5-.3.7s.1.5.3.7z\"\/><\/svg><\/span><\/span><\/span><\/a><\/span><\/div>\n<nav><ul class='ez-toc-list ez-toc-list-level-1 ' ><li class='ez-toc-page-1 ez-toc-heading-level-2'><a class=\"ez-toc-link ez-toc-heading-1\" href=\"https:\/\/unox.com.tr\/fr\/vanne-de-pommande-a-piston-pneumatique-33601\/#Quest-ce_quune_vanne_de_commande_a_piston_pneumatique\" >Qu&rsquo;est-ce qu&rsquo;une vanne de commande \u00e0 piston pneumatique ?<\/a><\/li><li class='ez-toc-page-1 ez-toc-heading-level-2'><a class=\"ez-toc-link ez-toc-heading-2\" href=\"https:\/\/unox.com.tr\/fr\/vanne-de-pommande-a-piston-pneumatique-33601\/#Quest-ce_quune_vanne_de_regulation\" >Qu&rsquo;est-ce qu&rsquo;une vanne de r\u00e9gulation ?<\/a><\/li><li class='ez-toc-page-1 ez-toc-heading-level-2'><a class=\"ez-toc-link ez-toc-heading-3\" href=\"https:\/\/unox.com.tr\/fr\/vanne-de-pommande-a-piston-pneumatique-33601\/#Caracteristiques_Generales\" >Caract\u00e9ristiques G\u00e9n\u00e9rales<\/a><\/li><\/ul><\/nav><\/div>\n<h2><span class=\"ez-toc-section\" id=\"Quest-ce_quune_vanne_de_commande_a_piston_pneumatique\"><\/span><span style=\"font-size: 22px;\">Qu&rsquo;est-ce qu&rsquo;une vanne de commande \u00e0 piston pneumatique ?<\/span><span class=\"ez-toc-section-end\"><\/span><\/h2>\n<p>La vanne de commande \u00e0 piston pneumatique est un type de vanne utilis\u00e9e pour contr\u00f4ler le d\u00e9bit d&rsquo;un liquide ou d&rsquo;air \u00e0 l&rsquo;aide d&rsquo;un piston pneumatique comme actionneur. Un piston pneumatique est un composant m\u00e9canique cylindrique qui se d\u00e9place d&rsquo;avant en arri\u00e8re dans un mouvement lin\u00e9aire \u00e0 l&rsquo;int\u00e9rieur d&rsquo;un cylindre et est aliment\u00e9 par de l&rsquo;air comprim\u00e9.<\/p>\n<p>La vanne de commande \u00e0 piston pneumatique se compose d&rsquo;un corps de vanne avec une entr\u00e9e et une sortie et d&rsquo;un piston pneumatique reli\u00e9 \u00e0 la tige de vanne. Le corps de vanne sert \u00e0 ouvrir et fermer la vanne en d\u00e9pla\u00e7ant le piston pneumatique dans le cylindre. La position du piston pneumatique d\u00e9termine la vitesse \u00e0 laquelle le fluide s&rsquo;\u00e9coule \u00e0 travers la vanne.<\/p>\n<p>Les vannes de commande \u00e0 piston pneumatique sont couramment utilis\u00e9es dans les syst\u00e8mes de commande pneumatique o\u00f9 l&rsquo;air comprim\u00e9 est utilis\u00e9 pour contr\u00f4ler le d\u00e9bit d&rsquo;air vers les actionneurs tels que les v\u00e9rins pneumatiques ou les moteurs pneumatiques. Ils sont \u00e9galement utilis\u00e9s dans d&rsquo;autres applications de contr\u00f4le des fluides o\u00f9 un contr\u00f4le de d\u00e9bit pr\u00e9cis et fiable est requis.<\/p>\n<h2><span class=\"ez-toc-section\" id=\"Quest-ce_quune_vanne_de_regulation\"><\/span><span style=\"font-size: 22px;\">Qu&rsquo;est-ce qu&rsquo;une vanne de r\u00e9gulation ?<\/span><span class=\"ez-toc-section-end\"><\/span><\/h2>\n<p>Soupape de commande; Vanne utilis\u00e9e pour contr\u00f4ler le fluide en modifiant la taille du passage d&rsquo;\u00e9coulement selon les instructions d&rsquo;un signal provenant d&rsquo;un contr\u00f4leur. Les vannes de r\u00e9gulation assurent le contr\u00f4le de la pression, de la temp\u00e9rature, du d\u00e9bit et du niveau dans tous les processus o\u00f9 du fluide est pr\u00e9sent. Les vannes de r\u00e9gulation sont utilis\u00e9es pour l&rsquo;eau froide, l&rsquo;eau chaude, la vapeur, l&rsquo;eau surchauff\u00e9e, la vapeur et le gaz, etc. produits par la consommation d&rsquo;\u00e9nergie dans les entreprises. Il garantit que les fluides peuvent \u00eatre transport\u00e9s et contr\u00f4l\u00e9s sans aucune perte. <\/p>\n<h2><span class=\"ez-toc-section\" id=\"Caracteristiques_Generales\"><\/span><span style=\"font-size: 22px;\">Caract\u00e9ristiques G\u00e9n\u00e9rales<\/span><span class=\"ez-toc-section-end\"><\/span><\/h2>\n<ul>\n<li><strong>Corps<\/strong> : Fonte Ductile GGG-40<\/li>\n<li><strong>Actionneur<\/strong> : Inox<\/li>\n<li><strong>Classe de pression<\/strong> : PN25<\/li>\n<li><strong>Air souffl\u00e9 :<\/strong> 4 &#8211; 18 BARRES<\/li>\n<li><strong>Pression de travail<\/strong> : 0 &#8211; 10 BAR<\/li>\n<li><strong>Classe d&rsquo;\u00e9tanch\u00e9it\u00e9<\/strong> : CLASSE VI (PTFE)<\/li>\n<li><strong>Temp\u00e9rature d&rsquo;utilisation :<\/strong> -10&#8230;+220 \u00b0C<\/li>\n<li><strong>FAIL &#8211; SAFE Effet :<\/strong> Normalement ferm\u00e9 \/ Normalement ouvert<\/li>\n<li><strong>Connexion \u00e0 bride<\/strong> : DIN 1092-2 (PN16 &#8211; PN25)<\/li>\n<\/ul>\n","protected":false},"excerpt":{"rendered":"<p><a href=\"https:\/\/unox.com.tr\/wp-content\/uploads\/2023\/01\/Pnomatik-Pistonlu-Kontrol-Vanalari-33601.pdf\" target=\"_blank\" rel=\"noopener\"><button style=\"background-color: #11224b; color: #ffffff; padding: 10px 15px; font-family: montserrat; font-weight: bold; font-size: 19px; border-radius: 10px;\"><img decoding=\"async\" style=\"width: 25px; height: 25px;\" src=\"https:\/\/unox.com.tr\/wp-content\/uploads\/2023\/02\/pdf-1.png\">CATALOGUE DES PRODUITS<\/button><\/a><\/p>\n<p><button style=\"background-color: #11224b; margin-top: 5px; color: white; padding: 0px 15px; width: 150px; height: 55px; border-radius: 10px; border: none; cursor: pointer;\"><br \/>\n<img decoding=\"async\" style=\"width: 120px; height: 30px;\" src=\"https:\/\/unox.com.tr\/wp-content\/uploads\/2023\/02\/4-1.svg\"><\/button><\/p>\n","protected":false},"featured_media":28742,"comment_status":"open","ping_status":"closed","template":"","meta":[],"product_brand":[],"product_cat":[1071,1074],"product_tag":[],"class_list":{"0":"post-55314","1":"product","2":"type-product","3":"status-publish","4":"has-post-thumbnail","6":"product_cat-vannes-de-controle","7":"product_cat-vannes-de-controle-pneumatiques-marche-arret","9":"first","10":"instock","11":"shipping-taxable","12":"product-type-simple"},"_links":{"self":[{"href":"https:\/\/unox.com.tr\/fr\/wp-json\/wp\/v2\/product\/55314","targetHints":{"allow":["GET"]}}],"collection":[{"href":"https:\/\/unox.com.tr\/fr\/wp-json\/wp\/v2\/product"}],"about":[{"href":"https:\/\/unox.com.tr\/fr\/wp-json\/wp\/v2\/types\/product"}],"replies":[{"embeddable":true,"href":"https:\/\/unox.com.tr\/fr\/wp-json\/wp\/v2\/comments?post=55314"}],"version-history":[{"count":0,"href":"https:\/\/unox.com.tr\/fr\/wp-json\/wp\/v2\/product\/55314\/revisions"}],"wp:featuredmedia":[{"embeddable":true,"href":"https:\/\/unox.com.tr\/fr\/wp-json\/wp\/v2\/media\/28742"}],"wp:attachment":[{"href":"https:\/\/unox.com.tr\/fr\/wp-json\/wp\/v2\/media?parent=55314"}],"wp:term":[{"taxonomy":"product_brand","embeddable":true,"href":"https:\/\/unox.com.tr\/fr\/wp-json\/wp\/v2\/product_brand?post=55314"},{"taxonomy":"product_cat","embeddable":true,"href":"https:\/\/unox.com.tr\/fr\/wp-json\/wp\/v2\/product_cat?post=55314"},{"taxonomy":"product_tag","embeddable":true,"href":"https:\/\/unox.com.tr\/fr\/wp-json\/wp\/v2\/product_tag?post=55314"}],"curies":[{"name":"wp","href":"https:\/\/api.w.org\/{rel}","templated":true}]}}