{"id":55395,"date":"2020-09-17T08:37:18","date_gmt":"2020-09-17T08:37:18","guid":{"rendered":"https:\/\/unox.com.tr\/urun\/purgeur-de-vapeur-thermostatique\/"},"modified":"2024-03-10T05:47:23","modified_gmt":"2024-03-10T02:47:23","slug":"purgeur-de-vapeur-thermostatique","status":"publish","type":"product","link":"https:\/\/unox.com.tr\/fr\/purgeur-de-vapeur-thermostatique\/","title":{"rendered":"Purgeur de Vapeur Thermostatique"},"content":{"rendered":"<div id=\"ez-toc-container\" class=\"ez-toc-v2_0_82_2 counter-hierarchy ez-toc-counter ez-toc-grey ez-toc-container-direction\">\n<div class=\"ez-toc-title-container\">\n<p class=\"ez-toc-title\" style=\"cursor:inherit\">Sayfa \u0130\u00e7eri\u011fi<\/p>\n<span class=\"ez-toc-title-toggle\"><a href=\"#\" class=\"ez-toc-pull-right ez-toc-btn ez-toc-btn-xs ez-toc-btn-default ez-toc-toggle\" aria-label=\"Toggle Table of Content\"><span class=\"ez-toc-js-icon-con\"><span class=\"\"><span class=\"eztoc-hide\" style=\"display:none;\">Toggle<\/span><span class=\"ez-toc-icon-toggle-span\"><svg style=\"fill: #999;color:#999\" xmlns=\"http:\/\/www.w3.org\/2000\/svg\" class=\"list-377408\" width=\"20px\" height=\"20px\" viewBox=\"0 0 24 24\" fill=\"none\"><path d=\"M6 6H4v2h2V6zm14 0H8v2h12V6zM4 11h2v2H4v-2zm16 0H8v2h12v-2zM4 16h2v2H4v-2zm16 0H8v2h12v-2z\" fill=\"currentColor\"><\/path><\/svg><svg style=\"fill: #999;color:#999\" class=\"arrow-unsorted-368013\" xmlns=\"http:\/\/www.w3.org\/2000\/svg\" width=\"10px\" height=\"10px\" viewBox=\"0 0 24 24\" version=\"1.2\" baseProfile=\"tiny\"><path d=\"M18.2 9.3l-6.2-6.3-6.2 6.3c-.2.2-.3.4-.3.7s.1.5.3.7c.2.2.4.3.7.3h11c.3 0 .5-.1.7-.3.2-.2.3-.5.3-.7s-.1-.5-.3-.7zM5.8 14.7l6.2 6.3 6.2-6.3c.2-.2.3-.5.3-.7s-.1-.5-.3-.7c-.2-.2-.4-.3-.7-.3h-11c-.3 0-.5.1-.7.3-.2.2-.3.5-.3.7s.1.5.3.7z\"\/><\/svg><\/span><\/span><\/span><\/a><\/span><\/div>\n<nav><ul class='ez-toc-list ez-toc-list-level-1 ' ><li class='ez-toc-page-1 ez-toc-heading-level-2'><a class=\"ez-toc-link ez-toc-heading-1\" href=\"https:\/\/unox.com.tr\/fr\/purgeur-de-vapeur-thermostatique\/#Quest-ce_quun_Purgeur_de_Vapeur_Thermostatique\" >Qu&rsquo;est-ce qu&rsquo;un Purgeur de Vapeur Thermostatique?<\/a><\/li><li class='ez-toc-page-1 ez-toc-heading-level-2'><a class=\"ez-toc-link ez-toc-heading-2\" href=\"https:\/\/unox.com.tr\/fr\/purgeur-de-vapeur-thermostatique\/#Comment_fonctionne_un_purgeur_thermostatique\" >Comment fonctionne un purgeur thermostatique ?<\/a><\/li><li class='ez-toc-page-1 ez-toc-heading-level-2'><a class=\"ez-toc-link ez-toc-heading-3\" href=\"https:\/\/unox.com.tr\/fr\/purgeur-de-vapeur-thermostatique\/#Caracteristiques_Generales\" >Caract\u00e9ristiques G\u00e9n\u00e9rales<\/a><\/li><li class='ez-toc-page-1 ez-toc-heading-level-2'><a class=\"ez-toc-link ez-toc-heading-4\" href=\"https:\/\/unox.com.tr\/fr\/purgeur-de-vapeur-thermostatique\/#Zones_dutilisation\" >Zones d&rsquo;utilisation<\/a><\/li><li class='ez-toc-page-1 ez-toc-heading-level-2'><a class=\"ez-toc-link ez-toc-heading-5\" href=\"https:\/\/unox.com.tr\/fr\/purgeur-de-vapeur-thermostatique\/#Comment_fonctionne_le_purgeur_thermostatique\" >Comment fonctionne le purgeur thermostatique ?<\/a><\/li><li class='ez-toc-page-1 ez-toc-heading-level-2'><a class=\"ez-toc-link ez-toc-heading-6\" href=\"https:\/\/unox.com.tr\/fr\/purgeur-de-vapeur-thermostatique\/#A_quoi_sert_un_purgeur_thermostatique\" >A quoi sert un purgeur thermostatique ?<\/a><\/li><li class='ez-toc-page-1 ez-toc-heading-level-2'><a class=\"ez-toc-link ez-toc-heading-7\" href=\"https:\/\/unox.com.tr\/fr\/purgeur-de-vapeur-thermostatique\/#Types_de_purgeurs_thermostatiques\" >Types de purgeurs thermostatiques<\/a><\/li><li class='ez-toc-page-1 ez-toc-heading-level-2'><a class=\"ez-toc-link ez-toc-heading-8\" href=\"https:\/\/unox.com.tr\/fr\/purgeur-de-vapeur-thermostatique\/#Prix_%E2%80%8B%E2%80%8Bdes_Purgeurs_Thermostatiques\" >Prix \u200b\u200bdes Purgeurs Thermostatiques<\/a><\/li><\/ul><\/nav><\/div>\n<h2><span class=\"ez-toc-section\" id=\"Quest-ce_quun_Purgeur_de_Vapeur_Thermostatique\"><\/span><span style=\"font-size: 22px;\">Qu&rsquo;est-ce qu&rsquo;un Purgeur de Vapeur Thermostatique?<\/span><span class=\"ez-toc-section-end\"><\/span><\/h2>\n<p>Un purgeur de vapeur thermostatique est un type de dispositif de plomberie utilis\u00e9 pour emp\u00eacher le flux d&rsquo;air ou de gaz \u00e0 travers le syst\u00e8me de tuyauterie. Il est con\u00e7u pour maintenir une temp\u00e9rature constante, ce qui aide \u00e0 pr\u00e9venir la formation de condensation et la formation de gouttelettes d&rsquo;eau dans le syst\u00e8me de tuyauterie.<\/p>\n<h2><span class=\"ez-toc-section\" id=\"Comment_fonctionne_un_purgeur_thermostatique\"><\/span><span style=\"font-size: 22px;\">Comment fonctionne un purgeur thermostatique ?<\/span><span class=\"ez-toc-section-end\"><\/span><\/h2>\n<p>Les purgeurs thermostatiques sont couramment utilis\u00e9s dans les syst\u00e8mes de chauffage \u00e0 la vapeur pour emp\u00eacher la vapeur de s&rsquo;\u00e9chapper par les \u00e9vents, ainsi que dans les syst\u00e8mes de tuyauterie de proc\u00e9d\u00e9 pour emp\u00eacher la perte de chaleur ou de pression. Ils fonctionnent en utilisant un \u00e9l\u00e9ment sensible \u00e0 la temp\u00e9rature tel qu&rsquo;un bilame ou une pastille de cire pour ouvrir ou fermer une vanne en r\u00e9ponse aux changements de temp\u00e9rature. Lorsque la temp\u00e9rature dans le syst\u00e8me de tuyauterie d\u00e9passe un certain niveau, l&rsquo;\u00e9l\u00e9ment thermostatique se dilate, ouvrant la vanne, permettant \u00e0 la vapeur ou \u00e0 d&rsquo;autres gaz de s&rsquo;\u00e9chapper. Lorsque la temp\u00e9rature descend en dessous de ce niveau, l&rsquo;\u00e9l\u00e9ment r\u00e9tr\u00e9cit et la valve se ferme, bloquant le flux d&rsquo;air ou de gaz.<\/p>\n<p>Ils sont un \u00e9l\u00e9ment important de nombreux syst\u00e8mes de tuyauterie car ils aident \u00e0 maintenir l&rsquo;efficacit\u00e9 du syst\u00e8me et \u00e0 pr\u00e9venir les pertes d&rsquo;\u00e9nergie. Ils sont \u00e9galement utilis\u00e9s pour prot\u00e9ger l&rsquo;\u00e9quipement et pr\u00e9venir les risques d&rsquo;accident ou de blessure dus \u00e0 la lib\u00e9ration de vapeur ou d&rsquo;autres gaz.<\/p>\n<h2><span class=\"ez-toc-section\" id=\"Caracteristiques_Generales\"><\/span><span style=\"font-size: 22px;\">Caract\u00e9ristiques G\u00e9n\u00e9rales<\/span><span class=\"ez-toc-section-end\"><\/span><\/h2>\n<ul>\n<li><strong>Corps et Couvercle<\/strong> : Acier Inoxydable<\/li>\n<li><strong>Capsule Thermostatique :<\/strong> Hastelloy<\/li>\n<li><strong>Max. Pression de Service :<\/strong> 45 Bar<\/li>\n<li><strong>Max. Temp\u00e9rature de fonctionnement<\/strong>: 250\u00b0C<\/li>\n<\/ul>\n<h2><span class=\"ez-toc-section\" id=\"Zones_dutilisation\"><\/span><span style=\"font-size: 22px;\">Zones d&rsquo;utilisation<\/span><span class=\"ez-toc-section-end\"><\/span><\/h2>\n<p>Les purgeurs de vapeur thermostatiques conviennent \u00e0 une utilisation lorsque et dans les conditions souhait\u00e9es pour b\u00e9n\u00e9ficier de la chaleur du condensat. Il peut \u00eatre utilis\u00e9 dans les fers \u00e0 repasser, les lignes de suivi, les unit\u00e9s de pressage, les unit\u00e9s de s\u00e9chage, les tuyaux \u00e0 chemise de vapeur et les syst\u00e8mes \u00e0 vapeur.<\/p>\n<p>Les purgeurs de vapeur thermostatiques \u00e9liminent la condensation gr\u00e2ce \u00e0 la diff\u00e9rence de temp\u00e9rature de la phase vapeur et liquide. Le purgeur est actionn\u00e9 par la dilatation et la contraction d&rsquo;un \u00e9l\u00e9ment expos\u00e9 \u00e0 la chaleur de la vapeur ou du condensat. Ces purgeurs prennent une chute de temp\u00e9rature en dessous de la courbe de saturation pour s&rsquo;ouvrir et \u00e9liminer le condensat. Ces purgeurs peuvent \u00eatre r\u00e9alis\u00e9s \u00e0 l&rsquo;aide d&rsquo;\u00e9l\u00e9ment rempli, de soufflet ou d&rsquo;\u00e9l\u00e9ment bim\u00e9tallique.<\/p>\n<ul>\n<li>Situations o\u00f9 la temp\u00e9rature du condensat doit \u00eatre utilis\u00e9e pour le chauffage.<\/li>\n<li>Applications de d\u00e9sa\u00e9rateur dans les syst\u00e8mes \u00e0 vapeur.<\/li>\n<\/ul>\n<h2><span class=\"ez-toc-section\" id=\"Comment_fonctionne_le_purgeur_thermostatique\"><\/span><span style=\"font-size: 22px;\">Comment fonctionne<\/span> <span style=\"font-size: 22px;\">le purgeur thermostatique ?<\/span><span class=\"ez-toc-section-end\"><\/span><\/h2>\n<p>Les purgeurs thermostatiques fonctionnent sur la diff\u00e9rence de temp\u00e9rature de la vapeur entre le condensat refroidi et l&rsquo;air. La vapeur augmente la pression \u00e0 l&rsquo;int\u00e9rieur de l&rsquo;\u00e9l\u00e9ment thermostatique, provoquant la fermeture du purgeur. Au fur et \u00e0 mesure que les condensats et les gaz non condensables s&rsquo;accumulent dans la jambe de refroidissement, la temp\u00e9rature commence \u00e0 baisser et l&rsquo;\u00e9l\u00e9ment thermostatique se contracte, ouvrant la vanne.<\/p>\n<p>La quantit\u00e9 de condensat refoul\u00e9 devant le siphon d\u00e9pend des conditions de charge, de la pression de vapeur et de la taille des tuyaux. Il est extr\u00eamement important de consid\u00e9rer que des gaz non condensables peuvent s&rsquo;accumuler derri\u00e8re le condensat.<\/p>\n<p><em>REMARQUE : Les purgeurs thermostatiques peuvent \u00e9galement \u00eatre utilis\u00e9s pour \u00e9vacuer l&rsquo;air d&rsquo;un syst\u00e8me \u00e0 vapeur. Au fur et \u00e0 mesure que l&rsquo;air s&rsquo;accumule, la temp\u00e9rature baisse et l&rsquo;\u00e9vent thermostatique ventile automatiquement l&rsquo;air l\u00e9g\u00e8rement en dessous de la temp\u00e9rature de la vapeur sur toute la plage de pression de fonctionnement.<\/em><\/p>\n<h2><span class=\"ez-toc-section\" id=\"A_quoi_sert_un_purgeur_thermostatique\"><\/span><span style=\"font-size: 22px;\">A quoi sert<\/span> <span style=\"font-size: 22px;\">un purgeur thermostatique ?<\/span><span class=\"ez-toc-section-end\"><\/span><\/h2>\n<p>Les purgeurs thermostatiques sont l&rsquo;un des types de purgeurs utilis\u00e9s pour \u00e9liminer le condensat du syst\u00e8me. Ces purgeurs, qui augmentent la dur\u00e9e de vie de l&rsquo;installation install\u00e9e, assurent \u00e9galement une transmission thermique maximale. S&rsquo;il est expos\u00e9 \u00e0 un condensat \u00e9lev\u00e9, le processus d&rsquo;\u00e9vacuation du condensat d\u00e9marre et, lorsque la vapeur arrive, elle se dilate et ferme la vanne.<\/p>\n<h2><span class=\"ez-toc-section\" id=\"Types_de_purgeurs_thermostatiques\"><\/span><span style=\"font-size: 22px;\">Types de purgeurs thermostatiques<\/span><span class=\"ez-toc-section-end\"><\/span><\/h2>\n<p><strong>Purgeur de Vapeur Thermostatique \u00e0 Dilatation Liquide<\/strong> : C&rsquo;est le mod\u00e8le de purgeur de vapeur le plus simple. Afin d&#8217;emp\u00eacher le passage de la vapeur, la partie contenant l&rsquo;huile dans le siphon est chauff\u00e9e et dilat\u00e9e, fermant ainsi la vanne et emp\u00eachant le passage de la vapeur.<\/p>\n<p><strong>Purgeur Thermostatique \u00e0 Pression Equilibr\u00e9e<\/strong> : La temp\u00e9rature de fonctionnement est affect\u00e9e par la pression de vapeur dans l&rsquo;environnement. L&rsquo;\u00e9l\u00e9ment de capsule est fabriqu\u00e9 en m\u00e9tal par m\u00e9lange avec de l&rsquo;eau liquide et de l&rsquo;alcool, qui a une valeur de temp\u00e9rature satur\u00e9e inf\u00e9rieure \u00e0 celle de l&rsquo;eau.<\/p>\n<p><strong>Pi\u00e8ge Thermostatique Bim\u00e9tallique<\/strong> : Il est form\u00e9 en soudant et en combinant deux m\u00e9taux diff\u00e9rents. Lorsque les bandes m\u00e9talliques sont expos\u00e9es \u00e0 la chaleur, lorsqu&rsquo;elles se dilatent et se plient sous l&rsquo;effet de la chaleur, elles ferment la soupape, emp\u00eachant ainsi le passage de la vapeur.<\/p>\n<h2><span class=\"ez-toc-section\" id=\"Prix_%E2%80%8B%E2%80%8Bdes_Purgeurs_Thermostatiques\"><\/span><span style=\"font-size: 22px;\">Prix \u200b\u200bdes Purgeurs Thermostatiques<\/span><span class=\"ez-toc-section-end\"><\/span><\/h2>\n<p>Les prix des purgeurs thermostatiques varient selon les mod\u00e8les et les marques. Le mat\u00e9riau utilis\u00e9, les performances g\u00e9n\u00e9rales du purgeur, le type d&rsquo;utilisation, les valeurs de pression et de temp\u00e9rature \u00e0 utiliser sont parmi les facteurs qui influent sur les prix des purgeurs thermostatiques. Divers facteurs tels que les tarifs des fournisseurs de purgeurs de vapeur, le secteur du march\u00e9 et les taux de profit continuent \u00e9galement d&rsquo;affecter les prix.<\/p>\n<p>&nbsp;<\/p>\n<p>Vous pouvez regarder notre vid\u00e9o pour avoir des informations plus d\u00e9taill\u00e9es sur les purgeurs de vapeur.<\/p>\n<p>&nbsp;<\/p>\n<p><iframe title=\"Kondenstop nedir? \u00c7al\u0131\u015fma Prensibi nedir? What is a steam trap? What is the Working Principle? #10\" width=\"500\" height=\"281\" src=\"https:\/\/www.youtube.com\/embed\/RYm9XG8YP_E?feature=oembed\" frameborder=\"0\" allow=\"accelerometer; autoplay; clipboard-write; encrypted-media; gyroscope; picture-in-picture; web-share\" referrerpolicy=\"strict-origin-when-cross-origin\" allowfullscreen><\/iframe><\/p>\n","protected":false},"excerpt":{"rendered":"<p><button style=\"background-color: #11224b; color: #ffffff; padding: 10px 15px; font-family: montserrat; font-weight: bold; font-size: 19px; border-radius: 10px;\"><img decoding=\"async\" style=\"width: 25px; height: 25px;\" src=\"https:\/\/unox.com.tr\/wp-content\/uploads\/2023\/02\/pdf-1.png\">CATALOGUE DES PRODUITS<\/button><\/p>\n<p><button style=\"background-color: #11224b; margin-top: 5px; color: white; padding: 0px 15px; width: 150px; height: 55px; border-radius: 10px; border: none; cursor: pointer;\"><br \/>\n<img decoding=\"async\" style=\"width: 120px; height: 30px;\" src=\"https:\/\/unox.com.tr\/wp-content\/uploads\/2023\/02\/4-1.svg\"><\/button><\/p>\n","protected":false},"featured_media":69466,"comment_status":"closed","ping_status":"closed","template":"","meta":[],"product_brand":[],"product_cat":[1067,1068],"product_tag":[],"class_list":{"0":"post-55395","1":"product","2":"type-product","3":"status-publish","4":"has-post-thumbnail","6":"product_cat-purgeurs-de-vapeur","7":"product_cat-purgeur-de-vapeur","9":"first","10":"instock","11":"shipping-taxable","12":"product-type-simple"},"_links":{"self":[{"href":"https:\/\/unox.com.tr\/fr\/wp-json\/wp\/v2\/product\/55395","targetHints":{"allow":["GET"]}}],"collection":[{"href":"https:\/\/unox.com.tr\/fr\/wp-json\/wp\/v2\/product"}],"about":[{"href":"https:\/\/unox.com.tr\/fr\/wp-json\/wp\/v2\/types\/product"}],"replies":[{"embeddable":true,"href":"https:\/\/unox.com.tr\/fr\/wp-json\/wp\/v2\/comments?post=55395"}],"version-history":[{"count":0,"href":"https:\/\/unox.com.tr\/fr\/wp-json\/wp\/v2\/product\/55395\/revisions"}],"wp:featuredmedia":[{"embeddable":true,"href":"https:\/\/unox.com.tr\/fr\/wp-json\/wp\/v2\/media\/69466"}],"wp:attachment":[{"href":"https:\/\/unox.com.tr\/fr\/wp-json\/wp\/v2\/media?parent=55395"}],"wp:term":[{"taxonomy":"product_brand","embeddable":true,"href":"https:\/\/unox.com.tr\/fr\/wp-json\/wp\/v2\/product_brand?post=55395"},{"taxonomy":"product_cat","embeddable":true,"href":"https:\/\/unox.com.tr\/fr\/wp-json\/wp\/v2\/product_cat?post=55395"},{"taxonomy":"product_tag","embeddable":true,"href":"https:\/\/unox.com.tr\/fr\/wp-json\/wp\/v2\/product_tag?post=55395"}],"curies":[{"name":"wp","href":"https:\/\/api.w.org\/{rel}","templated":true}]}}