{"id":55398,"date":"2020-09-17T08:04:04","date_gmt":"2020-09-17T08:04:04","guid":{"rendered":"https:\/\/unox.com.tr\/urun\/purgeur-de-vapeur-a-flotteur-filete-thermostatique\/"},"modified":"2020-09-17T08:04:04","modified_gmt":"2020-09-17T05:04:04","slug":"purgeur-de-vapeur-a-flotteur-filete-thermostatique","status":"publish","type":"product","link":"https:\/\/unox.com.tr\/fr\/purgeur-de-vapeur-a-flotteur-filete-thermostatique\/","title":{"rendered":"Purgeur de Vapeur \u00e0 Flotteur &#8211; Filet\u00e9 (Thermostatique)"},"content":{"rendered":"<div id=\"ez-toc-container\" class=\"ez-toc-v2_0_82_2 counter-hierarchy ez-toc-counter ez-toc-grey ez-toc-container-direction\">\n<div class=\"ez-toc-title-container\">\n<p class=\"ez-toc-title\" style=\"cursor:inherit\">Sayfa \u0130\u00e7eri\u011fi<\/p>\n<span class=\"ez-toc-title-toggle\"><a href=\"#\" class=\"ez-toc-pull-right ez-toc-btn ez-toc-btn-xs ez-toc-btn-default ez-toc-toggle\" aria-label=\"Toggle Table of Content\"><span class=\"ez-toc-js-icon-con\"><span class=\"\"><span class=\"eztoc-hide\" style=\"display:none;\">Toggle<\/span><span class=\"ez-toc-icon-toggle-span\"><svg style=\"fill: #999;color:#999\" xmlns=\"http:\/\/www.w3.org\/2000\/svg\" class=\"list-377408\" width=\"20px\" height=\"20px\" viewBox=\"0 0 24 24\" fill=\"none\"><path d=\"M6 6H4v2h2V6zm14 0H8v2h12V6zM4 11h2v2H4v-2zm16 0H8v2h12v-2zM4 16h2v2H4v-2zm16 0H8v2h12v-2z\" fill=\"currentColor\"><\/path><\/svg><svg style=\"fill: #999;color:#999\" class=\"arrow-unsorted-368013\" xmlns=\"http:\/\/www.w3.org\/2000\/svg\" width=\"10px\" height=\"10px\" viewBox=\"0 0 24 24\" version=\"1.2\" baseProfile=\"tiny\"><path d=\"M18.2 9.3l-6.2-6.3-6.2 6.3c-.2.2-.3.4-.3.7s.1.5.3.7c.2.2.4.3.7.3h11c.3 0 .5-.1.7-.3.2-.2.3-.5.3-.7s-.1-.5-.3-.7zM5.8 14.7l6.2 6.3 6.2-6.3c.2-.2.3-.5.3-.7s-.1-.5-.3-.7c-.2-.2-.4-.3-.7-.3h-11c-.3 0-.5.1-.7.3-.2.2-.3.5-.3.7s.1.5.3.7z\"\/><\/svg><\/span><\/span><\/span><\/a><\/span><\/div>\n<nav><ul class='ez-toc-list ez-toc-list-level-1 ' ><li class='ez-toc-page-1 ez-toc-heading-level-2'><a class=\"ez-toc-link ez-toc-heading-1\" href=\"https:\/\/unox.com.tr\/fr\/purgeur-de-vapeur-a-flotteur-filete-thermostatique\/#Quest-ce_quun_Purgeur_de_Vapeur_a_Flotteur\" >Qu&rsquo;est-ce qu&rsquo;un Purgeur de Vapeur \u00e0 Flotteur?<\/a><\/li><li class='ez-toc-page-1 ez-toc-heading-level-2'><a class=\"ez-toc-link ez-toc-heading-2\" href=\"https:\/\/unox.com.tr\/fr\/purgeur-de-vapeur-a-flotteur-filete-thermostatique\/#Ou_le_piege_a_flotteur_est-il_utilise\" >O\u00f9 le pi\u00e8ge \u00e0 flotteur est-il utilis\u00e9 ?<\/a><\/li><li class='ez-toc-page-1 ez-toc-heading-level-2'><a class=\"ez-toc-link ez-toc-heading-3\" href=\"https:\/\/unox.com.tr\/fr\/purgeur-de-vapeur-a-flotteur-filete-thermostatique\/#Principe_de_fonctionnement\" >Principe de fonctionnement<\/a><ul class='ez-toc-list-level-3' ><li class='ez-toc-heading-level-3'><a class=\"ez-toc-link ez-toc-heading-4\" href=\"https:\/\/unox.com.tr\/fr\/purgeur-de-vapeur-a-flotteur-filete-thermostatique\/#Les_purgeurs_de_vapeur_ont_trois_fonctions_principales\" >Les purgeurs de vapeur ont trois fonctions principales ;<\/a><\/li><\/ul><\/li><li class='ez-toc-page-1 ez-toc-heading-level-2'><a class=\"ez-toc-link ez-toc-heading-5\" href=\"https:\/\/unox.com.tr\/fr\/purgeur-de-vapeur-a-flotteur-filete-thermostatique\/#Caracteristiques_du_produit\" >Caract\u00e9ristiques du produit<\/a><\/li><\/ul><\/nav><\/div>\n<h2><span class=\"ez-toc-section\" id=\"Quest-ce_quun_Purgeur_de_Vapeur_a_Flotteur\"><\/span><span style=\"font-size: 22px;\">Qu&rsquo;est-ce qu&rsquo;un Purgeur de Vapeur \u00e0 Flotteur?<\/span><span class=\"ez-toc-section-end\"><\/span><\/h2>\n<p>Un purgeur \u00e0 flotteur est un type de vanne utilis\u00e9 pour contr\u00f4ler le d\u00e9bit de liquides tels que l&rsquo;eau ou la vapeur dans un syst\u00e8me de tuyauterie. Il se compose d&rsquo;un corps de vanne avec une chambre creuse, appel\u00e9e chambre \u00e0 flotteur, remplie de liquide. Le corps de vanne comporte \u00e9galement une entr\u00e9e et une sortie, ainsi qu&rsquo;un \u00e9l\u00e9ment de commande tel qu&rsquo;une bille ou un disque fix\u00e9 au flotteur.<\/p>\n<p>Lorsque le fluide entre dans la chambre du flotteur par l&rsquo;orifice d&rsquo;entr\u00e9e, il soul\u00e8ve le flotteur, ce qui soul\u00e8ve l&rsquo;\u00e9l\u00e9ment de commande et permet au fluide de s&rsquo;\u00e9couler par l&rsquo;orifice de sortie. Lorsque le d\u00e9bit de liquide diminue, le flotteur et l&rsquo;\u00e9l\u00e9ment de commande descendent, fermant l&rsquo;ouverture de sortie et emp\u00eachant le liquide de s&rsquo;\u00e9couler.<\/p>\n<h2><span class=\"ez-toc-section\" id=\"Ou_le_piege_a_flotteur_est-il_utilise\"><\/span><span style=\"font-size: 22px;\">O\u00f9 le pi\u00e8ge \u00e0 flotteur est-il utilis\u00e9 ?<\/span><span class=\"ez-toc-section-end\"><\/span><\/h2>\n<p>Les purgeurs \u00e0 flotteur sont couramment utilis\u00e9s pour r\u00e9guler le d\u00e9bit de vapeur ou d&rsquo;eau dans les syst\u00e8mes de chauffage et de refroidissement et peuvent \u00eatre utilis\u00e9s pour maintenir un niveau de liquide constant dans un r\u00e9servoir ou pour emp\u00eacher une pression excessive dans un syst\u00e8me. Ils sont simples, fiables et faciles \u00e0 entretenir et peuvent \u00eatre r\u00e9gl\u00e9s pour contr\u00f4ler le d\u00e9bit du fluide.<\/p>\n<ul>\n<li>Stations de chauffage<\/li>\n<li>Syst\u00e8mes de chauffage<\/li>\n<li>Chaudi\u00e8re \u00e0 vapeur<\/li>\n<li>Fours de s\u00e9chage<\/li>\n<li>S\u00e9parateurs de vapeur<\/li>\n<li>R\u00e9servoir de vapeur flash<\/li>\n<li>Fours<\/li>\n<li>R\u00e9servoirs<\/li>\n<\/ul>\n<h2><span class=\"ez-toc-section\" id=\"Principe_de_fonctionnement\"><\/span><span style=\"font-size: 22px;\">Principe de fonctionnement<\/span><span class=\"ez-toc-section-end\"><\/span><\/h2>\n<p>Le pi\u00e8ge \u00e0 flotteur UKS-70D avec unit\u00e9 d&rsquo;\u00e9vacuation d&rsquo;air offre des possibilit\u00e9s de montage pour un \u00e9coulement de droite \u00e0 gauche et de gauche \u00e0 droite en position horizontale. Le raccordement pour le flux vertical est \u00e9galement possible. Le sens d&rsquo;\u00e9coulement des condensats doit \u00eatre pr\u00e9cis\u00e9 \u00e0 la commande. Le r\u00e9glage d&rsquo;usine standard est un d\u00e9bit de droite \u00e0 gauche.<\/p>\n<p>L&rsquo;UKS-70D \u00e9vacue le condensat en continu et est pr\u00e9f\u00e9rable lorsque l&rsquo;\u00e9vacuation du condensat doit \u00eatre rapide. Lorsque le syst\u00e8me commence \u00e0 fonctionner, le purificateur d&rsquo;air thermostatique s&rsquo;active et \u00e9vacue l&rsquo;air du syst\u00e8me. La vapeur suivante ferme l&rsquo;\u00e9vent, mais d\u00e8s que le condensat arrive dans le purgeur, le flotteur monte et ouvre la vanne principale et le condensat est \u00e9vacu\u00e9. Lorsque la vapeur atteint \u00e0 nouveau le purgeur, le flotteur s&rsquo;abaisse et ferme la vanne principale.<\/p>\n<h3><span class=\"ez-toc-section\" id=\"Les_purgeurs_de_vapeur_ont_trois_fonctions_principales\"><\/span><span style=\"font-size: 20px;\">Les purgeurs de vapeur ont trois fonctions principales ;<\/span><span class=\"ez-toc-section-end\"><\/span><\/h3>\n<ol>\n<li>Pour \u00e9vacuer le condensat form\u00e9,<\/li>\n<li>Pour emp\u00eacher la vapeur de s&rsquo;\u00e9chapper lors de l&rsquo;\u00e9vacuation, emprisonner la vapeur (ici cela signifie),<\/li>\n<li>Pour \u00e9vacuer l&rsquo;air et les gaz incondensables.<\/li>\n<\/ol>\n<h2><span class=\"ez-toc-section\" id=\"Caracteristiques_du_produit\"><\/span><span style=\"font-size: 22px;\">Caract\u00e9ristiques du produit<\/span><span class=\"ez-toc-section-end\"><\/span><\/h2>\n<ul>\n<li><strong>Corps<\/strong> : Fonte Ductile GG40.3<\/li>\n<li><strong>Couvercle<\/strong> : Fonte Ductile GGG<\/li>\n<li><strong>Max. Pression de Service<\/strong> : 16 Bar<\/li>\n<li><strong>Max. Temp\u00e9rature de fonctionnement<\/strong>: 250\u00b0C<\/li>\n<li><strong>\u25b2p:<\/strong> 4,5 &#8211; 10 &#8211; 14 Bar<\/li>\n<\/ul>\n<p>&nbsp;<\/p>\n<p>Vous pouvez regarder notre vid\u00e9o pour avoir des informations plus d\u00e9taill\u00e9es sur les purgeurs de vapeur.<\/p>\n<p>&nbsp;<\/p>\n<p><iframe title=\"Kondenstop nedir? \u00c7al\u0131\u015fma Prensibi nedir? What is a steam trap? What is the Working Principle? #10\" width=\"500\" height=\"281\" src=\"https:\/\/www.youtube.com\/embed\/RYm9XG8YP_E?feature=oembed\" frameborder=\"0\" allow=\"accelerometer; autoplay; clipboard-write; encrypted-media; gyroscope; picture-in-picture; web-share\" referrerpolicy=\"strict-origin-when-cross-origin\" allowfullscreen><\/iframe><\/p>\n","protected":false},"excerpt":{"rendered":"<p><a href=\"https:\/\/unox.com.tr\/wp-content\/uploads\/2023\/03\/samandirali-kondenstop-disli.pdf\" target=\"_blank\" rel=\"noopener\"><button style=\"background-color: #11224b; color: #ffffff; padding: 10px 15px; font-family: montserrat; font-weight: bold; font-size: 19px; border-radius: 10px;\"><img decoding=\"async\" style=\"width: 25px; height: 25px;\" src=\"https:\/\/unox.com.tr\/wp-content\/uploads\/2023\/02\/pdf-1.png\">CATALOGUE DES PRODUITS<\/button><\/a><\/p>\n<p><a href=\"https:\/\/unox.com.tr\/wp-content\/uploads\/2022\/07\/uks-70d.pdf\" target=\"_blank\" rel=\"noopener\"><button style=\"background-color: #11224b; margin-top: 5px; color: #ffffff; padding: 10px 15px; font-family: montserrat; font-weight: bold; font-size: 16px; border-radius: 10px;\"><img decoding=\"async\" style=\"width: 25px; height: 25px;\" src=\"https:\/\/unox.com.tr\/wp-content\/uploads\/2023\/02\/pdf-1.png\">INSTRUCTIONS DE FONCTIONNEMENT<\/button><\/a><\/p>\n<p><button style=\"background-color: #11224b; margin-top: 5px; color: white; padding: 0px 15px; width: 150px; height: 55px; border-radius: 10px; border: none; cursor: pointer;\"><br \/>\n<img decoding=\"async\" style=\"width: 120px; height: 30px;\" src=\"https:\/\/unox.com.tr\/wp-content\/uploads\/2023\/02\/4-1.svg\"><\/button><\/p>\n","protected":false},"featured_media":69626,"comment_status":"closed","ping_status":"closed","template":"","meta":{"_joinchat":[]},"product_brand":[],"product_cat":[1067,1068],"product_tag":[],"class_list":{"0":"post-55398","1":"product","2":"type-product","3":"status-publish","4":"has-post-thumbnail","6":"product_cat-purgeurs-de-vapeur","7":"product_cat-purgeur-de-vapeur","9":"first","10":"instock","11":"shipping-taxable","12":"product-type-simple"},"_links":{"self":[{"href":"https:\/\/unox.com.tr\/fr\/wp-json\/wp\/v2\/product\/55398","targetHints":{"allow":["GET"]}}],"collection":[{"href":"https:\/\/unox.com.tr\/fr\/wp-json\/wp\/v2\/product"}],"about":[{"href":"https:\/\/unox.com.tr\/fr\/wp-json\/wp\/v2\/types\/product"}],"replies":[{"embeddable":true,"href":"https:\/\/unox.com.tr\/fr\/wp-json\/wp\/v2\/comments?post=55398"}],"version-history":[{"count":0,"href":"https:\/\/unox.com.tr\/fr\/wp-json\/wp\/v2\/product\/55398\/revisions"}],"wp:featuredmedia":[{"embeddable":true,"href":"https:\/\/unox.com.tr\/fr\/wp-json\/wp\/v2\/media\/69626"}],"wp:attachment":[{"href":"https:\/\/unox.com.tr\/fr\/wp-json\/wp\/v2\/media?parent=55398"}],"wp:term":[{"taxonomy":"product_brand","embeddable":true,"href":"https:\/\/unox.com.tr\/fr\/wp-json\/wp\/v2\/product_brand?post=55398"},{"taxonomy":"product_cat","embeddable":true,"href":"https:\/\/unox.com.tr\/fr\/wp-json\/wp\/v2\/product_cat?post=55398"},{"taxonomy":"product_tag","embeddable":true,"href":"https:\/\/unox.com.tr\/fr\/wp-json\/wp\/v2\/product_tag?post=55398"}],"curies":[{"name":"wp","href":"https:\/\/api.w.org\/{rel}","templated":true}]}}