{"id":55399,"date":"2020-09-17T07:54:28","date_gmt":"2020-09-17T07:54:28","guid":{"rendered":"https:\/\/unox.com.tr\/urun\/separateur-de-vapeur\/"},"modified":"2024-05-30T06:30:39","modified_gmt":"2024-05-30T03:30:39","slug":"separateur-de-vapeur","status":"publish","type":"product","link":"https:\/\/unox.com.tr\/fr\/separateur-de-vapeur\/","title":{"rendered":"S\u00e9parateur de Vapeur"},"content":{"rendered":"<h2><span style=\"font-size: 22px;\">Qu&rsquo;est-ce qu&rsquo;un S\u00e9parateur de Vapeur ?<\/span><\/h2>\n<p>Le s\u00e9parateur de vapeur est un \u00e9quipement dont la fonction principale est de s\u00e9parer l&rsquo;eau et la vapeur et se trouve g\u00e9n\u00e9ralement dans la chaudi\u00e8re \u00e0 vapeur. La surface de l&rsquo;eau dans la chaudi\u00e8re \u00e0 vapeur est turbulente, il est donc facile pour la vapeur et l&rsquo;eau de se m\u00e9langer.<\/p>\n<p>Le principe du s\u00e9parateur de vapeur est de modifier le d\u00e9bit de vapeur dans n&rsquo;importe quelle direction. La densit\u00e9 de vapeur \u00e9tant plus l\u00e9g\u00e8re que celle de l&rsquo;eau, elle permet \u00e0 la vapeur de se disperser plus facilement que l&rsquo;eau. La goutte d&rsquo;eau avec une densit\u00e9 plus \u00e9lev\u00e9e sera s\u00e9par\u00e9e de la vapeur et tombera au fond du s\u00e9parateur. Si de l&rsquo;eau ou de la vapeur humide est distribu\u00e9e dans la conduite de vapeur, l&rsquo;humidit\u00e9 causant des dommages et de l&rsquo;\u00e9rosion sera \u00e9limin\u00e9e avec un <em><strong>s\u00e9parateur de vapeur.<\/strong><\/em><\/p>\n<h2><span class=\"ez-toc-section\" id=\"Comment_Fonctionne_le_Separateur_de_Vapeur\"><\/span><span style=\"font-size: 22px;\">Comment Fonctionne le S\u00e9parateur de Vapeur ?<\/span><span class=\"ez-toc-section-end\"><\/span><\/h2>\n<p>Lorsque la vapeur p\u00e9n\u00e8tre dans le s\u00e9parateur de vapeur, une s\u00e9rie de chambres change plusieurs fois de sens d&rsquo;\u00e9coulement. Au cours de ce processus, les chambres de l&rsquo;enceinte collectent les gouttelettes d&rsquo;eau d\u00e9form\u00e9es transport\u00e9es dans le syst\u00e8me. La gravit\u00e9 permet aux gouttelettes d&rsquo;eau accumul\u00e9es et \u00e0 d&rsquo;autres particules \u00e9trang\u00e8res de tomber dans le drain et de sortir du syst\u00e8me par un purgeur de vapeur. La vapeur restant dans le syst\u00e8me est propre et s\u00e8che, offrant des performances am\u00e9lior\u00e9es et soutenues.<\/p>\n<h2><span class=\"ez-toc-section\" id=\"Caracteristiques_du_produit\"><\/span><span style=\"font-size: 22px;\">Caract\u00e9ristiques du produit<\/span><span class=\"ez-toc-section-end\"><\/span><\/h2>\n<ul>\n<li><strong>Corps<\/strong> : Acier au Carbone<\/li>\n<li><strong>Pression de Service<\/strong> : 16 \/ 40 bars<\/li>\n<li><strong>Max. Temp\u00e9rature de fonctionnement :<\/strong> +250\u00b0C<\/li>\n<\/ul>\n<h2><span style=\"font-size: 22px;\">Champ d&rsquo;application<\/span><\/h2>\n<ul>\n<li>Syst\u00e8mes de vapeur, d&rsquo;air comprim\u00e9 et de gaz<\/li>\n<li>R\u00e9seau vapeur<\/li>\n<li>Avant les turbines \u00e0 vapeur<\/li>\n<li>Echangeurs de Chaleur<\/li>\n<li>Chaudi\u00e8res<\/li>\n<li>Fours<\/li>\n<li>Radiateurs<\/li>\n<li>St\u00e9rilisateurs<\/li>\n<li>Stations de goutte \u00e0 goutte avant les vannes de r\u00e9gulation de temp\u00e9rature ou de r\u00e9duction de pression<\/li>\n<li>Entr\u00e9es de vapeur pour traiter les \u00e9quipements n\u00e9cessitant de la vapeur satur\u00e9e s\u00e8che<\/li>\n<li>Avant les filtres et dans l&rsquo;alimentation en air comprim\u00e9 des appareils sensibles<\/li>\n<li>Processus de blanchisserie<\/li>\n<\/ul>\n","protected":false},"excerpt":{"rendered":"<p><a href=\"https:\/\/unox.com.tr\/wp-content\/uploads\/2023\/01\/Buhar-Seperatoru.pdf\" target=\"_blank\" rel=\"noopener\"><button style=\"background-color: #11224b; color: #ffffff; padding: 10px 15px; font-family: montserrat; font-weight: bold; font-size: 19px; border-radius: 10px;\"><img decoding=\"async\" style=\"width: 25px; height: 25px;\" src=\"https:\/\/unox.com.tr\/wp-content\/uploads\/2023\/02\/pdf-1.png\">CATALOGUE DES PRODUITS<\/button><\/a><\/p>\n<p><button style=\"background-color: #11224b; margin-top: 5px; color: white; padding: 0px 15px; width: 150px; height: 55px; border-radius: 10px; border: none; cursor: pointer;\"><br \/>\n<img decoding=\"async\" style=\"width: 120px; height: 30px;\" src=\"https:\/\/unox.com.tr\/wp-content\/uploads\/2023\/02\/4-1.svg\"><\/button><\/p>\n","protected":false},"featured_media":68960,"comment_status":"closed","ping_status":"closed","template":"","meta":[],"product_brand":[],"product_cat":[1069,1067],"product_tag":[],"class_list":{"0":"post-55399","1":"product","2":"type-product","3":"status-publish","4":"has-post-thumbnail","6":"product_cat-separateurs-de-vapeur","7":"product_cat-purgeurs-de-vapeur","9":"first","10":"instock","11":"shipping-taxable","12":"product-type-simple"},"_links":{"self":[{"href":"https:\/\/unox.com.tr\/fr\/wp-json\/wp\/v2\/product\/55399","targetHints":{"allow":["GET"]}}],"collection":[{"href":"https:\/\/unox.com.tr\/fr\/wp-json\/wp\/v2\/product"}],"about":[{"href":"https:\/\/unox.com.tr\/fr\/wp-json\/wp\/v2\/types\/product"}],"replies":[{"embeddable":true,"href":"https:\/\/unox.com.tr\/fr\/wp-json\/wp\/v2\/comments?post=55399"}],"version-history":[{"count":0,"href":"https:\/\/unox.com.tr\/fr\/wp-json\/wp\/v2\/product\/55399\/revisions"}],"wp:featuredmedia":[{"embeddable":true,"href":"https:\/\/unox.com.tr\/fr\/wp-json\/wp\/v2\/media\/68960"}],"wp:attachment":[{"href":"https:\/\/unox.com.tr\/fr\/wp-json\/wp\/v2\/media?parent=55399"}],"wp:term":[{"taxonomy":"product_brand","embeddable":true,"href":"https:\/\/unox.com.tr\/fr\/wp-json\/wp\/v2\/product_brand?post=55399"},{"taxonomy":"product_cat","embeddable":true,"href":"https:\/\/unox.com.tr\/fr\/wp-json\/wp\/v2\/product_cat?post=55399"},{"taxonomy":"product_tag","embeddable":true,"href":"https:\/\/unox.com.tr\/fr\/wp-json\/wp\/v2\/product_tag?post=55399"}],"curies":[{"name":"wp","href":"https:\/\/api.w.org\/{rel}","templated":true}]}}