{"id":55403,"date":"2020-09-17T07:43:53","date_gmt":"2020-09-17T07:43:53","guid":{"rendered":"https:\/\/unox.com.tr\/urun\/joints-de-dilatation-en-caoutchouc-a-filete\/"},"modified":"2020-09-17T07:43:53","modified_gmt":"2020-09-17T04:43:53","slug":"joints-de-dilatation-en-caoutchouc-a-filete","status":"publish","type":"product","link":"https:\/\/unox.com.tr\/fr\/joints-de-dilatation-en-caoutchouc-a-filete\/","title":{"rendered":"Joints de Dilatation en Caoutchouc \u00e0 Filet\u00e9"},"content":{"rendered":"<div id=\"ez-toc-container\" class=\"ez-toc-v2_0_82_2 counter-hierarchy ez-toc-counter ez-toc-grey ez-toc-container-direction\">\n<div class=\"ez-toc-title-container\">\n<p class=\"ez-toc-title\" style=\"cursor:inherit\">Sayfa \u0130\u00e7eri\u011fi<\/p>\n<span class=\"ez-toc-title-toggle\"><a href=\"#\" class=\"ez-toc-pull-right ez-toc-btn ez-toc-btn-xs ez-toc-btn-default ez-toc-toggle\" aria-label=\"Toggle Table of Content\"><span class=\"ez-toc-js-icon-con\"><span class=\"\"><span class=\"eztoc-hide\" style=\"display:none;\">Toggle<\/span><span class=\"ez-toc-icon-toggle-span\"><svg style=\"fill: #999;color:#999\" xmlns=\"http:\/\/www.w3.org\/2000\/svg\" class=\"list-377408\" width=\"20px\" height=\"20px\" viewBox=\"0 0 24 24\" fill=\"none\"><path d=\"M6 6H4v2h2V6zm14 0H8v2h12V6zM4 11h2v2H4v-2zm16 0H8v2h12v-2zM4 16h2v2H4v-2zm16 0H8v2h12v-2z\" fill=\"currentColor\"><\/path><\/svg><svg style=\"fill: #999;color:#999\" class=\"arrow-unsorted-368013\" xmlns=\"http:\/\/www.w3.org\/2000\/svg\" width=\"10px\" height=\"10px\" viewBox=\"0 0 24 24\" version=\"1.2\" baseProfile=\"tiny\"><path d=\"M18.2 9.3l-6.2-6.3-6.2 6.3c-.2.2-.3.4-.3.7s.1.5.3.7c.2.2.4.3.7.3h11c.3 0 .5-.1.7-.3.2-.2.3-.5.3-.7s-.1-.5-.3-.7zM5.8 14.7l6.2 6.3 6.2-6.3c.2-.2.3-.5.3-.7s-.1-.5-.3-.7c-.2-.2-.4-.3-.7-.3h-11c-.3 0-.5.1-.7.3-.2.2-.3.5-.3.7s.1.5.3.7z\"\/><\/svg><\/span><\/span><\/span><\/a><\/span><\/div>\n<nav><ul class='ez-toc-list ez-toc-list-level-1 ' ><li class='ez-toc-page-1 ez-toc-heading-level-2'><a class=\"ez-toc-link ez-toc-heading-1\" href=\"https:\/\/unox.com.tr\/fr\/joints-de-dilatation-en-caoutchouc-a-filete\/#Quest-ce_quun_compensateur_en_caoutchouc_pour_engrenages\" >Qu&rsquo;est-ce qu&rsquo;un compensateur en caoutchouc pour engrenages ?<\/a><\/li><li class='ez-toc-page-1 ez-toc-heading-level-2'><a class=\"ez-toc-link ez-toc-heading-2\" href=\"https:\/\/unox.com.tr\/fr\/joints-de-dilatation-en-caoutchouc-a-filete\/#Ou_est_utilise_le_compensateur_en_caoutchouc_filete\" >O\u00f9 est utilis\u00e9 le compensateur en caoutchouc filet\u00e9 ?<\/a><\/li><li class='ez-toc-page-1 ez-toc-heading-level-2'><a class=\"ez-toc-link ez-toc-heading-3\" href=\"https:\/\/unox.com.tr\/fr\/joints-de-dilatation-en-caoutchouc-a-filete\/#Caracteristiques_du_produit\" >Caract\u00e9ristiques du produit<\/a><\/li><li class='ez-toc-page-1 ez-toc-heading-level-2'><a class=\"ez-toc-link ez-toc-heading-4\" href=\"https:\/\/unox.com.tr\/fr\/joints-de-dilatation-en-caoutchouc-a-filete\/#Caracteristiques_Generales\" >Caract\u00e9ristiques G\u00e9n\u00e9rales<\/a><\/li><li class='ez-toc-page-1 ez-toc-heading-level-2'><a class=\"ez-toc-link ez-toc-heading-5\" href=\"https:\/\/unox.com.tr\/fr\/joints-de-dilatation-en-caoutchouc-a-filete\/#Champ_dapplication\" >Champ d&rsquo;application<\/a><\/li><\/ul><\/nav><\/div>\n<h2><span class=\"ez-toc-section\" id=\"Quest-ce_quun_compensateur_en_caoutchouc_pour_engrenages\"><\/span><span style=\"font-size: 22px;\">Qu&rsquo;est-ce qu&rsquo;un compensateur en caoutchouc pour engrenages ?<\/span><span class=\"ez-toc-section-end\"><\/span><\/h2>\n<p><strong>Compensateur en caoutchouc pour engrenage<\/strong> ; Les vibrations, le bruit et le d\u00e9salignement caus\u00e9s par divers facteurs, qui sont les principaux probl\u00e8mes de l&rsquo;installation, sont d&rsquo;une grande importance. Nous proposons \u00e0 nos clients nos compensateurs, que nous avons d\u00e9velopp\u00e9s comme la solution la plus courante \u00e0 ces probl\u00e8mes.<\/p>\n<p>Il absorbe les vibrations et le bruit au niveau maximum et \u00e9limine les d\u00e9calages d&rsquo;axes. En raison de leur structure, ils peuvent \u00eatre utilis\u00e9s \u00e0 des pressions d&rsquo;\u00e9clatement sup\u00e9rieures \u00e0 40 kg\/cm2 et \u00e0 des pressions internes normales de 10 kg\/cm2. Gr\u00e2ce \u00e0 sa capacit\u00e9 \u00e0 r\u00e9sister \u00e0 un vide de 700 mm hg, il est d\u00e9finitivement utilis\u00e9 dans les syst\u00e8mes de pompes d&rsquo;aspiration et de refoulement. Ils donnent \u00e9galement des r\u00e9sultats de premier ordre en mati\u00e8re de r\u00e9sistance \u00e0 la chaleur.<\/p>\n<h2><span class=\"ez-toc-section\" id=\"Ou_est_utilise_le_compensateur_en_caoutchouc_filete\"><\/span><span style=\"font-size: 22px;\">O\u00f9 est utilis\u00e9 le compensateur en caoutchouc filet\u00e9 ?<\/span><span class=\"ez-toc-section-end\"><\/span><\/h2>\n<p>Les compensateurs dent\u00e9s en caoutchouc sont g\u00e9n\u00e9ralement utilis\u00e9s pour contr\u00f4ler les mouvements d&rsquo;air, d&rsquo;eau et d&rsquo;autres liquides. Ils sont souvent utilis\u00e9s dans les syst\u00e8mes de plomberie d&rsquo;eau et d&rsquo;air, les syst\u00e8mes hydrauliques et les navires et embarcations, car ils sont con\u00e7us pour amortir et absorber les mouvements entre deux axes se d\u00e9pla\u00e7ant parall\u00e8lement l&rsquo;un \u00e0 l&rsquo;autre.<\/p>\n<p>Il est \u00e9galement utilis\u00e9 dans les processus industriels pour contr\u00f4ler les mouvements de liquides et de gaz. Par exemple, ces compensateurs peuvent \u00eatre utilis\u00e9s dans les syst\u00e8mes de conduites de gaz et de liquide, l&rsquo;industrie p\u00e9trochimique et l&rsquo;industrie alimentaire pour contr\u00f4ler le d\u00e9bit de gaz et de liquide.<\/p>\n<p>Il est utilis\u00e9 dans les navires et les embarcations pour r\u00e9duire et absorber les mouvements. Ceci est utilis\u00e9 pour r\u00e9duire les vibrations caus\u00e9es par les mouvements des navires et des embarcations et pour r\u00e9guler les mouvements de fluides.<\/p>\n<h2><span class=\"ez-toc-section\" id=\"Caracteristiques_du_produit\"><\/span><span style=\"font-size: 22px;\">Caract\u00e9ristiques du produit<\/span><span class=\"ez-toc-section-end\"><\/span><\/h2>\n<ul>\n<li><strong>Taille<\/strong> : DN15 (3\/4&Prime;) &#8211; DN80 (3&Prime;)<\/li>\n<li><strong>Pression Nominale:<\/strong> PN16<\/li>\n<li><strong>Plage de Pression de Travail<\/strong>: Max. 10 Barres <\/li>\n<li><strong>Plage de Temp\u00e9rature de Fonctionnement:<\/strong> -10\u00b0C \/ +90\u00b0C<\/li>\n<\/ul>\n<h2><span class=\"ez-toc-section\" id=\"Caracteristiques_Generales\"><\/span><span style=\"font-size: 22px;\">Caract\u00e9ristiques G\u00e9n\u00e9rales<\/span><span class=\"ez-toc-section-end\"><\/span><\/h2>\n<ul>\n<li>Ils \u00e9quilibrent l&rsquo;\u00e9tat d&rsquo;allongement-raccourcissement r\u00e9sultant du changement de temp\u00e9rature, \u00e9quilibrant ainsi le mouvement lat\u00e9ral et angulaire.<\/li>\n<li>Ils absorbent les coups de b\u00e9lier et emp\u00eachent les coups de b\u00e9lier.<\/li>\n<li>Il a une structure de type rotatif \u00e0 bride, de sorte qu&rsquo;ils sont faciles \u00e0 assembler.<\/li>\n<li>Aucun joint ou emballage requis<\/li>\n<\/ul>\n<h2><span class=\"ez-toc-section\" id=\"Champ_dapplication\"><\/span><span style=\"font-size: 22px;\">Champ d&rsquo;application<\/span><span class=\"ez-toc-section-end\"><\/span><\/h2>\n<ul>\n<li>Refroidisseurs<\/li>\n<li>Pompes<\/li>\n<li>Compresseurs d&rsquo;air<\/li>\n<li>Syst\u00e8mes de Ventilation<\/li>\n<li>Ventilateurs<\/li>\n<li>Tours de Refroidissement<\/li>\n<li>Centrales Thermiques<\/li>\n<li>Syst\u00e8mes de Barrage<\/li>\n<li>Centrales \u00e9lectriques<\/li>\n<li>Champs de fer et d&rsquo;acier<\/li>\n<li>Chantiers navals\/zones de navires<\/li>\n<li>Papier-animal de compagnie vs. zones de recyclage<\/li>\n<\/ul>\n<p>&nbsp;<\/p>\n<p><img decoding=\"async\" class=\"size-medium wp-image-41945 aligncenter\" src=\"https:\/\/unox.com.tr\/wp-content\/themes\/woodmart\/images\/lazy.svg\" data-src=\"https:\/\/unox.com.tr\/wp-content\/uploads\/2020\/09\/Disli-Kaucuk-Kompansator-1-300x195.jpg\" alt=\"Joints de Dilatation en Caoutchouc \u00e0 Filet\u00e9\" width=\"300\" height=\"195\" title=\"\" srcset=\"\" data-srcset=\"https:\/\/unox.com.tr\/wp-content\/uploads\/2020\/09\/Disli-Kaucuk-Kompansator-1-300x195.jpg 300w, https:\/\/unox.com.tr\/wp-content\/uploads\/2020\/09\/Disli-Kaucuk-Kompansator-1-150x97.jpg 150w, https:\/\/unox.com.tr\/wp-content\/uploads\/2020\/09\/Disli-Kaucuk-Kompansator-1-600x389.jpg 600w, https:\/\/unox.com.tr\/wp-content\/uploads\/2020\/09\/Disli-Kaucuk-Kompansator-1-400x259.jpg 400w, https:\/\/unox.com.tr\/wp-content\/uploads\/2020\/09\/Disli-Kaucuk-Kompansator-1-367x238.jpg 367w, https:\/\/unox.com.tr\/wp-content\/uploads\/2020\/09\/Disli-Kaucuk-Kompansator-1.jpg 632w\" sizes=\"(max-width: 300px) 100vw, 300px\" \/><\/p>\n","protected":false},"excerpt":{"rendered":"<p><a href=\"https:\/\/unox.com.tr\/wp-content\/uploads\/2023\/01\/Disli-Kaucuk-Kompansator.pdf\" target=\"_blank\" rel=\"noopener\"><button style=\"background-color: #11224b; color: #ffffff; padding: 10px 15px; font-family: montserrat; font-weight: bold; font-size: 19px; border-radius: 10px;\"><img decoding=\"async\" style=\"width: 25px; height: 25px;\" src=\"https:\/\/unox.com.tr\/wp-content\/uploads\/2023\/02\/pdf-1.png\">CATALOGUE DES PRODUITS<\/button><\/a><\/p>\n<p><button style=\"background-color: #11224b; margin-top: 5px; color: white; padding: 0px 15px; width: 150px; height: 55px; border-radius: 10px; border: none; cursor: pointer;\"><br \/>\n<img decoding=\"async\" style=\"width: 120px; height: 30px;\" src=\"https:\/\/unox.com.tr\/wp-content\/uploads\/2023\/02\/4-1.svg\"><\/button><\/p>\n","protected":false},"featured_media":69238,"comment_status":"closed","ping_status":"closed","template":"","meta":{"_joinchat":[]},"product_brand":[],"product_cat":[1042,1031],"product_tag":[],"class_list":{"0":"post-55403","1":"product","2":"type-product","3":"status-publish","4":"has-post-thumbnail","6":"product_cat-compensateurs","7":"product_cat-compensateur-et-tuyaux","9":"first","10":"instock","11":"shipping-taxable","12":"product-type-simple"},"_links":{"self":[{"href":"https:\/\/unox.com.tr\/fr\/wp-json\/wp\/v2\/product\/55403","targetHints":{"allow":["GET"]}}],"collection":[{"href":"https:\/\/unox.com.tr\/fr\/wp-json\/wp\/v2\/product"}],"about":[{"href":"https:\/\/unox.com.tr\/fr\/wp-json\/wp\/v2\/types\/product"}],"replies":[{"embeddable":true,"href":"https:\/\/unox.com.tr\/fr\/wp-json\/wp\/v2\/comments?post=55403"}],"version-history":[{"count":0,"href":"https:\/\/unox.com.tr\/fr\/wp-json\/wp\/v2\/product\/55403\/revisions"}],"wp:featuredmedia":[{"embeddable":true,"href":"https:\/\/unox.com.tr\/fr\/wp-json\/wp\/v2\/media\/69238"}],"wp:attachment":[{"href":"https:\/\/unox.com.tr\/fr\/wp-json\/wp\/v2\/media?parent=55403"}],"wp:term":[{"taxonomy":"product_brand","embeddable":true,"href":"https:\/\/unox.com.tr\/fr\/wp-json\/wp\/v2\/product_brand?post=55403"},{"taxonomy":"product_cat","embeddable":true,"href":"https:\/\/unox.com.tr\/fr\/wp-json\/wp\/v2\/product_cat?post=55403"},{"taxonomy":"product_tag","embeddable":true,"href":"https:\/\/unox.com.tr\/fr\/wp-json\/wp\/v2\/product_tag?post=55403"}],"curies":[{"name":"wp","href":"https:\/\/api.w.org\/{rel}","templated":true}]}}