{"id":55405,"date":"2020-09-17T07:30:45","date_gmt":"2020-09-17T07:30:45","guid":{"rendered":"https:\/\/unox.com.tr\/urun\/b12an-0-82-0-bar-vacuumostat\/"},"modified":"2020-09-17T07:30:45","modified_gmt":"2020-09-17T04:30:45","slug":"b12an-0-82-0-bar-vacuumostat","status":"publish","type":"product","link":"https:\/\/unox.com.tr\/fr\/b12an-0-82-0-bar-vacuumostat\/","title":{"rendered":"B12AN 0.82-0 Bar Vacuumostat"},"content":{"rendered":"<div id=\"ez-toc-container\" class=\"ez-toc-v2_0_82_2 counter-hierarchy ez-toc-counter ez-toc-grey ez-toc-container-direction\">\n<div class=\"ez-toc-title-container\">\n<p class=\"ez-toc-title\" style=\"cursor:inherit\">Sayfa \u0130\u00e7eri\u011fi<\/p>\n<span class=\"ez-toc-title-toggle\"><a href=\"#\" class=\"ez-toc-pull-right ez-toc-btn ez-toc-btn-xs ez-toc-btn-default ez-toc-toggle\" aria-label=\"Toggle Table of Content\"><span class=\"ez-toc-js-icon-con\"><span class=\"\"><span class=\"eztoc-hide\" style=\"display:none;\">Toggle<\/span><span class=\"ez-toc-icon-toggle-span\"><svg style=\"fill: #999;color:#999\" xmlns=\"http:\/\/www.w3.org\/2000\/svg\" class=\"list-377408\" width=\"20px\" height=\"20px\" viewBox=\"0 0 24 24\" fill=\"none\"><path d=\"M6 6H4v2h2V6zm14 0H8v2h12V6zM4 11h2v2H4v-2zm16 0H8v2h12v-2zM4 16h2v2H4v-2zm16 0H8v2h12v-2z\" fill=\"currentColor\"><\/path><\/svg><svg style=\"fill: #999;color:#999\" class=\"arrow-unsorted-368013\" xmlns=\"http:\/\/www.w3.org\/2000\/svg\" width=\"10px\" height=\"10px\" viewBox=\"0 0 24 24\" version=\"1.2\" baseProfile=\"tiny\"><path d=\"M18.2 9.3l-6.2-6.3-6.2 6.3c-.2.2-.3.4-.3.7s.1.5.3.7c.2.2.4.3.7.3h11c.3 0 .5-.1.7-.3.2-.2.3-.5.3-.7s-.1-.5-.3-.7zM5.8 14.7l6.2 6.3 6.2-6.3c.2-.2.3-.5.3-.7s-.1-.5-.3-.7c-.2-.2-.4-.3-.7-.3h-11c-.3 0-.5.1-.7.3-.2.2-.3.5-.3.7s.1.5.3.7z\"\/><\/svg><\/span><\/span><\/span><\/a><\/span><\/div>\n<nav><ul class='ez-toc-list ez-toc-list-level-1 ' ><li class='ez-toc-page-1 ez-toc-heading-level-2'><a class=\"ez-toc-link ez-toc-heading-1\" href=\"https:\/\/unox.com.tr\/fr\/b12an-0-82-0-bar-vacuumostat\/#Quest-ce_que_le_Vacuumostat\" >Qu&rsquo;est-ce que le Vacuumostat ?<\/a><\/li><li class='ez-toc-page-1 ez-toc-heading-level-2'><a class=\"ez-toc-link ez-toc-heading-2\" href=\"https:\/\/unox.com.tr\/fr\/b12an-0-82-0-bar-vacuumostat\/#Caracteristiques_Generales\" >Caract\u00e9ristiques G\u00e9n\u00e9rales<\/a><\/li><li class='ez-toc-page-1 ez-toc-heading-level-2'><a class=\"ez-toc-link ez-toc-heading-3\" href=\"https:\/\/unox.com.tr\/fr\/b12an-0-82-0-bar-vacuumostat\/#Caracteristiques_Electriques\" >Caract\u00e9ristiques Electriques<\/a><ul class='ez-toc-list-level-3' ><li class='ez-toc-heading-level-3'><a class=\"ez-toc-link ez-toc-heading-4\" href=\"https:\/\/unox.com.tr\/fr\/b12an-0-82-0-bar-vacuumostat\/#Accessoires\" >Accessoires<\/a><\/li><\/ul><\/li><\/ul><\/nav><\/div>\n<h2><span class=\"ez-toc-section\" id=\"Quest-ce_que_le_Vacuumostat\"><\/span><span style=\"font-size: 22px;\">Qu&rsquo;est-ce que le Vacuumostat ?<\/span><span class=\"ez-toc-section-end\"><\/span><\/h2>\n<p>Le Vacuumostat est con\u00e7u pour ajuster les valeurs de vide dans les pompes (B12AN) ou pour contr\u00f4ler les valeurs de pression des r\u00e9servoirs ou des g\u00e9n\u00e9rateurs de vapeur o\u00f9 un faible diff\u00e9rentiel (B12BN) est requis.<\/p>\n<h2><span class=\"ez-toc-section\" id=\"Caracteristiques_Generales\"><\/span><span style=\"font-size: 22px;\">Caract\u00e9ristiques G\u00e9n\u00e9rales<\/span><span class=\"ez-toc-section-end\"><\/span><\/h2>\n<ul>\n<li>El\u00e9ment de pr\u00e9cision avec membrane en acier inoxydable, soud\u00e9 au laser.<\/li>\n<li>Cadre m\u00e9tallique.<\/li>\n<li>Couvrir le mat\u00e9riau thermoplastique r\u00e9sistant aux chocs.<\/li>\n<li>Connexions de sortie de presse-\u00e9toupe en PVC.<\/li>\n<li>Raccord femelle G 1\/4 (cl\u00e9 de 17 mm).<\/li>\n<li>Temp\u00e9rature maximale du liquide contr\u00f4l\u00e9 : 120\u00b0C.<\/li>\n<li>Temp\u00e9rature acceptable du corps du pressostat : -35 \u00f7 60 \u00b0C.<\/li>\n<li>Temp\u00e9rature de stockage et de transport : -35 \u00f7 60\u00b0C.<\/li>\n<li>Unit\u00e9 de poids: 0.43 Kg B12AN.<\/li>\n<\/ul>\n<h2><span class=\"ez-toc-section\" id=\"Caracteristiques_Electriques\"><\/span><span style=\"font-size: 22px;\">Caract\u00e9ristiques Electriques<\/span><span class=\"ez-toc-section-end\"><\/span><\/h2>\n<ul>\n<li>Tension d&rsquo;isolation nominale Ui 415V ~<\/li>\n<li>Courant nominal de travail continu Ith 16A<\/li>\n<\/ul>\n<h3><span class=\"ez-toc-section\" id=\"Accessoires\"><\/span><span style=\"font-size: 20px;\">Accessoires<\/span><span class=\"ez-toc-section-end\"><\/span><\/h3>\n<ul>\n<li>Presse-\u00e9toupe G1 \/ 2 en mat\u00e9riau thermoplastique auto-extinguible V0 r\u00e9sistant aux chocs, code: 303298LA<\/li>\n<li>Bo\u00eetier de protection IP44 IP44, code : 2593367<\/li>\n<\/ul>\n","protected":false},"excerpt":{"rendered":"<p><a href=\"https:\/\/unox.com.tr\/wp-content\/uploads\/2022\/07\/copia4_b12an-b12bn-2.pdf\" target=\"_blank\" rel=\"noopener\"><button style=\"background-color: #11224b; color: #ffffff; padding: 10px 15px; font-family: montserrat; font-weight: bold; font-size: 19px; border-radius: 10px;\"><img decoding=\"async\" style=\"width: 25px; height: 25px;\" src=\"https:\/\/unox.com.tr\/wp-content\/uploads\/2023\/02\/pdf-1.png\">CATALOGUE DES PRODUITS<\/button><\/a><\/p>\n<p><button style=\"background-color: #11224b; margin-top: 5px; color: white; padding: 0px 15px; width: 150px; height: 55px; border-radius: 10px; border: none; cursor: pointer;\"><br \/>\n<img decoding=\"async\" style=\"width: 120px; height: 30px;\" src=\"https:\/\/unox.com.tr\/wp-content\/uploads\/2023\/02\/4-1.svg\"><\/button><\/p>\n","protected":false},"featured_media":36964,"comment_status":"open","ping_status":"closed","template":"","meta":{"_joinchat":[]},"product_brand":[],"product_cat":[1592],"product_tag":[],"class_list":{"0":"post-55405","1":"product","2":"type-product","3":"status-publish","4":"has-post-thumbnail","6":"product_cat-fantini-cosmi-fr","8":"first","9":"instock","10":"shipping-taxable","11":"product-type-simple"},"_links":{"self":[{"href":"https:\/\/unox.com.tr\/fr\/wp-json\/wp\/v2\/product\/55405","targetHints":{"allow":["GET"]}}],"collection":[{"href":"https:\/\/unox.com.tr\/fr\/wp-json\/wp\/v2\/product"}],"about":[{"href":"https:\/\/unox.com.tr\/fr\/wp-json\/wp\/v2\/types\/product"}],"replies":[{"embeddable":true,"href":"https:\/\/unox.com.tr\/fr\/wp-json\/wp\/v2\/comments?post=55405"}],"version-history":[{"count":0,"href":"https:\/\/unox.com.tr\/fr\/wp-json\/wp\/v2\/product\/55405\/revisions"}],"wp:featuredmedia":[{"embeddable":true,"href":"https:\/\/unox.com.tr\/fr\/wp-json\/wp\/v2\/media\/36964"}],"wp:attachment":[{"href":"https:\/\/unox.com.tr\/fr\/wp-json\/wp\/v2\/media?parent=55405"}],"wp:term":[{"taxonomy":"product_brand","embeddable":true,"href":"https:\/\/unox.com.tr\/fr\/wp-json\/wp\/v2\/product_brand?post=55405"},{"taxonomy":"product_cat","embeddable":true,"href":"https:\/\/unox.com.tr\/fr\/wp-json\/wp\/v2\/product_cat?post=55405"},{"taxonomy":"product_tag","embeddable":true,"href":"https:\/\/unox.com.tr\/fr\/wp-json\/wp\/v2\/product_tag?post=55405"}],"curies":[{"name":"wp","href":"https:\/\/api.w.org\/{rel}","templated":true}]}}