{"id":55478,"date":"2020-09-17T06:02:11","date_gmt":"2020-09-17T06:02:11","guid":{"rendered":"https:\/\/unox.com.tr\/urun\/vanne-papillon-de-type-wafer-a-commande-electrique\/"},"modified":"2020-09-17T06:02:11","modified_gmt":"2020-09-17T03:02:11","slug":"vanne-papillon-de-type-wafer-a-commande-electrique","status":"publish","type":"product","link":"https:\/\/unox.com.tr\/fr\/vanne-papillon-de-type-wafer-a-commande-electrique\/","title":{"rendered":"Vanne Papillon de Type Wafer \u00e0 Commande Electrique"},"content":{"rendered":"<div id=\"ez-toc-container\" class=\"ez-toc-v2_0_82_2 counter-hierarchy ez-toc-counter ez-toc-grey ez-toc-container-direction\">\n<div class=\"ez-toc-title-container\">\n<p class=\"ez-toc-title\" style=\"cursor:inherit\">Sayfa \u0130\u00e7eri\u011fi<\/p>\n<span class=\"ez-toc-title-toggle\"><a href=\"#\" class=\"ez-toc-pull-right ez-toc-btn ez-toc-btn-xs ez-toc-btn-default ez-toc-toggle\" aria-label=\"Toggle Table of Content\"><span class=\"ez-toc-js-icon-con\"><span class=\"\"><span class=\"eztoc-hide\" style=\"display:none;\">Toggle<\/span><span class=\"ez-toc-icon-toggle-span\"><svg style=\"fill: #999;color:#999\" xmlns=\"http:\/\/www.w3.org\/2000\/svg\" class=\"list-377408\" width=\"20px\" height=\"20px\" viewBox=\"0 0 24 24\" fill=\"none\"><path d=\"M6 6H4v2h2V6zm14 0H8v2h12V6zM4 11h2v2H4v-2zm16 0H8v2h12v-2zM4 16h2v2H4v-2zm16 0H8v2h12v-2z\" fill=\"currentColor\"><\/path><\/svg><svg style=\"fill: #999;color:#999\" class=\"arrow-unsorted-368013\" xmlns=\"http:\/\/www.w3.org\/2000\/svg\" width=\"10px\" height=\"10px\" viewBox=\"0 0 24 24\" version=\"1.2\" baseProfile=\"tiny\"><path d=\"M18.2 9.3l-6.2-6.3-6.2 6.3c-.2.2-.3.4-.3.7s.1.5.3.7c.2.2.4.3.7.3h11c.3 0 .5-.1.7-.3.2-.2.3-.5.3-.7s-.1-.5-.3-.7zM5.8 14.7l6.2 6.3 6.2-6.3c.2-.2.3-.5.3-.7s-.1-.5-.3-.7c-.2-.2-.4-.3-.7-.3h-11c-.3 0-.5.1-.7.3-.2.2-.3.5-.3.7s.1.5.3.7z\"\/><\/svg><\/span><\/span><\/span><\/a><\/span><\/div>\n<nav><ul class='ez-toc-list ez-toc-list-level-1 ' ><li class='ez-toc-page-1 ez-toc-heading-level-2'><a class=\"ez-toc-link ez-toc-heading-1\" href=\"https:\/\/unox.com.tr\/fr\/vanne-papillon-de-type-wafer-a-commande-electrique\/#Quest-ce_quune_vanne_papillon_de_type_Wafer_a_commande_electrique\" >Qu&rsquo;est-ce qu&rsquo;une vanne papillon de type Wafer \u00e0 commande \u00e9lectrique ?<\/a><\/li><li class='ez-toc-page-1 ez-toc-heading-level-2'><a class=\"ez-toc-link ez-toc-heading-2\" href=\"https:\/\/unox.com.tr\/fr\/vanne-papillon-de-type-wafer-a-commande-electrique\/#Ou_la_vanne_papillon_de_type_Wafer_a_commande_electrique_est-elle_utilisee\" >O\u00f9 la vanne papillon de type Wafer \u00e0 commande \u00e9lectrique est-elle utilis\u00e9e ?<\/a><\/li><li class='ez-toc-page-1 ez-toc-heading-level-2'><a class=\"ez-toc-link ez-toc-heading-3\" href=\"https:\/\/unox.com.tr\/fr\/vanne-papillon-de-type-wafer-a-commande-electrique\/#Champ_dapplication\" >Champ d&rsquo;application<\/a><\/li><li class='ez-toc-page-1 ez-toc-heading-level-2'><a class=\"ez-toc-link ez-toc-heading-4\" href=\"https:\/\/unox.com.tr\/fr\/vanne-papillon-de-type-wafer-a-commande-electrique\/#Caracteristiques_du_produit\" >Caract\u00e9ristiques du produit<\/a><\/li><\/ul><\/nav><\/div>\n<h2><span class=\"ez-toc-section\" id=\"Quest-ce_quune_vanne_papillon_de_type_Wafer_a_commande_electrique\"><\/span><span style=\"font-size: 22px;\">Qu&rsquo;est-ce qu&rsquo;une vanne papillon de type Wafer \u00e0 commande \u00e9lectrique ?<\/span><span class=\"ez-toc-section-end\"><\/span><\/h2>\n<p>Une vanne papillon \u00e0 commande \u00e9lectrique est un type de vanne con\u00e7ue pour contr\u00f4ler le d\u00e9bit de liquides dans une canalisation. Il se compose d&rsquo;un disque circulaire mont\u00e9 sur un arbre passant par le centre du corps de vanne. Le disque peut tourner autour de l&rsquo;arbre, ce qui lui permet d&rsquo;ouvrir et de fermer le flux de fluide \u00e0 travers la vanne. L&rsquo;actionnement \u00e9lectrique signifie que la vanne peut \u00eatre ouverte et ferm\u00e9e \u00e0 l&rsquo;aide d&rsquo;un moteur \u00e9lectrique plut\u00f4t que d&rsquo;\u00eatre actionn\u00e9e manuellement.<\/p>\n<p>Les vannes papillon Wafer sont con\u00e7ues pour \u00eatre mont\u00e9es entre des brides avec un disque en forme de wafer ins\u00e9r\u00e9 entre les brides et maintenu en place avec des boulons. Cela permet \u00e0 la vanne d&rsquo;\u00eatre facilement install\u00e9e sans qu&rsquo;il soit n\u00e9cessaire de couper le tuyau ou d&rsquo;apporter d&rsquo;autres modifications au syst\u00e8me de tuyauterie.<\/p>\n<h2><span class=\"ez-toc-section\" id=\"Ou_la_vanne_papillon_de_type_Wafer_a_commande_electrique_est-elle_utilisee\"><\/span><span style=\"font-size: 22px;\">O\u00f9 la vanne papillon de type Wafer \u00e0 commande \u00e9lectrique est-elle utilis\u00e9e ?<\/span><span class=\"ez-toc-section-end\"><\/span><\/h2>\n<p>Les vannes papillon entre brides \u00e0 commande \u00e9lectrique sont g\u00e9n\u00e9ralement utilis\u00e9es dans les applications o\u00f9 un contr\u00f4le pr\u00e9cis du d\u00e9bit de fluide est requis, comme dans les processus industriels ou le fonctionnement des centrales \u00e9lectriques. Ils sont \u00e9galement fr\u00e9quemment utilis\u00e9s dans les applications o\u00f9 la vanne doit pouvoir \u00eatre ouverte et ferm\u00e9e rapidement et de mani\u00e8re fiable, comme dans les syst\u00e8mes d&rsquo;arr\u00eat d&rsquo;urgence.<\/p>\n<h2><span class=\"ez-toc-section\" id=\"Champ_dapplication\"><\/span><span style=\"font-size: 22px;\">Champ d&rsquo;application<\/span><span class=\"ez-toc-section-end\"><\/span><\/h2>\n<ul>\n<li>Syst\u00e8mes de chauffage, ventilation et climatisation<\/li>\n<li>Syst\u00e8mes de traitement et de distribution d&rsquo;eau<\/li>\n<li>Industrie mini\u00e8re<\/li>\n<li>Installations de construction navale et de forage<\/li>\n<li>Entreprises alimentaires et chimiques<\/li>\n<li>Syst\u00e8mes d&rsquo;extinction d&rsquo;incendie<\/li>\n<li>Eau, eau de mer, poussi\u00e8re, gaz, eaux us\u00e9es et air<\/li>\n<\/ul>\n<h2><span class=\"ez-toc-section\" id=\"Caracteristiques_du_produit\"><\/span><span style=\"font-size: 22px;\">Caract\u00e9ristiques du produit<\/span><span class=\"ez-toc-section-end\"><\/span><\/h2>\n<ul>\n<li><strong>Corps<\/strong> : Fonte Ductile GGG40.3<\/li>\n<li><strong>Disque<\/strong> : Al-Br Aluminium Bronze<\/li>\n<li><strong>Arbre<\/strong> : SS 416<\/li>\n<li><strong>Temp\u00e9rature<\/strong> : -10\u00baC \/ 110\u00baC<\/li>\n<li><strong>Joint<\/strong> : EPDM<\/li>\n<li><strong>Diam\u00e8tre<\/strong> : DN25 (1\u201d) \u2013 DN300 (12\u201d)<\/li>\n<\/ul>\n","protected":false},"excerpt":{"rendered":"<p><a href=\"https:\/\/unox.com.tr\/wp-content\/uploads\/2022\/12\/ELEKTRIK-AKTUATORLU-WAFER-TIP-KELEBEK-VANA-1-1.pdf\" target=\"_blank\" rel=\"noopener\"><button style=\"background-color: #11224b; color: #ffffff; padding: 10px 15px; font-family: montserrat; font-weight: bold; font-size: 19px; border-radius: 10px;\"><img decoding=\"async\" style=\"width: 25px; height: 25px;\" src=\"https:\/\/unox.com.tr\/wp-content\/uploads\/2023\/02\/pdf-1.png\">CATALOGUE DES PRODUITS<\/button><\/a><\/p>\n<p><button style=\"background-color: #11224b; margin-top: 5px; color: white; padding: 0px 15px; width: 150px; height: 55px; border-radius: 10px; border: none; cursor: pointer;\"><br \/>\n<img decoding=\"async\" style=\"width: 120px; height: 30px;\" src=\"https:\/\/unox.com.tr\/wp-content\/uploads\/2023\/02\/4-1.svg\"><\/button><\/p>\n","protected":false},"featured_media":69816,"comment_status":"closed","ping_status":"closed","template":"","meta":[],"product_brand":[],"product_cat":[1015,1121,1004],"product_tag":[],"class_list":{"0":"post-55478","1":"product","2":"type-product","3":"status-publish","4":"has-post-thumbnail","6":"product_cat-vannes-a-commande-electrique","7":"product_cat-vannes-actionnees","8":"product_cat-vannes-electriques","10":"first","11":"instock","12":"shipping-taxable","13":"product-type-simple"},"_links":{"self":[{"href":"https:\/\/unox.com.tr\/fr\/wp-json\/wp\/v2\/product\/55478","targetHints":{"allow":["GET"]}}],"collection":[{"href":"https:\/\/unox.com.tr\/fr\/wp-json\/wp\/v2\/product"}],"about":[{"href":"https:\/\/unox.com.tr\/fr\/wp-json\/wp\/v2\/types\/product"}],"replies":[{"embeddable":true,"href":"https:\/\/unox.com.tr\/fr\/wp-json\/wp\/v2\/comments?post=55478"}],"version-history":[{"count":0,"href":"https:\/\/unox.com.tr\/fr\/wp-json\/wp\/v2\/product\/55478\/revisions"}],"wp:featuredmedia":[{"embeddable":true,"href":"https:\/\/unox.com.tr\/fr\/wp-json\/wp\/v2\/media\/69816"}],"wp:attachment":[{"href":"https:\/\/unox.com.tr\/fr\/wp-json\/wp\/v2\/media?parent=55478"}],"wp:term":[{"taxonomy":"product_brand","embeddable":true,"href":"https:\/\/unox.com.tr\/fr\/wp-json\/wp\/v2\/product_brand?post=55478"},{"taxonomy":"product_cat","embeddable":true,"href":"https:\/\/unox.com.tr\/fr\/wp-json\/wp\/v2\/product_cat?post=55478"},{"taxonomy":"product_tag","embeddable":true,"href":"https:\/\/unox.com.tr\/fr\/wp-json\/wp\/v2\/product_tag?post=55478"}],"curies":[{"name":"wp","href":"https:\/\/api.w.org\/{rel}","templated":true}]}}