{"id":55479,"date":"2020-09-17T05:58:22","date_gmt":"2020-09-17T05:58:22","guid":{"rendered":"https:\/\/unox.com.tr\/urun\/vanne-a-boisseau-spherique-u-pvc-a-commande-electrique\/"},"modified":"2020-09-17T05:58:22","modified_gmt":"2020-09-17T02:58:22","slug":"vanne-a-boisseau-spherique-u-pvc-a-commande-electrique","status":"publish","type":"product","link":"https:\/\/unox.com.tr\/fr\/vanne-a-boisseau-spherique-u-pvc-a-commande-electrique\/","title":{"rendered":"Vanne \u00e0 Boisseau Sph\u00e9rique U-PVC \u00e0 Commande Electrique"},"content":{"rendered":"<div id=\"ez-toc-container\" class=\"ez-toc-v2_0_82_2 counter-hierarchy ez-toc-counter ez-toc-grey ez-toc-container-direction\">\n<div class=\"ez-toc-title-container\">\n<p class=\"ez-toc-title\" style=\"cursor:inherit\">Sayfa \u0130\u00e7eri\u011fi<\/p>\n<span class=\"ez-toc-title-toggle\"><a href=\"#\" class=\"ez-toc-pull-right ez-toc-btn ez-toc-btn-xs ez-toc-btn-default ez-toc-toggle\" aria-label=\"Toggle Table of Content\"><span class=\"ez-toc-js-icon-con\"><span class=\"\"><span class=\"eztoc-hide\" style=\"display:none;\">Toggle<\/span><span class=\"ez-toc-icon-toggle-span\"><svg style=\"fill: #999;color:#999\" xmlns=\"http:\/\/www.w3.org\/2000\/svg\" class=\"list-377408\" width=\"20px\" height=\"20px\" viewBox=\"0 0 24 24\" fill=\"none\"><path d=\"M6 6H4v2h2V6zm14 0H8v2h12V6zM4 11h2v2H4v-2zm16 0H8v2h12v-2zM4 16h2v2H4v-2zm16 0H8v2h12v-2z\" fill=\"currentColor\"><\/path><\/svg><svg style=\"fill: #999;color:#999\" class=\"arrow-unsorted-368013\" xmlns=\"http:\/\/www.w3.org\/2000\/svg\" width=\"10px\" height=\"10px\" viewBox=\"0 0 24 24\" version=\"1.2\" baseProfile=\"tiny\"><path d=\"M18.2 9.3l-6.2-6.3-6.2 6.3c-.2.2-.3.4-.3.7s.1.5.3.7c.2.2.4.3.7.3h11c.3 0 .5-.1.7-.3.2-.2.3-.5.3-.7s-.1-.5-.3-.7zM5.8 14.7l6.2 6.3 6.2-6.3c.2-.2.3-.5.3-.7s-.1-.5-.3-.7c-.2-.2-.4-.3-.7-.3h-11c-.3 0-.5.1-.7.3-.2.2-.3.5-.3.7s.1.5.3.7z\"\/><\/svg><\/span><\/span><\/span><\/a><\/span><\/div>\n<nav><ul class='ez-toc-list ez-toc-list-level-1 ' ><li class='ez-toc-page-1 ez-toc-heading-level-2'><a class=\"ez-toc-link ez-toc-heading-1\" href=\"https:\/\/unox.com.tr\/fr\/vanne-a-boisseau-spherique-u-pvc-a-commande-electrique\/#Quest-ce_quun_robinet_a_boisseau_spherique_U-PVC_a_commande_electrique\" >Qu&rsquo;est-ce qu&rsquo;un robinet \u00e0 boisseau sph\u00e9rique U-PVC \u00e0 commande \u00e9lectrique ?<\/a><\/li><li class='ez-toc-page-1 ez-toc-heading-level-2'><a class=\"ez-toc-link ez-toc-heading-2\" href=\"https:\/\/unox.com.tr\/fr\/vanne-a-boisseau-spherique-u-pvc-a-commande-electrique\/#Comment_fonctionne_le_robinet_a_boisseau_spherique_U-PVC_a_commande_electrique\" >Comment fonctionne le robinet \u00e0 boisseau sph\u00e9rique U-PVC \u00e0 commande \u00e9lectrique ?<\/a><\/li><li class='ez-toc-page-1 ez-toc-heading-level-2'><a class=\"ez-toc-link ez-toc-heading-3\" href=\"https:\/\/unox.com.tr\/fr\/vanne-a-boisseau-spherique-u-pvc-a-commande-electrique\/#Ou_le_robinet_a_boisseau_spherique_U-PVC_a_commande_electrique_est-il_utilise\" >O\u00f9 le robinet \u00e0 boisseau sph\u00e9rique U-PVC \u00e0 commande \u00e9lectrique est-il utilis\u00e9 ?<\/a><\/li><\/ul><\/nav><\/div>\n<h2><span class=\"ez-toc-section\" id=\"Quest-ce_quun_robinet_a_boisseau_spherique_U-PVC_a_commande_electrique\"><\/span><span style=\"font-size: 22px;\">Qu&rsquo;est-ce qu&rsquo;un robinet \u00e0 boisseau sph\u00e9rique U-PVC \u00e0 commande \u00e9lectrique ?<\/span><span class=\"ez-toc-section-end\"><\/span><\/h2>\n<p>Le robinet \u00e0 tournant sph\u00e9rique U-PVC \u00e0 commande \u00e9lectrique est un type de robinet qui utilise un moteur \u00e9lectrique pour ouvrir et fermer une boule sph\u00e9rique dans un tuyau ou un syst\u00e8me de tuyauterie. La boule est g\u00e9n\u00e9ralement fabriqu\u00e9e en U-PVC, un type de mati\u00e8re plastique qui r\u00e9siste \u00e0 la corrosion et \u00e0 l&rsquo;usure, ce qui en fait un choix populaire pour une utilisation dans les syst\u00e8mes de tuyauterie.<\/p>\n<p>Les vannes \u00e0 boisseau sph\u00e9rique U-PVC \u00e0 commande \u00e9lectrique sont utilis\u00e9es dans une vari\u00e9t\u00e9 d&rsquo;applications, y compris le traitement de l&rsquo;eau, le traitement chimique et la fabrication industrielle. Ils sont g\u00e9n\u00e9ralement pr\u00e9f\u00e9r\u00e9s aux vannes manuelles car ils peuvent \u00eatre contr\u00f4l\u00e9s \u00e0 distance et actionn\u00e9s rapidement et avec pr\u00e9cision. Ils n\u00e9cessitent \u00e9galement relativement peu d&rsquo;entretien et durent longtemps.<\/p>\n<h2><span class=\"ez-toc-section\" id=\"Comment_fonctionne_le_robinet_a_boisseau_spherique_U-PVC_a_commande_electrique\"><\/span><span style=\"font-size: 22px;\">Comment fonctionne le robinet \u00e0 boisseau sph\u00e9rique U-PVC \u00e0 commande \u00e9lectrique ?<\/span><span class=\"ez-toc-section-end\"><\/span><\/h2>\n<p>Dans une vanne \u00e0 bille, la bille est mont\u00e9e \u00e0 l&rsquo;int\u00e9rieur du corps de la vanne et scell\u00e9e par un si\u00e8ge. Lorsque la vanne est ouverte, la bille est tourn\u00e9e perpendiculairement \u00e0 l&rsquo;\u00e9coulement du fluide, lui permettant de passer \u00e0 travers la vanne. Lorsque la vanne est ferm\u00e9e, la bille tourne parall\u00e8lement \u00e0 l&rsquo;\u00e9coulement du liquide, bloquant l&rsquo;\u00e9coulement. Le moteur \u00e9lectrique est utilis\u00e9 pour faire tourner la bille afin d&rsquo;ouvrir ou de fermer la vanne selon les besoins.<\/p>\n<h2><span class=\"ez-toc-section\" id=\"Ou_le_robinet_a_boisseau_spherique_U-PVC_a_commande_electrique_est-il_utilise\"><\/span><span style=\"font-size: 22px;\">O\u00f9 le robinet \u00e0 boisseau sph\u00e9rique U-PVC \u00e0 commande \u00e9lectrique est-il utilis\u00e9 ?<\/span><span class=\"ez-toc-section-end\"><\/span><\/h2>\n<p>Les vannes \u00e0 boisseau sph\u00e9rique U-PVC \u00e0 commande \u00e9lectrique peuvent \u00eatre utilis\u00e9es dans une grande vari\u00e9t\u00e9 d&rsquo;applications o\u00f9 un contr\u00f4le pr\u00e9cis du d\u00e9bit de fluide est requis. Voici quelques exemples courants :<\/p>\n<ul>\n<li>Il peut \u00eatre utilis\u00e9 dans les stations d&rsquo;\u00e9puration pour contr\u00f4ler le d\u00e9bit d&rsquo;eau \u00e0 diff\u00e9rentes \u00e9tapes de traitement.<\/li>\n<li>Il peut \u00eatre utilis\u00e9 dans les usines de traitement chimique pour contr\u00f4ler le flux de produits chimiques dans les tuyaux et les syst\u00e8mes de tuyauterie.<\/li>\n<li>Production industrielle : Il peut \u00eatre utilis\u00e9 dans divers processus de production industrielle pour contr\u00f4ler le d\u00e9bit de liquides tels que le p\u00e9trole, le gaz ou d&rsquo;autres produits chimiques.<\/li>\n<li>Irrigation agricole : Ces vannes peuvent \u00eatre utilis\u00e9es dans les syst\u00e8mes d&rsquo;irrigation agricole pour contr\u00f4ler le d\u00e9bit d&rsquo;eau vers les cultures.<\/li>\n<li>Il peut \u00eatre utilis\u00e9 pour contr\u00f4ler le d\u00e9bit d&rsquo;air, d&rsquo;eau ou d&rsquo;autres liquides \u00e0 travers les tuyaux et les syst\u00e8mes de tuyauterie dans les syst\u00e8mes CVC (chauffage, ventilation et climatisation).<\/li>\n<li>Il peut \u00eatre utilis\u00e9 pour contr\u00f4ler le d\u00e9bit de liquides tels que l&rsquo;eau, le lait ou d&rsquo;autres produits alimentaires dans les usines de transformation des aliments et des boissons.<\/li>\n<\/ul>\n<p><strong>Les caract\u00e9ristiques g\u00e9n\u00e9rales du poly\u00e9thyl\u00e8ne sont les suivantes :<\/strong><\/p>\n<ul>\n<li>C&rsquo;est solide<\/li>\n<li>R\u00e9sistant aux acides, bases et solvants<\/li>\n<li>Les propri\u00e9t\u00e9s di\u00e9lectriques sont sup\u00e9rieures<\/li>\n<li>Il est r\u00e9sistant aux conditions environnementales.<\/li>\n<\/ul>\n","protected":false},"excerpt":{"rendered":"<p><a href=\"https:\/\/unox.com.tr\/wp-content\/uploads\/2022\/12\/ELEKTRIK-AKTUATORLU-U-PVC-KURESEL-VANA.pdf\" target=\"_blank\" rel=\"noopener\"><button style=\"background-color: #11224b; color: #ffffff; padding: 10px 15px; font-family: montserrat; font-weight: bold; font-size: 19px; border-radius: 10px;\"><img decoding=\"async\" style=\"width: 25px; height: 25px;\" src=\"https:\/\/unox.com.tr\/wp-content\/uploads\/2023\/02\/pdf-1.png\">CATALOGUE DES PRODUITS<\/button><\/a><\/p>\n<p><button style=\"background-color: #11224b; margin-top: 5px; color: white; padding: 0px 15px; width: 150px; height: 55px; border-radius: 10px; border: none; cursor: pointer;\"><br \/>\n<img decoding=\"async\" style=\"width: 120px; height: 30px;\" src=\"https:\/\/unox.com.tr\/wp-content\/uploads\/2023\/02\/4-1.svg\"><\/button><\/p>\n","protected":false},"featured_media":70115,"comment_status":"closed","ping_status":"closed","template":"","meta":[],"product_brand":[],"product_cat":[1015,1121,1004],"product_tag":[],"class_list":{"0":"post-55479","1":"product","2":"type-product","3":"status-publish","4":"has-post-thumbnail","6":"product_cat-vannes-a-commande-electrique","7":"product_cat-vannes-actionnees","8":"product_cat-vannes-electriques","10":"first","11":"instock","12":"shipping-taxable","13":"product-type-simple"},"_links":{"self":[{"href":"https:\/\/unox.com.tr\/fr\/wp-json\/wp\/v2\/product\/55479","targetHints":{"allow":["GET"]}}],"collection":[{"href":"https:\/\/unox.com.tr\/fr\/wp-json\/wp\/v2\/product"}],"about":[{"href":"https:\/\/unox.com.tr\/fr\/wp-json\/wp\/v2\/types\/product"}],"replies":[{"embeddable":true,"href":"https:\/\/unox.com.tr\/fr\/wp-json\/wp\/v2\/comments?post=55479"}],"version-history":[{"count":0,"href":"https:\/\/unox.com.tr\/fr\/wp-json\/wp\/v2\/product\/55479\/revisions"}],"wp:featuredmedia":[{"embeddable":true,"href":"https:\/\/unox.com.tr\/fr\/wp-json\/wp\/v2\/media\/70115"}],"wp:attachment":[{"href":"https:\/\/unox.com.tr\/fr\/wp-json\/wp\/v2\/media?parent=55479"}],"wp:term":[{"taxonomy":"product_brand","embeddable":true,"href":"https:\/\/unox.com.tr\/fr\/wp-json\/wp\/v2\/product_brand?post=55479"},{"taxonomy":"product_cat","embeddable":true,"href":"https:\/\/unox.com.tr\/fr\/wp-json\/wp\/v2\/product_cat?post=55479"},{"taxonomy":"product_tag","embeddable":true,"href":"https:\/\/unox.com.tr\/fr\/wp-json\/wp\/v2\/product_tag?post=55479"}],"curies":[{"name":"wp","href":"https:\/\/api.w.org\/{rel}","templated":true}]}}