{"id":55481,"date":"2020-09-17T05:53:55","date_gmt":"2020-09-17T05:53:55","guid":{"rendered":"https:\/\/unox.com.tr\/urun\/vanne-papillon-de-type-cosse-a-commande-electrique\/"},"modified":"2020-09-17T05:53:55","modified_gmt":"2020-09-17T02:53:55","slug":"vanne-papillon-de-type-cosse-a-commande-electrique","status":"publish","type":"product","link":"https:\/\/unox.com.tr\/fr\/vanne-papillon-de-type-cosse-a-commande-electrique\/","title":{"rendered":"Vanne Papillon de Type Cosse \u00e0 Commande Electrique"},"content":{"rendered":"<div id=\"ez-toc-container\" class=\"ez-toc-v2_0_82_2 counter-hierarchy ez-toc-counter ez-toc-grey ez-toc-container-direction\">\n<div class=\"ez-toc-title-container\">\n<p class=\"ez-toc-title\" style=\"cursor:inherit\">Sayfa \u0130\u00e7eri\u011fi<\/p>\n<span class=\"ez-toc-title-toggle\"><a href=\"#\" class=\"ez-toc-pull-right ez-toc-btn ez-toc-btn-xs ez-toc-btn-default ez-toc-toggle\" aria-label=\"Toggle Table of Content\"><span class=\"ez-toc-js-icon-con\"><span class=\"\"><span class=\"eztoc-hide\" style=\"display:none;\">Toggle<\/span><span class=\"ez-toc-icon-toggle-span\"><svg style=\"fill: #999;color:#999\" xmlns=\"http:\/\/www.w3.org\/2000\/svg\" class=\"list-377408\" width=\"20px\" height=\"20px\" viewBox=\"0 0 24 24\" fill=\"none\"><path d=\"M6 6H4v2h2V6zm14 0H8v2h12V6zM4 11h2v2H4v-2zm16 0H8v2h12v-2zM4 16h2v2H4v-2zm16 0H8v2h12v-2z\" fill=\"currentColor\"><\/path><\/svg><svg style=\"fill: #999;color:#999\" class=\"arrow-unsorted-368013\" xmlns=\"http:\/\/www.w3.org\/2000\/svg\" width=\"10px\" height=\"10px\" viewBox=\"0 0 24 24\" version=\"1.2\" baseProfile=\"tiny\"><path d=\"M18.2 9.3l-6.2-6.3-6.2 6.3c-.2.2-.3.4-.3.7s.1.5.3.7c.2.2.4.3.7.3h11c.3 0 .5-.1.7-.3.2-.2.3-.5.3-.7s-.1-.5-.3-.7zM5.8 14.7l6.2 6.3 6.2-6.3c.2-.2.3-.5.3-.7s-.1-.5-.3-.7c-.2-.2-.4-.3-.7-.3h-11c-.3 0-.5.1-.7.3-.2.2-.3.5-.3.7s.1.5.3.7z\"\/><\/svg><\/span><\/span><\/span><\/a><\/span><\/div>\n<nav><ul class='ez-toc-list ez-toc-list-level-1 ' ><li class='ez-toc-page-1 ez-toc-heading-level-2'><a class=\"ez-toc-link ez-toc-heading-1\" href=\"https:\/\/unox.com.tr\/fr\/vanne-papillon-de-type-cosse-a-commande-electrique\/#Quest-ce_quune_vanne_papillon_a_oreilles_a_commande_electrique\" >Qu&rsquo;est-ce qu&rsquo;une vanne papillon \u00e0 oreilles \u00e0 commande \u00e9lectrique ?<\/a><\/li><li class='ez-toc-page-1 ez-toc-heading-level-2'><a class=\"ez-toc-link ez-toc-heading-2\" href=\"https:\/\/unox.com.tr\/fr\/vanne-papillon-de-type-cosse-a-commande-electrique\/#Ou_la_vanne_papillon_a_oreilles_a_commande_electrique_est-elle_utilisee\" >O\u00f9 la vanne papillon \u00e0 oreilles \u00e0 commande \u00e9lectrique est-elle utilis\u00e9e ?<\/a><\/li><li class='ez-toc-page-1 ez-toc-heading-level-2'><a class=\"ez-toc-link ez-toc-heading-3\" href=\"https:\/\/unox.com.tr\/fr\/vanne-papillon-de-type-cosse-a-commande-electrique\/#Champ_dapplication\" >Champ d&rsquo;application<\/a><\/li><li class='ez-toc-page-1 ez-toc-heading-level-2'><a class=\"ez-toc-link ez-toc-heading-4\" href=\"https:\/\/unox.com.tr\/fr\/vanne-papillon-de-type-cosse-a-commande-electrique\/#Caracteristiques_du_produit\" >Caract\u00e9ristiques du produit<\/a><\/li><\/ul><\/nav><\/div>\n<h2><span class=\"ez-toc-section\" id=\"Quest-ce_quune_vanne_papillon_a_oreilles_a_commande_electrique\"><\/span><span style=\"font-size: 22px;\">Qu&rsquo;est-ce qu&rsquo;une vanne papillon \u00e0 oreilles \u00e0 commande \u00e9lectrique ?<\/span><span class=\"ez-toc-section-end\"><\/span><\/h2>\n<p>La vanne papillon \u00e0 oreilles \u00e0 commande \u00e9lectrique est utilis\u00e9e pour r\u00e9guler le d\u00e9bit de liquides ou de gaz dans le syst\u00e8me de tuyauterie. Il se compose d&rsquo;un disque circulaire qui tourne sur un arbre pour ouvrir et fermer le flux de fluide. Le disque est fix\u00e9 \u00e0 l&rsquo;arbre par des pattes, qui sont des bras en saillie utilis\u00e9s pour supporter le poids du disque et fournir un moyen de fixer la vanne au syst\u00e8me de tuyauterie. La vanne est entra\u00een\u00e9e ou contr\u00f4l\u00e9e par un moteur \u00e9lectrique qui fait tourner l&rsquo;arbre pour ouvrir ou fermer le disque. Ces types de vannes sont fr\u00e9quemment utilis\u00e9s dans les syst\u00e8mes de tuyauterie industriels et commerciaux o\u00f9 un contr\u00f4le pr\u00e9cis du d\u00e9bit de fluide est requis.<\/p>\n<h2><span class=\"ez-toc-section\" id=\"Ou_la_vanne_papillon_a_oreilles_a_commande_electrique_est-elle_utilisee\"><\/span><span style=\"font-size: 22px;\">O\u00f9 la vanne papillon \u00e0 oreilles \u00e0 commande \u00e9lectrique est-elle utilis\u00e9e ?<\/span><span class=\"ez-toc-section-end\"><\/span><\/h2>\n<p>Les vannes papillon \u00e0 oreilles \u00e0 commande \u00e9lectrique sont utilis\u00e9es dans une grande vari\u00e9t\u00e9 d&rsquo;applications industrielles et commerciales o\u00f9 un contr\u00f4le pr\u00e9cis du d\u00e9bit de liquides ou de gaz est requis. Certaines utilisations courantes pour ce type de valve sont :<\/p>\n<ul>\n<li>Usines de traitement de l&rsquo;eau : ces vannes sont souvent utilis\u00e9es pour contr\u00f4ler le d\u00e9bit d&rsquo;eau dans les usines de traitement o\u00f9 elles sont utilis\u00e9es pour r\u00e9guler le d\u00e9bit d&rsquo;eau \u00e0 travers les filtres, les pompes et d&rsquo;autres \u00e9quipements.<\/li>\n<li>Traitement chimique : ces vannes sont couramment utilis\u00e9es dans les usines de traitement chimique pour contr\u00f4ler le d\u00e9bit de produits chimiques corrosifs ou dangereux.<\/li>\n<li>Il est utilis\u00e9 dans les centrales \u00e9lectriques pour contr\u00f4ler le d\u00e9bit de vapeur ou d&rsquo;autres liquides \u00e0 travers le syst\u00e8me de tuyauterie.<\/li>\n<li>Il est utilis\u00e9 dans l&rsquo;industrie p\u00e9troli\u00e8re et gazi\u00e8re pour contr\u00f4ler le d\u00e9bit de p\u00e9trole ou de gaz dans les pipelines.<\/li>\n<li>Il est utilis\u00e9 dans l&rsquo;industrie alimentaire et des boissons pour contr\u00f4ler le flux de liquides et de gaz dans le traitement et l&#8217;emballage des produits.<\/li>\n<li>HVAC : Ces vannes sont utilis\u00e9es dans les syst\u00e8mes de chauffage, de ventilation et de climatisation (HVAC) pour contr\u00f4ler le d\u00e9bit d&rsquo;air ou d&rsquo;autres fluides dans le syst\u00e8me.<\/li>\n<\/ul>\n<h2><span class=\"ez-toc-section\" id=\"Champ_dapplication\"><\/span><span style=\"font-size: 22px;\">Champ d&rsquo;application<\/span><span class=\"ez-toc-section-end\"><\/span><\/h2>\n<ul>\n<li>Syst\u00e8mes de chauffage, ventilation et climatisation<\/li>\n<li>Syst\u00e8mes de traitement et de distribution d&rsquo;eau<\/li>\n<li>Industrie mini\u00e8re<\/li>\n<li>Installations de construction navale et de forage<\/li>\n<li>Entreprises alimentaires et chimiques<\/li>\n<li>Syst\u00e8mes d&rsquo;extinction d&rsquo;incendie<\/li>\n<li>Eau, eau de mer, poussi\u00e8re, gaz, eaux us\u00e9es et air<\/li>\n<\/ul>\n<h2><span class=\"ez-toc-section\" id=\"Caracteristiques_du_produit\"><\/span><span style=\"font-size: 22px;\">Caract\u00e9ristiques du produit<\/span><span class=\"ez-toc-section-end\"><\/span><\/h2>\n<ul>\n<li><strong>Corps<\/strong> : Fonte GGG40.3<\/li>\n<li><strong>Disque:<\/strong> AISI316, AISI304, AL BR<\/li>\n<li><strong>Arbre<\/strong> : SS 416<\/li>\n<li><strong>Temp\u00e9rature<\/strong> : -10\u00baC \/ 110\u00baC<\/li>\n<li><strong>Joint<\/strong> : EPDM<\/li>\n<li><strong>Diam\u00e8tre<\/strong> : DN25 (1\u201d) \u2013 DN300 (12\u201d)<\/li>\n<\/ul>\n","protected":false},"excerpt":{"rendered":"<p><a href=\"https:\/\/unox.com.tr\/wp-content\/uploads\/2022\/12\/ELEKTRIK-AKTUATORLU-LUG-TIP-KELEBEK-VANA.pdf\" target=\"_blank\" rel=\"noopener\"><button style=\"background-color: #11224b; color: #ffffff; padding: 10px 15px; font-family: montserrat; font-weight: bold; font-size: 19px; border-radius: 10px;\"><img decoding=\"async\" style=\"width: 25px; height: 25px;\" src=\"https:\/\/unox.com.tr\/wp-content\/uploads\/2023\/02\/pdf-1.png\">CATALOGUE DES PRODUITS<\/button><\/a><\/p>\n<p><button style=\"background-color: #11224b; margin-top: 5px; color: white; padding: 0px 15px; width: 150px; height: 55px; border-radius: 10px; border: none; cursor: pointer;\"><br \/>\n<img decoding=\"async\" style=\"width: 120px; height: 30px;\" src=\"https:\/\/unox.com.tr\/wp-content\/uploads\/2023\/02\/4-1.svg\"><\/button><\/p>\n","protected":false},"featured_media":69844,"comment_status":"closed","ping_status":"closed","template":"","meta":[],"product_brand":[],"product_cat":[1015,1121,1004],"product_tag":[],"class_list":{"0":"post-55481","1":"product","2":"type-product","3":"status-publish","4":"has-post-thumbnail","6":"product_cat-vannes-a-commande-electrique","7":"product_cat-vannes-actionnees","8":"product_cat-vannes-electriques","10":"first","11":"instock","12":"shipping-taxable","13":"product-type-simple"},"_links":{"self":[{"href":"https:\/\/unox.com.tr\/fr\/wp-json\/wp\/v2\/product\/55481","targetHints":{"allow":["GET"]}}],"collection":[{"href":"https:\/\/unox.com.tr\/fr\/wp-json\/wp\/v2\/product"}],"about":[{"href":"https:\/\/unox.com.tr\/fr\/wp-json\/wp\/v2\/types\/product"}],"replies":[{"embeddable":true,"href":"https:\/\/unox.com.tr\/fr\/wp-json\/wp\/v2\/comments?post=55481"}],"version-history":[{"count":0,"href":"https:\/\/unox.com.tr\/fr\/wp-json\/wp\/v2\/product\/55481\/revisions"}],"wp:featuredmedia":[{"embeddable":true,"href":"https:\/\/unox.com.tr\/fr\/wp-json\/wp\/v2\/media\/69844"}],"wp:attachment":[{"href":"https:\/\/unox.com.tr\/fr\/wp-json\/wp\/v2\/media?parent=55481"}],"wp:term":[{"taxonomy":"product_brand","embeddable":true,"href":"https:\/\/unox.com.tr\/fr\/wp-json\/wp\/v2\/product_brand?post=55481"},{"taxonomy":"product_cat","embeddable":true,"href":"https:\/\/unox.com.tr\/fr\/wp-json\/wp\/v2\/product_cat?post=55481"},{"taxonomy":"product_tag","embeddable":true,"href":"https:\/\/unox.com.tr\/fr\/wp-json\/wp\/v2\/product_tag?post=55481"}],"curies":[{"name":"wp","href":"https:\/\/api.w.org\/{rel}","templated":true}]}}