{"id":55482,"date":"2020-09-17T05:46:29","date_gmt":"2020-09-17T02:46:29","guid":{"rendered":"https:\/\/unox.com.tr\/urun\/vanne-a-boisseau-spherique-a-bride-actionnee-electriquement\/"},"modified":"2020-09-17T05:46:29","modified_gmt":"2020-09-17T02:46:29","slug":"vanne-a-boisseau-spherique-a-bride-actionnee-electriquement","status":"publish","type":"product","link":"https:\/\/unox.com.tr\/fr\/vanne-a-boisseau-spherique-a-bride-actionnee-electriquement\/","title":{"rendered":"Vanne \u00e0 Boisseau Sph\u00e9rique \u00e0 Bride Actionn\u00e9e Electriquement"},"content":{"rendered":"<div id=\"ez-toc-container\" class=\"ez-toc-v2_0_82_2 counter-hierarchy ez-toc-counter ez-toc-grey ez-toc-container-direction\">\n<div class=\"ez-toc-title-container\">\n<p class=\"ez-toc-title\" style=\"cursor:inherit\">Sayfa \u0130\u00e7eri\u011fi<\/p>\n<span class=\"ez-toc-title-toggle\"><a href=\"#\" class=\"ez-toc-pull-right ez-toc-btn ez-toc-btn-xs ez-toc-btn-default ez-toc-toggle\" aria-label=\"Toggle Table of Content\"><span class=\"ez-toc-js-icon-con\"><span class=\"\"><span class=\"eztoc-hide\" style=\"display:none;\">Toggle<\/span><span class=\"ez-toc-icon-toggle-span\"><svg style=\"fill: #999;color:#999\" xmlns=\"http:\/\/www.w3.org\/2000\/svg\" class=\"list-377408\" width=\"20px\" height=\"20px\" viewBox=\"0 0 24 24\" fill=\"none\"><path d=\"M6 6H4v2h2V6zm14 0H8v2h12V6zM4 11h2v2H4v-2zm16 0H8v2h12v-2zM4 16h2v2H4v-2zm16 0H8v2h12v-2z\" fill=\"currentColor\"><\/path><\/svg><svg style=\"fill: #999;color:#999\" class=\"arrow-unsorted-368013\" xmlns=\"http:\/\/www.w3.org\/2000\/svg\" width=\"10px\" height=\"10px\" viewBox=\"0 0 24 24\" version=\"1.2\" baseProfile=\"tiny\"><path d=\"M18.2 9.3l-6.2-6.3-6.2 6.3c-.2.2-.3.4-.3.7s.1.5.3.7c.2.2.4.3.7.3h11c.3 0 .5-.1.7-.3.2-.2.3-.5.3-.7s-.1-.5-.3-.7zM5.8 14.7l6.2 6.3 6.2-6.3c.2-.2.3-.5.3-.7s-.1-.5-.3-.7c-.2-.2-.4-.3-.7-.3h-11c-.3 0-.5.1-.7.3-.2.2-.3.5-.3.7s.1.5.3.7z\"\/><\/svg><\/span><\/span><\/span><\/a><\/span><\/div>\n<nav><ul class='ez-toc-list ez-toc-list-level-1 ' ><li class='ez-toc-page-1 ez-toc-heading-level-2'><a class=\"ez-toc-link ez-toc-heading-1\" href=\"https:\/\/unox.com.tr\/fr\/vanne-a-boisseau-spherique-a-bride-actionnee-electriquement\/#Quest-ce_quun_robinet_a_boisseau_spherique_a_bride_a_commande_electrique\" >Qu&rsquo;est-ce qu&rsquo;un robinet \u00e0 boisseau sph\u00e9rique \u00e0 bride \u00e0 commande \u00e9lectrique ?<\/a><\/li><li class='ez-toc-page-1 ez-toc-heading-level-2'><a class=\"ez-toc-link ez-toc-heading-2\" href=\"https:\/\/unox.com.tr\/fr\/vanne-a-boisseau-spherique-a-bride-actionnee-electriquement\/#Ou_le_robinet_a_boisseau_spherique_a_bride_a_commande_electrique_est-il_utilise\" >O\u00f9 le robinet \u00e0 boisseau sph\u00e9rique \u00e0 bride \u00e0 commande \u00e9lectrique est-il utilis\u00e9 ?<\/a><\/li><li class='ez-toc-page-1 ez-toc-heading-level-2'><a class=\"ez-toc-link ez-toc-heading-3\" href=\"https:\/\/unox.com.tr\/fr\/vanne-a-boisseau-spherique-a-bride-actionnee-electriquement\/#Caracteristiques_du_produit\" >Caract\u00e9ristiques du produit<\/a><\/li><\/ul><\/nav><\/div>\n<h2><span class=\"ez-toc-section\" id=\"Quest-ce_quun_robinet_a_boisseau_spherique_a_bride_a_commande_electrique\"><\/span><span style=\"font-size: 22px;\">Qu&rsquo;est-ce qu&rsquo;un robinet \u00e0 boisseau sph\u00e9rique \u00e0 bride \u00e0 commande \u00e9lectrique ?<\/span><span class=\"ez-toc-section-end\"><\/span><\/h2>\n<p>Le robinet \u00e0 tournant sph\u00e9rique \u00e0 bride \u00e0 commande \u00e9lectrique est un type de robinet qui utilise un moteur \u00e9lectrique pour entra\u00eener le robinet \u00e0 tournant sph\u00e9rique. Le robinet \u00e0 tournant sph\u00e9rique a une boule avec un trou au milieu qui tourne dans le corps du robinet pour ouvrir ou fermer le d\u00e9bit de fluide. La boule est maintenue en place par une tige reli\u00e9e \u00e0 l&rsquo;actionneur \u00e9lectrique. Lorsque l&rsquo;actionneur \u00e9lectrique re\u00e7oit un signal \u00e9lectrique, il fait tourner la tige qui fait tourner la bille pour ouvrir ou fermer la vanne.<\/p>\n<p>Il est utilis\u00e9 dans les syst\u00e8mes de tuyauterie pour contr\u00f4ler le d\u00e9bit de liquides, de gaz et d&rsquo;autres fluides. Ils sont souvent utilis\u00e9s dans les syst\u00e8mes d&rsquo;eau r\u00e9sidentiels et municipaux ainsi que dans les applications industrielles et commerciales. Les vannes \u00e0 boisseau sph\u00e9rique \u00e0 brides \u00e0 commande \u00e9lectrique sont pr\u00e9f\u00e9r\u00e9es lorsqu&rsquo;une commande \u00e0 distance ou une commande automatique de la vanne est requise car elles peuvent \u00eatre facilement actionn\u00e9es \u00e0 l&rsquo;aide de signaux \u00e9lectriques. Ils sont \u00e9galement utiles dans les situations o\u00f9 la vanne doit \u00eatre actionn\u00e9e fr\u00e9quemment, car ils peuvent \u00eatre ouverts et ferm\u00e9s rapidement et efficacement.<\/p>\n<h2 class=\"serp-title\" data-format=\"%title% %sep% %sitename%\" data-empty-title=\"\u00d6zel ba\u015fl\u0131k girmek i\u00e7in t\u0131klay\u0131n\"><span class=\"ez-toc-section\" id=\"Ou_le_robinet_a_boisseau_spherique_a_bride_a_commande_electrique_est-il_utilise\"><\/span><span style=\"font-size: 22px;\">O\u00f9 le robinet \u00e0 boisseau sph\u00e9rique \u00e0 bride \u00e0 commande \u00e9lectrique est-il utilis\u00e9 ?<\/span><span class=\"ez-toc-section-end\"><\/span><\/h2>\n<p>Les vannes \u00e0 boisseau sph\u00e9rique \u00e0 bride actionn\u00e9es \u00e9lectriquement sont utilis\u00e9es dans une grande vari\u00e9t\u00e9 d&rsquo;applications industrielles et commerciales o\u00f9 un contr\u00f4le pr\u00e9cis du d\u00e9bit de fluide est requis. Voici quelques exemples d&rsquo;industries et de syst\u00e8mes o\u00f9 ils peuvent \u00eatre utilis\u00e9s :<\/p>\n<ul>\n<li>Il est souvent utilis\u00e9 dans l&rsquo;industrie p\u00e9troli\u00e8re et gazi\u00e8re pour contr\u00f4ler le d\u00e9bit de liquides dans les pipelines. Ils sont particuli\u00e8rement utiles pour les applications avec de fortes fluctuations de pression et de temp\u00e9rature.<\/li>\n<li>Usines de traitement de l&rsquo;eau : ces vannes sont utilis\u00e9es pour contr\u00f4ler le d\u00e9bit d&rsquo;eau dans les usines de traitement, y compris la r\u00e9gulation du d\u00e9bit d&rsquo;eau entrant et sortant des r\u00e9servoirs et des r\u00e9servoirs.<\/li>\n<li>Il est utilis\u00e9 dans les usines de traitement chimique pour contr\u00f4ler le flux de produits chimiques et d&rsquo;autres liquides dans les pipelines. Ils peuvent traiter une grande vari\u00e9t\u00e9 de liquides, y compris des acides, des bases et des mat\u00e9riaux corrosifs.<\/li>\n<li>Il est utilis\u00e9 dans les centrales \u00e9lectriques pour contr\u00f4ler le d\u00e9bit de vapeur et d&rsquo;autres liquides \u00e0 travers les tuyaux et les vannes.<\/li>\n<li>Il est utilis\u00e9 dans l&rsquo;industrie alimentaire et des boissons pour contr\u00f4ler le d\u00e9bit de liquides tels que l&rsquo;eau, le lait et d&rsquo;autres boissons. Ils sont utilis\u00e9s dans des applications o\u00f9 la propret\u00e9 et l&rsquo;hygi\u00e8ne sont importantes, telles que les processus d&#8217;embouteillage et de mise en conserve.<\/li>\n<\/ul>\n<p>En g\u00e9n\u00e9ral, les vannes \u00e0 boisseau sph\u00e9rique \u00e0 bride actionn\u00e9es \u00e9lectriquement sont utilis\u00e9es dans une grande vari\u00e9t\u00e9 d&rsquo;industries et d&rsquo;applications o\u00f9 un contr\u00f4le pr\u00e9cis du d\u00e9bit de fluide est requis. Ils sont durables, fiables et faciles \u00e0 entretenir, ce qui en fait un choix populaire pour de nombreux syst\u00e8mes industriels et commerciaux.<\/p>\n<h2><span class=\"ez-toc-section\" id=\"Caracteristiques_du_produit\"><\/span><span style=\"font-size: 22px;\">Caract\u00e9ristiques du produit<\/span><span class=\"ez-toc-section-end\"><\/span><\/h2>\n<ul>\n<li><strong>Corps<\/strong> : Inox AISI 304<\/li>\n<li><strong>Classe de Protection<\/strong> : IP 68<\/li>\n<li><strong>Temps de Mouvement<\/strong> : 8\/10 sec.<\/li>\n<li><strong>Temp\u00e9rature Ambiante<\/strong> : -10 +80\u00b0C<\/li>\n<li><strong>Connexion \u00e9lectrique<\/strong> : 1\/2&Prime; \u00e9tanche \u00e0 l&rsquo;eau<\/li>\n<li><strong>Connexion<\/strong> : ISO 5211<\/li>\n<\/ul>\n","protected":false},"excerpt":{"rendered":"<p><a href=\"https:\/\/unox.com.tr\/wp-content\/uploads\/2022\/12\/ELEKTRIK-AKTUATORLU-FLANSLI-KURESEL-VANA.pdf\" target=\"_blank\" rel=\"noopener\"><button style=\"background-color: #11224b; color: #ffffff; padding: 10px 15px; font-family: montserrat; font-weight: bold; font-size: 19px; border-radius: 10px;\"><img decoding=\"async\" style=\"width: 25px; height: 25px;\" src=\"https:\/\/unox.com.tr\/wp-content\/uploads\/2023\/02\/pdf-1.png\">CATALOGUE DES PRODUITS<\/button><\/a><\/p>\n<p><button style=\"background-color: #11224b; margin-top: 5px; color: white; padding: 0px 15px; width: 150px; height: 55px; border-radius: 10px; border: none; cursor: pointer;\"><br \/>\n<img decoding=\"async\" style=\"width: 120px; height: 30px;\" src=\"https:\/\/unox.com.tr\/wp-content\/uploads\/2023\/02\/4-1.svg\"><\/button><\/p>\n","protected":false},"featured_media":40725,"comment_status":"open","ping_status":"closed","template":"","meta":[],"product_brand":[],"product_cat":[1015,1121,1004],"product_tag":[],"class_list":{"0":"post-55482","1":"product","2":"type-product","3":"status-publish","4":"has-post-thumbnail","6":"product_cat-vannes-a-commande-electrique","7":"product_cat-vannes-actionnees","8":"product_cat-vannes-electriques","10":"first","11":"instock","12":"shipping-taxable","13":"product-type-simple"},"_links":{"self":[{"href":"https:\/\/unox.com.tr\/fr\/wp-json\/wp\/v2\/product\/55482","targetHints":{"allow":["GET"]}}],"collection":[{"href":"https:\/\/unox.com.tr\/fr\/wp-json\/wp\/v2\/product"}],"about":[{"href":"https:\/\/unox.com.tr\/fr\/wp-json\/wp\/v2\/types\/product"}],"replies":[{"embeddable":true,"href":"https:\/\/unox.com.tr\/fr\/wp-json\/wp\/v2\/comments?post=55482"}],"version-history":[{"count":0,"href":"https:\/\/unox.com.tr\/fr\/wp-json\/wp\/v2\/product\/55482\/revisions"}],"wp:featuredmedia":[{"embeddable":true,"href":"https:\/\/unox.com.tr\/fr\/wp-json\/wp\/v2\/media\/40725"}],"wp:attachment":[{"href":"https:\/\/unox.com.tr\/fr\/wp-json\/wp\/v2\/media?parent=55482"}],"wp:term":[{"taxonomy":"product_brand","embeddable":true,"href":"https:\/\/unox.com.tr\/fr\/wp-json\/wp\/v2\/product_brand?post=55482"},{"taxonomy":"product_cat","embeddable":true,"href":"https:\/\/unox.com.tr\/fr\/wp-json\/wp\/v2\/product_cat?post=55482"},{"taxonomy":"product_tag","embeddable":true,"href":"https:\/\/unox.com.tr\/fr\/wp-json\/wp\/v2\/product_tag?post=55482"}],"curies":[{"name":"wp","href":"https:\/\/api.w.org\/{rel}","templated":true}]}}