{"id":55484,"date":"2020-09-17T05:38:11","date_gmt":"2020-09-17T05:38:11","guid":{"rendered":"https:\/\/unox.com.tr\/urun\/vanne-a-boisseau-spherique-filetee-en-acier-inoxydable-a-3-voies\/"},"modified":"2020-09-17T05:38:11","modified_gmt":"2020-09-17T02:38:11","slug":"vanne-a-boisseau-spherique-filetee-en-acier-inoxydable-a-3-voies","status":"publish","type":"product","link":"https:\/\/unox.com.tr\/fr\/vanne-a-boisseau-spherique-filetee-en-acier-inoxydable-a-3-voies\/","title":{"rendered":"Vanne \u00e0 Boisseau Sph\u00e9rique Filet\u00e9e en Acier Inoxydable \u00e0 3 Voies"},"content":{"rendered":"<div id=\"ez-toc-container\" class=\"ez-toc-v2_0_82_2 counter-hierarchy ez-toc-counter ez-toc-grey ez-toc-container-direction\">\n<div class=\"ez-toc-title-container\">\n<p class=\"ez-toc-title\" style=\"cursor:inherit\">Sayfa \u0130\u00e7eri\u011fi<\/p>\n<span class=\"ez-toc-title-toggle\"><a href=\"#\" class=\"ez-toc-pull-right ez-toc-btn ez-toc-btn-xs ez-toc-btn-default ez-toc-toggle\" aria-label=\"Toggle Table of Content\"><span class=\"ez-toc-js-icon-con\"><span class=\"\"><span class=\"eztoc-hide\" style=\"display:none;\">Toggle<\/span><span class=\"ez-toc-icon-toggle-span\"><svg style=\"fill: #999;color:#999\" xmlns=\"http:\/\/www.w3.org\/2000\/svg\" class=\"list-377408\" width=\"20px\" height=\"20px\" viewBox=\"0 0 24 24\" fill=\"none\"><path d=\"M6 6H4v2h2V6zm14 0H8v2h12V6zM4 11h2v2H4v-2zm16 0H8v2h12v-2zM4 16h2v2H4v-2zm16 0H8v2h12v-2z\" fill=\"currentColor\"><\/path><\/svg><svg style=\"fill: #999;color:#999\" class=\"arrow-unsorted-368013\" xmlns=\"http:\/\/www.w3.org\/2000\/svg\" width=\"10px\" height=\"10px\" viewBox=\"0 0 24 24\" version=\"1.2\" baseProfile=\"tiny\"><path d=\"M18.2 9.3l-6.2-6.3-6.2 6.3c-.2.2-.3.4-.3.7s.1.5.3.7c.2.2.4.3.7.3h11c.3 0 .5-.1.7-.3.2-.2.3-.5.3-.7s-.1-.5-.3-.7zM5.8 14.7l6.2 6.3 6.2-6.3c.2-.2.3-.5.3-.7s-.1-.5-.3-.7c-.2-.2-.4-.3-.7-.3h-11c-.3 0-.5.1-.7.3-.2.2-.3.5-.3.7s.1.5.3.7z\"\/><\/svg><\/span><\/span><\/span><\/a><\/span><\/div>\n<nav><ul class='ez-toc-list ez-toc-list-level-1 ' ><li class='ez-toc-page-1 ez-toc-heading-level-2'><a class=\"ez-toc-link ez-toc-heading-1\" href=\"https:\/\/unox.com.tr\/fr\/vanne-a-boisseau-spherique-filetee-en-acier-inoxydable-a-3-voies\/#Vanne_a_Boisseau_Spherique_Filetee_en_Acier_Inoxydable_a_3_Voies\" >Vanne \u00e0 Boisseau Sph\u00e9rique Filet\u00e9e en Acier Inoxydable \u00e0 3 Voies<\/a><\/li><li class='ez-toc-page-1 ez-toc-heading-level-2'><a class=\"ez-toc-link ez-toc-heading-2\" href=\"https:\/\/unox.com.tr\/fr\/vanne-a-boisseau-spherique-filetee-en-acier-inoxydable-a-3-voies\/#Caracteristiques_du_produit\" >Caract\u00e9ristiques du produit<\/a><\/li><li class='ez-toc-page-1 ez-toc-heading-level-2'><a class=\"ez-toc-link ez-toc-heading-3\" href=\"https:\/\/unox.com.tr\/fr\/vanne-a-boisseau-spherique-filetee-en-acier-inoxydable-a-3-voies\/#Utilisations_Prevues\" >Utilisations Pr\u00e9vues<\/a><\/li><\/ul><\/nav><\/div>\n<h2><span class=\"ez-toc-section\" id=\"Vanne_a_Boisseau_Spherique_Filetee_en_Acier_Inoxydable_a_3_Voies\"><\/span><span style=\"font-size: 22px;\">Vanne \u00e0 Boisseau Sph\u00e9rique Filet\u00e9e en Acier Inoxydable \u00e0 3 Voies<\/span><span class=\"ez-toc-section-end\"><\/span><\/h2>\n<p>Le robinet \u00e0 boisseau sph\u00e9rique en acier inoxydable filet\u00e9 \u00e0 commande \u00e9lectrique \u00e0 3 voies est un type de vanne utilis\u00e9 pour contr\u00f4ler le d\u00e9bit de fluide dans un syst\u00e8me de tuyauterie. Il se compose d&rsquo;une bille perc\u00e9e d&rsquo;un trou \u00e0 travers lequel est entra\u00een\u00e9 en rotation un actionneur \u00e9lectrique pour ouvrir ou fermer le flux de fluide. La vanne est en acier inoxydable, un mat\u00e9riau r\u00e9sistant \u00e0 la corrosion adapt\u00e9 \u00e0 une utilisation dans une vari\u00e9t\u00e9 d&rsquo;environnements, y compris ceux expos\u00e9s \u00e0 des temp\u00e9ratures \u00e9lev\u00e9es ou \u00e0 des produits chimiques agressifs. La vanne a trois orifices qui permettent de d\u00e9tourner le flux de fluide entre deux chemins diff\u00e9rents. G\u00e9n\u00e9ralement utilis\u00e9 dans les applications industrielles ou commerciales telles que les usines de traitement chimique, les centrales \u00e9lectriques ou les usines de traitement de l&rsquo;eau.<\/p>\n<h2><span class=\"ez-toc-section\" id=\"Caracteristiques_du_produit\"><\/span><span style=\"font-size: 22px;\">Caract\u00e9ristiques du produit<\/span><span class=\"ez-toc-section-end\"><\/span><\/h2>\n<ul>\n<li><strong>Classe de protection<\/strong> : IP 67- IP 68<\/li>\n<li><strong>Temps de mouvement<\/strong> : 30\/60 sec.<\/li>\n<li><strong>Temp\u00e9rature ambiante<\/strong> : -30 +60 \u00b0C<\/li>\n<li><strong>Connexion \u00e9lectrique<\/strong> : \u00bd\u00a0\u00bb \u00e9tanche \u00e0 l&rsquo;eau<\/li>\n<\/ul>\n<h2><span class=\"ez-toc-section\" id=\"Utilisations_Prevues\"><\/span><span style=\"font-size: 22px;\">Utilisations Pr\u00e9vues<\/span><span class=\"ez-toc-section-end\"><\/span><\/h2>\n<p>Selon les finalit\u00e9s d&rsquo;utilisation ; Ce sont des vannes \u00e0 boisseau sph\u00e9rique \u00e0 trois voies avec actionneur \u00e9lectrique, actionn\u00e9es par alimentation \u00e9lectrique, que nous produisons en acier inoxydable et en laiton, dans diff\u00e9rents diam\u00e8tres de raccordement, utilis\u00e9es dans les installations d&rsquo;eau, de vapeur ou de certains fluides corrosifs.<\/p>\n<p>Avec des actionneurs variant entre des forces de 50 nm et 1000 nm selon les diam\u00e8tres de connexion, on utilise en option une commande proportionnelle 24VDC et 220VAC et \u00e9ventuellement proportionnelle 4-20 mA.<\/p>\n<p><strong>Les actionneurs \u00e9lectriques, les informations de force et les applications des vannes selon leurs codes sont les suivants.<\/strong><\/p>\n<ul>\n<li>UKST-05 50NM<\/li>\n<li>UKST-10 100NM<\/li>\n<li>UKST-20 200NM<\/li>\n<li>UKST-40 400NM<\/li>\n<li>UKST-60 600NM<\/li>\n<li>UKST-100 1000NM<\/li>\n<\/ul>\n","protected":false},"excerpt":{"rendered":"<p><a href=\"https:\/\/unox.com.tr\/wp-content\/uploads\/2022\/12\/3-YOLLU-ELEKTRIK-AKTUATORLU-DISLI-PASLANMAZ-KURESEL-VANA.pdf\" target=\"_blank\" rel=\"noopener\"><button style=\"background-color: #11224b; color: #ffffff; padding: 10px 15px; font-family: montserrat; font-weight: bold; font-size: 19px; border-radius: 10px;\"><img decoding=\"async\" style=\"width: 25px; height: 25px;\" src=\"https:\/\/unox.com.tr\/wp-content\/uploads\/2023\/02\/pdf-1.png\">CATALOGUE DES PRODUITS<\/button><\/a><\/p>\n<p><button style=\"background-color: #11224b; margin-top: 5px; color: white; padding: 0px 15px; width: 150px; height: 55px; border-radius: 10px; border: none; cursor: pointer;\"><br \/>\n<img decoding=\"async\" style=\"width: 120px; height: 30px;\" src=\"https:\/\/unox.com.tr\/wp-content\/uploads\/2023\/02\/4-1.svg\"><\/button><\/p>\n","protected":false},"featured_media":69837,"comment_status":"closed","ping_status":"closed","template":"","meta":[],"product_brand":[],"product_cat":[1015,1121,1004],"product_tag":[],"class_list":{"0":"post-55484","1":"product","2":"type-product","3":"status-publish","4":"has-post-thumbnail","6":"product_cat-vannes-a-commande-electrique","7":"product_cat-vannes-actionnees","8":"product_cat-vannes-electriques","10":"first","11":"instock","12":"shipping-taxable","13":"product-type-simple"},"_links":{"self":[{"href":"https:\/\/unox.com.tr\/fr\/wp-json\/wp\/v2\/product\/55484","targetHints":{"allow":["GET"]}}],"collection":[{"href":"https:\/\/unox.com.tr\/fr\/wp-json\/wp\/v2\/product"}],"about":[{"href":"https:\/\/unox.com.tr\/fr\/wp-json\/wp\/v2\/types\/product"}],"replies":[{"embeddable":true,"href":"https:\/\/unox.com.tr\/fr\/wp-json\/wp\/v2\/comments?post=55484"}],"version-history":[{"count":0,"href":"https:\/\/unox.com.tr\/fr\/wp-json\/wp\/v2\/product\/55484\/revisions"}],"wp:featuredmedia":[{"embeddable":true,"href":"https:\/\/unox.com.tr\/fr\/wp-json\/wp\/v2\/media\/69837"}],"wp:attachment":[{"href":"https:\/\/unox.com.tr\/fr\/wp-json\/wp\/v2\/media?parent=55484"}],"wp:term":[{"taxonomy":"product_brand","embeddable":true,"href":"https:\/\/unox.com.tr\/fr\/wp-json\/wp\/v2\/product_brand?post=55484"},{"taxonomy":"product_cat","embeddable":true,"href":"https:\/\/unox.com.tr\/fr\/wp-json\/wp\/v2\/product_cat?post=55484"},{"taxonomy":"product_tag","embeddable":true,"href":"https:\/\/unox.com.tr\/fr\/wp-json\/wp\/v2\/product_tag?post=55484"}],"curies":[{"name":"wp","href":"https:\/\/api.w.org\/{rel}","templated":true}]}}