{"id":57471,"date":"2023-08-09T14:50:47","date_gmt":"2023-08-09T11:50:47","guid":{"rendered":"https:\/\/unox.com.tr\/bride-aveugle-en-acier-inoxydable\/"},"modified":"2024-07-10T22:59:45","modified_gmt":"2024-07-10T19:59:45","slug":"bride-aveugle-en-acier-inoxydable","status":"publish","type":"product","link":"https:\/\/unox.com.tr\/fr\/bride-aveugle-en-acier-inoxydable\/","title":{"rendered":"Bride Aveugle en Acier \u0130noxydable"},"content":{"rendered":"<div id=\"ez-toc-container\" class=\"ez-toc-v2_0_82_2 counter-hierarchy ez-toc-counter ez-toc-grey ez-toc-container-direction\">\n<div class=\"ez-toc-title-container\">\n<p class=\"ez-toc-title\" style=\"cursor:inherit\">Sayfa \u0130\u00e7eri\u011fi<\/p>\n<span class=\"ez-toc-title-toggle\"><a href=\"#\" class=\"ez-toc-pull-right ez-toc-btn ez-toc-btn-xs ez-toc-btn-default ez-toc-toggle\" aria-label=\"Toggle Table of Content\"><span class=\"ez-toc-js-icon-con\"><span class=\"\"><span class=\"eztoc-hide\" style=\"display:none;\">Toggle<\/span><span class=\"ez-toc-icon-toggle-span\"><svg style=\"fill: #999;color:#999\" xmlns=\"http:\/\/www.w3.org\/2000\/svg\" class=\"list-377408\" width=\"20px\" height=\"20px\" viewBox=\"0 0 24 24\" fill=\"none\"><path d=\"M6 6H4v2h2V6zm14 0H8v2h12V6zM4 11h2v2H4v-2zm16 0H8v2h12v-2zM4 16h2v2H4v-2zm16 0H8v2h12v-2z\" fill=\"currentColor\"><\/path><\/svg><svg style=\"fill: #999;color:#999\" class=\"arrow-unsorted-368013\" xmlns=\"http:\/\/www.w3.org\/2000\/svg\" width=\"10px\" height=\"10px\" viewBox=\"0 0 24 24\" version=\"1.2\" baseProfile=\"tiny\"><path d=\"M18.2 9.3l-6.2-6.3-6.2 6.3c-.2.2-.3.4-.3.7s.1.5.3.7c.2.2.4.3.7.3h11c.3 0 .5-.1.7-.3.2-.2.3-.5.3-.7s-.1-.5-.3-.7zM5.8 14.7l6.2 6.3 6.2-6.3c.2-.2.3-.5.3-.7s-.1-.5-.3-.7c-.2-.2-.4-.3-.7-.3h-11c-.3 0-.5.1-.7.3-.2.2-.3.5-.3.7s.1.5.3.7z\"\/><\/svg><\/span><\/span><\/span><\/a><\/span><\/div>\n<nav><ul class='ez-toc-list ez-toc-list-level-1 ' ><li class='ez-toc-page-1 ez-toc-heading-level-2'><a class=\"ez-toc-link ez-toc-heading-1\" href=\"https:\/\/unox.com.tr\/fr\/bride-aveugle-en-acier-inoxydable\/#Quest-ce_quune_bride_aveugle_en_acier_inoxydable\" >Qu&rsquo;est-ce qu&rsquo;une bride aveugle en acier inoxydable ?<\/a><\/li><li class='ez-toc-page-1 ez-toc-heading-level-2'><a class=\"ez-toc-link ez-toc-heading-2\" href=\"https:\/\/unox.com.tr\/fr\/bride-aveugle-en-acier-inoxydable\/#Quels_sont_les_elements_a_prendre_en_compte_dans_la_production_de_brides_aveugles_en_acier_inoxydable\" >Quels sont les \u00e9l\u00e9ments \u00e0 prendre en compte dans la production de brides aveugles en acier inoxydable ?<\/a><\/li><li class='ez-toc-page-1 ez-toc-heading-level-2'><a class=\"ez-toc-link ez-toc-heading-3\" href=\"https:\/\/unox.com.tr\/fr\/bride-aveugle-en-acier-inoxydable\/#Caracteristiques_du_produit\" >Caract\u00e9ristiques du produit<\/a><\/li><li class='ez-toc-page-1 ez-toc-heading-level-2'><a class=\"ez-toc-link ez-toc-heading-4\" href=\"https:\/\/unox.com.tr\/fr\/bride-aveugle-en-acier-inoxydable\/#Zones_dutilisation\" >Zones d&rsquo;utilisation<\/a><\/li><\/ul><\/nav><\/div>\n<h2><span class=\"ez-toc-section\" id=\"Quest-ce_quune_bride_aveugle_en_acier_inoxydable\"><\/span><span style=\"font-size: 20px;\">Qu&rsquo;est-ce qu&rsquo;une bride aveugle en acier inoxydable ?<\/span><span class=\"ez-toc-section-end\"><\/span><\/h2>\n<p>La bride aveugle en acier inoxydable est un type de joint m\u00e9canique utilis\u00e9 pour raccorder des tuyaux, des vannes, des pompes et d&rsquo;autres \u00e9quipements pour former un syst\u00e8me de tuyauterie. Il se compose d&rsquo;un anneau circulaire soud\u00e9 ou viss\u00e9 sur l&rsquo;extr\u00e9mit\u00e9 du tuyau et pr\u00e9sente une face sur\u00e9lev\u00e9e d&rsquo;un c\u00f4t\u00e9 pour permettre la fixation d&rsquo;une autre bride ou tuyau. L&rsquo;autre c\u00f4t\u00e9 de la bride peut avoir une vari\u00e9t\u00e9 de finitions de surface diff\u00e9rentes, telles qu&rsquo;une face plate, une face sur\u00e9lev\u00e9e ou une face \u00e0 rainure et languette, selon l&rsquo;application particuli\u00e8re et le type de bride utilis\u00e9. Les brides en acier inoxydable sont g\u00e9n\u00e9ralement utilis\u00e9es dans des environnements n\u00e9cessitant une r\u00e9sistance \u00e0 la corrosion tels que les industries chimiques, pharmaceutiques et agro-alimentaires. Ils sont \u00e9galement souvent utilis\u00e9s dans des applications \u00e0 haute temp\u00e9rature et haute pression.<\/p>\n<h2><span class=\"ez-toc-section\" id=\"Quels_sont_les_elements_a_prendre_en_compte_dans_la_production_de_brides_aveugles_en_acier_inoxydable\"><\/span><span style=\"font-size: 20px;\">Quels sont les \u00e9l\u00e9ments \u00e0 prendre en compte dans la production de brides aveugles en acier inoxydable ?<\/span><span class=\"ez-toc-section-end\"><\/span><\/h2>\n<p>Les caract\u00e9ristiques \u00e0 prendre en compte lors de la d\u00e9termination des dimensions des brides lors de leur production peuvent \u00eatre r\u00e9pertori\u00e9es comme suit :<\/p>\n<ul>\n<li>Quel est le mat\u00e9riau \u00e0 utiliser dans la production.<\/li>\n<li>La valeur de temp\u00e9rature et de pression la plus \u00e9lev\u00e9e \u00e0 laquelle la bride sera utilis\u00e9e.<\/li>\n<li>S\u00e9v\u00e9rit\u00e9 de la corrosion \u00e0 laquelle la ligne utilis\u00e9e sera expos\u00e9e.<\/li>\n<li>Zone d&rsquo;utilisation de la bride.<\/li>\n<\/ul>\n<p>Les brides sont un \u00e9l\u00e9ment indispensable dans de nombreux projets d&rsquo;ing\u00e9nierie et de plomberie. Dans de nombreuses applications, les ing\u00e9nieurs doivent fermer en toute s\u00e9curit\u00e9 une cuve, un cylindre ou un tuyau. De cette fa\u00e7on, l&rsquo;\u00e9l\u00e9ment le plus appropri\u00e9 pour les positions est la bride. Gr\u00e2ce aux brides en acier inoxydable, le probl\u00e8me de fuite est \u00e9limin\u00e9.<\/p>\n<h2><span class=\"ez-toc-section\" id=\"Caracteristiques_du_produit\"><\/span><span style=\"font-size: 20px;\">Caract\u00e9ristiques du produit<\/span><span class=\"ez-toc-section-end\"><\/span><\/h2>\n<ul>\n<li><strong>Plage de mesure<\/strong> : DN 15 \u2013 DN 200<\/li>\n<li><strong>Classe de pression<\/strong> : PN 10\/16<\/li>\n<li><strong>Mat\u00e9riau<\/strong> : Acier Inoxydable AISI 304\/304L\/316.<\/li>\n<\/ul>\n<p>Veuillez nous contacter pour des informations d\u00e9taill\u00e9es sur le produit et le circuit de commande \u00e9lectronique utilis\u00e9 avec celui-ci.<\/p>\n<h2><span class=\"ez-toc-section\" id=\"Zones_dutilisation\"><\/span><span style=\"font-size: 20px;\">Zones d&rsquo;utilisation<\/span><span class=\"ez-toc-section-end\"><\/span><\/h2>\n<ul>\n<li>Vannes et pompes<\/li>\n<li>Plomberie<\/li>\n<li>Machines diverses<\/li>\n<\/ul>\n","protected":false},"excerpt":{"rendered":"<p><a href=\"https:\/\/unox.com.tr\/wp-content\/uploads\/2023\/01\/Paslanmaz-Flans.pdf\" target=\"_blank\" rel=\"noopener\"><button style=\"background-color: #11224b; color: #ffffff; padding: 10px 15px; font-family: montserrat; font-weight: bold; font-size: 19px; border-radius: 10px;\"><img decoding=\"async\" style=\"width: 25px; height: 25px;\" src=\"https:\/\/unox.com.tr\/wp-content\/uploads\/2023\/02\/pdf-1.png\">CATALOGUE DES PRODUITS<\/button><\/a><\/p>\n<p><button style=\"background-color: #11224b; margin-top: 5px; color: white; padding: 0px 15px; width: 150px; height: 55px; border-radius: 10px; border: none; cursor: pointer;\"><br \/>\n<img decoding=\"async\" style=\"width: 120px; height: 30px;\" src=\"https:\/\/unox.com.tr\/wp-content\/uploads\/2023\/02\/4-1.svg\"><\/button><\/p>\n","protected":false},"featured_media":27854,"comment_status":"open","ping_status":"closed","template":"","meta":[],"product_brand":[],"product_cat":[1066,1031],"product_tag":[],"class_list":{"0":"post-57471","1":"product","2":"type-product","3":"status-publish","4":"has-post-thumbnail","6":"product_cat-brides-en-acier-inoxydable","7":"product_cat-compensateur-et-tuyaux","9":"first","10":"instock","11":"shipping-taxable","12":"product-type-simple"},"_links":{"self":[{"href":"https:\/\/unox.com.tr\/fr\/wp-json\/wp\/v2\/product\/57471","targetHints":{"allow":["GET"]}}],"collection":[{"href":"https:\/\/unox.com.tr\/fr\/wp-json\/wp\/v2\/product"}],"about":[{"href":"https:\/\/unox.com.tr\/fr\/wp-json\/wp\/v2\/types\/product"}],"replies":[{"embeddable":true,"href":"https:\/\/unox.com.tr\/fr\/wp-json\/wp\/v2\/comments?post=57471"}],"version-history":[{"count":0,"href":"https:\/\/unox.com.tr\/fr\/wp-json\/wp\/v2\/product\/57471\/revisions"}],"wp:featuredmedia":[{"embeddable":true,"href":"https:\/\/unox.com.tr\/fr\/wp-json\/wp\/v2\/media\/27854"}],"wp:attachment":[{"href":"https:\/\/unox.com.tr\/fr\/wp-json\/wp\/v2\/media?parent=57471"}],"wp:term":[{"taxonomy":"product_brand","embeddable":true,"href":"https:\/\/unox.com.tr\/fr\/wp-json\/wp\/v2\/product_brand?post=57471"},{"taxonomy":"product_cat","embeddable":true,"href":"https:\/\/unox.com.tr\/fr\/wp-json\/wp\/v2\/product_cat?post=57471"},{"taxonomy":"product_tag","embeddable":true,"href":"https:\/\/unox.com.tr\/fr\/wp-json\/wp\/v2\/product_tag?post=57471"}],"curies":[{"name":"wp","href":"https:\/\/api.w.org\/{rel}","templated":true}]}}