{"id":61484,"date":"2024-05-31T11:10:58","date_gmt":"2024-05-31T08:10:58","guid":{"rendered":"https:\/\/unox.com.tr\/vanne-courbee-a-brides-a-3-voies-type-t\/"},"modified":"2024-07-11T21:40:52","modified_gmt":"2024-07-11T18:40:52","slug":"vanne-courbee-a-brides-a-3-voies-type-t","status":"publish","type":"product","link":"https:\/\/unox.com.tr\/fr\/vanne-courbee-a-brides-a-3-voies-type-t\/","title":{"rendered":"Robinet \u00e0 boisseau sph\u00e9rique \u00e0 brides 3 voies Type T."},"content":{"rendered":"<div id=\"ez-toc-container\" class=\"ez-toc-v2_0_82_2 counter-hierarchy ez-toc-counter ez-toc-grey ez-toc-container-direction\">\n<div class=\"ez-toc-title-container\">\n<p class=\"ez-toc-title\" style=\"cursor:inherit\">Sayfa \u0130\u00e7eri\u011fi<\/p>\n<span class=\"ez-toc-title-toggle\"><a href=\"#\" class=\"ez-toc-pull-right ez-toc-btn ez-toc-btn-xs ez-toc-btn-default ez-toc-toggle\" aria-label=\"Toggle Table of Content\"><span class=\"ez-toc-js-icon-con\"><span class=\"\"><span class=\"eztoc-hide\" style=\"display:none;\">Toggle<\/span><span class=\"ez-toc-icon-toggle-span\"><svg style=\"fill: #999;color:#999\" xmlns=\"http:\/\/www.w3.org\/2000\/svg\" class=\"list-377408\" width=\"20px\" height=\"20px\" viewBox=\"0 0 24 24\" fill=\"none\"><path d=\"M6 6H4v2h2V6zm14 0H8v2h12V6zM4 11h2v2H4v-2zm16 0H8v2h12v-2zM4 16h2v2H4v-2zm16 0H8v2h12v-2z\" fill=\"currentColor\"><\/path><\/svg><svg style=\"fill: #999;color:#999\" class=\"arrow-unsorted-368013\" xmlns=\"http:\/\/www.w3.org\/2000\/svg\" width=\"10px\" height=\"10px\" viewBox=\"0 0 24 24\" version=\"1.2\" baseProfile=\"tiny\"><path d=\"M18.2 9.3l-6.2-6.3-6.2 6.3c-.2.2-.3.4-.3.7s.1.5.3.7c.2.2.4.3.7.3h11c.3 0 .5-.1.7-.3.2-.2.3-.5.3-.7s-.1-.5-.3-.7zM5.8 14.7l6.2 6.3 6.2-6.3c.2-.2.3-.5.3-.7s-.1-.5-.3-.7c-.2-.2-.4-.3-.7-.3h-11c-.3 0-.5.1-.7.3-.2.2-.3.5-.3.7s.1.5.3.7z\"\/><\/svg><\/span><\/span><\/span><\/a><\/span><\/div>\n<nav><ul class='ez-toc-list ez-toc-list-level-1 ' ><li class='ez-toc-page-1 ez-toc-heading-level-2'><a class=\"ez-toc-link ez-toc-heading-1\" href=\"https:\/\/unox.com.tr\/fr\/vanne-courbee-a-brides-a-3-voies-type-t\/#Robinet_a_boisseau_spherique_a_brides_3_voies_Type_T\" >Robinet \u00e0 boisseau sph\u00e9rique \u00e0 brides 3 voies Type T.<\/a><\/li><li class='ez-toc-page-1 ez-toc-heading-level-2'><a class=\"ez-toc-link ez-toc-heading-2\" href=\"https:\/\/unox.com.tr\/fr\/vanne-courbee-a-brides-a-3-voies-type-t\/#Robinet_a_tournant_spherique_a_brides_3_voies_Type_T_Specifications\" >Robinet \u00e0 tournant sph\u00e9rique \u00e0 brides 3 voies Type T Sp\u00e9cifications :<\/a><\/li><li class='ez-toc-page-1 ez-toc-heading-level-2'><a class=\"ez-toc-link ez-toc-heading-3\" href=\"https:\/\/unox.com.tr\/fr\/vanne-courbee-a-brides-a-3-voies-type-t\/#Les_avantages_du_robinet_a_boisseau_spherique_a_brides_3_voies_type_T\" >Les avantages du robinet \u00e0 boisseau sph\u00e9rique \u00e0 brides 3 voies type T :<\/a><\/li><li class='ez-toc-page-1 ez-toc-heading-level-2'><a class=\"ez-toc-link ez-toc-heading-4\" href=\"https:\/\/unox.com.tr\/fr\/vanne-courbee-a-brides-a-3-voies-type-t\/#Domaines_dutilisation\" >Domaines d&rsquo;utilisation :<\/a><\/li><\/ul><\/nav><\/div>\n<h2><span class=\"ez-toc-section\" id=\"Robinet_a_boisseau_spherique_a_brides_3_voies_Type_T\"><\/span>Robinet \u00e0 boisseau sph\u00e9rique \u00e0 brides 3 voies Type T.<span class=\"ez-toc-section-end\"><\/span><\/h2>\n<p>Le robinet \u00e0 boisseau sph\u00e9rique \u00e0 brides 3 voies de type T, est un robinet durable et \u00e0 haute performance con\u00e7u pour la d\u00e9rivation et le contr\u00f4le des fluides dans diverses applications industrielles. Gr\u00e2ce \u00e0 sa construction robuste et \u00e0 ses mat\u00e9riaux de haute qualit\u00e9, cette vanne garantit des performances fiables, m\u00eame dans des conditions de fonctionnement difficiles.<\/p>\n<h2><span class=\"ez-toc-section\" id=\"Robinet_a_tournant_spherique_a_brides_3_voies_Type_T_Specifications\"><\/span>Robinet \u00e0 tournant sph\u00e9rique \u00e0 brides 3 voies Type T Sp\u00e9cifications :<span class=\"ez-toc-section-end\"><\/span><\/h2>\n<ul>\n<li>Mat\u00e9riau :Les choix d&rsquo;acier inoxydable de haute qualit\u00e9 ou d&rsquo;acier au carbone.<\/li>\n<li>Type de connexion : Facilit\u00e9 de montage et d&rsquo;\u00e9tanch\u00e9it\u00e9 gr\u00e2ce \u00e0 un raccord \u00e0 bride.<\/li>\n<li>Configuration du flux : Trois options diff\u00e9rentes d&rsquo;acheminement du flux gr\u00e2ce \u00e0 la conception en T.<\/li>\n<li>Temp\u00e9rature de fonctionnement : Convient \u00e0 diff\u00e9rentes applications avec une large gamme de temp\u00e9ratures de fonctionnement.<\/li>\n<li>R\u00e9sistance \u00e0 la pression :Appropri\u00e9 aux normes industrielles avec une r\u00e9sistance \u00e9lev\u00e9e \u00e0 la compression.<\/li>\n<li>\u00c9tanch\u00e9it\u00e9 : Op\u00e9ration fiable gr\u00e2ce \u00e0 des propri\u00e9t\u00e9s d&rsquo;\u00e9tanch\u00e9it\u00e9 am\u00e9lior\u00e9es.<\/li>\n<li>Domaines d&rsquo;utilisation : Applications chimiques, p\u00e9trochimiques, agroalimentaires, traitement de l&rsquo;eau et industrielles g\u00e9n\u00e9rales.<\/li>\n<\/ul>\n<h2><span class=\"ez-toc-section\" id=\"Les_avantages_du_robinet_a_boisseau_spherique_a_brides_3_voies_type_T\"><\/span>Les avantages du robinet \u00e0 boisseau sph\u00e9rique \u00e0 brides 3 voies type T :<span class=\"ez-toc-section-end\"><\/span><\/h2>\n<ul>\n<li>Utilisation polyvalente : La conception en T \u00e0 3 voies vous permet de changer la direction du fluide en toute flexibilit\u00e9.<\/li>\n<li>Longue dur\u00e9e de vie : Utilisation longue dur\u00e9e gr\u00e2ce \u00e0 des mat\u00e9riaux et une structure durables.<\/li>\n<li>Entretien facile : Entretien et r\u00e9paration faciles gr\u00e2ce \u00e0 sa conception modulaire.<\/li>\n<li>Des performances fiables : Processus de production et d&rsquo;essai conformes \u00e0 des normes de qualit\u00e9 \u00e9lev\u00e9es.<\/li>\n<\/ul>\n<h2><span class=\"ez-toc-section\" id=\"Domaines_dutilisation\"><\/span>Domaines d&rsquo;utilisation :<span class=\"ez-toc-section-end\"><\/span><\/h2>\n<p>Le robinet \u00e0 boisseau sph\u00e9rique \u00e0 brides \u00e0 3 voies de type T, est la solution parfaite pour la d\u00e9rivation et le contr\u00f4le des fluides dans les installations industrielles. Ils conviennent \u00e0 un large \u00e9ventail d&rsquo;applications, des usines chimiques et p\u00e9trochimiques aux syst\u00e8mes de traitement de l&rsquo;eau, des lignes de production d&rsquo;aliments et de boissons aux applications industrielles g\u00e9n\u00e9rales.<\/p>\n","protected":false},"excerpt":{"rendered":"<p><a href=\"https:\/\/unox.com.tr\/wp-content\/uploads\/2024\/05\/3-Yollu-T-Tip-Flansli-Kuresel-Vana.pdf\" target=\"_blank\" rel=\"noopener\"><button style=\"background-color: #11224b; color: #ffffff; padding: 10px 15px; font-family: montserrat; font-weight: bold; font-size: 19px; border-radius: 10px;\"><img decoding=\"async\" style=\"width: 25px; height: 25px;\" src=\"https:\/\/unox.com.tr\/wp-content\/uploads\/2023\/02\/pdf-1.png\">CATALOGUE DE PRODUIT<\/button><\/a><\/p>\n<p><button style=\"background-color: #11224b; margin-top: 5px; color: white; padding: 0px 15px; width: 150px; height: 55px; border-radius: 10px; border: none; cursor: pointer;\"><br \/>\n<img decoding=\"async\" style=\"width: 120px; height: 30px;\" src=\"https:\/\/unox.com.tr\/wp-content\/uploads\/2023\/02\/4-1.svg\"><\/button><\/p>\n","protected":false},"featured_media":61247,"comment_status":"open","ping_status":"closed","template":"","meta":{"_joinchat":[]},"product_brand":[],"product_cat":[1138,1149],"product_tag":[],"class_list":{"0":"post-61484","1":"product","2":"type-product","3":"status-publish","4":"has-post-thumbnail","6":"product_cat-groupe-de-vanne","7":"product_cat-vannes-a-bille","9":"first","10":"instock","11":"shipping-taxable","12":"product-type-simple"},"_links":{"self":[{"href":"https:\/\/unox.com.tr\/fr\/wp-json\/wp\/v2\/product\/61484","targetHints":{"allow":["GET"]}}],"collection":[{"href":"https:\/\/unox.com.tr\/fr\/wp-json\/wp\/v2\/product"}],"about":[{"href":"https:\/\/unox.com.tr\/fr\/wp-json\/wp\/v2\/types\/product"}],"replies":[{"embeddable":true,"href":"https:\/\/unox.com.tr\/fr\/wp-json\/wp\/v2\/comments?post=61484"}],"version-history":[{"count":0,"href":"https:\/\/unox.com.tr\/fr\/wp-json\/wp\/v2\/product\/61484\/revisions"}],"wp:featuredmedia":[{"embeddable":true,"href":"https:\/\/unox.com.tr\/fr\/wp-json\/wp\/v2\/media\/61247"}],"wp:attachment":[{"href":"https:\/\/unox.com.tr\/fr\/wp-json\/wp\/v2\/media?parent=61484"}],"wp:term":[{"taxonomy":"product_brand","embeddable":true,"href":"https:\/\/unox.com.tr\/fr\/wp-json\/wp\/v2\/product_brand?post=61484"},{"taxonomy":"product_cat","embeddable":true,"href":"https:\/\/unox.com.tr\/fr\/wp-json\/wp\/v2\/product_cat?post=61484"},{"taxonomy":"product_tag","embeddable":true,"href":"https:\/\/unox.com.tr\/fr\/wp-json\/wp\/v2\/product_tag?post=61484"}],"curies":[{"name":"wp","href":"https:\/\/api.w.org\/{rel}","templated":true}]}}