{"id":61505,"date":"2024-03-05T09:57:13","date_gmt":"2024-03-05T06:57:13","guid":{"rendered":"https:\/\/unox.com.tr\/vanne-spherique-en-acier-inoxydable-a-3-pieces-filetee\/"},"modified":"2024-03-05T09:57:13","modified_gmt":"2024-03-05T06:57:13","slug":"vanne-spherique-en-acier-inoxydable-a-3-pieces-filetee","status":"publish","type":"product","link":"https:\/\/unox.com.tr\/fr\/vanne-spherique-en-acier-inoxydable-a-3-pieces-filetee\/","title":{"rendered":"Vanne sph\u00e9rique en acier inoxydable \u00e0 3 pi\u00e8ces &#8211; Filet\u00e9e."},"content":{"rendered":"<h2>Qu&rsquo;est-ce qu&rsquo;une vanne sph\u00e9rique en acier inoxydable \u00e0 3 pi\u00e8ces ?<\/h2>\n<p>Une vanne sph\u00e9rique en acier inoxydable \u00e0 trois pi\u00e8ces est une valve qui utilise un disque en forme de sph\u00e8re pour arr\u00eater ou d\u00e9marrer le flux en effectuant un quart de tour de rotation. Elle est d\u00e9finie comme un dispositif m\u00e9canique qui guide et module le flux de divers types de liquides en ouvrant une sph\u00e8re avec une ouverture au centre de la valve. En tournant la poign\u00e9e de la vanne, il ouvre\/ferme manuellement le port qui contr\u00f4le la pression du flux de liquide. La durabilit\u00e9 et l&rsquo;excellente fermeture sont des caract\u00e9ristiques qui rendent la vanne \u00e0 bille avantageuse par rapport aux autres types de vannes.<\/p>\n<p><strong><span style=\"font-size: 22px;\">Comment fonctionne une vanne sph\u00e9rique en acier inoxydable \u00e0 trois pi\u00e8ces ?<\/span><\/strong><\/p>\n<p>Les syst\u00e8mes de contr\u00f4le plus complexes utilisant des vannes pour r\u00e9guler le d\u00e9bit dans les tuyaux n\u00e9cessiteront un actionneur. L&rsquo;actionneur contr\u00f4le la vanne de mani\u00e8re pneumatique ou \u00e9lectrique, assurant son positionnement appropri\u00e9 pour une sensibilit\u00e9 aux pressions et niveaux de flux variables du liquide. Pour d\u00e9terminer la vanne appropri\u00e9e, il est n\u00e9cessaire de consid\u00e9rer des caract\u00e9ristiques telles que la temp\u00e9rature et la pression, le nombre de ports, la taille de la vanne, le type de mat\u00e9riau du corps, les connexions d&rsquo;extr\u00e9mit\u00e9 et les configurations.<\/p>\n<p><strong><span style=\"font-size: 22px;\">Caract\u00e9ristiques g\u00e9n\u00e9rales<\/span><\/strong><\/p>\n<ul>\n<li><strong>Corps<\/strong> : Acier Inoxydable AISI304<\/li>\n<li><strong>Sph\u00e8re<\/strong> : Acier Inoxydable AISI304<\/li>\n<li><strong>Connexions<\/strong> : BSP filet\u00e9<\/li>\n<li><strong>Diam\u00e8tre nominal:<\/strong> DN15 (1\/2\u201d) &#8211; DN100 (4\u201d)<\/li>\n<li><strong>Valeurs de pression<\/strong> : Max. 63 barres <\/li>\n<li><strong>Temp\u00e9rature<\/strong> : -10\u00baC&rsquo;\/+180\u00baC selon la structure du mat\u00e9riau<\/li>\n<\/ul>\n<p><strong><span style=\"font-size: 22px;\">Champ d&rsquo;application<\/span><\/strong><\/p>\n<ul>\n<li>Applications d&rsquo;air, de gaz et de liquide<\/li>\n<li>Les \u00e9vacuations et les trous de ventilation dans les services de liquides, de gaz et autres liquides<\/li>\n<li>Service de vapeur<\/li>\n<li>Installations alimentaires<\/li>\n<li>Industrie Chimique<\/li>\n<li>Papier-animal de compagnie vs. zones de recyclage<\/li>\n<\/ul>\n<p><strong><span style=\"font-size: 22px;\">Quels sont les avantages et les inconv\u00e9nients des vannes sph\u00e9riques?<\/span><\/strong><\/p>\n<p><strong><span style=\"font-size: 20px;\">Les avantages<\/span><\/strong><\/p>\n<ul>\n<li>Fonctionnement marche-arr\u00eat rapide<\/li>\n<li>\u00c9tanch\u00e9it\u00e9 serr\u00e9e \u00e0 faible couple<\/li>\n<li>De plus petite taille que la plupart des autres vannes<\/li>\n<\/ul>\n<p><strong><span style=\"font-size: 20px;\">Les d\u00e9savantages<\/span><\/strong><\/p>\n<ul>\n<li>Les vannes sph\u00e9riques conventionnelles pr\u00e9sentent des caract\u00e9ristiques de r\u00e9duction de d\u00e9bit faibles.<\/li>\n<li>Dans des applications telles que les suspensions ou autres, des particules en suspension peuvent se d\u00e9poser, se coincer dans les cavit\u00e9s du corps et entra\u00eener une usure, des fuites ou une d\u00e9faillance de la vanne.<\/li>\n<\/ul>\n<p>Pour en savoir plus sur les vannes sph\u00e9rique, visitez notre page d\u00e9di\u00e9e aux <a href=\"\/?product_cat=kuresel-vanalar\">vannes sph\u00e9rique<\/a>.<\/p>\n","protected":false},"excerpt":{"rendered":"<p><button style=\"background-color: #11224b; color: #ffffff; padding: 10px 15px; font-family: montserrat; font-weight: bold; font-size: 19px; border-radius: 10px;\"><img decoding=\"async\" style=\"width: 25px; height: 25px;\" src=\"https:\/\/unox.com.tr\/wp-content\/uploads\/2023\/02\/pdf-1.png\">CATALOGUE DES PRODUITS<\/button><\/p>\n<p><button style=\"background-color: #11224b; margin-top: 5px; color: white; padding: 0px 15px; width: 150px; height: 55px; border-radius: 10px; border: none; cursor: pointer;\"><br \/>\n<img decoding=\"async\" style=\"width: 120px; height: 30px;\" src=\"https:\/\/unox.com.tr\/wp-content\/uploads\/2023\/02\/4-1.svg\"><\/button><\/p>\n","protected":false},"featured_media":69766,"comment_status":"closed","ping_status":"closed","template":"","meta":[],"product_brand":[],"product_cat":[1149,1138],"product_tag":[],"class_list":{"0":"post-61505","1":"product","2":"type-product","3":"status-publish","4":"has-post-thumbnail","6":"product_cat-vannes-a-bille","7":"product_cat-groupe-de-vanne","9":"first","10":"instock","11":"shipping-taxable","12":"product-type-simple"},"_links":{"self":[{"href":"https:\/\/unox.com.tr\/fr\/wp-json\/wp\/v2\/product\/61505","targetHints":{"allow":["GET"]}}],"collection":[{"href":"https:\/\/unox.com.tr\/fr\/wp-json\/wp\/v2\/product"}],"about":[{"href":"https:\/\/unox.com.tr\/fr\/wp-json\/wp\/v2\/types\/product"}],"replies":[{"embeddable":true,"href":"https:\/\/unox.com.tr\/fr\/wp-json\/wp\/v2\/comments?post=61505"}],"version-history":[{"count":0,"href":"https:\/\/unox.com.tr\/fr\/wp-json\/wp\/v2\/product\/61505\/revisions"}],"wp:featuredmedia":[{"embeddable":true,"href":"https:\/\/unox.com.tr\/fr\/wp-json\/wp\/v2\/media\/69766"}],"wp:attachment":[{"href":"https:\/\/unox.com.tr\/fr\/wp-json\/wp\/v2\/media?parent=61505"}],"wp:term":[{"taxonomy":"product_brand","embeddable":true,"href":"https:\/\/unox.com.tr\/fr\/wp-json\/wp\/v2\/product_brand?post=61505"},{"taxonomy":"product_cat","embeddable":true,"href":"https:\/\/unox.com.tr\/fr\/wp-json\/wp\/v2\/product_cat?post=61505"},{"taxonomy":"product_tag","embeddable":true,"href":"https:\/\/unox.com.tr\/fr\/wp-json\/wp\/v2\/product_tag?post=61505"}],"curies":[{"name":"wp","href":"https:\/\/api.w.org\/{rel}","templated":true}]}}