{"id":61528,"date":"2024-03-05T09:19:33","date_gmt":"2024-03-05T06:19:33","guid":{"rendered":"https:\/\/unox.com.tr\/clapet-anti-retour-en-fonte-ductile\/"},"modified":"2024-03-05T09:19:33","modified_gmt":"2024-03-05T06:19:33","slug":"clapet-anti-retour-en-fonte-ductile","status":"publish","type":"product","link":"https:\/\/unox.com.tr\/fr\/clapet-anti-retour-en-fonte-ductile\/","title":{"rendered":"Clapet anti-retour \u00e0 disque en fonte ductile"},"content":{"rendered":"<h2><strong><span style=\"font-size: 22px;\">Qu&rsquo;est-ce qu&rsquo;un clapet anti-retour \u00e0 disque ductile ?<\/span><\/strong><\/h2>\n<p>Un clapet anti-retour \u00e0 disque ductile est un type de clapet qui emp\u00eache les retours d&rsquo;eau en permettant au fluide de s&rsquo;\u00e9couler dans une seule direction. Il se compose d&rsquo;un corps de valve avec un clapet ou un disque articul\u00e9 attach\u00e9 \u00e0 une tige. Lorsque le fluide s&rsquo;\u00e9coule dans la direction appropri\u00e9e, le disque est \u00e9cart\u00e9, permettant au fluide de passer \u00e0 travers la vanne. Lorsque le flux de fluide s&rsquo;arr\u00eate ou change de sens, le disque revient \u00e0 sa position d&rsquo;origine, emp\u00eachant le fluide de s&rsquo;\u00e9couler dans le sens oppos\u00e9.<\/p>\n<p>Les clapets anti-retour sont des armatures \u00e0 usage g\u00e9n\u00e9ral et ont des domaines d&rsquo;application pour les liquides, les gaz et la vapeur. Ils augmentent la s\u00e9curit\u00e9 de fonctionnement et peuvent remplacer des montages compliqu\u00e9s en fonction de la situation. L&rsquo;utilisation d&rsquo;une telle armature rend le clapet anti-retour Unox Disco avantageux en raison de ses caract\u00e9ristiques telles que la courte distance et le temps de montage, et le gain de place.<\/p>\n","protected":false},"excerpt":{"rendered":"<p><button style=\"background-color: #11224b; color: #ffffff; padding: 10px 15px; font-family: montserrat; font-weight: bold; font-size: 19px; border-radius: 10px;\"><img decoding=\"async\" style=\"width: 25px; height: 25px;\" src=\"https:\/\/unox.com.tr\/wp-content\/uploads\/2023\/02\/pdf-1.png\">CATALOGUE DE PRODUIT<\/button><\/p>\n<p><button style=\"background-color: #11224b; margin-top: 5px; color: white; padding: 0px 15px; width: 150px; height: 55px; border-radius: 10px; border: none; cursor: pointer;\"><br \/>\n<img decoding=\"async\" style=\"width: 120px; height: 30px;\" src=\"https:\/\/unox.com.tr\/wp-content\/uploads\/2023\/02\/4-1.svg\"><\/button><\/p>\n","protected":false},"featured_media":68952,"comment_status":"closed","ping_status":"closed","template":"","meta":{"_joinchat":[]},"product_brand":[],"product_cat":[1572,1138],"product_tag":[],"class_list":{"0":"post-61528","1":"product","2":"type-product","3":"status-publish","4":"has-post-thumbnail","6":"product_cat-clapets-anti-retour","7":"product_cat-groupe-de-vanne","9":"first","10":"instock","11":"shipping-taxable","12":"product-type-simple"},"_links":{"self":[{"href":"https:\/\/unox.com.tr\/fr\/wp-json\/wp\/v2\/product\/61528","targetHints":{"allow":["GET"]}}],"collection":[{"href":"https:\/\/unox.com.tr\/fr\/wp-json\/wp\/v2\/product"}],"about":[{"href":"https:\/\/unox.com.tr\/fr\/wp-json\/wp\/v2\/types\/product"}],"replies":[{"embeddable":true,"href":"https:\/\/unox.com.tr\/fr\/wp-json\/wp\/v2\/comments?post=61528"}],"version-history":[{"count":0,"href":"https:\/\/unox.com.tr\/fr\/wp-json\/wp\/v2\/product\/61528\/revisions"}],"wp:featuredmedia":[{"embeddable":true,"href":"https:\/\/unox.com.tr\/fr\/wp-json\/wp\/v2\/media\/68952"}],"wp:attachment":[{"href":"https:\/\/unox.com.tr\/fr\/wp-json\/wp\/v2\/media?parent=61528"}],"wp:term":[{"taxonomy":"product_brand","embeddable":true,"href":"https:\/\/unox.com.tr\/fr\/wp-json\/wp\/v2\/product_brand?post=61528"},{"taxonomy":"product_cat","embeddable":true,"href":"https:\/\/unox.com.tr\/fr\/wp-json\/wp\/v2\/product_cat?post=61528"},{"taxonomy":"product_tag","embeddable":true,"href":"https:\/\/unox.com.tr\/fr\/wp-json\/wp\/v2\/product_tag?post=61528"}],"curies":[{"name":"wp","href":"https:\/\/api.w.org\/{rel}","templated":true}]}}