{"id":61530,"date":"2024-02-26T13:31:40","date_gmt":"2024-02-26T10:31:40","guid":{"rendered":"https:\/\/unox.com.tr\/systeme-de-regulation-electrique-a-debit-constant\/"},"modified":"2024-02-26T13:31:40","modified_gmt":"2024-02-26T10:31:40","slug":"systeme-de-regulation-electrique-a-debit-constant","status":"publish","type":"product","link":"https:\/\/unox.com.tr\/fr\/systeme-de-regulation-electrique-a-debit-constant\/","title":{"rendered":"Syst\u00e8me de contr\u00f4le PID du d\u00e9bit \u00e9lectrique"},"content":{"rendered":"<h2>Qu&rsquo;est-ce que le syst\u00e8me de contr\u00f4le PID du d\u00e9bit \u00e9lectrique ?<\/h2>\n<p>Les donn\u00e9es num\u00e9riques du d\u00e9bitm\u00e8tre sont partag\u00e9es avec le dispositif de contr\u00f4le par l&rsquo;interm\u00e9diaire d&rsquo;un c\u00e2ble. Ici, le contr\u00f4leur d\u00e9cide si le d\u00e9bit est sup\u00e9rieur ou inf\u00e9rieur \u00e0 la valeur de consigne. Si le d\u00e9bit est inf\u00e9rieur \u00e0 la valeur sp\u00e9cifi\u00e9e, le contr\u00f4leur envoie un signal au moteur proportionnel pour qu&rsquo;il se mette en marche. Si le d\u00e9bit est sup\u00e9rieur \u00e0 la valeur r\u00e9gl\u00e9e, le contr\u00f4leur envoie un signal au moteur proportionnel pour l&rsquo;\u00e9tranglement. Ce processus se d\u00e9roule jusqu&rsquo;\u00e0 ce que les valeurs de d\u00e9bit r\u00e9gl\u00e9es sur le dispositif de contr\u00f4le soient atteintes.<\/p>\n","protected":false},"excerpt":{"rendered":"<p><button style=\"background-color: #11224b; color: #ffffff; padding: 10px 15px; font-family: montserrat; font-weight: bold; font-size: 19px; border-radius: 10px;\"><img decoding=\"async\" style=\"width: 25px; height: 25px;\" src=\"https:\/\/unox.com.tr\/wp-content\/uploads\/2023\/02\/pdf-1.png\">CATALOGUE DE PRODUIT<\/button><\/p>\n<p><button style=\"background-color: #11224b; margin-top: 5px; color: white; padding: 0px 15px; width: 150px; height: 55px; border-radius: 10px; border: none; cursor: pointer;\"><br \/>\n<img decoding=\"async\" style=\"width: 120px; height: 30px;\" src=\"https:\/\/unox.com.tr\/wp-content\/uploads\/2023\/02\/4-1.svg\"><\/button><\/p>\n","protected":false},"featured_media":59546,"comment_status":"open","ping_status":"closed","template":"","meta":[],"product_brand":[],"product_cat":[1636,1646,1071],"product_tag":[],"class_list":{"0":"post-61530","1":"product","2":"type-product","3":"status-publish","4":"has-post-thumbnail","6":"product_cat-systemes-de-controle","7":"product_cat-systemes-de-controle-pid-de-debit","8":"product_cat-vannes-de-controle","10":"first","11":"instock","12":"shipping-taxable","13":"product-type-simple"},"_links":{"self":[{"href":"https:\/\/unox.com.tr\/fr\/wp-json\/wp\/v2\/product\/61530","targetHints":{"allow":["GET"]}}],"collection":[{"href":"https:\/\/unox.com.tr\/fr\/wp-json\/wp\/v2\/product"}],"about":[{"href":"https:\/\/unox.com.tr\/fr\/wp-json\/wp\/v2\/types\/product"}],"replies":[{"embeddable":true,"href":"https:\/\/unox.com.tr\/fr\/wp-json\/wp\/v2\/comments?post=61530"}],"version-history":[{"count":0,"href":"https:\/\/unox.com.tr\/fr\/wp-json\/wp\/v2\/product\/61530\/revisions"}],"wp:featuredmedia":[{"embeddable":true,"href":"https:\/\/unox.com.tr\/fr\/wp-json\/wp\/v2\/media\/59546"}],"wp:attachment":[{"href":"https:\/\/unox.com.tr\/fr\/wp-json\/wp\/v2\/media?parent=61530"}],"wp:term":[{"taxonomy":"product_brand","embeddable":true,"href":"https:\/\/unox.com.tr\/fr\/wp-json\/wp\/v2\/product_brand?post=61530"},{"taxonomy":"product_cat","embeddable":true,"href":"https:\/\/unox.com.tr\/fr\/wp-json\/wp\/v2\/product_cat?post=61530"},{"taxonomy":"product_tag","embeddable":true,"href":"https:\/\/unox.com.tr\/fr\/wp-json\/wp\/v2\/product_tag?post=61530"}],"curies":[{"name":"wp","href":"https:\/\/api.w.org\/{rel}","templated":true}]}}