{"id":61546,"date":"2024-02-26T13:01:16","date_gmt":"2024-02-26T10:01:16","guid":{"rendered":"https:\/\/unox.com.tr\/systeme-de-controle-pid-de-la-temperature-electrique\/"},"modified":"2024-02-26T13:01:16","modified_gmt":"2024-02-26T10:01:16","slug":"systeme-de-controle-pid-de-la-temperature-electrique","status":"publish","type":"product","link":"https:\/\/unox.com.tr\/fr\/systeme-de-controle-pid-de-la-temperature-electrique\/","title":{"rendered":"Syst\u00e8me de contr\u00f4le PID de la temp\u00e9rature \u00e9lectrique"},"content":{"rendered":"<h2>Qu&rsquo;est-ce que le syst\u00e8me de contr\u00f4le PID de la temp\u00e9rature \u00e9lectrique ?<\/h2>\n<p>Afin de r\u00e9duire la temp\u00e9rature ou de la maintenir au niveau souhait\u00e9, un c\u00e2ble est connect\u00e9 \u00e0 l&rsquo;appareil de contr\u00f4le via un dispositif de mesure (tel qu&rsquo;un PT100) qui fournit une sortie num\u00e9rique sur la canalisation. Le dispositif de contr\u00f4le traite les donn\u00e9es num\u00e9riques re\u00e7ues du capteur de temp\u00e9rature et envoie un signal entre 4 et 20 mA au moteur proportionnel de la vanne de contr\u00f4le. Gr\u00e2ce \u00e0 ce signal, la vanne de r\u00e9gulation se d\u00e9place dans le sens de la fermeture ou de l&rsquo;ouverture.<\/p>\n","protected":false},"excerpt":{"rendered":"<p><button style=\"background-color: #11224b; color: #ffffff; padding: 10px 15px; font-family: montserrat; font-weight: bold; font-size: 19px; border-radius: 10px;\"><img decoding=\"async\" style=\"width: 25px; height: 25px;\" src=\"https:\/\/unox.com.tr\/wp-content\/uploads\/2023\/02\/pdf-1.png\">CATALOGUE DE PRODUIT<\/button><\/p>\n<p><button style=\"background-color: #11224b; margin-top: 5px; color: white; padding: 0px 15px; width: 150px; height: 55px; border-radius: 10px; border: none; cursor: pointer;\"><br \/>\n<img decoding=\"async\" style=\"width: 120px; height: 30px;\" src=\"https:\/\/unox.com.tr\/wp-content\/uploads\/2023\/02\/4-1.svg\"><\/button><\/p>\n","protected":false},"featured_media":59508,"comment_status":"open","ping_status":"closed","template":"","meta":[],"product_brand":[],"product_cat":[1636,1651,1071],"product_tag":[],"class_list":{"0":"post-61546","1":"product","2":"type-product","3":"status-publish","4":"has-post-thumbnail","6":"product_cat-systemes-de-controle","7":"product_cat-systemes-de-controle-pid-de-temperature","8":"product_cat-vannes-de-controle","10":"first","11":"instock","12":"shipping-taxable","13":"product-type-simple"},"_links":{"self":[{"href":"https:\/\/unox.com.tr\/fr\/wp-json\/wp\/v2\/product\/61546","targetHints":{"allow":["GET"]}}],"collection":[{"href":"https:\/\/unox.com.tr\/fr\/wp-json\/wp\/v2\/product"}],"about":[{"href":"https:\/\/unox.com.tr\/fr\/wp-json\/wp\/v2\/types\/product"}],"replies":[{"embeddable":true,"href":"https:\/\/unox.com.tr\/fr\/wp-json\/wp\/v2\/comments?post=61546"}],"version-history":[{"count":0,"href":"https:\/\/unox.com.tr\/fr\/wp-json\/wp\/v2\/product\/61546\/revisions"}],"wp:featuredmedia":[{"embeddable":true,"href":"https:\/\/unox.com.tr\/fr\/wp-json\/wp\/v2\/media\/59508"}],"wp:attachment":[{"href":"https:\/\/unox.com.tr\/fr\/wp-json\/wp\/v2\/media?parent=61546"}],"wp:term":[{"taxonomy":"product_brand","embeddable":true,"href":"https:\/\/unox.com.tr\/fr\/wp-json\/wp\/v2\/product_brand?post=61546"},{"taxonomy":"product_cat","embeddable":true,"href":"https:\/\/unox.com.tr\/fr\/wp-json\/wp\/v2\/product_cat?post=61546"},{"taxonomy":"product_tag","embeddable":true,"href":"https:\/\/unox.com.tr\/fr\/wp-json\/wp\/v2\/product_tag?post=61546"}],"curies":[{"name":"wp","href":"https:\/\/api.w.org\/{rel}","templated":true}]}}