{"id":61548,"date":"2024-02-26T12:37:47","date_gmt":"2024-02-26T09:37:47","guid":{"rendered":"https:\/\/unox.com.tr\/systeme-de-controle-pid-de-la-temperature-pneumatique\/"},"modified":"2024-02-26T12:37:47","modified_gmt":"2024-02-26T09:37:47","slug":"systeme-de-controle-pid-de-la-temperature-pneumatique","status":"publish","type":"product","link":"https:\/\/unox.com.tr\/fr\/systeme-de-controle-pid-de-la-temperature-pneumatique\/","title":{"rendered":"Syst\u00e8me de contr\u00f4le PID de la temp\u00e9rature pneumatique"},"content":{"rendered":"<h2>Qu&rsquo;est-ce que le syst\u00e8me de contr\u00f4le PID de la temp\u00e9rature pneumatique ?<\/h2>\n<p>Pour r\u00e9duire la temp\u00e9rature ou la maintenir au niveau souhait\u00e9, vous devez la connecter \u00e0 l&rsquo;appareil de contr\u00f4le par l&rsquo;interm\u00e9diaire d&rsquo;un dispositif de mesure (tel que PT100) qui fournit une sortie num\u00e9rique sur la canalisation. Le dispositif de contr\u00f4le traite les donn\u00e9es num\u00e9riques re\u00e7ues du capteur de temp\u00e9rature et envoie un signal entre 4 et 20 mA au positionneur \u00e9lectro-pneumatique de la vanne de contr\u00f4le. Gr\u00e2ce \u00e0 ce signal, la vanne de r\u00e9gulation se d\u00e9place dans le sens de la fermeture ou de l&rsquo;ouverture.<\/p>\n","protected":false},"excerpt":{"rendered":"<p><button style=\"background-color: #11224b; color: #ffffff; padding: 10px 15px; font-family: montserrat; font-weight: bold; font-size: 19px; border-radius: 10px;\"><img decoding=\"async\" style=\"width: 25px; height: 25px;\" src=\"https:\/\/unox.com.tr\/wp-content\/uploads\/2023\/02\/pdf-1.png\">CATALOGUE DE PRODUIT<\/button><\/p>\n<p><button style=\"background-color: #11224b; margin-top: 5px; color: white; padding: 0px 15px; width: 150px; height: 55px; border-radius: 10px; border: none; cursor: pointer;\"><br \/>\n<img decoding=\"async\" style=\"width: 120px; height: 30px;\" src=\"https:\/\/unox.com.tr\/wp-content\/uploads\/2023\/02\/4-1.svg\"><\/button><\/p>\n","protected":false},"featured_media":59497,"comment_status":"open","ping_status":"closed","template":"","meta":{"_joinchat":[]},"product_brand":[],"product_cat":[1636,1651,1071],"product_tag":[],"class_list":{"0":"post-61548","1":"product","2":"type-product","3":"status-publish","4":"has-post-thumbnail","6":"product_cat-systemes-de-controle","7":"product_cat-systemes-de-controle-pid-de-temperature","8":"product_cat-vannes-de-controle","10":"first","11":"instock","12":"shipping-taxable","13":"product-type-simple"},"_links":{"self":[{"href":"https:\/\/unox.com.tr\/fr\/wp-json\/wp\/v2\/product\/61548","targetHints":{"allow":["GET"]}}],"collection":[{"href":"https:\/\/unox.com.tr\/fr\/wp-json\/wp\/v2\/product"}],"about":[{"href":"https:\/\/unox.com.tr\/fr\/wp-json\/wp\/v2\/types\/product"}],"replies":[{"embeddable":true,"href":"https:\/\/unox.com.tr\/fr\/wp-json\/wp\/v2\/comments?post=61548"}],"version-history":[{"count":0,"href":"https:\/\/unox.com.tr\/fr\/wp-json\/wp\/v2\/product\/61548\/revisions"}],"wp:featuredmedia":[{"embeddable":true,"href":"https:\/\/unox.com.tr\/fr\/wp-json\/wp\/v2\/media\/59497"}],"wp:attachment":[{"href":"https:\/\/unox.com.tr\/fr\/wp-json\/wp\/v2\/media?parent=61548"}],"wp:term":[{"taxonomy":"product_brand","embeddable":true,"href":"https:\/\/unox.com.tr\/fr\/wp-json\/wp\/v2\/product_brand?post=61548"},{"taxonomy":"product_cat","embeddable":true,"href":"https:\/\/unox.com.tr\/fr\/wp-json\/wp\/v2\/product_cat?post=61548"},{"taxonomy":"product_tag","embeddable":true,"href":"https:\/\/unox.com.tr\/fr\/wp-json\/wp\/v2\/product_tag?post=61548"}],"curies":[{"name":"wp","href":"https:\/\/api.w.org\/{rel}","templated":true}]}}