{"id":62030,"date":"2024-09-04T17:12:54","date_gmt":"2024-09-04T14:12:54","guid":{"rendered":"https:\/\/unox.com.tr\/?post_type=product&#038;p=62030"},"modified":"2025-04-30T11:06:06","modified_gmt":"2025-04-30T08:06:06","slug":"rotary-elektro-pnomatik-pozisyoner-ts600r","status":"publish","type":"product","link":"https:\/\/unox.com.tr\/fr\/rotary-elektro-pnomatik-pozisyoner-ts600r\/","title":{"rendered":"Rotary Elektro Pn\u00f6matik Pozisyoner &#8211; TS600R"},"content":{"rendered":"<p class=\"p1\">Rotary Elektro Pn\u00f6matik Pozisyoner &#8211; TS600R, end\u00fcstriyel otomasyon sistemlerinde vana konumunu hassas \u015fekilde kontrol etmek amac\u0131yla geli\u015ftirilmi\u015f bir cihazd\u0131r. Bu pozisyoner, elektro-pn\u00f6matik sinyalleri mekanik harekete d\u00f6n\u00fc\u015ft\u00fcrerek akt\u00fcat\u00f6rlerin hareketini y\u00fcksek do\u011frulukla y\u00f6netir. <a href=\"https:\/\/unox.com.tr\/\">Unox<\/a> taraf\u0131ndan sunulan bu model, \u00f6zellikle kelebek ve k\u00fcresel vanalarda etkin kontrol sa\u011flar. Ancak yaln\u0131zca vana ile de\u011fil, akt\u00fcat\u00f6rle de uyumlu \u00e7al\u0131\u015fmas\u0131 sistem performans\u0131n\u0131 do\u011frudan etkiler. <a href=\"https:\/\/unox.com.tr\/ayirma-disli-kollu-pnomatik-aktuatorlu-kelebek-vana\">Unox Ay\u0131rma Di\u015fli Kollu Pn\u00f6matik Akt\u00fcat\u00f6rl\u00fc Kelebek Vana<\/a> gibi \u00fcr\u00fcnlerle birlikte sorunsuz entegrasyon sunar.<\/p>\n<div id=\"ez-toc-container\" class=\"ez-toc-v2_0_82_2 counter-hierarchy ez-toc-counter ez-toc-grey ez-toc-container-direction\">\n<div class=\"ez-toc-title-container\">\n<p class=\"ez-toc-title\" style=\"cursor:inherit\">Sayfa \u0130\u00e7eri\u011fi<\/p>\n<span class=\"ez-toc-title-toggle\"><a href=\"#\" class=\"ez-toc-pull-right ez-toc-btn ez-toc-btn-xs ez-toc-btn-default ez-toc-toggle\" aria-label=\"Toggle Table of Content\"><span class=\"ez-toc-js-icon-con\"><span class=\"\"><span class=\"eztoc-hide\" style=\"display:none;\">Toggle<\/span><span class=\"ez-toc-icon-toggle-span\"><svg style=\"fill: #999;color:#999\" xmlns=\"http:\/\/www.w3.org\/2000\/svg\" class=\"list-377408\" width=\"20px\" height=\"20px\" viewBox=\"0 0 24 24\" fill=\"none\"><path d=\"M6 6H4v2h2V6zm14 0H8v2h12V6zM4 11h2v2H4v-2zm16 0H8v2h12v-2zM4 16h2v2H4v-2zm16 0H8v2h12v-2z\" fill=\"currentColor\"><\/path><\/svg><svg style=\"fill: #999;color:#999\" class=\"arrow-unsorted-368013\" xmlns=\"http:\/\/www.w3.org\/2000\/svg\" width=\"10px\" height=\"10px\" viewBox=\"0 0 24 24\" version=\"1.2\" baseProfile=\"tiny\"><path d=\"M18.2 9.3l-6.2-6.3-6.2 6.3c-.2.2-.3.4-.3.7s.1.5.3.7c.2.2.4.3.7.3h11c.3 0 .5-.1.7-.3.2-.2.3-.5.3-.7s-.1-.5-.3-.7zM5.8 14.7l6.2 6.3 6.2-6.3c.2-.2.3-.5.3-.7s-.1-.5-.3-.7c-.2-.2-.4-.3-.7-.3h-11c-.3 0-.5.1-.7.3-.2.2-.3.5-.3.7s.1.5.3.7z\"\/><\/svg><\/span><\/span><\/span><\/a><\/span><\/div>\n<nav><ul class='ez-toc-list ez-toc-list-level-1 ' ><li class='ez-toc-page-1 ez-toc-heading-level-3'><a class=\"ez-toc-link ez-toc-heading-1\" href=\"https:\/\/unox.com.tr\/fr\/rotary-elektro-pnomatik-pozisyoner-ts600r\/#Yuksek_Hassasiyet_ve_Hizli_Tepki\" >Y\u00fcksek Hassasiyet ve H\u0131zl\u0131 Tepki<\/a><\/li><li class='ez-toc-page-1 ez-toc-heading-level-3'><a class=\"ez-toc-link ez-toc-heading-2\" href=\"https:\/\/unox.com.tr\/fr\/rotary-elektro-pnomatik-pozisyoner-ts600r\/#Montaj_Kolayligi_ve_Esnek_Kullanim\" >Montaj Kolayl\u0131\u011f\u0131 ve Esnek Kullan\u0131m<\/a><\/li><li class='ez-toc-page-1 ez-toc-heading-level-3'><a class=\"ez-toc-link ez-toc-heading-3\" href=\"https:\/\/unox.com.tr\/fr\/rotary-elektro-pnomatik-pozisyoner-ts600r\/#Dayanikli_Malzeme_ve_Uzun_Omur\" >Dayan\u0131kl\u0131 Malzeme ve Uzun \u00d6m\u00fcr<\/a><\/li><li class='ez-toc-page-1 ez-toc-heading-level-3'><a class=\"ez-toc-link ez-toc-heading-4\" href=\"https:\/\/unox.com.tr\/fr\/rotary-elektro-pnomatik-pozisyoner-ts600r\/#Farkli_Sektorlerde_Guvenle_Kullanilir\" >Farkl\u0131 Sekt\u00f6rlerde G\u00fcvenle Kullan\u0131l\u0131r<\/a><\/li><\/ul><\/nav><\/div>\n<h3><span class=\"ez-toc-section\" id=\"Yuksek_Hassasiyet_ve_Hizli_Tepki\"><\/span><b>Y\u00fcksek Hassasiyet ve H\u0131zl\u0131 Tepki<\/b><span class=\"ez-toc-section-end\"><\/span><\/h3>\n<p class=\"p1\">TS600R modeli, 4-20 mA giri\u015f sinyaline g\u00f6re akt\u00fcat\u00f6r\u00fcn konumunu h\u0131zl\u0131 ve hassas \u015fekilde ayarlar. Bu \u00f6zellik, proses kontrol\u00fcnde kararl\u0131 ak\u0131\u015f sa\u011flamaktad\u0131r. <a href=\"https:\/\/unox.com.tr\/fr\/?attachment_id=25338\">Unox Elektrik Akt\u00fcat\u00f6rl\u00fc 3 Yollu K\u00fcresel Vana<\/a> gibi \u00fcr\u00fcnlerle birlikte kullan\u0131ld\u0131\u011f\u0131nda, sistem verimlili\u011fi artar. Fakat sens\u00f6r kalibrasyonunun do\u011fru yap\u0131lmas\u0131 uzun vadeli performans i\u00e7in gereklidir. <a href=\"https:\/\/unox.com.tr\/\">Unox<\/a> t\u00fcm teknik destek s\u00fcre\u00e7lerini kullan\u0131c\u0131lar\u0131na aktif \u015fekilde sunar.<\/p>\n<h3><span class=\"ez-toc-section\" id=\"Montaj_Kolayligi_ve_Esnek_Kullanim\"><\/span><b>Montaj Kolayl\u0131\u011f\u0131 ve Esnek Kullan\u0131m<\/b><span class=\"ez-toc-section-end\"><\/span><\/h3>\n<p class=\"p1\">Rotary pozisyoner, ISO5211 montaj standard\u0131na uygun olarak farkl\u0131 akt\u00fcat\u00f6r tiplerine uyum g\u00f6sterir. Ayr\u0131ca kompakt g\u00f6vde yap\u0131s\u0131 sayesinde s\u0131n\u0131rl\u0131 alanlarda da rahatl\u0131kla uygulanabilir. <a href=\"https:\/\/unox.com.tr\/cok-turlu-oransal-elektrik-aktuatorlu-vana\">Unox \u00c7ok Turlu Oransal Elektrik Akt\u00fcat\u00f6rl\u00fc Vana<\/a> gibi sistemlerde benzer kontrol prensipleri tercih edilmektedir. Ayr\u0131ca <a href=\"https:\/\/unox.com.tr\/fr\/?attachment_id=40804\">Unox Elektrik Akt\u00fcat\u00f6rl\u00fc Flan\u015fl\u0131 K\u00fcresel Vana<\/a> gibi \u00fcr\u00fcnlerle beraber kullan\u0131ld\u0131\u011f\u0131nda y\u00fcksek kontrol kararl\u0131l\u0131\u011f\u0131 elde edilmektedir.<\/p>\n<h3><span class=\"ez-toc-section\" id=\"Dayanikli_Malzeme_ve_Uzun_Omur\"><\/span><b>Dayan\u0131kl\u0131 Malzeme ve Uzun \u00d6m\u00fcr<\/b><span class=\"ez-toc-section-end\"><\/span><\/h3>\n<p class=\"p1\">TS600R modeli, end\u00fcstriyel ortamlar\u0131n zorlu ko\u015fullar\u0131na uygun olarak dayan\u0131kl\u0131 malzemeden \u00fcretilmi\u015ftir. Toz, nem ve titre\u015fime kar\u015f\u0131 koruma sa\u011flayan g\u00f6vdesi sayesinde uzun \u00f6m\u00fcrl\u00fc performans sunar. Ayr\u0131ca bak\u0131m gereksinimi d\u00fc\u015f\u00fckt\u00fcr, bu da i\u015fletme maliyetlerini azalt\u0131r. <a href=\"https:\/\/unox.com.tr\/elektrik-aktuatorlu-2-parcali-disli-kuresel-vana\">Unox Elektrik Akt\u00fcat\u00f6rl\u00fc 2 Par\u00e7al\u0131 Di\u015fli K\u00fcresel Vana<\/a> ile birlikte farkl\u0131 boru sistemlerine kolayca adapte edilmektedir.<\/p>\n<h3><span class=\"ez-toc-section\" id=\"Farkli_Sektorlerde_Guvenle_Kullanilir\"><\/span><b>Farkl\u0131 Sekt\u00f6rlerde G\u00fcvenle Kullan\u0131l\u0131r<\/b><span class=\"ez-toc-section-end\"><\/span><\/h3>\n<p class=\"p1\">Rotary elektro pn\u00f6matik pozisyonerler; kimya, ila\u00e7, g\u0131da, enerji ve su ar\u0131tma sekt\u00f6rlerinde aktif olarak kullan\u0131lmaktad\u0131r. \u00c7\u00fcnk\u00fc bu cihazlar, proses kontrol\u00fcnde kararl\u0131l\u0131k ve verimlilik sa\u011flamaktad\u0131r. <a href=\"https:\/\/unox.com.tr\/fr\/?attachment_id=40788\">Unox Elektrik Akt\u00fcat\u00f6rl\u00fc U-PVC K\u00fcresel Vana<\/a> ile uyumlu olarak kimyasal diren\u00e7 gerektiren ortamlarda g\u00fcvenle \u00e7al\u0131\u015fmaktad\u0131r. Ayr\u0131ca <a href=\"https:\/\/www.unoxonline.com.tr\/\" rel=\"nofollow noopener\" target=\"_blank\">Unox Online<\/a> platformu \u00fczerinden teknik veri sayfalar\u0131na ula\u015fabilir, do\u011fru \u00fcr\u00fcn kombinasyonlar\u0131n\u0131 se\u00e7ilebilmektedir.<\/p>\n<div id=\"attachment_62031\" style=\"width: 310px\" class=\"wp-caption alignnone\"><img decoding=\"async\" aria-describedby=\"caption-attachment-62031\" class=\"size-medium wp-image-62031\" src=\"https:\/\/unox.com.tr\/wp-content\/themes\/woodmart\/images\/lazy.svg\" data-src=\"https:\/\/unox.com.tr\/wp-content\/uploads\/2024\/09\/rotary-pozisyoner-1-300x300.jpg\" alt=\"Rotary Elektro Pn\u00f6matik Pozisyoner\" width=\"300\" height=\"300\" title=\"\" srcset=\"\" data-srcset=\"https:\/\/unox.com.tr\/wp-content\/uploads\/2024\/09\/rotary-pozisyoner-1-300x300.jpg 300w, https:\/\/unox.com.tr\/wp-content\/uploads\/2024\/09\/rotary-pozisyoner-1-150x150.jpg 150w, https:\/\/unox.com.tr\/wp-content\/uploads\/2024\/09\/rotary-pozisyoner-1-600x600.jpg 600w, https:\/\/unox.com.tr\/wp-content\/uploads\/2024\/09\/rotary-pozisyoner-1-768x768.jpg 768w, https:\/\/unox.com.tr\/wp-content\/uploads\/2024\/09\/rotary-pozisyoner-1.jpg 1000w\" sizes=\"(max-width: 300px) 100vw, 300px\" \/><p id=\"caption-attachment-62031\" class=\"wp-caption-text\">Rotary Elektro Pn\u00f6matik Pozisyoner &#8211; TS600R<\/p><\/div>\n<p>&nbsp;<\/p>\n","protected":false},"excerpt":{"rendered":"<p><a href=\"https:\/\/unox.com.tr\/wp-content\/uploads\/2024\/09\/TS600R-Rotary-Pozisyoner.pdf\" target=\"_blank\" rel=\"noopener\"><button style=\"background-color: #11224b; color: #ffffff; padding: 10px 15px; font-family: montserrat; font-weight: bold; font-size: 19px; border-radius: 10px;\"><img decoding=\"async\" style=\"width: 25px; height: 25px;\" src=\"https:\/\/unox.com.tr\/wp-content\/uploads\/2023\/02\/pdf-1.png\" \/>\u00dcR\u00dcN KATALO\u011eU<\/button><\/a><\/p>\n<p><button style=\"background-color: #11224b; margin-top: 5px; color: white; padding: 0px 15px; width: 150px; height: 55px; border-radius: 10px; border: none; cursor: pointer;\"><br \/>\n<img decoding=\"async\" style=\"width: 120px; height: 30px;\" src=\"https:\/\/unox.com.tr\/wp-content\/uploads\/2023\/02\/4-1.svg\" \/><\/button><\/p>\n","protected":false},"featured_media":62031,"comment_status":"open","ping_status":"closed","template":"","meta":{"_joinchat":[]},"product_brand":[],"product_cat":[61,1101,26],"product_tag":[],"class_list":{"0":"post-62030","1":"product","2":"type-product","3":"status-publish","4":"has-post-thumbnail","6":"product_cat-pnomatik-aktuator-aksesuar","7":"product_cat-aktuatorlu-vana","8":"product_cat-pnomatik-vana","10":"first","11":"instock","12":"shipping-taxable","13":"product-type-simple"},"_links":{"self":[{"href":"https:\/\/unox.com.tr\/fr\/wp-json\/wp\/v2\/product\/62030","targetHints":{"allow":["GET"]}}],"collection":[{"href":"https:\/\/unox.com.tr\/fr\/wp-json\/wp\/v2\/product"}],"about":[{"href":"https:\/\/unox.com.tr\/fr\/wp-json\/wp\/v2\/types\/product"}],"replies":[{"embeddable":true,"href":"https:\/\/unox.com.tr\/fr\/wp-json\/wp\/v2\/comments?post=62030"}],"version-history":[{"count":0,"href":"https:\/\/unox.com.tr\/fr\/wp-json\/wp\/v2\/product\/62030\/revisions"}],"wp:featuredmedia":[{"embeddable":true,"href":"https:\/\/unox.com.tr\/fr\/wp-json\/wp\/v2\/media\/62031"}],"wp:attachment":[{"href":"https:\/\/unox.com.tr\/fr\/wp-json\/wp\/v2\/media?parent=62030"}],"wp:term":[{"taxonomy":"product_brand","embeddable":true,"href":"https:\/\/unox.com.tr\/fr\/wp-json\/wp\/v2\/product_brand?post=62030"},{"taxonomy":"product_cat","embeddable":true,"href":"https:\/\/unox.com.tr\/fr\/wp-json\/wp\/v2\/product_cat?post=62030"},{"taxonomy":"product_tag","embeddable":true,"href":"https:\/\/unox.com.tr\/fr\/wp-json\/wp\/v2\/product_tag?post=62030"}],"curies":[{"name":"wp","href":"https:\/\/api.w.org\/{rel}","templated":true}]}}