{"id":63518,"date":"2025-04-07T12:39:35","date_gmt":"2025-04-07T09:39:35","guid":{"rendered":"https:\/\/unox.com.tr\/?post_type=product&#038;p=63518"},"modified":"2025-04-30T10:59:29","modified_gmt":"2025-04-30T07:59:29","slug":"pozisyon-switchli-y-tipi-pnomatik-pistonlu-vana","status":"publish","type":"product","link":"https:\/\/unox.com.tr\/fr\/pozisyon-switchli-y-tipi-pnomatik-pistonlu-vana\/","title":{"rendered":"Pozisyon Switchli Y-Tipi Pn\u00f6matik Pistonlu Vana"},"content":{"rendered":"<p class=\"p1\">Pozisyon Switchli Y-Tipi Pn\u00f6matik Pistonlu Vana, otomasyon sistemlerinde ak\u0131\u015fkan kontrol\u00fcn\u00fc h\u0131zl\u0131 ve g\u00fcvenilir \u015fekilde sa\u011flayan ideal bir \u00e7\u00f6z\u00fcmd\u00fcr. Bu vanalar, Y-tipi g\u00f6vde tasar\u0131m\u0131 sayesinde ak\u0131\u015fkan\u0131n d\u00fc\u015f\u00fck diren\u00e7le ilerlemesine imk\u00e2n tan\u0131r. <a href=\"https:\/\/unox.com.tr\/\">Unox<\/a> \u00fcretimi pozisyon switchli modeller, farkl\u0131 sekt\u00f6rlerde g\u00fcvenle tercih edilir. \u00d6zellikle g\u0131da, kimya ve ila\u00e7 uygulamalar\u0131nda hijyenik yap\u0131s\u0131 sayesinde \u00f6ne \u00e7\u0131kar. Ayr\u0131ca <a href=\"https:\/\/unox.com.tr\/3-yollu-elektrik-aktuatorlu-kuresel-vana\/\">Unox 3 Yollu Elektrik Akt\u00fcat\u00f6rl\u00fc K\u00fcresel Vana<\/a> gibi alternatif \u00fcr\u00fcnler farkl\u0131 kontrol ihtiya\u00e7lar\u0131na cevap verir.<\/p>\n<div id=\"ez-toc-container\" class=\"ez-toc-v2_0_82_2 counter-hierarchy ez-toc-counter ez-toc-grey ez-toc-container-direction\">\n<div class=\"ez-toc-title-container\">\n<p class=\"ez-toc-title\" style=\"cursor:inherit\">Sayfa \u0130\u00e7eri\u011fi<\/p>\n<span class=\"ez-toc-title-toggle\"><a href=\"#\" class=\"ez-toc-pull-right ez-toc-btn ez-toc-btn-xs ez-toc-btn-default ez-toc-toggle\" aria-label=\"Toggle Table of Content\"><span class=\"ez-toc-js-icon-con\"><span class=\"\"><span class=\"eztoc-hide\" style=\"display:none;\">Toggle<\/span><span class=\"ez-toc-icon-toggle-span\"><svg style=\"fill: #999;color:#999\" xmlns=\"http:\/\/www.w3.org\/2000\/svg\" class=\"list-377408\" width=\"20px\" height=\"20px\" viewBox=\"0 0 24 24\" fill=\"none\"><path d=\"M6 6H4v2h2V6zm14 0H8v2h12V6zM4 11h2v2H4v-2zm16 0H8v2h12v-2zM4 16h2v2H4v-2zm16 0H8v2h12v-2z\" fill=\"currentColor\"><\/path><\/svg><svg style=\"fill: #999;color:#999\" class=\"arrow-unsorted-368013\" xmlns=\"http:\/\/www.w3.org\/2000\/svg\" width=\"10px\" height=\"10px\" viewBox=\"0 0 24 24\" version=\"1.2\" baseProfile=\"tiny\"><path d=\"M18.2 9.3l-6.2-6.3-6.2 6.3c-.2.2-.3.4-.3.7s.1.5.3.7c.2.2.4.3.7.3h11c.3 0 .5-.1.7-.3.2-.2.3-.5.3-.7s-.1-.5-.3-.7zM5.8 14.7l6.2 6.3 6.2-6.3c.2-.2.3-.5.3-.7s-.1-.5-.3-.7c-.2-.2-.4-.3-.7-.3h-11c-.3 0-.5.1-.7.3-.2.2-.3.5-.3.7s.1.5.3.7z\"\/><\/svg><\/span><\/span><\/span><\/a><\/span><\/div>\n<nav><ul class='ez-toc-list ez-toc-list-level-1 ' ><li class='ez-toc-page-1 ez-toc-heading-level-3'><a class=\"ez-toc-link ez-toc-heading-1\" href=\"https:\/\/unox.com.tr\/fr\/pozisyon-switchli-y-tipi-pnomatik-pistonlu-vana\/#Dayanikli_Govde_Yapisi_ve_Aktuator_Sistemi\" >Dayan\u0131kl\u0131 G\u00f6vde Yap\u0131s\u0131 ve Akt\u00fcat\u00f6r Sistemi<\/a><\/li><li class='ez-toc-page-1 ez-toc-heading-level-3'><a class=\"ez-toc-link ez-toc-heading-2\" href=\"https:\/\/unox.com.tr\/fr\/pozisyon-switchli-y-tipi-pnomatik-pistonlu-vana\/#Otomasyon_Uyumlu_Konum_Geri_Bildirimi\" >Otomasyon Uyumlu Konum Geri Bildirimi<\/a><\/li><li class='ez-toc-page-1 ez-toc-heading-level-3'><a class=\"ez-toc-link ez-toc-heading-3\" href=\"https:\/\/unox.com.tr\/fr\/pozisyon-switchli-y-tipi-pnomatik-pistonlu-vana\/#Farkli_Montaj_Secenekleri_ve_Basinc_Araliklari\" >Farkl\u0131 Montaj Se\u00e7enekleri ve Bas\u0131n\u00e7 Aral\u0131klar\u0131<\/a><\/li><li class='ez-toc-page-1 ez-toc-heading-level-3'><a class=\"ez-toc-link ez-toc-heading-4\" href=\"https:\/\/unox.com.tr\/fr\/pozisyon-switchli-y-tipi-pnomatik-pistonlu-vana\/#Uygulama_Alanlarina_Gore_Performans_Avantaji\" >Uygulama Alanlar\u0131na G\u00f6re Performans Avantaj\u0131<\/a><\/li><\/ul><\/nav><\/div>\n<h3><span class=\"ez-toc-section\" id=\"Dayanikli_Govde_Yapisi_ve_Aktuator_Sistemi\"><\/span><b>Dayan\u0131kl\u0131 G\u00f6vde Yap\u0131s\u0131 ve Akt\u00fcat\u00f6r Sistemi<\/b><span class=\"ez-toc-section-end\"><\/span><\/h3>\n<p class=\"p1\">Paslanmaz \u00e7elik g\u00f6vdesi ile bu vanalar, korozyona kar\u015f\u0131 uzun s\u00fcre dayan\u0131kl\u0131l\u0131k sunmaktad\u0131r. Pn\u00f6matik pistonlu akt\u00fcat\u00f6r sistemi, a\u00e7ma-kapama i\u015flemlerini h\u0131zl\u0131 ve verimli \u015fekilde ger\u00e7ekle\u015ftirir. Fakat yaln\u0131zca mekanik performans yeterli de\u011fildir. <a href=\"https:\/\/unox.com.tr\/ayirma-disli-kollu-pnomatik-aktuatorlu-kelebek-vana\/\">Unox Ay\u0131rma Di\u015fli Kollu Pn\u00f6matik Akt\u00fcat\u00f6rl\u00fc Kelebek Vana<\/a> gibi \u00fcr\u00fcnlerle farkl\u0131 akt\u00fcat\u00f6r alternatifleri de incelenebilir. <a href=\"https:\/\/unox.com.tr\/\">Unox<\/a> bu alanda geni\u015f \u00fcr\u00fcn \u00e7e\u015fitlili\u011fi sunar.<\/p>\n<h3><span class=\"ez-toc-section\" id=\"Otomasyon_Uyumlu_Konum_Geri_Bildirimi\"><\/span><b>Otomasyon Uyumlu Konum Geri Bildirimi<\/b><span class=\"ez-toc-section-end\"><\/span><\/h3>\n<p class=\"p1\">Pozisyon switchi ile vana durumu otomasyon sistemlerine anl\u0131k olarak iletilmektedir. Bu \u00f6zellik, \u00f6zellikle proses g\u00fcvenli\u011fi a\u00e7\u0131s\u0131ndan olduk\u00e7a kritiktir. Ancak sistemin do\u011fru \u015fekilde konfig\u00fcre edilmesi gerekir. <a href=\"https:\/\/unox.com.tr\/cok-turlu-oransal-elektrik-aktuatorlu-vana\/\">Unox \u00c7ok Turlu Oransal Elektrik Akt\u00fcat\u00f6rl\u00fc Vana<\/a> bu a\u00e7\u0131dan geli\u015fmi\u015f kontrol \u00e7\u00f6z\u00fcmleri sa\u011flar. <a href=\"https:\/\/unox.com.tr\/fr\/?attachment_id=40804\">Unox Elektrik Akt\u00fcat\u00f6rl\u00fc Flan\u015fl\u0131 K\u00fcresel Vana<\/a> ise y\u00fcksek bas\u0131n\u00e7l\u0131 sistemler i\u00e7in ideal bir se\u00e7enektir.<\/p>\n<h3><span class=\"ez-toc-section\" id=\"Farkli_Montaj_Secenekleri_ve_Basinc_Araliklari\"><\/span><b>Farkl\u0131 Montaj Se\u00e7enekleri ve Bas\u0131n\u00e7 Aral\u0131klar\u0131<\/b><span class=\"ez-toc-section-end\"><\/span><\/h3>\n<p class=\"p1\">Vana, di\u015fli, flan\u015fl\u0131 ya da kaynak ba\u011flant\u0131 se\u00e7enekleriyle sisteme kolayca entegre edilmektedir. Ancak montaj yap\u0131l\u0131rken bas\u0131n\u00e7 ve s\u0131cakl\u0131k limitleri g\u00f6z \u00f6n\u00fcnde bulundurulmal\u0131d\u0131r. <a href=\"https:\/\/unox.com.tr\/fr\/?attachment_id=25338\">Unox Elektrik Akt\u00fcat\u00f6rl\u00fc 3 Yollu K\u00fcresel Vana<\/a> ve <a href=\"https:\/\/unox.com.tr\/elektrik-aktuatorlu-2-parcali-disli-kuresel-vana\/\">Unox Elektrik Akt\u00fcat\u00f6rl\u00fc 2 Par\u00e7al\u0131 Di\u015fli K\u00fcresel Vana<\/a> bu alanda \u00f6nemli alternatifler sunar. <a href=\"https:\/\/unox.com.tr\/\">Unox<\/a> t\u00fcm \u00fcr\u00fcnlerini detayl\u0131 teknik bilgilerle destekler.<\/p>\n<h3><span class=\"ez-toc-section\" id=\"Uygulama_Alanlarina_Gore_Performans_Avantaji\"><\/span><b>Uygulama Alanlar\u0131na G\u00f6re Performans Avantaj\u0131<\/b><span class=\"ez-toc-section-end\"><\/span><\/h3>\n<p class=\"p1\">Bu vana tipi, -10\u00b0C ile +180\u00b0C s\u0131cakl\u0131k aral\u0131\u011f\u0131nda g\u00fcvenle \u00e7al\u0131\u015f\u0131r. Conta ve g\u00f6vde malzemesi, sistem ko\u015fullar\u0131na g\u00f6re se\u00e7ilmelidir. <a href=\"https:\/\/unox.com.tr\/fr\/?attachment_id=40788\">Unox Elektrik Akt\u00fcat\u00f6rl\u00fc U-PVC K\u00fcresel Vana<\/a> \u00f6zellikle kimyasal ortamlarda y\u00fcksek diren\u00e7 sunar. <a href=\"https:\/\/www.unoxonline.com.tr\/\" rel=\"nofollow noopener\" target=\"_blank\">Unox Online<\/a> platformu \u00fczerinden \u00fcr\u00fcn detaylar\u0131na ve yedek par\u00e7a bilgilerine eri\u015filebilir. Ayr\u0131ca <a href=\"https:\/\/unox.com.tr\/fr\/?attachment_id=40796\">Unox Elektrik Akt\u00fcat\u00f6rl\u00fc Di\u015fli K\u00fcresel Vana<\/a> gibi \u00fcr\u00fcnler dar alanlar i\u00e7in avantaj sa\u011flar.<\/p>\n<div id=\"attachment_63607\" style=\"width: 310px\" class=\"wp-caption alignnone\"><img decoding=\"async\" aria-describedby=\"caption-attachment-63607\" class=\"size-medium wp-image-63607\" src=\"https:\/\/unox.com.tr\/wp-content\/themes\/woodmart\/images\/lazy.svg\" data-src=\"https:\/\/unox.com.tr\/wp-content\/uploads\/2025\/04\/pozisyon-switchli-y-tipi-pnomatik-pistonlu-vana-7-300x300.jpg\" alt=\"Pn\u00f6matik vana genel olarak pn\u00f6matik g\u00fc\u00e7 kayna\u011f\u0131 kullanarak ak\u0131\u015f\u0131 kontrol etmek veyahut durdurmak amac\u0131 ile kullan\u0131lmaktad\u0131r. Pn\u00f6matik sistemlerde\" width=\"300\" height=\"300\" title=\"\" srcset=\"\" data-srcset=\"https:\/\/unox.com.tr\/wp-content\/uploads\/2025\/04\/pozisyon-switchli-y-tipi-pnomatik-pistonlu-vana-7-300x300.jpg 300w, https:\/\/unox.com.tr\/wp-content\/uploads\/2025\/04\/pozisyon-switchli-y-tipi-pnomatik-pistonlu-vana-7-150x150.jpg 150w, https:\/\/unox.com.tr\/wp-content\/uploads\/2025\/04\/pozisyon-switchli-y-tipi-pnomatik-pistonlu-vana-7-600x600.jpg 600w, https:\/\/unox.com.tr\/wp-content\/uploads\/2025\/04\/pozisyon-switchli-y-tipi-pnomatik-pistonlu-vana-7-1024x1024.jpg 1024w, https:\/\/unox.com.tr\/wp-content\/uploads\/2025\/04\/pozisyon-switchli-y-tipi-pnomatik-pistonlu-vana-7-768x768.jpg 768w, https:\/\/unox.com.tr\/wp-content\/uploads\/2025\/04\/pozisyon-switchli-y-tipi-pnomatik-pistonlu-vana-7-1536x1536.jpg 1536w, https:\/\/unox.com.tr\/wp-content\/uploads\/2025\/04\/pozisyon-switchli-y-tipi-pnomatik-pistonlu-vana-7.jpg 2000w\" sizes=\"(max-width: 300px) 100vw, 300px\" \/><p id=\"caption-attachment-63607\" class=\"wp-caption-text\">Pn\u00f6matik vana genel olarak pn\u00f6matik g\u00fc\u00e7 kayna\u011f\u0131 kullanarak ak\u0131\u015f\u0131 kontrol etmek veyahut durdurmak amac\u0131 ile kullan\u0131lmaktad\u0131r. Pn\u00f6matik sistemlerde<\/p><\/div>\n","protected":false},"excerpt":{"rendered":"<p><button style=\"background-color: #11224b; color: #ffffff; padding: 10px 15px; font-family: montserrat; font-weight: bold; font-size: 19px; border-radius: 10px;\"><img decoding=\"async\" style=\"width: 25px; height: 25px;\" src=\"https:\/\/unox.com.tr\/wp-content\/uploads\/2023\/02\/pdf-1.png\" \/>\u00dcR\u00dcN KATALO\u011eU<\/button><\/p>\n<p><button style=\"background-color: #11224b; margin-top: 5px; color: white; padding: 0px 15px; width: 150px; height: 55px; border-radius: 10px; border: none; cursor: pointer;\"><br \/>\n<img decoding=\"async\" style=\"width: 120px; height: 30px;\" src=\"https:\/\/unox.com.tr\/wp-content\/uploads\/2023\/02\/4-1.svg\" \/><\/button><\/p>\n","protected":false},"featured_media":63565,"comment_status":"open","ping_status":"closed","template":"","meta":{"_joinchat":[]},"product_brand":[],"product_cat":[64,1101,26],"product_tag":[],"class_list":{"0":"post-63518","1":"product","2":"type-product","3":"status-publish","4":"has-post-thumbnail","6":"product_cat-pistonlu-vana","7":"product_cat-aktuatorlu-vana","8":"product_cat-pnomatik-vana","10":"first","11":"instock","12":"shipping-taxable","13":"product-type-simple"},"_links":{"self":[{"href":"https:\/\/unox.com.tr\/fr\/wp-json\/wp\/v2\/product\/63518","targetHints":{"allow":["GET"]}}],"collection":[{"href":"https:\/\/unox.com.tr\/fr\/wp-json\/wp\/v2\/product"}],"about":[{"href":"https:\/\/unox.com.tr\/fr\/wp-json\/wp\/v2\/types\/product"}],"replies":[{"embeddable":true,"href":"https:\/\/unox.com.tr\/fr\/wp-json\/wp\/v2\/comments?post=63518"}],"version-history":[{"count":0,"href":"https:\/\/unox.com.tr\/fr\/wp-json\/wp\/v2\/product\/63518\/revisions"}],"wp:featuredmedia":[{"embeddable":true,"href":"https:\/\/unox.com.tr\/fr\/wp-json\/wp\/v2\/media\/63565"}],"wp:attachment":[{"href":"https:\/\/unox.com.tr\/fr\/wp-json\/wp\/v2\/media?parent=63518"}],"wp:term":[{"taxonomy":"product_brand","embeddable":true,"href":"https:\/\/unox.com.tr\/fr\/wp-json\/wp\/v2\/product_brand?post=63518"},{"taxonomy":"product_cat","embeddable":true,"href":"https:\/\/unox.com.tr\/fr\/wp-json\/wp\/v2\/product_cat?post=63518"},{"taxonomy":"product_tag","embeddable":true,"href":"https:\/\/unox.com.tr\/fr\/wp-json\/wp\/v2\/product_tag?post=63518"}],"curies":[{"name":"wp","href":"https:\/\/api.w.org\/{rel}","templated":true}]}}