{"id":65975,"date":"2025-05-30T16:27:59","date_gmt":"2025-05-30T13:27:59","guid":{"rendered":"https:\/\/unox.com.tr\/?post_type=product&#038;p=65975"},"modified":"2025-07-10T09:42:52","modified_gmt":"2025-07-10T06:42:52","slug":"exproof-basinc-transmitteri","status":"publish","type":"product","link":"https:\/\/unox.com.tr\/fr\/exproof-basinc-transmitteri\/","title":{"rendered":"Exproof Bas\u0131n\u00e7 Transmitteri"},"content":{"rendered":"<h2>Exproof Bas\u0131n\u00e7 Transmitteri<\/h2>\n<p>&nbsp;<\/p>\n","protected":false},"excerpt":{"rendered":"<p><button style=\"background-color: #11224b; color: #ffffff; padding: 10px 15px; font-family: montserrat; font-weight: bold; font-size: 19px; border-radius: 10px;\"><img decoding=\"async\" style=\"width: 25px; height: 25px;\" src=\"https:\/\/unox.com.tr\/wp-content\/uploads\/2023\/02\/pdf-1.png\" \/>\u00dcR\u00dcN KATALO\u011eU<\/button><\/p>\n<p><button style=\"background-color: #11224b; margin-top: 5px; color: white; padding: 0px 15px; width: 150px; height: 55px; border-radius: 10px; border: none; cursor: pointer;\"><br \/>\n<img decoding=\"async\" style=\"width: 120px; height: 30px;\" src=\"https:\/\/unox.com.tr\/wp-content\/uploads\/2023\/02\/4-1.svg\" \/><\/button><\/p>\n","protected":false},"featured_media":65976,"comment_status":"open","ping_status":"closed","template":"","meta":{"_joinchat":[]},"product_brand":[],"product_cat":[1678,27],"product_tag":[],"class_list":{"0":"post-65975","1":"product","2":"type-product","3":"status-publish","4":"has-post-thumbnail","6":"product_cat-transmitter","7":"product_cat-seviye-ve-akis","9":"first","10":"instock","11":"shipping-taxable","12":"product-type-simple"},"_links":{"self":[{"href":"https:\/\/unox.com.tr\/fr\/wp-json\/wp\/v2\/product\/65975","targetHints":{"allow":["GET"]}}],"collection":[{"href":"https:\/\/unox.com.tr\/fr\/wp-json\/wp\/v2\/product"}],"about":[{"href":"https:\/\/unox.com.tr\/fr\/wp-json\/wp\/v2\/types\/product"}],"replies":[{"embeddable":true,"href":"https:\/\/unox.com.tr\/fr\/wp-json\/wp\/v2\/comments?post=65975"}],"version-history":[{"count":4,"href":"https:\/\/unox.com.tr\/fr\/wp-json\/wp\/v2\/product\/65975\/revisions"}],"predecessor-version":[{"id":66165,"href":"https:\/\/unox.com.tr\/fr\/wp-json\/wp\/v2\/product\/65975\/revisions\/66165"}],"wp:featuredmedia":[{"embeddable":true,"href":"https:\/\/unox.com.tr\/fr\/wp-json\/wp\/v2\/media\/65976"}],"wp:attachment":[{"href":"https:\/\/unox.com.tr\/fr\/wp-json\/wp\/v2\/media?parent=65975"}],"wp:term":[{"taxonomy":"product_brand","embeddable":true,"href":"https:\/\/unox.com.tr\/fr\/wp-json\/wp\/v2\/product_brand?post=65975"},{"taxonomy":"product_cat","embeddable":true,"href":"https:\/\/unox.com.tr\/fr\/wp-json\/wp\/v2\/product_cat?post=65975"},{"taxonomy":"product_tag","embeddable":true,"href":"https:\/\/unox.com.tr\/fr\/wp-json\/wp\/v2\/product_tag?post=65975"}],"curies":[{"name":"wp","href":"https:\/\/api.w.org\/{rel}","templated":true}]}}