{"id":66650,"date":"2025-07-24T12:50:42","date_gmt":"2025-07-24T09:50:42","guid":{"rendered":"https:\/\/unox.com.tr\/?post_type=product&#038;p=66650"},"modified":"2025-07-24T14:26:14","modified_gmt":"2025-07-24T11:26:14","slug":"seviye-izleme-gostergesi","status":"publish","type":"product","link":"https:\/\/unox.com.tr\/fr\/seviye-izleme-gostergesi\/","title":{"rendered":"Seviye \u0130zleme G\u00f6stergesi"},"content":{"rendered":"<h2>Seviye \u0130zleme G\u00f6stergesi<\/h2>\n","protected":false},"excerpt":{"rendered":"<p><a href=\"https:\/\/unox.com.tr\/wp-content\/uploads\/2025\/07\/Seviye-Izleme-Gostergesi.pdf\" target=\"_blank\" rel=\"noopener\"><button style=\"background-color: #11224b; color: #ffffff; padding: 10px 15px; font-family: montserrat; font-weight: bold; font-size: 19px; border-radius: 10px;\"><img decoding=\"async\" style=\"width: 25px; height: 25px;\" src=\"https:\/\/unox.com.tr\/wp-content\/uploads\/2023\/02\/pdf-1.png\" \/>\u00dcR\u00dcN KATALO\u011eU<\/button><\/a><\/p>\n<p><button style=\"background-color: #11224b; margin-top: 5px; color: white; padding: 0px 15px; width: 150px; height: 55px; border-radius: 10px; border: none; cursor: pointer;\"><br \/>\n<img decoding=\"async\" style=\"width: 120px; height: 30px;\" src=\"https:\/\/unox.com.tr\/wp-content\/uploads\/2023\/02\/4-1.svg\" \/><\/button><\/p>\n","protected":false},"featured_media":66651,"comment_status":"open","ping_status":"closed","template":"","meta":[],"product_brand":[],"product_cat":[66,27],"product_tag":[],"class_list":{"0":"post-66650","1":"product","2":"type-product","3":"status-publish","4":"has-post-thumbnail","6":"product_cat-seviye-gostergesi","7":"product_cat-seviye-ve-akis","9":"first","10":"instock","11":"shipping-taxable","12":"product-type-simple"},"_links":{"self":[{"href":"https:\/\/unox.com.tr\/fr\/wp-json\/wp\/v2\/product\/66650","targetHints":{"allow":["GET"]}}],"collection":[{"href":"https:\/\/unox.com.tr\/fr\/wp-json\/wp\/v2\/product"}],"about":[{"href":"https:\/\/unox.com.tr\/fr\/wp-json\/wp\/v2\/types\/product"}],"replies":[{"embeddable":true,"href":"https:\/\/unox.com.tr\/fr\/wp-json\/wp\/v2\/comments?post=66650"}],"version-history":[{"count":2,"href":"https:\/\/unox.com.tr\/fr\/wp-json\/wp\/v2\/product\/66650\/revisions"}],"predecessor-version":[{"id":66667,"href":"https:\/\/unox.com.tr\/fr\/wp-json\/wp\/v2\/product\/66650\/revisions\/66667"}],"wp:featuredmedia":[{"embeddable":true,"href":"https:\/\/unox.com.tr\/fr\/wp-json\/wp\/v2\/media\/66651"}],"wp:attachment":[{"href":"https:\/\/unox.com.tr\/fr\/wp-json\/wp\/v2\/media?parent=66650"}],"wp:term":[{"taxonomy":"product_brand","embeddable":true,"href":"https:\/\/unox.com.tr\/fr\/wp-json\/wp\/v2\/product_brand?post=66650"},{"taxonomy":"product_cat","embeddable":true,"href":"https:\/\/unox.com.tr\/fr\/wp-json\/wp\/v2\/product_cat?post=66650"},{"taxonomy":"product_tag","embeddable":true,"href":"https:\/\/unox.com.tr\/fr\/wp-json\/wp\/v2\/product_tag?post=66650"}],"curies":[{"name":"wp","href":"https:\/\/api.w.org\/{rel}","templated":true}]}}