{"id":66724,"date":"2025-07-29T16:03:41","date_gmt":"2025-07-29T13:03:41","guid":{"rendered":"https:\/\/unox.com.tr\/?post_type=product&#038;p=66724"},"modified":"2025-07-29T16:03:43","modified_gmt":"2025-07-29T13:03:43","slug":"fantini-cosmi-duvara-monte-fan-aspirator","status":"publish","type":"product","link":"https:\/\/unox.com.tr\/fr\/fantini-cosmi-duvara-monte-fan-aspirator\/","title":{"rendered":"Fantini Cosmi Duvara Monte Fan \/ Aspirat\u00f6r"},"content":{"rendered":"<div class=\"intro\">\n<div style=\"text-align: left;\"><span dir=\"auto\"><span>Bir \u00fcr\u00fcn 4 \u00e7apa uyar 80 \u2013 90 \u2013 100 \u2013 120<\/span><\/span><\/div>\n<div style=\"text-align: left;\"><\/div>\n<div style=\"text-align: left;\"><span dir=\"auto\"><span>Aspirante&rsquo;nin modern ve \u00f6zg\u00fcn tasar\u0131m\u0131 her ortama uyum sa\u011flar.<\/span><\/span><\/div>\n<div style=\"text-align: left;\"><\/div>\n<div style=\"text-align: left;\"><span dir=\"auto\"><span>Hem konut hem de ticari binalar\u0131n banyo, mutfak veya yard\u0131mc\u0131 odalar\u0131n\u0131n aral\u0131kl\u0131 veya s\u00fcrekli havaland\u0131r\u0131lmas\u0131 i\u00e7in.<\/span><\/span><\/div>\n<div style=\"text-align: left;\"><\/div>\n<div style=\"text-align: left;\"><span dir=\"auto\"><span>Aspirante, havay\u0131 do\u011frudan d\u0131\u015f ar\u0131ya, kanallara \u00e7ekmek i\u00e7in uygundur.<\/span><\/span><\/div>\n<div style=\"text-align: left;\"><\/div>\n<div style=\"text-align: left;\"><span dir=\"auto\"><span>\u00d6zel bir kit (Aspirkit Vetro) yard\u0131m\u0131yla pencere montaj\u0131nda kullan\u0131labilme imk\u00e2n\u0131, Aspirante&rsquo;yi daha geni\u015f bir uygulama yelpazesine uygun hale getirmektedir.<\/span><\/span><\/div>\n<div style=\"text-align: left;\"><\/div>\n<div style=\"text-align: left;\"><span dir=\"auto\"><span>Azalt\u0131lm\u0131\u015f musluk, fan \u00e7\u0131k\u0131\u015f\u0131na \u00e7ok yak\u0131n bir kanal k\u0131vr\u0131m\u0131 olsa bile her t\u00fcrl\u00fc duvar montaj\u0131na uygun olmas\u0131n\u0131 sa\u011flar.<\/span><\/span><\/div>\n<\/div>\n<p style=\"text-align: left;\"><span class=\"subTitle\"><span dir=\"auto\"><span>Genel \u00f6zellikler<\/span><\/span><\/span><\/p>\n<div class=\"prod-text-cnt\">\n<div class=\"twoCol\" style=\"text-align: left;\">\n<div><span dir=\"auto\"><span>Kutu i\u00e7eri\u011finde bulunan K\u0130T sayesinde \u00d880-100-120mm kanal \u00f6l\u00e7\u00fclerine uygun 4 kanal \u00f6l\u00e7\u00fcs\u00fcne uygun bir modeldir.<\/span><\/span><\/div>\n<div><span dir=\"auto\"><span>Darbeye ve UV \u0131\u015f\u0131nlar\u0131na dayan\u0131kl\u0131 ABS plastikten \u00fcretilmi\u015ftir.<\/span><\/span><\/div>\n<div><span dir=\"auto\"><span>Termal kesicili end\u00fcksiyon motoru \u2013 yal\u0131t\u0131m s\u0131n\u0131f\u0131 F<\/span><\/span><\/div>\n<div><span dir=\"auto\"><span>Maksimum ortam s\u0131cakl\u0131\u011f\u0131 45 \u00b0C<\/span><\/span><\/div>\n<div><span dir=\"auto\"><span>Zamanlay\u0131c\u0131 versiyonu: 45 saniyeden 20 dakikaya kadar ayarlanabilen a\u015f\u0131r\u0131 \u00e7al\u0131\u015fma zamanlay\u0131c\u0131s\u0131<\/span><\/span><\/div>\n<div><span dir=\"auto\"><span>HT versiyonu: Nem sens\u00f6r\u00fc %40 ile %80 aras\u0131nda ayarlanabilir.<\/span><\/span><\/div>\n<div><span dir=\"auto\"><span>Havay\u0131 do\u011frudan d\u0131\u015far\u0131ya veya kanallara \u00e7ekmek i\u00e7in uygundur<\/span><\/span><span dir=\"auto\"><span>Duvar, tavan ve pencere montaj\u0131na uygundur<\/span><\/span><\/div>\n<div><span dir=\"auto\"><span>Kutu i\u00e7eri\u011finde bulunan K\u0130T sayesinde \u00d880-100-120mm kanal \u00f6l\u00e7\u00fclerine uygun 4 kanal \u00f6l\u00e7\u00fcs\u00fcne uygun bir modeldir.<\/span><\/span><\/div>\n<\/div>\n<div style=\"text-align: center;\"><span class=\"subsubTitle\"><span dir=\"auto\"><span>Elektrikli \u00f6zellikler<\/span><\/span><\/span><\/p>\n<div style=\"text-align: center;\"><span dir=\"auto\"><span>230V~ 50Hz G\u00fc\u00e7 kayna\u011f\u0131<\/span><\/span><\/p>\n<table class=\" cke_show_border\" width=\"709\">\n<tbody>\n<tr>\n<td width=\"168\"><span dir=\"auto\"><span>Kod<\/span><\/span><\/td>\n<td width=\"176\"><span dir=\"auto\"><span>MODEL<\/span><\/span><\/td>\n<td width=\"109\"><span dir=\"auto\"><span>O<\/span><\/span><\/td>\n<td width=\"64\"><span dir=\"auto\"><span>m\u00b3\/saat<\/span><\/span><\/td>\n<td width=\"64\"><span dir=\"auto\"><span>mmH2O<\/span><\/span><\/td>\n<td width=\"64\"><span dir=\"auto\"><span>B<\/span><\/span><\/td>\n<td width=\"64\"><span dir=\"auto\"><span>dB(A) 3 m<\/span><\/span><\/td>\n<\/tr>\n<tr>\n<td width=\"168\"><span dir=\"auto\"><span>\u00a0AP3100<\/span><\/span><\/td>\n<td width=\"176\"><span dir=\"auto\"><span>\u00a0ASP\u0130RANT<\/span><\/span><\/td>\n<td width=\"109\"><span dir=\"auto\"><span>80 mm \/ 3\u201d<\/span><\/span><\/td>\n<td width=\"64\"><span dir=\"auto\"><span>55<\/span><\/span><\/td>\n<td width=\"64\"><span dir=\"auto\"><span>8.8<\/span><\/span><\/td>\n<td width=\"64\"><span dir=\"auto\"><span>23<\/span><\/span><\/td>\n<td width=\"64\"><span dir=\"auto\"><span>41,5<\/span><\/span><\/td>\n<\/tr>\n<tr>\n<td width=\"168\"><\/td>\n<td width=\"176\"><\/td>\n<td width=\"109\"><span dir=\"auto\"><span>100 mm \/ 4\u201d<\/span><\/span><\/td>\n<td width=\"64\"><span dir=\"auto\"><span>100<\/span><\/span><\/td>\n<td width=\"64\"><span dir=\"auto\"><span>8.8<\/span><\/span><\/td>\n<td width=\"64\"><span dir=\"auto\"><span>23<\/span><\/span><\/td>\n<td width=\"64\"><span dir=\"auto\"><span>43<\/span><\/span><\/td>\n<\/tr>\n<tr>\n<td width=\"168\"><\/td>\n<td width=\"176\"><\/td>\n<td width=\"109\"><span dir=\"auto\"><span>120 mm \/ 5\u201d<\/span><\/span><\/td>\n<td width=\"64\"><span dir=\"auto\"><span>130<\/span><\/span><\/td>\n<td width=\"64\"><span dir=\"auto\"><span>9<\/span><\/span><\/td>\n<td width=\"64\"><span dir=\"auto\"><span>24<\/span><\/span><\/td>\n<td width=\"64\"><span dir=\"auto\"><span>43<\/span><\/span><\/td>\n<\/tr>\n<tr>\n<td width=\"168\"><span dir=\"auto\"><span>\u00a0AP3102<\/span><\/span><\/td>\n<td width=\"176\"><span dir=\"auto\"><span>\u00a0ASPIRANTE T<\/span><\/span><\/td>\n<td width=\"109\"><span dir=\"auto\"><span>80 mm \/ 3\u201d<\/span><\/span><\/td>\n<td width=\"64\"><span dir=\"auto\"><span>55<\/span><\/span><\/td>\n<td width=\"64\"><span dir=\"auto\"><span>8.8<\/span><\/span><\/td>\n<td width=\"64\"><span dir=\"auto\"><span>23<\/span><\/span><\/td>\n<td width=\"64\"><span dir=\"auto\"><span>41,5<\/span><\/span><\/td>\n<\/tr>\n<tr>\n<td width=\"168\"><\/td>\n<td width=\"176\"><\/td>\n<td width=\"109\"><span dir=\"auto\"><span>100 mm \/ 4\u201d<\/span><\/span><\/td>\n<td width=\"64\"><span dir=\"auto\"><span>100<\/span><\/span><\/td>\n<td width=\"64\"><span dir=\"auto\"><span>8.8<\/span><\/span><\/td>\n<td width=\"64\"><span dir=\"auto\"><span>23<\/span><\/span><\/td>\n<td width=\"64\"><span dir=\"auto\"><span>43<\/span><\/span><\/td>\n<\/tr>\n<tr>\n<td width=\"168\"><\/td>\n<td width=\"176\"><\/td>\n<td width=\"109\"><span dir=\"auto\"><span>120 mm \/ 5\u201d<\/span><\/span><\/td>\n<td width=\"64\"><span dir=\"auto\"><span>130<\/span><\/span><\/td>\n<td width=\"64\"><span dir=\"auto\"><span>9<\/span><\/span><\/td>\n<td width=\"64\"><span dir=\"auto\"><span>24<\/span><\/span><\/td>\n<td width=\"64\"><span dir=\"auto\"><span>43<\/span><\/span><\/td>\n<\/tr>\n<tr>\n<td width=\"168\"><span dir=\"auto\"><span>\u00a0AP3104<\/span><\/span><\/td>\n<td width=\"176\"><span dir=\"auto\"><span>ASPIRANTE HT<\/span><\/span><\/td>\n<td width=\"109\"><span dir=\"auto\"><span>80 mm \/ 3\u201d<\/span><\/span><\/td>\n<td width=\"64\"><span dir=\"auto\"><span>55<\/span><\/span><\/td>\n<td width=\"64\"><span dir=\"auto\"><span>8,8<\/span><\/span><\/td>\n<td width=\"64\"><span dir=\"auto\"><span>23<\/span><\/span><\/td>\n<td width=\"64\"><span dir=\"auto\"><span>41,5<\/span><\/span><\/td>\n<\/tr>\n<tr>\n<td width=\"168\"><\/td>\n<td width=\"176\"><\/td>\n<td width=\"109\"><span dir=\"auto\"><span>100 mm \/ 4\u201d<\/span><\/span><\/td>\n<td width=\"64\"><span dir=\"auto\"><span>100<\/span><\/span><\/td>\n<td width=\"64\"><span dir=\"auto\"><span>8.8<\/span><\/span><\/td>\n<td width=\"64\"><span dir=\"auto\"><span>23<\/span><\/span><\/td>\n<td width=\"64\"><span dir=\"auto\"><span>43<\/span><\/span><\/td>\n<\/tr>\n<tr>\n<td width=\"168\"><\/td>\n<td width=\"176\"><\/td>\n<td width=\"109\"><span dir=\"auto\"><span>120 mm \/ 5\u201d<\/span><\/span><\/td>\n<td width=\"64\"><span dir=\"auto\"><span>130<\/span><\/span><\/td>\n<td width=\"64\"><span dir=\"auto\"><span>9<\/span><\/span><\/td>\n<td width=\"64\"><span dir=\"auto\"><span>24<\/span><\/span><\/td>\n<td width=\"64\"><span dir=\"auto\"><span>43<\/span><\/span><\/td>\n<\/tr>\n<tr>\n<td width=\"168\"><span dir=\"auto\"><span>AP0902<\/span><\/span><\/td>\n<td width=\"176\"><span dir=\"auto\"><span>BOCCAGLIO<\/span><\/span><\/td>\n<td width=\"109\"><span dir=\"auto\"><span>90 mm \/ 3,5\u201d<\/span><\/span><\/td>\n<td width=\"64\"><span dir=\"auto\"><span>90<\/span><\/span><\/td>\n<td width=\"64\"><span dir=\"auto\"><span>8.50<\/span><\/span><\/td>\n<td width=\"64\"><span dir=\"auto\"><span>23<\/span><\/span><\/td>\n<td width=\"64\"><span dir=\"auto\"><span>41,5<\/span><\/span><\/td>\n<\/tr>\n<tr>\n<td width=\"168\"><\/td>\n<td width=\"176\"><\/td>\n<td width=\"109\"><\/td>\n<td width=\"64\"><\/td>\n<td width=\"64\"><\/td>\n<td width=\"64\"><\/td>\n<td width=\"64\"><\/td>\n<\/tr>\n<tr>\n<td colspan=\"7\" width=\"709\"><span dir=\"auto\"><span>PENCERE UYGULAMASI \u0130\u00c7\u0130N K\u0130T<\/span><\/span><\/td>\n<\/tr>\n<tr>\n<td width=\"168\"><span dir=\"auto\"><span>AP0900<\/span><\/span><\/td>\n<td colspan=\"6\" width=\"541\"><span dir=\"auto\"><span>ASPIRKIT VETRO N<\/span><\/span><\/td>\n<\/tr>\n<tr>\n<td colspan=\"7\" width=\"709\"><\/td>\n<\/tr>\n<tr>\n<td colspan=\"7\" width=\"709\"><span dir=\"auto\"><span>ZAMANLAYICI<\/span><\/span><\/td>\n<\/tr>\n<tr>\n<td width=\"168\"><span dir=\"auto\"><span>AP0904<\/span><\/span><\/td>\n<td colspan=\"6\" width=\"541\"><span dir=\"auto\"><span>ASPIRTIMER N<\/span><\/span><\/td>\n<\/tr>\n<tr>\n<td colspan=\"7\" width=\"709\"><\/td>\n<\/tr>\n<tr>\n<td colspan=\"7\" width=\"709\"><span dir=\"auto\"><span>H\u0130GROSTATLI ZAMANLAYICI<\/span><\/span><\/td>\n<\/tr>\n<tr>\n<td width=\"168\"><span dir=\"auto\"><span>AP0906<\/span><\/span><\/td>\n<td colspan=\"6\" width=\"541\"><span dir=\"auto\"><span>ASP\u0130RHYGRO ZAMANLAYICI<\/span><\/span><\/td>\n<\/tr>\n<tr>\n<td colspan=\"7\" width=\"709\"><\/td>\n<\/tr>\n<tr>\n<td colspan=\"7\" width=\"709\"><span dir=\"auto\"><span>HIZ REG\u00dcLAT\u00d6R\u00dc (sadece AP3100 i\u00e7in)<\/span><\/span><\/td>\n<\/tr>\n<tr>\n<td style=\"text-align: left;\" width=\"168\"><span dir=\"auto\"><span>AP2568<\/span><\/span><\/td>\n<td style=\"text-align: left;\" colspan=\"6\" width=\"541\"><span dir=\"auto\"><span>ASPIRCONTROL RDV 1,5-MF<\/span><\/span><\/td>\n<\/tr>\n<\/tbody>\n<\/table>\n<\/div>\n<\/div>\n<\/div>\n","protected":false},"excerpt":{"rendered":"<p>Bir \u00fcr\u00fcn 4 \u00e7apa uyar 80 \u2013 90 \u2013 100 \u2013 120 Aspirante&rsquo;nin modern ve \u00f6zg\u00fcn tasar\u0131m\u0131 her ortama uyum<\/p>\n","protected":false},"featured_media":66725,"comment_status":"open","ping_status":"closed","template":"","meta":{"_joinchat":[]},"product_brand":[],"product_cat":[336],"product_tag":[],"class_list":{"0":"post-66724","1":"product","2":"type-product","3":"status-publish","4":"has-post-thumbnail","6":"product_cat-fantini-cosmi","8":"first","9":"instock","10":"shipping-taxable","11":"product-type-simple"},"_links":{"self":[{"href":"https:\/\/unox.com.tr\/fr\/wp-json\/wp\/v2\/product\/66724","targetHints":{"allow":["GET"]}}],"collection":[{"href":"https:\/\/unox.com.tr\/fr\/wp-json\/wp\/v2\/product"}],"about":[{"href":"https:\/\/unox.com.tr\/fr\/wp-json\/wp\/v2\/types\/product"}],"replies":[{"embeddable":true,"href":"https:\/\/unox.com.tr\/fr\/wp-json\/wp\/v2\/comments?post=66724"}],"version-history":[{"count":3,"href":"https:\/\/unox.com.tr\/fr\/wp-json\/wp\/v2\/product\/66724\/revisions"}],"predecessor-version":[{"id":66787,"href":"https:\/\/unox.com.tr\/fr\/wp-json\/wp\/v2\/product\/66724\/revisions\/66787"}],"wp:featuredmedia":[{"embeddable":true,"href":"https:\/\/unox.com.tr\/fr\/wp-json\/wp\/v2\/media\/66725"}],"wp:attachment":[{"href":"https:\/\/unox.com.tr\/fr\/wp-json\/wp\/v2\/media?parent=66724"}],"wp:term":[{"taxonomy":"product_brand","embeddable":true,"href":"https:\/\/unox.com.tr\/fr\/wp-json\/wp\/v2\/product_brand?post=66724"},{"taxonomy":"product_cat","embeddable":true,"href":"https:\/\/unox.com.tr\/fr\/wp-json\/wp\/v2\/product_cat?post=66724"},{"taxonomy":"product_tag","embeddable":true,"href":"https:\/\/unox.com.tr\/fr\/wp-json\/wp\/v2\/product_tag?post=66724"}],"curies":[{"name":"wp","href":"https:\/\/api.w.org\/{rel}","templated":true}]}}