{"id":66756,"date":"2025-07-29T16:20:25","date_gmt":"2025-07-29T13:20:25","guid":{"rendered":"https:\/\/unox.com.tr\/?post_type=product&#038;p=66756"},"modified":"2025-09-02T09:21:26","modified_gmt":"2025-09-02T06:21:26","slug":"fantini-cosmi-wifi-akilli-programlanabilir-termostat","status":"publish","type":"product","link":"https:\/\/unox.com.tr\/fr\/fantini-cosmi-wifi-akilli-programlanabilir-termostat\/","title":{"rendered":"Fantini Cosmi WiFi Ak\u0131ll\u0131 Programlanabilir Termostat"},"content":{"rendered":"<div class=\"intro\"><span dir=\"auto\">Is\u0131tma ve\/veya so\u011futma sistemlerinin kontrol\u00fc i\u00e7in uygundur<\/span><br \/>\n<span dir=\"auto\">Ak\u0131ll\u0131 telefon uygulamas\u0131yla uzaktan kumanda<\/span><br \/>\n<span dir=\"auto\">Ev konforuna yenilik\u00e7i bir yakla\u015f\u0131m i\u00e7in AKILLI \u00f6zellikler<\/span><br \/>\n<span dir=\"auto\">Ayr\u0131ca alg\u0131lanan s\u0131cakl\u0131\u011fa g\u00f6re d\u00fczenleme yaparak hidrolik sistemleri y\u00f6netmek i\u00e7in de idealdir<\/span><\/div>\n<p><span class=\"subTitle\"><span dir=\"auto\">Genel \u00f6zellikler<\/span><\/span><\/p>\n<div class=\"prod-text-cnt\">\n<div class=\"twoCol\">\n<div><span dir=\"auto\">S\u0131cakl\u0131k ayar aral\u0131\u011f\u0131: 2 \u00f7 40 \u00b0C, 0,1\u00b0C art\u0131\u015f<\/span><\/div>\n<div><span dir=\"auto\">Ortam s\u0131cakl\u0131\u011f\u0131 \u00f6l\u00e7\u00fcm\/g\u00f6r\u00fcnt\u00fcleme aral\u0131\u011f\u0131: \u2013 50 \u00f7 + 50 \u00b0C<\/span><\/div>\n<div><span dir=\"auto\">Ayarlanabilir s\u0131cakl\u0131k fark\u0131: STD, 0,3 \u00f7 5 K<\/span><\/div>\n<div><span dir=\"auto\">Referans termal gradyan: 4 K\/h<\/span><\/div>\n<div><span dir=\"auto\">Maksimum ortam s\u0131cakl\u0131\u011f\u0131: 45\u00b0C<\/span><\/div>\n<div><span dir=\"auto\">Ortam ba\u011f\u0131l nem g\u00f6r\u00fcnt\u00fcleme aral\u0131\u011f\u0131: 0 \u00f7 %99, %1 art\u0131\u015f<\/span><\/div>\n<div><span dir=\"auto\">WiFi ba\u011flant\u0131s\u0131 2,4 GHz (802.11 b\/g\/n)<\/span><\/div>\n<div><span dir=\"auto\">Maksimum iletilen radyo frekans\u0131 g\u00fcc\u00fc: &lt;10mW<\/span><\/div>\n<div><span dir=\"auto\">Depolama s\u0131cakl\u0131\u011f\u0131 aral\u0131\u011f\u0131: -10\u00b0C \u00f7 +60\u00b0C<\/span><\/div>\n<div><span dir=\"auto\">Koruma derecesi: IP32<\/span><\/div>\n<div><span dir=\"auto\">Kirlilik derecesi: 2<\/span><\/div>\n<\/div>\n<div>\n<p><span class=\"subsubTitle\"><span dir=\"auto\">Elektrikli \u00f6zellikler<\/span><\/span><\/p>\n<div><span dir=\"auto\">G\u00fc\u00e7 Kayna\u011f\u0131: 2 adet AA 1,5 V alkalin pil 230 V \u2013 50 Hz (C800AL g\u00fc\u00e7 adapt\u00f6r\u00fc arac\u0131l\u0131\u011f\u0131yla)<\/span><\/div>\n<div><span dir=\"auto\">Maksimum G\u00fc\u00e7 T\u00fcketimi: 5 W<\/span><\/div>\n<div><span dir=\"auto\">Temas Derecesi: 5(3)A 250 Vca<\/span><\/div>\n<div><span dir=\"auto\">\u0130\u015flem T\u00fcr\u00fc: 1 BU (Mikro Ba\u011flant\u0131 Kesme)<\/span><\/div>\n<div><span dir=\"auto\">\u00c7\u0131k\u0131\u015f T\u00fcr\u00fc: \u2013 Is\u0131tma\/so\u011futma kontrol\u00fcne ayr\u0131lm\u0131\u015f 1 r\u00f6le (3 vidal\u0131 terminal: normalde a\u00e7\u0131k + normalde kapal\u0131)<\/span><\/div>\n<div><span dir=\"auto\">Yaz\u0131l\u0131m S\u0131n\u0131f\u0131: A<\/span><\/div>\n<div><span dir=\"auto\">Elektrik Yal\u0131t\u0131m\u0131: \u00c7ift yal\u0131t\u0131m<\/span><\/div>\n<div>\n<p><span dir=\"auto\">Darbe Voltaj\u0131: 4000V<\/span><\/p>\n<table class=\" cke_show_border\">\n<tbody>\n<tr>\n<td><span dir=\"auto\">Kod<\/span><\/td>\n<td><span dir=\"auto\">Renk<\/span><\/td>\n<td><span dir=\"auto\">Tan\u0131m<\/span><\/td>\n<\/tr>\n<tr>\n<td><span dir=\"auto\">C900R<\/span><\/td>\n<td><span dir=\"auto\">beyaz<\/span><\/td>\n<td><span dir=\"auto\">Ak\u0131ll\u0131 Wi-Fi programlanabilir termostat, pille \u00e7al\u0131\u015f\u0131r<\/span><\/td>\n<\/tr>\n<tr>\n<td><span dir=\"auto\">C900RN<\/span><\/td>\n<td><span dir=\"auto\">siyah<\/span><\/td>\n<td><span dir=\"auto\">Ak\u0131ll\u0131 Wi-Fi programlanabilir termostat, pille \u00e7al\u0131\u015f\u0131r<\/span><\/td>\n<\/tr>\n<tr>\n<td><span dir=\"auto\">C900RS<\/span><\/td>\n<td><span dir=\"auto\">kum<\/span><\/td>\n<td><span dir=\"auto\">Ak\u0131ll\u0131 Wi-Fi programlanabilir termostat, pille \u00e7al\u0131\u015f\u0131r<\/span><\/td>\n<\/tr>\n<\/tbody>\n<\/table>\n<\/div>\n<\/div>\n<\/div>\n","protected":false},"excerpt":{"rendered":"<p>Is\u0131tma ve\/veya so\u011futma sistemlerinin kontrol\u00fc i\u00e7in uygundur Ak\u0131ll\u0131 telefon uygulamas\u0131yla uzaktan kumanda Ev konforuna yenilik\u00e7i bir yakla\u015f\u0131m i\u00e7in AKILLI \u00f6zellikler<\/p>\n","protected":false},"featured_media":66771,"comment_status":"open","ping_status":"closed","template":"","meta":{"_joinchat":[]},"product_brand":[],"product_cat":[336],"product_tag":[],"class_list":{"0":"post-66756","1":"product","2":"type-product","3":"status-publish","4":"has-post-thumbnail","6":"product_cat-fantini-cosmi","8":"first","9":"instock","10":"shipping-taxable","11":"product-type-simple"},"_links":{"self":[{"href":"https:\/\/unox.com.tr\/fr\/wp-json\/wp\/v2\/product\/66756","targetHints":{"allow":["GET"]}}],"collection":[{"href":"https:\/\/unox.com.tr\/fr\/wp-json\/wp\/v2\/product"}],"about":[{"href":"https:\/\/unox.com.tr\/fr\/wp-json\/wp\/v2\/types\/product"}],"replies":[{"embeddable":true,"href":"https:\/\/unox.com.tr\/fr\/wp-json\/wp\/v2\/comments?post=66756"}],"version-history":[{"count":2,"href":"https:\/\/unox.com.tr\/fr\/wp-json\/wp\/v2\/product\/66756\/revisions"}],"predecessor-version":[{"id":66878,"href":"https:\/\/unox.com.tr\/fr\/wp-json\/wp\/v2\/product\/66756\/revisions\/66878"}],"wp:featuredmedia":[{"embeddable":true,"href":"https:\/\/unox.com.tr\/fr\/wp-json\/wp\/v2\/media\/66771"}],"wp:attachment":[{"href":"https:\/\/unox.com.tr\/fr\/wp-json\/wp\/v2\/media?parent=66756"}],"wp:term":[{"taxonomy":"product_brand","embeddable":true,"href":"https:\/\/unox.com.tr\/fr\/wp-json\/wp\/v2\/product_brand?post=66756"},{"taxonomy":"product_cat","embeddable":true,"href":"https:\/\/unox.com.tr\/fr\/wp-json\/wp\/v2\/product_cat?post=66756"},{"taxonomy":"product_tag","embeddable":true,"href":"https:\/\/unox.com.tr\/fr\/wp-json\/wp\/v2\/product_tag?post=66756"}],"curies":[{"name":"wp","href":"https:\/\/api.w.org\/{rel}","templated":true}]}}