{"id":52032,"date":"2022-10-27T11:13:49","date_gmt":"2022-10-27T08:13:49","guid":{"rendered":"https:\/\/unox.com.tr\/%d1%84%d0%be%d1%80%d0%bc%d0%b0-%d0%b7%d0%b0%d1%8f%d0%b2%d0%bb%d0%b5%d0%bd%d0%b8%d1%8f-%d0%be-%d0%bf%d1%80%d0%b8%d0%b5%d0%bc%d0%b5-%d0%bd%d0%b0-%d1%80%d0%b0%d0%b1%d0%be%d1%82%d1%83\/"},"modified":"2023-02-20T14:21:43","modified_gmt":"2023-02-20T11:21:43","slug":"%d1%84%d0%be%d1%80%d0%bc%d0%b0-%d0%b7%d0%b0%d1%8f%d0%b2%d0%bb%d0%b5%d0%bd%d0%b8%d1%8f-%d0%be-%d0%bf%d1%80%d0%b8%d0%b5%d0%bc%d0%b5-%d0%bd%d0%b0-%d1%80%d0%b0%d0%b1%d0%be%d1%82%d1%83","status":"publish","type":"page","link":"https:\/\/unox.com.tr\/ru\/%d1%84%d0%be%d1%80%d0%bc%d0%b0-%d0%b7%d0%b0%d1%8f%d0%b2%d0%bb%d0%b5%d0%bd%d0%b8%d1%8f-%d0%be-%d0%bf%d1%80%d0%b8%d0%b5%d0%bc%d0%b5-%d0%bd%d0%b0-%d1%80%d0%b0%d0%b1%d0%be%d1%82%d1%83\/","title":{"rendered":"\u0424\u043e\u0440\u043c\u0430 \u0437\u0430\u044f\u0432\u043b\u0435\u043d\u0438\u044f \u043e \u043f\u0440\u0438\u0435\u043c\u0435 \u043d\u0430 \u0440\u0430\u0431\u043e\u0442\u0443"},"content":{"rendered":"\t\t<div data-elementor-type=\"wp-page\" data-elementor-id=\"52032\" class=\"elementor elementor-52032 elementor-35164\">\n\t\t\t\t\t\t<section class=\"wd-negative-gap elementor-section elementor-top-section elementor-element elementor-element-2c5cd46f elementor-section-boxed elementor-section-height-default elementor-section-height-default\" data-id=\"2c5cd46f\" data-element_type=\"section\" data-e-type=\"section\">\n\t\t\t\t\t\t<div class=\"elementor-container elementor-column-gap-default\">\n\t\t\t\t\t<div class=\"elementor-column elementor-col-100 elementor-top-column elementor-element elementor-element-26bedd75\" data-id=\"26bedd75\" data-element_type=\"column\" data-e-type=\"column\">\n\t\t\t<div class=\"elementor-widget-wrap elementor-element-populated\">\n\t\t\t\t\t\t\t<\/div>\n\t\t<\/div>\n\t\t\t\t\t<\/div>\n\t\t<\/section>\n\t\t\t\t<section class=\"wd-negative-gap elementor-section elementor-top-section elementor-element elementor-element-1d57eb6 elementor-section-boxed elementor-section-height-default elementor-section-height-default\" data-id=\"1d57eb6\" data-element_type=\"section\" data-e-type=\"section\">\n\t\t\t\t\t\t<div class=\"elementor-container elementor-column-gap-default\">\n\t\t\t\t\t<div class=\"elementor-column elementor-col-100 elementor-top-column elementor-element elementor-element-5d1c30c\" data-id=\"5d1c30c\" data-element_type=\"column\" data-e-type=\"column\">\n\t\t\t<div class=\"elementor-widget-wrap elementor-element-populated\">\n\t\t\t\t\t\t<div class=\"elementor-element elementor-element-94b7b3c wd-cf7 elementor-widget elementor-widget-wd_contact_form_7\" data-id=\"94b7b3c\" data-element_type=\"widget\" data-e-type=\"widget\" data-widget_type=\"wd_contact_form_7.default\">\n\t\t\t\t<div class=\"elementor-widget-container\">\n\t\t\t\t\t\n<div class=\"wpcf7 no-js\" id=\"wpcf7-f12246-o1\" lang=\"tr-TR\" dir=\"ltr\" data-wpcf7-id=\"12246\">\n<div class=\"screen-reader-response\"><p role=\"status\" aria-live=\"polite\" aria-atomic=\"true\"><\/p> <ul><\/ul><\/div>\n<form action=\"\/ru\/wp-json\/wp\/v2\/pages\/52032#wpcf7-f12246-o1\" method=\"post\" class=\"wpcf7-form init\" aria-label=\"\u0130leti\u015fim Formu\" enctype=\"multipart\/form-data\" novalidate=\"novalidate\" data-status=\"init\">\n<fieldset class=\"hidden-fields-container\"><input type=\"hidden\" name=\"_wpcf7\" value=\"12246\" \/><input type=\"hidden\" name=\"_wpcf7_version\" value=\"6.1.5\" \/><input type=\"hidden\" name=\"_wpcf7_locale\" value=\"tr_TR\" \/><input type=\"hidden\" name=\"_wpcf7_unit_tag\" value=\"wpcf7-f12246-o1\" \/><input type=\"hidden\" name=\"_wpcf7_container_post\" value=\"0\" \/><input type=\"hidden\" name=\"_wpcf7_posted_data_hash\" value=\"\" \/><input type=\"hidden\" name=\"_wpcf7_recaptcha_response\" value=\"\" \/>\n<\/fieldset>\n<p><label> \u0130sim <span class=\"wpcf7-form-control-wrap\" data-name=\"your-name\"><input size=\"40\" maxlength=\"400\" class=\"wpcf7-form-control wpcf7-text wpcf7-validates-as-required\" aria-required=\"true\" aria-invalid=\"false\" value=\"\" type=\"text\" name=\"your-name\" \/><\/span> <\/label>\n<\/p>\n<p><label> Cep Telefonu <span class=\"wpcf7-form-control-wrap\" data-name=\"cep-tel\"><input size=\"40\" maxlength=\"400\" class=\"wpcf7-form-control wpcf7-tel wpcf7-validates-as-required wpcf7-text wpcf7-validates-as-tel\" aria-required=\"true\" aria-invalid=\"false\" value=\"\" type=\"tel\" name=\"cep-tel\" \/><\/span> <\/label>\n<\/p>\n<p><label> E-posta Adresi <span class=\"wpcf7-form-control-wrap\" data-name=\"your-email\"><input size=\"40\" maxlength=\"400\" class=\"wpcf7-form-control wpcf7-email wpcf7-validates-as-required wpcf7-text wpcf7-validates-as-email\" aria-required=\"true\" aria-invalid=\"false\" value=\"\" type=\"email\" name=\"your-email\" \/><\/span> <\/label>\n<\/p>\n<p>Do\u011fum Tarihiniz (G\u00fcn\/Ay\/Y\u0131l) *<br \/>\n<span class=\"wpcf7-form-control-wrap\" data-name=\"dogum\"><input class=\"wpcf7-form-control wpcf7-date wpcf7-validates-as-date\" min=\"1970-01-01\" max=\"2008-01-01\" aria-invalid=\"false\" value=\"\" type=\"date\" name=\"dogum\" \/><\/span>\n<\/p>\n<p>Medeni Haliniz<br \/>\n<label> <span class=\"wpcf7-form-control-wrap\" data-name=\"medeni\"><select class=\"wpcf7-form-control wpcf7-select\" aria-invalid=\"false\" name=\"medeni\"><option value=\"\"><\/option><option value=\"Evli\">Evli<\/option><option value=\"Bekar\">Bekar<\/option><\/select><\/span><\/label>\n<\/p>\n<p>S\u00fcr\u00fcc\u00fc Belgesi *<br \/>\n<span class=\"wpcf7-form-control-wrap\" data-name=\"surucu\"><span class=\"wpcf7-form-control wpcf7-radio\"><span class=\"wpcf7-list-item first\"><label><input type=\"radio\" name=\"surucu\" value=\"Yok\" checked=\"checked\" \/><span class=\"wpcf7-list-item-label\">Yok<\/span><\/label><\/span><span class=\"wpcf7-list-item\"><label><input type=\"radio\" name=\"surucu\" value=\"A1\" \/><span class=\"wpcf7-list-item-label\">A1<\/span><\/label><\/span><span class=\"wpcf7-list-item\"><label><input type=\"radio\" name=\"surucu\" value=\"A2\" \/><span class=\"wpcf7-list-item-label\">A2<\/span><\/label><\/span><span class=\"wpcf7-list-item\"><label><input type=\"radio\" name=\"surucu\" value=\"B\" \/><span class=\"wpcf7-list-item-label\">B<\/span><\/label><\/span><span class=\"wpcf7-list-item\"><label><input type=\"radio\" name=\"surucu\" value=\"D\" \/><span class=\"wpcf7-list-item-label\">D<\/span><\/label><\/span><span class=\"wpcf7-list-item\"><label><input type=\"radio\" name=\"surucu\" value=\"E\" \/><span class=\"wpcf7-list-item-label\">E<\/span><\/label><\/span><span class=\"wpcf7-list-item\"><label><input type=\"radio\" name=\"surucu\" value=\"F\" \/><span class=\"wpcf7-list-item-label\">F<\/span><\/label><\/span><span class=\"wpcf7-list-item\"><label><input type=\"radio\" name=\"surucu\" value=\"G\" \/><span class=\"wpcf7-list-item-label\">G<\/span><\/label><\/span><span class=\"wpcf7-list-item last\"><label><input type=\"radio\" name=\"surucu\" value=\"H\" \/><span class=\"wpcf7-list-item-label\">H<\/span><\/label><\/span><\/span><\/span>\n<\/p>\n<p>E\u011fitim Durumu *<br \/>\n<span class=\"wpcf7-form-control-wrap\" data-name=\"egitim\"><select class=\"wpcf7-form-control wpcf7-select\" aria-invalid=\"false\" name=\"egitim\"><option value=\"\"><\/option><option value=\"\u0130lkokul\">\u0130lkokul<\/option><option value=\"Ortaokul\">Ortaokul<\/option><option value=\"Lise\">Lise<\/option><option value=\"Lisans\">Lisans<\/option><option value=\"Y\u00fcksek Lisans\">Y\u00fcksek Lisans<\/option><option value=\"Doktora\">Doktora<\/option><\/select><\/span>\n<\/p>\n<p><label> <span class=\"wpcf7-form-control-wrap\" data-name=\"mesaj\"><textarea cols=\"40\" rows=\"10\" maxlength=\"2000\" class=\"wpcf7-form-control wpcf7-textarea\" aria-invalid=\"false\" name=\"mesaj\">Eklemek \u0130stedikleriniz<\/textarea><\/span> <\/label>\n<\/p>\n<p><span class=\"wpcf7-form-control-wrap\" data-name=\"file-129\"><input size=\"40\" class=\"wpcf7-form-control wpcf7-file\" accept=\".pdf,.docx,.xlsx,.png,.jpg,.jpeg\" aria-invalid=\"false\" type=\"file\" name=\"file-129\" \/><\/span>\n<\/p>\n<p><span class=\"wpcf7-form-control-wrap\" data-name=\"checkbox-366\"><span class=\"wpcf7-form-control wpcf7-acceptance\"><span class=\"wpcf7-list-item\"><label><input type=\"checkbox\" name=\"checkbox-366\" value=\"1\" aria-invalid=\"false\" \/><span class=\"wpcf7-list-item-label\">Ki\u015fisel Verilerin Korunmas\u0131na ili\u015fkin <a href=\"https:\/\/unox.com.tr\/wp-content\/uploads\/2023\/09\/Calisan-Adayi-Aydinlatma-Metni-Tekpa.pdf\" target=\"_blank\">\u00c7al\u0131\u015fan Aday\u0131 Ayd\u0131nlatma Metnini<\/a> okudum.<\/span><\/label><\/span><\/span><\/span>\n<\/p>\n<p><input class=\"wpcf7-form-control wpcf7-submit has-spinner\" type=\"submit\" value=\"G\u00f6nder\" \/>\n<\/p><p style=\"display: none !important;\" class=\"akismet-fields-container\" data-prefix=\"_wpcf7_ak_\"><label>&#916;<textarea name=\"_wpcf7_ak_hp_textarea\" cols=\"45\" rows=\"8\" maxlength=\"100\"><\/textarea><\/label><input type=\"hidden\" id=\"ak_js_1\" name=\"_wpcf7_ak_js\" value=\"175\"\/><script type=\"text\/javascript\">\n\/* <![CDATA[ *\/\ndocument.getElementById( \"ak_js_1\" ).setAttribute( \"value\", ( new Date() ).getTime() );\n\/* ]]> *\/\n<\/script>\n<\/p><div class=\"wpcf7-response-output\" aria-hidden=\"true\"><\/div>\n<\/form>\n<\/div>\n\t\t\t\t<\/div>\n\t\t\t\t<\/div>\n\t\t\t\t<div class=\"elementor-element elementor-element-1e241c0 elementor-widget elementor-widget-wd_button\" data-id=\"1e241c0\" data-element_type=\"widget\" data-e-type=\"widget\" data-widget_type=\"wd_button.default\">\n\t\t\t\t<div class=\"elementor-widget-container\">\n\t\t\t\t\t\t\t<div class=\"wd-button-wrapper text-center\" >\n\t\t\t<a class=\"btn btn-style-default btn-shape-round btn-size-extra-small btn-icon-pos-right\"  href=\"https:\/\/unox.com.tr\/wp-content\/uploads\/2023\/02\/Calisan-Adayi-Aydinlatma-Metni-Tekpa.docx\" target=\"_blank\" style=\"--btn-color:#fff;\">\n\t\t\t\t<span class=\"wd-btn-text\" data-elementor-setting-key=\"text\">\n\t\t\t\t\t\u041d\u0430\u0436\u043c\u0438\u0442\u0435, \u0447\u0442\u043e\u0431\u044b \u043f\u0440\u043e\u0441\u043c\u043e\u0442\u0440\u0435\u0442\u044c \u0442\u0435\u043a\u0441\u0442 \u0440\u0430\u0441\u043a\u0440\u044b\u0442\u0438\u044f \u0438\u043d\u0444\u043e\u0440\u043c\u0430\u0446\u0438\u0438 \u043e \u043a\u0430\u043d\u0434\u0438\u0434\u0430\u0442\u0435 \u0432 \u0440\u0430\u0431\u043e\u0442\u043d\u0438\u043a\u0438\t\t\t\t<\/span>\n\n\t\t\t\t\t\t\t<\/a>\n\t\t<\/div>\n\t\t\t\t\t\t<\/div>\n\t\t\t\t<\/div>\n\t\t\t\t\t<\/div>\n\t\t<\/div>\n\t\t\t\t\t<\/div>\n\t\t<\/section>\n\t\t\t\t<\/div>\n\t\t","protected":false},"excerpt":{"rendered":"<p>Do\u011fum Tarihiniz(G\u00fcn\/Ay\/Y\u0131l) * Medeni Haliniz EvliBekar S\u00fcr\u00fcc\u00fc Belgesi * YokA1A2BDEFGH E\u011fitim Durumu * \u0130lkokulOrtaokulLiseLisansY\u00fcksek LisansDoktora Eklemek \u0130stedikleriniz \u041d\u0430\u0436\u043c\u0438\u0442\u0435, \u0447\u0442\u043e\u0431\u044b \u043f\u0440\u043e\u0441\u043c\u043e\u0442\u0440\u0435\u0442\u044c<\/p>\n","protected":false},"author":1,"featured_media":0,"parent":0,"menu_order":0,"comment_status":"closed","ping_status":"closed","template":"","meta":{"footnotes":""},"class_list":["post-52032","page","type-page","status-publish","hentry"],"_links":{"self":[{"href":"https:\/\/unox.com.tr\/ru\/wp-json\/wp\/v2\/pages\/52032","targetHints":{"allow":["GET"]}}],"collection":[{"href":"https:\/\/unox.com.tr\/ru\/wp-json\/wp\/v2\/pages"}],"about":[{"href":"https:\/\/unox.com.tr\/ru\/wp-json\/wp\/v2\/types\/page"}],"author":[{"embeddable":true,"href":"https:\/\/unox.com.tr\/ru\/wp-json\/wp\/v2\/users\/1"}],"replies":[{"embeddable":true,"href":"https:\/\/unox.com.tr\/ru\/wp-json\/wp\/v2\/comments?post=52032"}],"version-history":[{"count":0,"href":"https:\/\/unox.com.tr\/ru\/wp-json\/wp\/v2\/pages\/52032\/revisions"}],"wp:attachment":[{"href":"https:\/\/unox.com.tr\/ru\/wp-json\/wp\/v2\/media?parent=52032"}],"curies":[{"name":"wp","href":"https:\/\/api.w.org\/{rel}","templated":true}]}}