{"id":34520,"date":"2021-12-23T08:33:54","date_gmt":"2021-12-23T05:33:54","guid":{"rendered":"https:\/\/www.unox.com.tr\/urun\/%d0%be%d1%82%d1%81%d0%bb%d0%b5%d0%b6%d0%b8%d0%b2%d0%b0%d0%b5%d0%bc%d1%8b%d0%b5-%d0%bf%d0%be%d0%b2%d0%be%d1%80%d0%be%d1%82%d0%bd%d1%8b%d0%b5-%d0%b7%d0%b0%d1%82%d0%b2%d0%be%d1%80%d1%8b\/"},"modified":"2023-02-21T16:30:24","modified_gmt":"2023-02-21T13:30:24","slug":"%d0%be%d1%82%d1%81%d0%bb%d0%b5%d0%b6%d0%b8%d0%b2%d0%b0%d0%b5%d0%bc%d1%8b%d0%b5-%d0%b1%d0%b0%d0%b1%d0%be%d1%87%d0%ba%d0%b8-%d0%b2%d0%b0%d0%bd%d1%8b","status":"publish","type":"product","link":"https:\/\/unox.com.tr\/ru\/%d0%be%d1%82%d1%81%d0%bb%d0%b5%d0%b6%d0%b8%d0%b2%d0%b0%d0%b5%d0%bc%d1%8b%d0%b5-%d0%b1%d0%b0%d0%b1%d0%be%d1%87%d0%ba%d0%b8-%d0%b2%d0%b0%d0%bd%d1%8b\/","title":{"rendered":"\u041e\u0442\u0441\u043b\u0435\u0436\u0438\u0432\u0430\u0435\u043c\u044b\u0435 \u043f\u043e\u0432\u043e\u0440\u043e\u0442\u043d\u044b\u0435 \u0437\u0430\u0442\u0432\u043e\u0440\u044b"},"content":{"rendered":"<div id=\"ez-toc-container\" class=\"ez-toc-v2_0_82_2 counter-hierarchy ez-toc-counter ez-toc-grey ez-toc-container-direction\">\n<div class=\"ez-toc-title-container\">\n<p class=\"ez-toc-title\" style=\"cursor:inherit\">Sayfa \u0130\u00e7eri\u011fi<\/p>\n<span class=\"ez-toc-title-toggle\"><a href=\"#\" class=\"ez-toc-pull-right ez-toc-btn ez-toc-btn-xs ez-toc-btn-default ez-toc-toggle\" aria-label=\"Toggle Table of Content\"><span class=\"ez-toc-js-icon-con\"><span class=\"\"><span class=\"eztoc-hide\" style=\"display:none;\">Toggle<\/span><span class=\"ez-toc-icon-toggle-span\"><svg style=\"fill: #999;color:#999\" xmlns=\"http:\/\/www.w3.org\/2000\/svg\" class=\"list-377408\" width=\"20px\" height=\"20px\" viewBox=\"0 0 24 24\" fill=\"none\"><path d=\"M6 6H4v2h2V6zm14 0H8v2h12V6zM4 11h2v2H4v-2zm16 0H8v2h12v-2zM4 16h2v2H4v-2zm16 0H8v2h12v-2z\" fill=\"currentColor\"><\/path><\/svg><svg style=\"fill: #999;color:#999\" class=\"arrow-unsorted-368013\" xmlns=\"http:\/\/www.w3.org\/2000\/svg\" width=\"10px\" height=\"10px\" viewBox=\"0 0 24 24\" version=\"1.2\" baseProfile=\"tiny\"><path d=\"M18.2 9.3l-6.2-6.3-6.2 6.3c-.2.2-.3.4-.3.7s.1.5.3.7c.2.2.4.3.7.3h11c.3 0 .5-.1.7-.3.2-.2.3-.5.3-.7s-.1-.5-.3-.7zM5.8 14.7l6.2 6.3 6.2-6.3c.2-.2.3-.5.3-.7s-.1-.5-.3-.7c-.2-.2-.4-.3-.7-.3h-11c-.3 0-.5.1-.7.3-.2.2-.3.5-.3.7s.1.5.3.7z\"\/><\/svg><\/span><\/span><\/span><\/a><\/span><\/div>\n<nav><ul class='ez-toc-list ez-toc-list-level-1 ' ><li class='ez-toc-page-1 ez-toc-heading-level-2'><a class=\"ez-toc-link ez-toc-heading-1\" href=\"https:\/\/unox.com.tr\/ru\/%d0%be%d1%82%d1%81%d0%bb%d0%b5%d0%b6%d0%b8%d0%b2%d0%b0%d0%b5%d0%bc%d1%8b%d0%b5-%d0%b1%d0%b0%d0%b1%d0%be%d1%87%d0%ba%d0%b8-%d0%b2%d0%b0%d0%bd%d1%8b\/#%D0%A7%D1%82%D0%BE_%D1%82%D0%B0%D0%BA%D0%BE%D0%B5_%D0%BF%D1%80%D0%BE%D1%81%D0%BB%D0%B5%D0%B6%D0%B8%D0%B2%D0%B0%D0%B5%D0%BC%D1%8B%D0%B5_%D0%B4%D0%B8%D1%81%D0%BA%D0%BE%D0%B2%D1%8B%D0%B5_%D0%B7%D0%B0%D1%82%D0%B2%D0%BE%D1%80%D1%8B\" >\u0427\u0442\u043e \u0442\u0430\u043a\u043e\u0435 \u043f\u0440\u043e\u0441\u043b\u0435\u0436\u0438\u0432\u0430\u0435\u043c\u044b\u0435 \u0434\u0438\u0441\u043a\u043e\u0432\u044b\u0435 \u0437\u0430\u0442\u0432\u043e\u0440\u044b?<\/a><\/li><li class='ez-toc-page-1 ez-toc-heading-level-2'><a class=\"ez-toc-link ez-toc-heading-2\" href=\"https:\/\/unox.com.tr\/ru\/%d0%be%d1%82%d1%81%d0%bb%d0%b5%d0%b6%d0%b8%d0%b2%d0%b0%d0%b5%d0%bc%d1%8b%d0%b5-%d0%b1%d0%b0%d0%b1%d0%be%d1%87%d0%ba%d0%b8-%d0%b2%d0%b0%d0%bd%d1%8b\/#%D0%A7%D1%82%D0%BE_%D1%82%D0%B0%D0%BA%D0%BE%D0%B5_%D1%80%D0%B5%D0%B3%D1%83%D0%BB%D0%B8%D1%80%D1%83%D1%8E%D1%89%D0%B8%D0%B9_%D0%BA%D0%BB%D0%B0%D0%BF%D0%B0%D0%BD\" >\u0427\u0442\u043e \u0442\u0430\u043a\u043e\u0435 \u0440\u0435\u0433\u0443\u043b\u0438\u0440\u0443\u044e\u0449\u0438\u0439 \u043a\u043b\u0430\u043f\u0430\u043d?<\/a><\/li><\/ul><\/nav><\/div>\n<h2><span class=\"ez-toc-section\" id=\"%D0%A7%D1%82%D0%BE_%D1%82%D0%B0%D0%BA%D0%BE%D0%B5_%D0%BF%D1%80%D0%BE%D1%81%D0%BB%D0%B5%D0%B6%D0%B8%D0%B2%D0%B0%D0%B5%D0%BC%D1%8B%D0%B5_%D0%B4%D0%B8%D1%81%D0%BA%D0%BE%D0%B2%D1%8B%D0%B5_%D0%B7%D0%B0%D1%82%D0%B2%D0%BE%D1%80%D1%8B\"><\/span><span style=\"vertical-align: inherit; font-size: 22px;\"><span style=\"vertical-align: inherit;\">\u0427\u0442\u043e \u0442\u0430\u043a\u043e\u0435 \u043f\u0440\u043e\u0441\u043b\u0435\u0436\u0438\u0432\u0430\u0435\u043c\u044b\u0435 \u0434\u0438\u0441\u043a\u043e\u0432\u044b\u0435 \u0437\u0430\u0442\u0432\u043e\u0440\u044b?<\/span><\/span><span class=\"ez-toc-section-end\"><\/span><\/h2>\n<p>\u043e\u0442\u0441\u043b\u0435\u0436\u0438\u0432\u0430\u0435\u043c\u044b\u0435 \u0434\u0438\u0441\u043a\u043e\u0432\u044b\u0435 \u0437\u0430\u0442\u0432\u043e\u0440\u044b; \u042d\u0442\u043e \u043f\u043e\u0432\u043e\u0440\u043e\u0442\u043d\u044b\u0435 \u0437\u0430\u0442\u0432\u043e\u0440\u044b, \u043f\u0440\u0435\u0434\u043d\u0430\u0437\u043d\u0430\u0447\u0435\u043d\u043d\u044b\u0435 \u0434\u043b\u044f \u0438\u0441\u043f\u043e\u043b\u044c\u0437\u043e\u0432\u0430\u043d\u0438\u044f \u0432 \u043a\u0430\u0447\u0435\u0441\u0442\u0432\u0435 \u0440\u0435\u0433\u0438\u043e\u043d\u0430\u043b\u044c\u043d\u043e\u0433\u043e \u0440\u0435\u0433\u0443\u043b\u0438\u0440\u0443\u044e\u0449\u0435\u0433\u043e \u043a\u043b\u0430\u043f\u0430\u043d\u0430 \u0438 \u0438\u0441\u043f\u043e\u043b\u044c\u0437\u0443\u0435\u043c\u044b\u0435 \u0434\u043b\u044f \u043e\u0442\u0434\u0435\u043b\u0435\u043d\u0438\u044f \u043e\u0434\u043d\u043e\u0439 \u0441\u0435\u043a\u0446\u0438\u0438 \u043e\u0442 \u0434\u0440\u0443\u0433\u043e\u0439. \u041f\u043e\u0441\u043a\u043e\u043b\u044c\u043a\u0443 \u043f\u043e\u043b\u043e\u0436\u0435\u043d\u0438\u0435 \u043a\u043b\u0430\u043f\u0430\u043d\u043e\u0432, \u0438\u0441\u043f\u043e\u043b\u044c\u0437\u0443\u0435\u043c\u044b\u0445 \u0432 \u043f\u0440\u043e\u0442\u0438\u0432\u043e\u043f\u043e\u0436\u0430\u0440\u043d\u044b\u0445 \u0441\u0438\u0441\u0442\u0435\u043c\u0430\u0445, \u0434\u043e\u043b\u0436\u043d\u043e \u0431\u044b\u0442\u044c \u0432\u0438\u0434\u043d\u043e \u0438 \u043f\u0440\u043e\u0441\u043b\u0435\u0436\u0438\u0432\u0430\u0435\u043c\u043e; \u041e\u043d \u043f\u0435\u0440\u0435\u0434\u0430\u0435\u0442 \u0434\u0432\u0438\u0436\u0435\u043d\u0438\u0435, \u0441\u043e\u0437\u0434\u0430\u0432\u0430\u0435\u043c\u043e\u0435 \u043a\u043b\u0430\u043f\u0430\u043d\u043e\u043c, \u0441 \u0440\u0435\u0434\u0443\u043a\u0442\u043e\u0440\u043e\u043c, \u0441\u043e\u0435\u0434\u0438\u043d\u0435\u043d\u043d\u044b\u043c \u0441 \u0432\u0430\u043b\u043e\u043c. \u0422\u0430\u043a\u0438\u043c \u043e\u0431\u0440\u0430\u0437\u043e\u043c, \u044d\u0442\u043e \u043d\u0430\u0448 \u043f\u0440\u043e\u0434\u0443\u043a\u0442, \u043f\u0440\u0435\u0434\u043d\u0430\u0437\u043d\u0430\u0447\u0435\u043d\u043d\u044b\u0439 \u0434\u043b\u044f \u0442\u043e\u0433\u043e, \u0447\u0442\u043e\u0431\u044b \u0432\u044b \u043c\u043e\u0433\u043b\u0438 \u043b\u0435\u0433\u043a\u043e \u0443\u0432\u0438\u0434\u0435\u0442\u044c \u0441\u0438\u0441\u0442\u0435\u043c\u0443 \u0430\u0432\u0442\u043e\u043c\u0430\u0442\u0438\u0437\u0430\u0446\u0438\u0438 \u0438 \u043a\u043b\u0430\u043f\u0430\u043d \u0441 \u0435\u0433\u043e \u0441\u0443\u0445\u0438\u043c \u043a\u043e\u043d\u0442\u0430\u043a\u0442\u043e\u043c, \u043a\u043e\u0442\u043e\u0440\u044b\u0439 \u0434\u0430\u0435\u0442 \u0438\u043d\u0444\u043e\u0440\u043c\u0430\u0446\u0438\u044e \u043e\u0431 \u043e\u0442\u043a\u0440\u044b\u0442\u043e\u043c \u0438 \u0437\u0430\u043a\u0440\u044b\u0442\u043e\u043c \u043f\u043e\u043b\u043e\u0436\u0435\u043d\u0438\u0438. \u041e\u043d \u043f\u043e\u0434\u0445\u043e\u0434\u0438\u0442 \u0434\u043b\u044f \u0432\u043d\u0443\u0442\u0440\u0435\u043d\u043d\u0435\u0433\u043e \u0438 \u043d\u0430\u0440\u0443\u0436\u043d\u043e\u0433\u043e \u0438\u0441\u043f\u043e\u043b\u044c\u0437\u043e\u0432\u0430\u043d\u0438\u044f.<\/p>\n<p>\u0415\u0433\u043e \u043f\u0440\u0435\u0438\u043c\u0443\u0449\u0435\u0441\u0442\u0432\u0430 \u043f\u0435\u0440\u0435\u0434 \u0434\u0440\u0443\u0433\u043e\u0439 \u0440\u0435\u0433\u0443\u043b\u0438\u0440\u0443\u044e\u0449\u0435\u0439 \u0438 \u0437\u0430\u043f\u043e\u0440\u043d\u043e\u0439 \u0430\u0440\u043c\u0430\u0442\u0443\u0440\u043e\u0439 \u0437\u0430\u043a\u043b\u044e\u0447\u0430\u044e\u0442\u0441\u044f \u0432 \u0442\u043e\u043c, \u0447\u0442\u043e \u043e\u043d \u0437\u0430\u043d\u0438\u043c\u0430\u0435\u0442 \u043c\u0435\u043d\u044c\u0448\u0435 \u043c\u0435\u0441\u0442\u0430, \u0438\u043c\u0435\u0435\u0442 \u0445\u043e\u0440\u043e\u0448\u0443\u044e \u0433\u0435\u0440\u043c\u0435\u0442\u0438\u0447\u043d\u043e\u0441\u0442\u044c \u0438 \u0431\u043e\u043b\u0435\u0435 \u044d\u043a\u043e\u043d\u043e\u043c\u0438\u0447\u0435\u043d. \u041f\u043e\u0442\u0435\u0440\u0438 \u0434\u0430\u0432\u043b\u0435\u043d\u0438\u044f \u0432\u044b\u0448\u0435, \u0447\u0435\u043c \u0443 \u0434\u0440\u0443\u0433\u0438\u0445 \u0440\u0435\u0433\u0443\u043b\u0438\u0440\u0443\u044e\u0449\u0438\u0445 \u0438 \u0437\u0430\u043f\u043e\u0440\u043d\u044b\u0445 \u043a\u043b\u0430\u043f\u0430\u043d\u043e\u0432.<\/p>\n<h2><span class=\"ez-toc-section\" id=\"%D0%A7%D1%82%D0%BE_%D1%82%D0%B0%D0%BA%D0%BE%D0%B5_%D1%80%D0%B5%D0%B3%D1%83%D0%BB%D0%B8%D1%80%D1%83%D1%8E%D1%89%D0%B8%D0%B9_%D0%BA%D0%BB%D0%B0%D0%BF%D0%B0%D0%BD\"><\/span><span style=\"font-size: 22px;\">\u0427\u0442\u043e \u0442\u0430\u043a\u043e\u0435 \u0440\u0435\u0433\u0443\u043b\u0438\u0440\u0443\u044e\u0449\u0438\u0439 \u043a\u043b\u0430\u043f\u0430\u043d?<\/span><span class=\"ez-toc-section-end\"><\/span><\/h2>\n<p>\u0440\u0435\u0433\u0443\u043b\u0438\u0440\u0443\u044e\u0449\u0438\u0439 \u0432\u0435\u043d\u0442\u0438\u043b\u044c; \u041a\u043b\u0430\u043f\u0430\u043d, \u0438\u0441\u043f\u043e\u043b\u044c\u0437\u0443\u0435\u043c\u044b\u0439 \u0434\u043b\u044f \u0443\u043f\u0440\u0430\u0432\u043b\u0435\u043d\u0438\u044f \u043f\u043e\u0442\u043e\u043a\u043e\u043c \u043f\u0443\u0442\u0435\u043c \u0438\u0437\u043c\u0435\u043d\u0435\u043d\u0438\u044f \u0440\u0430\u0437\u043c\u0435\u0440\u0430 \u043f\u0440\u043e\u0445\u043e\u0434\u043d\u043e\u0433\u043e \u0441\u0435\u0447\u0435\u043d\u0438\u044f \u0432 \u0441\u043e\u043e\u0442\u0432\u0435\u0442\u0441\u0442\u0432\u0438\u0438 \u0441 \u0441\u0438\u0433\u043d\u0430\u043b\u043e\u043c \u043a\u043e\u043d\u0442\u0440\u043e\u043b\u043b\u0435\u0440\u0430. \u0420\u0435\u0433\u0443\u043b\u0438\u0440\u0443\u044e\u0449\u0438\u0435 \u043a\u043b\u0430\u043f\u0430\u043d\u044b \u043e\u0431\u0435\u0441\u043f\u0435\u0447\u0438\u0432\u0430\u044e\u0442 \u043a\u043e\u043d\u0442\u0440\u043e\u043b\u044c \u0434\u0430\u0432\u043b\u0435\u043d\u0438\u044f, \u0442\u0435\u043c\u043f\u0435\u0440\u0430\u0442\u0443\u0440\u044b, \u0440\u0430\u0441\u0445\u043e\u0434\u0430 \u0438 \u0443\u0440\u043e\u0432\u043d\u044f \u0432\u043e \u0432\u0441\u0435\u0445 \u043f\u0440\u043e\u0446\u0435\u0441\u0441\u0430\u0445, \u0432 \u043a\u043e\u0442\u043e\u0440\u044b\u0445 \u043f\u0440\u0438\u0441\u0443\u0442\u0441\u0442\u0432\u0443\u0435\u0442 \u0436\u0438\u0434\u043a\u043e\u0441\u0442\u044c. \u0420\u0435\u0433\u0443\u043b\u0438\u0440\u0443\u044e\u0449\u0438\u0435 \u043a\u043b\u0430\u043f\u0430\u043d\u044b \u0438\u0441\u043f\u043e\u043b\u044c\u0437\u0443\u044e\u0442\u0441\u044f \u0434\u043b\u044f \u0445\u043e\u043b\u043e\u0434\u043d\u043e\u0439 \u0432\u043e\u0434\u044b, \u0433\u043e\u0440\u044f\u0447\u0435\u0439 \u0432\u043e\u0434\u044b, \u043f\u0430\u0440\u0430, \u043f\u0435\u0440\u0435\u0433\u0440\u0435\u0442\u043e\u0439 \u0432\u043e\u0434\u044b, \u043f\u0430\u0440\u0430 \u0438 \u0433\u0430\u0437\u0430 \u0438 \u0442.\u0434., \u043f\u0440\u043e\u0438\u0437\u0432\u043e\u0434\u0438\u043c\u044b\u0445 \u043f\u0440\u0438 \u043f\u043e\u0442\u0440\u0435\u0431\u043b\u0435\u043d\u0438\u0438 \u044d\u043d\u0435\u0440\u0433\u0438\u0438 \u043d\u0430 \u043f\u0440\u0435\u0434\u043f\u0440\u0438\u044f\u0442\u0438\u044f\u0445. \u042d\u0442\u043e \u0433\u0430\u0440\u0430\u043d\u0442\u0438\u0440\u0443\u0435\u0442, \u0447\u0442\u043e \u0436\u0438\u0434\u043a\u043e\u0441\u0442\u0438 \u043c\u043e\u0436\u043d\u043e \u0442\u0440\u0430\u043d\u0441\u043f\u043e\u0440\u0442\u0438\u0440\u043e\u0432\u0430\u0442\u044c \u0438 \u043a\u043e\u043d\u0442\u0440\u043e\u043b\u0438\u0440\u043e\u0432\u0430\u0442\u044c \u0431\u0435\u0437 \u043a\u0430\u043a\u0438\u0445-\u043b\u0438\u0431\u043e \u043f\u043e\u0442\u0435\u0440\u044c. <\/p>\n<p>&nbsp;<\/p>\n<p>&nbsp;<\/p>\n","protected":false},"excerpt":{"rendered":"<p><button style=\"background-color: #11224b; color: #ffffff; padding: 10px 15px; font-family: montserrat; font-weight: bold; font-size: 19px; border-radius: 10px;\"><img decoding=\"async\" style=\"width: 25px; height: 25px;\" src=\"https:\/\/unox.com.tr\/wp-content\/uploads\/2023\/02\/pdf-1.png\">\u041a\u0410\u0422\u0410\u041b\u041e\u0413 \u041f\u0420\u041e\u0414\u0423\u041a\u0426\u0418\u0418<\/button><\/p>\n<p><button style=\"background-color: #11224b; margin-top: 5px; color: white; padding: 0px 15px; width: 150px; height: 55px; border-radius: 10px; border: none; cursor: pointer;\"><br \/>\n<img decoding=\"async\" style=\"width: 120px; height: 30px;\" src=\"https:\/\/unox.com.tr\/wp-content\/uploads\/2023\/02\/4-1.svg\"><\/button><\/p>\n","protected":false},"featured_media":29631,"comment_status":"open","ping_status":"closed","template":"","meta":{"_joinchat":[]},"product_brand":[],"product_cat":[1194],"product_tag":[],"class_list":{"0":"post-34520","1":"product","2":"type-product","3":"status-publish","4":"has-post-thumbnail","6":"product_cat-1194","8":"first","9":"instock","10":"shipping-taxable","11":"product-type-simple"},"_links":{"self":[{"href":"https:\/\/unox.com.tr\/ru\/wp-json\/wp\/v2\/product\/34520","targetHints":{"allow":["GET"]}}],"collection":[{"href":"https:\/\/unox.com.tr\/ru\/wp-json\/wp\/v2\/product"}],"about":[{"href":"https:\/\/unox.com.tr\/ru\/wp-json\/wp\/v2\/types\/product"}],"replies":[{"embeddable":true,"href":"https:\/\/unox.com.tr\/ru\/wp-json\/wp\/v2\/comments?post=34520"}],"version-history":[{"count":0,"href":"https:\/\/unox.com.tr\/ru\/wp-json\/wp\/v2\/product\/34520\/revisions"}],"wp:featuredmedia":[{"embeddable":true,"href":"https:\/\/unox.com.tr\/ru\/wp-json\/wp\/v2\/media\/29631"}],"wp:attachment":[{"href":"https:\/\/unox.com.tr\/ru\/wp-json\/wp\/v2\/media?parent=34520"}],"wp:term":[{"taxonomy":"product_brand","embeddable":true,"href":"https:\/\/unox.com.tr\/ru\/wp-json\/wp\/v2\/product_brand?post=34520"},{"taxonomy":"product_cat","embeddable":true,"href":"https:\/\/unox.com.tr\/ru\/wp-json\/wp\/v2\/product_cat?post=34520"},{"taxonomy":"product_tag","embeddable":true,"href":"https:\/\/unox.com.tr\/ru\/wp-json\/wp\/v2\/product_tag?post=34520"}],"curies":[{"name":"wp","href":"https:\/\/api.w.org\/{rel}","templated":true}]}}