{"id":52156,"date":"2023-01-02T11:49:40","date_gmt":"2023-01-02T11:49:40","guid":{"rendered":"https:\/\/unox.com.tr\/urun\/d-40-%d0%ba%d0%be%d0%bc%d0%bd%d0%b0%d1%82%d0%bd%d1%8b%d0%b9-%d0%b3%d0%b8%d0%b3%d1%80%d0%be%d1%81%d1%82%d0%b0%d1%82\/"},"modified":"2023-01-02T11:49:40","modified_gmt":"2023-01-02T08:49:40","slug":"d-40-%d0%ba%d0%be%d0%bc%d0%bd%d0%b0%d1%82%d0%bd%d1%8b%d0%b9-%d0%b3%d0%b8%d0%b3%d1%80%d0%be%d1%81%d1%82%d0%b0%d1%82","status":"publish","type":"product","link":"https:\/\/unox.com.tr\/ru\/d-40-%d0%ba%d0%be%d0%bc%d0%bd%d0%b0%d1%82%d0%bd%d1%8b%d0%b9-%d0%b3%d0%b8%d0%b3%d1%80%d0%be%d1%81%d1%82%d0%b0%d1%82\/","title":{"rendered":"D 40 \u041a\u043e\u043c\u043d\u0430\u0442\u043d\u044b\u0439 \u0433\u0438\u0433\u0440\u043e\u0441\u0442\u0430\u0442"},"content":{"rendered":"<div id=\"ez-toc-container\" class=\"ez-toc-v2_0_82_2 counter-hierarchy ez-toc-counter ez-toc-grey ez-toc-container-direction\">\n<div class=\"ez-toc-title-container\">\n<p class=\"ez-toc-title\" style=\"cursor:inherit\">Sayfa \u0130\u00e7eri\u011fi<\/p>\n<span class=\"ez-toc-title-toggle\"><a href=\"#\" class=\"ez-toc-pull-right ez-toc-btn ez-toc-btn-xs ez-toc-btn-default ez-toc-toggle\" aria-label=\"Toggle Table of Content\"><span class=\"ez-toc-js-icon-con\"><span class=\"\"><span class=\"eztoc-hide\" style=\"display:none;\">Toggle<\/span><span class=\"ez-toc-icon-toggle-span\"><svg style=\"fill: #999;color:#999\" xmlns=\"http:\/\/www.w3.org\/2000\/svg\" class=\"list-377408\" width=\"20px\" height=\"20px\" viewBox=\"0 0 24 24\" fill=\"none\"><path d=\"M6 6H4v2h2V6zm14 0H8v2h12V6zM4 11h2v2H4v-2zm16 0H8v2h12v-2zM4 16h2v2H4v-2zm16 0H8v2h12v-2z\" fill=\"currentColor\"><\/path><\/svg><svg style=\"fill: #999;color:#999\" class=\"arrow-unsorted-368013\" xmlns=\"http:\/\/www.w3.org\/2000\/svg\" width=\"10px\" height=\"10px\" viewBox=\"0 0 24 24\" version=\"1.2\" baseProfile=\"tiny\"><path d=\"M18.2 9.3l-6.2-6.3-6.2 6.3c-.2.2-.3.4-.3.7s.1.5.3.7c.2.2.4.3.7.3h11c.3 0 .5-.1.7-.3.2-.2.3-.5.3-.7s-.1-.5-.3-.7zM5.8 14.7l6.2 6.3 6.2-6.3c.2-.2.3-.5.3-.7s-.1-.5-.3-.7c-.2-.2-.4-.3-.7-.3h-11c-.3 0-.5.1-.7.3-.2.2-.3.5-.3.7s.1.5.3.7z\"\/><\/svg><\/span><\/span><\/span><\/a><\/span><\/div>\n<nav><ul class='ez-toc-list ez-toc-list-level-1 ' ><li class='ez-toc-page-1 ez-toc-heading-level-2'><a class=\"ez-toc-link ez-toc-heading-1\" href=\"https:\/\/unox.com.tr\/ru\/d-40-%d0%ba%d0%be%d0%bc%d0%bd%d0%b0%d1%82%d0%bd%d1%8b%d0%b9-%d0%b3%d0%b8%d0%b3%d1%80%d0%be%d1%81%d1%82%d0%b0%d1%82\/#%D0%A7%D1%82%D0%BE_%D1%82%D0%B0%D0%BA%D0%BE%D0%B5_%D0%BA%D0%BE%D0%BC%D0%BD%D0%B0%D1%82%D0%BD%D1%8B%D0%B9_%D0%B3%D0%B8%D0%B3%D1%80%D0%BE%D1%81%D1%82%D0%B0%D1%82\" >\u0427\u0442\u043e \u0442\u0430\u043a\u043e\u0435 \u043a\u043e\u043c\u043d\u0430\u0442\u043d\u044b\u0439 \u0433\u0438\u0433\u0440\u043e\u0441\u0442\u0430\u0442?<\/a><\/li><li class='ez-toc-page-1 ez-toc-heading-level-2'><a class=\"ez-toc-link ez-toc-heading-2\" href=\"https:\/\/unox.com.tr\/ru\/d-40-%d0%ba%d0%be%d0%bc%d0%bd%d0%b0%d1%82%d0%bd%d1%8b%d0%b9-%d0%b3%d0%b8%d0%b3%d1%80%d0%be%d1%81%d1%82%d0%b0%d1%82\/#%D0%9E%D0%B1%D1%89%D0%B8%D0%B5_%D1%85%D0%B0%D1%80%D0%B0%D0%BA%D1%82%D0%B5%D1%80%D0%B8%D1%81%D1%82%D0%B8%D0%BA%D0%B8\" >\u041e\u0431\u0449\u0438\u0435 \u0445\u0430\u0440\u0430\u043a\u0442\u0435\u0440\u0438\u0441\u0442\u0438\u043a\u0438<\/a><\/li><li class='ez-toc-page-1 ez-toc-heading-level-2'><a class=\"ez-toc-link ez-toc-heading-3\" href=\"https:\/\/unox.com.tr\/ru\/d-40-%d0%ba%d0%be%d0%bc%d0%bd%d0%b0%d1%82%d0%bd%d1%8b%d0%b9-%d0%b3%d0%b8%d0%b3%d1%80%d0%be%d1%81%d1%82%d0%b0%d1%82\/#%D0%AD%D0%BB%D0%B5%D0%BA%D1%82%D1%80%D0%B8%D1%87%D0%B5%D1%81%D0%BA%D0%B8%D0%B5_%D1%85%D0%B0%D1%80%D0%B0%D0%BA%D1%82%D0%B5%D1%80%D0%B8%D1%81%D1%82%D0%B8%D0%BA%D0%B8\" >\u042d\u043b\u0435\u043a\u0442\u0440\u0438\u0447\u0435\u0441\u043a\u0438\u0435 \u0445\u0430\u0440\u0430\u043a\u0442\u0435\u0440\u0438\u0441\u0442\u0438\u043a\u0438<\/a><\/li><\/ul><\/nav><\/div>\n<h2><span class=\"ez-toc-section\" id=\"%D0%A7%D1%82%D0%BE_%D1%82%D0%B0%D0%BA%D0%BE%D0%B5_%D0%BA%D0%BE%D0%BC%D0%BD%D0%B0%D1%82%D0%BD%D1%8B%D0%B9_%D0%B3%D0%B8%D0%B3%D1%80%D0%BE%D1%81%D1%82%D0%B0%D1%82\"><\/span><span style=\"font-size: 22px;\">\u0427\u0442\u043e \u0442\u0430\u043a\u043e\u0435 \u043a\u043e\u043c\u043d\u0430\u0442\u043d\u044b\u0439 \u0433\u0438\u0433\u0440\u043e\u0441\u0442\u0430\u0442?<\/span><span class=\"ez-toc-section-end\"><\/span><\/h2>\n<p>\u041a\u043e\u043c\u043d\u0430\u0442\u043d\u044b\u0439 \u0433\u0438\u0433\u0440\u043e\u0441\u0442\u0430\u0442 \u2014 \u044d\u0442\u043e \u0443\u0441\u0442\u0440\u043e\u0439\u0441\u0442\u0432\u043e, \u043a\u043e\u0442\u043e\u0440\u043e\u0435 \u0438\u0437\u043c\u0435\u0440\u044f\u0435\u0442 \u0432\u043b\u0430\u0436\u043d\u043e\u0441\u0442\u044c \u0432 \u043f\u043e\u043c\u0435\u0449\u0435\u043d\u0438\u0438 \u0438 \u043f\u043e\u0434\u0434\u0435\u0440\u0436\u0438\u0432\u0430\u0435\u0442 \u0435\u0435 \u043d\u0430 \u043d\u0443\u0436\u043d\u043e\u043c \u0443\u0440\u043e\u0432\u043d\u0435. \u0413\u0438\u0433\u0440\u043e\u0441\u0442\u0430\u0442 \u0438\u0437\u043c\u0435\u0440\u044f\u0435\u0442 \u0432\u043b\u0430\u0436\u043d\u043e\u0441\u0442\u044c \u0432 \u043f\u043e\u043c\u0435\u0449\u0435\u043d\u0438\u0438 \u0441 \u043f\u043e\u043c\u043e\u0449\u044c\u044e \u0434\u0430\u0442\u0447\u0438\u043a\u043e\u0432 \u0432\u043b\u0430\u0436\u043d\u043e\u0441\u0442\u0438 \u0438 \u0438\u0441\u043f\u043e\u043b\u044c\u0437\u0443\u0435\u0442 \u044d\u0442\u0438 \u0434\u0430\u043d\u043d\u044b\u0435 \u0434\u043b\u044f \u043f\u0440\u0438\u043d\u044f\u0442\u0438\u044f \u0441\u043e\u043e\u0442\u0432\u0435\u0442\u0441\u0442\u0432\u0443\u044e\u0449\u0438\u0445 \u043c\u0435\u0440 \u0434\u043b\u044f \u043f\u043e\u0434\u0434\u0435\u0440\u0436\u0430\u043d\u0438\u044f \u0432\u043b\u0430\u0436\u043d\u043e\u0441\u0442\u0438 \u043d\u0430 \u0436\u0435\u043b\u0430\u0435\u043c\u043e\u043c \u0443\u0440\u043e\u0432\u043d\u0435. \u041d\u0430\u043f\u0440\u0438\u043c\u0435\u0440, \u0435\u0441\u043b\u0438 \u0443\u0440\u043e\u0432\u0435\u043d\u044c \u0432\u043b\u0430\u0436\u043d\u043e\u0441\u0442\u0438 \u0441\u043b\u0438\u0448\u043a\u043e\u043c \u0432\u044b\u0441\u043e\u043a, \u0433\u0438\u0433\u0440\u043e\u0441\u0442\u0430\u0442 \u0437\u0430\u043f\u0443\u0441\u0442\u0438\u0442 \u043e\u0445\u043b\u0430\u0434\u0438\u0442\u0435\u043b\u044c, \u0442\u0430\u043a\u043e\u0439 \u043a\u0430\u043a \u0445\u043e\u043b\u043e\u0434\u0438\u043b\u044c\u043d\u0438\u043a, \u0438\u043b\u0438 \u0437\u0430\u043f\u0443\u0441\u0442\u0438\u0442 \u0438\u0441\u043f\u0430\u0440\u0438\u0442\u0435\u043b\u044c, \u0447\u0442\u043e\u0431\u044b \u0441\u043d\u0438\u0437\u0438\u0442\u044c \u0432\u043b\u0430\u0436\u043d\u043e\u0441\u0442\u044c. \u0415\u0441\u043b\u0438 \u0432\u043b\u0430\u0436\u043d\u043e\u0441\u0442\u044c \u0433\u0438\u0433\u0440\u043e\u0441\u0442\u0430\u0442\u0430 \u0441\u043b\u0438\u0448\u043a\u043e\u043c \u043d\u0438\u0437\u043a\u0430\u044f, \u0443\u0432\u043b\u0430\u0436\u043d\u0438\u0442\u0435\u043b\u044c \u0431\u0443\u0434\u0435\u0442 \u0443\u043f\u0440\u0430\u0432\u043b\u044f\u0442\u044c \u0443\u0441\u0442\u0440\u043e\u0439\u0441\u0442\u0432\u043e\u043c, \u0443\u0432\u0435\u043b\u0438\u0447\u0438\u0432\u0430\u044f \u0432\u043b\u0430\u0436\u043d\u043e\u0441\u0442\u044c. \u041d\u0438\u0437\u043a\u0430\u044f \u0438\u043b\u0438 \u0432\u044b\u0441\u043e\u043a\u0430\u044f \u0432\u043b\u0430\u0436\u043d\u043e\u0441\u0442\u044c \u043c\u043e\u0436\u0435\u0442 \u0432\u044b\u0437\u0432\u0430\u0442\u044c \u0434\u0438\u0441\u043a\u043e\u043c\u0444\u043e\u0440\u0442 \u0438\u043b\u0438 \u043f\u0440\u043e\u0431\u043b\u0435\u043c\u044b \u0441\u043e \u0437\u0434\u043e\u0440\u043e\u0432\u044c\u0435\u043c, \u043f\u043e\u044d\u0442\u043e\u043c\u0443 \u0438\u0441\u043f\u043e\u043b\u044c\u0437\u043e\u0432\u0430\u043d\u0438\u0435 \u0433\u0438\u0433\u0440\u043e\u0441\u0442\u0430\u0442\u0430 \u043e\u0447\u0435\u043d\u044c \u043f\u043e\u043b\u0435\u0437\u043d\u043e.<\/p>\n<h2><span class=\"ez-toc-section\" id=\"%D0%9E%D0%B1%D1%89%D0%B8%D0%B5_%D1%85%D0%B0%D1%80%D0%B0%D0%BA%D1%82%D0%B5%D1%80%D0%B8%D1%81%D1%82%D0%B8%D0%BA%D0%B8\"><\/span><span class=\"subTitle\" style=\"font-size: 22px;\">\u041e\u0431\u0449\u0438\u0435 \u0445\u0430\u0440\u0430\u043a\u0442\u0435\u0440\u0438\u0441\u0442\u0438\u043a\u0438<\/span><span class=\"ez-toc-section-end\"><\/span><\/h2>\n<div class=\"prod-text-cnt\">\n<div class=\"twoCol\">\n<ul>\n<li>\u0421\u0432\u0435\u0442\u043e\u0434\u0438\u043e\u0434\u043d\u044b\u0439 \u0438\u043d\u0434\u0438\u043a\u0430\u0442\u043e\u0440: \u00ab\u0412\u043a\u043b.\u00bb, \u043a\u043e\u0433\u0434\u0430 \u0432\u043b\u0430\u0436\u043d\u043e\u0441\u0442\u044c \u043e\u043a\u0440\u0443\u0436\u0430\u044e\u0449\u0435\u0439 \u0441\u0440\u0435\u0434\u044b \u0432\u044b\u0448\u0435 \u0443\u0441\u0442\u0430\u043d\u043e\u0432\u043b\u0435\u043d\u043d\u043e\u0433\u043e \u0437\u043d\u0430\u0447\u0435\u043d\u0438\u044f.<\/li>\n<li>\u041a\u043e\u0440\u043f\u0443\u0441 \u0438\u0437 \u0441\u0430\u043c\u043e\u0437\u0430\u0442\u0443\u0445\u0430\u044e\u0449\u0435\u0433\u043e \u0443\u0434\u0430\u0440\u043e\u043f\u0440\u043e\u0447\u043d\u043e\u0433\u043e \u0442\u0435\u0440\u043c\u043e\u043f\u043b\u0430\u0441\u0442\u0430 \u0412\u041e.<\/li>\n<li>\u0412\u0435\u0441 \u0431\u043b\u043e\u043a\u0430: 0,16 \u043a\u0433.<\/li>\n<\/ul>\n<\/div>\n<div>\n<h2><span class=\"ez-toc-section\" id=\"%D0%AD%D0%BB%D0%B5%D0%BA%D1%82%D1%80%D0%B8%D1%87%D0%B5%D1%81%D0%BA%D0%B8%D0%B5_%D1%85%D0%B0%D1%80%D0%B0%D0%BA%D1%82%D0%B5%D1%80%D0%B8%D1%81%D1%82%D0%B8%D0%BA%D0%B8\"><\/span><span class=\"subsubTitle\" style=\"font-size: 22px;\">\u042d\u043b\u0435\u043a\u0442\u0440\u0438\u0447\u0435\u0441\u043a\u0438\u0435 \u0445\u0430\u0440\u0430\u043a\u0442\u0435\u0440\u0438\u0441\u0442\u0438\u043a\u0438<\/span><span class=\"ez-toc-section-end\"><\/span><\/h2>\n<ul>\n<li>\u0418\u0441\u0442\u043e\u0447\u043d\u0438\u043a \u043f\u0438\u0442\u0430\u043d\u0438\u044f: 230 \u0412 \u043f\u0435\u0440\u0435\u043c\u0435\u043d\u043d\u043e\u0433\u043e \u0442\u043e\u043a\u0430, 50 \u0413\u0446.<\/li>\n<li>\u041c\u0430\u043a\u0441\u0438\u043c\u0430\u043b\u044c\u043d\u0430\u044f \u0440\u0430\u0441\u0441\u0435\u0438\u0432\u0430\u0435\u043c\u0430\u044f \u043c\u043e\u0449\u043d\u043e\u0441\u0442\u044c 2 \u0412\u0410.<\/li>\n<li>\u041a\u043e\u043d\u0442\u0430\u043a\u0442: 6(3)A 250Vac.<\/li>\n<li>\u0422\u0438\u043f \u0434\u0432\u0438\u0436\u0435\u043d\u0438\u044f: 1B (\u0431\u0435\u0437 \u043c\u0438\u043a\u0440\u043e\u0441\u0432\u044f\u0437\u0438)<\/li>\n<li>\u0411\u0435\u0441\u043f\u043e\u0442\u0435\u043d\u0446\u0438\u0430\u043b\u044c\u043d\u044b\u0435 \u043f\u0435\u0440\u0435\u043a\u043b\u044e\u0447\u0430\u044e\u0449\u0438\u0435 \u043a\u043e\u043d\u0442\u0430\u043a\u0442\u044b.<\/li>\n<\/ul>\n<\/div>\n<\/div>\n","protected":false},"excerpt":{"rendered":"<p><a href=\"https:\/\/unox.com.tr\/wp-content\/uploads\/2022\/07\/d40-en-technical-data-sheet.pdf\" target=\"_blank\" rel=\"noopener\"><button style=\"background-color: #11224b; color: #ffffff; padding: 10px 15px; font-family: montserrat; font-weight: bold; font-size: 19px; border-radius: 10px;\"><img decoding=\"async\" style=\"width: 25px; height: 25px;\" src=\"https:\/\/unox.com.tr\/wp-content\/uploads\/2023\/02\/pdf-1.png\">\u041a\u0410\u0422\u0410\u041b\u041e\u0413 \u041f\u0420\u041e\u0414\u0423\u041a\u0426\u0418\u0418<\/button><\/a><\/p>\n<p><button style=\"background-color: #11224b; margin-top: 5px; color: white; padding: 0px 15px; width: 150px; height: 55px; border-radius: 10px; border: none; cursor: pointer;\"><br \/>\n<img decoding=\"async\" style=\"width: 120px; height: 30px;\" src=\"https:\/\/unox.com.tr\/wp-content\/uploads\/2023\/02\/4-1.svg\"><\/button><\/p>\n","protected":false},"featured_media":42261,"comment_status":"open","ping_status":"closed","template":"","meta":{"_joinchat":[]},"product_brand":[],"product_cat":[1549],"product_tag":[],"class_list":{"0":"post-52156","1":"product","2":"type-product","3":"status-publish","4":"has-post-thumbnail","6":"product_cat-1549","8":"first","9":"instock","10":"shipping-taxable","11":"product-type-simple"},"_links":{"self":[{"href":"https:\/\/unox.com.tr\/ru\/wp-json\/wp\/v2\/product\/52156","targetHints":{"allow":["GET"]}}],"collection":[{"href":"https:\/\/unox.com.tr\/ru\/wp-json\/wp\/v2\/product"}],"about":[{"href":"https:\/\/unox.com.tr\/ru\/wp-json\/wp\/v2\/types\/product"}],"replies":[{"embeddable":true,"href":"https:\/\/unox.com.tr\/ru\/wp-json\/wp\/v2\/comments?post=52156"}],"version-history":[{"count":0,"href":"https:\/\/unox.com.tr\/ru\/wp-json\/wp\/v2\/product\/52156\/revisions"}],"wp:featuredmedia":[{"embeddable":true,"href":"https:\/\/unox.com.tr\/ru\/wp-json\/wp\/v2\/media\/42261"}],"wp:attachment":[{"href":"https:\/\/unox.com.tr\/ru\/wp-json\/wp\/v2\/media?parent=52156"}],"wp:term":[{"taxonomy":"product_brand","embeddable":true,"href":"https:\/\/unox.com.tr\/ru\/wp-json\/wp\/v2\/product_brand?post=52156"},{"taxonomy":"product_cat","embeddable":true,"href":"https:\/\/unox.com.tr\/ru\/wp-json\/wp\/v2\/product_cat?post=52156"},{"taxonomy":"product_tag","embeddable":true,"href":"https:\/\/unox.com.tr\/ru\/wp-json\/wp\/v2\/product_tag?post=52156"}],"curies":[{"name":"wp","href":"https:\/\/api.w.org\/{rel}","templated":true}]}}