{"id":52179,"date":"2022-11-21T08:09:27","date_gmt":"2022-11-21T08:09:27","guid":{"rendered":"https:\/\/unox.com.tr\/urun\/%d0%b2%d0%b0%d0%ba%d1%83%d1%83%d0%bc%d0%bd%d1%8b%d0%b9-%d0%b2%d1%8b%d0%ba%d0%bb%d1%8e%d1%87%d0%b0%d1%82%d0%b5%d0%bb%d1%8c-%d0%b8%d0%b7-%d0%bd%d0%b5%d1%80%d0%b6%d0%b0%d0%b2%d0%b5%d1%8e%d1%89%d0%b5\/"},"modified":"2024-03-12T07:15:55","modified_gmt":"2024-03-12T04:15:55","slug":"%d0%b2%d0%b0%d0%ba%d1%83%d1%83%d0%bc%d0%bd%d1%8b%d0%b9-%d0%b2%d1%8b%d0%ba%d0%bb%d1%8e%d1%87%d0%b0%d1%82%d0%b5%d0%bb%d1%8c-%d0%b8%d0%b7-%d0%bd%d0%b5%d1%80%d0%b6%d0%b0%d0%b2%d0%b5%d1%8e%d1%89%d0%b5","status":"publish","type":"product","link":"https:\/\/unox.com.tr\/ru\/%d0%b2%d0%b0%d0%ba%d1%83%d1%83%d0%bc%d0%bd%d1%8b%d0%b9-%d0%b2%d1%8b%d0%ba%d0%bb%d1%8e%d1%87%d0%b0%d1%82%d0%b5%d0%bb%d1%8c-%d0%b8%d0%b7-%d0%bd%d0%b5%d1%80%d0%b6%d0%b0%d0%b2%d0%b5%d1%8e%d1%89%d0%b5\/","title":{"rendered":"\u0412\u0430\u043a\u0443\u0443\u043c\u043d\u044b\u0439 \u0432\u044b\u043a\u043b\u044e\u0447\u0430\u0442\u0435\u043b\u044c \u0438\u0437 \u043d\u0435\u0440\u0436\u0430\u0432\u0435\u044e\u0449\u0435\u0439 \u0441\u0442\u0430\u043b\u0438"},"content":{"rendered":"<div id=\"ez-toc-container\" class=\"ez-toc-v2_0_82_2 counter-hierarchy ez-toc-counter ez-toc-grey ez-toc-container-direction\">\n<div class=\"ez-toc-title-container\">\n<p class=\"ez-toc-title\" style=\"cursor:inherit\">Sayfa \u0130\u00e7eri\u011fi<\/p>\n<span class=\"ez-toc-title-toggle\"><a href=\"#\" class=\"ez-toc-pull-right ez-toc-btn ez-toc-btn-xs ez-toc-btn-default ez-toc-toggle\" aria-label=\"Toggle Table of Content\"><span class=\"ez-toc-js-icon-con\"><span class=\"\"><span class=\"eztoc-hide\" style=\"display:none;\">Toggle<\/span><span class=\"ez-toc-icon-toggle-span\"><svg style=\"fill: #999;color:#999\" xmlns=\"http:\/\/www.w3.org\/2000\/svg\" class=\"list-377408\" width=\"20px\" height=\"20px\" viewBox=\"0 0 24 24\" fill=\"none\"><path d=\"M6 6H4v2h2V6zm14 0H8v2h12V6zM4 11h2v2H4v-2zm16 0H8v2h12v-2zM4 16h2v2H4v-2zm16 0H8v2h12v-2z\" fill=\"currentColor\"><\/path><\/svg><svg style=\"fill: #999;color:#999\" class=\"arrow-unsorted-368013\" xmlns=\"http:\/\/www.w3.org\/2000\/svg\" width=\"10px\" height=\"10px\" viewBox=\"0 0 24 24\" version=\"1.2\" baseProfile=\"tiny\"><path d=\"M18.2 9.3l-6.2-6.3-6.2 6.3c-.2.2-.3.4-.3.7s.1.5.3.7c.2.2.4.3.7.3h11c.3 0 .5-.1.7-.3.2-.2.3-.5.3-.7s-.1-.5-.3-.7zM5.8 14.7l6.2 6.3 6.2-6.3c.2-.2.3-.5.3-.7s-.1-.5-.3-.7c-.2-.2-.4-.3-.7-.3h-11c-.3 0-.5.1-.7.3-.2.2-.3.5-.3.7s.1.5.3.7z\"\/><\/svg><\/span><\/span><\/span><\/a><\/span><\/div>\n<nav><ul class='ez-toc-list ez-toc-list-level-1 ' ><li class='ez-toc-page-1 ez-toc-heading-level-2'><a class=\"ez-toc-link ez-toc-heading-1\" href=\"https:\/\/unox.com.tr\/ru\/%d0%b2%d0%b0%d0%ba%d1%83%d1%83%d0%bc%d0%bd%d1%8b%d0%b9-%d0%b2%d1%8b%d0%ba%d0%bb%d1%8e%d1%87%d0%b0%d1%82%d0%b5%d0%bb%d1%8c-%d0%b8%d0%b7-%d0%bd%d0%b5%d1%80%d0%b6%d0%b0%d0%b2%d0%b5%d1%8e%d1%89%d0%b5\/#%D0%A7%D1%82%D0%BE_%D1%82%D0%B0%D0%BA%D0%BE%D0%B5_%D0%B2%D0%B0%D0%BA%D1%83%D1%83%D0%BC%D0%BD%D1%8B%D0%B9_%D0%B2%D1%8B%D0%BA%D0%BB%D1%8E%D1%87%D0%B0%D1%82%D0%B5%D0%BB%D1%8C_%D0%B8%D0%B7_%D0%BD%D0%B5%D1%80%D0%B6%D0%B0%D0%B2%D0%B5%D1%8E%D1%89%D0%B5%D0%B9_%D1%81%D1%82%D0%B0%D0%BB%D0%B8\" >\u0427\u0442\u043e \u0442\u0430\u043a\u043e\u0435 \u0432\u0430\u043a\u0443\u0443\u043c\u043d\u044b\u0439 \u0432\u044b\u043a\u043b\u044e\u0447\u0430\u0442\u0435\u043b\u044c \u0438\u0437 \u043d\u0435\u0440\u0436\u0430\u0432\u0435\u044e\u0449\u0435\u0439 \u0441\u0442\u0430\u043b\u0438?<\/a><\/li><li class='ez-toc-page-1 ez-toc-heading-level-2'><a class=\"ez-toc-link ez-toc-heading-2\" href=\"https:\/\/unox.com.tr\/ru\/%d0%b2%d0%b0%d0%ba%d1%83%d1%83%d0%bc%d0%bd%d1%8b%d0%b9-%d0%b2%d1%8b%d0%ba%d0%bb%d1%8e%d1%87%d0%b0%d1%82%d0%b5%d0%bb%d1%8c-%d0%b8%d0%b7-%d0%bd%d0%b5%d1%80%d0%b6%d0%b0%d0%b2%d0%b5%d1%8e%d1%89%d0%b5\/#%D0%9F%D1%80%D0%B8%D0%BD%D1%86%D0%B8%D0%BF_%D1%80%D0%B0%D0%B1%D0%BE%D1%82%D1%8B\" >\u041f\u0440\u0438\u043d\u0446\u0438\u043f \u0440\u0430\u0431\u043e\u0442\u044b<\/a><\/li><li class='ez-toc-page-1 ez-toc-heading-level-2'><a class=\"ez-toc-link ez-toc-heading-3\" href=\"https:\/\/unox.com.tr\/ru\/%d0%b2%d0%b0%d0%ba%d1%83%d1%83%d0%bc%d0%bd%d1%8b%d0%b9-%d0%b2%d1%8b%d0%ba%d0%bb%d1%8e%d1%87%d0%b0%d1%82%d0%b5%d0%bb%d1%8c-%d0%b8%d0%b7-%d0%bd%d0%b5%d1%80%d0%b6%d0%b0%d0%b2%d0%b5%d1%8e%d1%89%d0%b5\/#%D0%9E%D1%81%D0%BE%D0%B1%D0%B5%D0%BD%D0%BD%D0%BE%D1%81%D1%82%D0%B8_%D0%BF%D1%80%D0%BE%D0%B4%D1%83%D0%BA%D1%82%D0%B0\" >\u041e\u0441\u043e\u0431\u0435\u043d\u043d\u043e\u0441\u0442\u0438 \u043f\u0440\u043e\u0434\u0443\u043a\u0442\u0430<\/a><\/li><li class='ez-toc-page-1 ez-toc-heading-level-2'><a class=\"ez-toc-link ez-toc-heading-4\" href=\"https:\/\/unox.com.tr\/ru\/%d0%b2%d0%b0%d0%ba%d1%83%d1%83%d0%bc%d0%bd%d1%8b%d0%b9-%d0%b2%d1%8b%d0%ba%d0%bb%d1%8e%d1%87%d0%b0%d1%82%d0%b5%d0%bb%d1%8c-%d0%b8%d0%b7-%d0%bd%d0%b5%d1%80%d0%b6%d0%b0%d0%b2%d0%b5%d1%8e%d1%89%d0%b5\/#%D0%9E%D0%B1%D0%BB%D0%B0%D1%81%D1%82%D1%8C_%D0%BF%D1%80%D0%B8%D0%BC%D0%B5%D0%BD%D0%B5%D0%BD%D0%B8%D1%8F\" >\u041e\u0431\u043b\u0430\u0441\u0442\u044c \u043f\u0440\u0438\u043c\u0435\u043d\u0435\u043d\u0438\u044f<\/a><\/li><\/ul><\/nav><\/div>\n<h2><span class=\"ez-toc-section\" id=\"%D0%A7%D1%82%D0%BE_%D1%82%D0%B0%D0%BA%D0%BE%D0%B5_%D0%B2%D0%B0%D0%BA%D1%83%D1%83%D0%BC%D0%BD%D1%8B%D0%B9_%D0%B2%D1%8B%D0%BA%D0%BB%D1%8E%D1%87%D0%B0%D1%82%D0%B5%D0%BB%D1%8C_%D0%B8%D0%B7_%D0%BD%D0%B5%D1%80%D0%B6%D0%B0%D0%B2%D0%B5%D1%8E%D1%89%D0%B5%D0%B9_%D1%81%D1%82%D0%B0%D0%BB%D0%B8\"><\/span><span style=\"font-size: 22px;\">\u0427\u0442\u043e \u0442\u0430\u043a\u043e\u0435 \u0432\u0430\u043a\u0443\u0443\u043c\u043d\u044b\u0439 \u0432\u044b\u043a\u043b\u044e\u0447\u0430\u0442\u0435\u043b\u044c \u0438\u0437 \u043d\u0435\u0440\u0436\u0430\u0432\u0435\u044e\u0449\u0435\u0439 \u0441\u0442\u0430\u043b\u0438?<\/span><span class=\"ez-toc-section-end\"><\/span><\/h2>\n<p>\u0412\u0430\u043a\u0443\u0443\u043c\u043d\u044b\u0439 \u0432\u044b\u043a\u043b\u044e\u0447\u0430\u0442\u0435\u043b\u044c \u2013 \u044d\u0442\u043e \u0443\u0441\u0442\u0440\u043e\u0439\u0441\u0442\u0432\u043e, \u043f\u0440\u0435\u0434\u043d\u0430\u0437\u043d\u0430\u0447\u0435\u043d\u043d\u043e\u0435 \u0434\u043b\u044f \u043f\u0440\u0435\u0434\u043e\u0442\u0432\u0440\u0430\u0449\u0435\u043d\u0438\u044f \u043e\u0431\u0440\u0430\u0437\u043e\u0432\u0430\u043d\u0438\u044f \u0432\u0430\u043a\u0443\u0443\u043c\u0430 \u0432 \u0432\u043e\u0434\u043e\u043f\u0440\u043e\u0432\u043e\u0434\u043d\u043e\u0439 \u0441\u0438\u0441\u0442\u0435\u043c\u0435. \u041e\u043d \u0434\u0435\u043b\u0430\u0435\u0442 \u044d\u0442\u043e, \u043f\u0440\u043e\u043f\u0443\u0441\u043a\u0430\u044f \u0432\u043e\u0437\u0434\u0443\u0445 \u0432 \u0441\u0438\u0441\u0442\u0435\u043c\u0443 \u043f\u0440\u0438 \u043d\u0430\u043b\u0438\u0447\u0438\u0438 \u0432\u0430\u043a\u0443\u0443\u043c\u0430, \u043d\u0430\u0440\u0443\u0448\u0430\u044f \u0432\u0430\u043a\u0443\u0443\u043c \u0438 \u043f\u0440\u0435\u0434\u043e\u0442\u0432\u0440\u0430\u0449\u0430\u044f \u043f\u043e\u043b\u043d\u043e\u0435 \u043e\u0442\u043a\u043b\u044e\u0447\u0435\u043d\u0438\u0435 \u0441\u0438\u0441\u0442\u0435\u043c\u044b. \u0412\u0430\u043a\u0443\u0443\u043c\u043d\u044b\u0435 \u043f\u0440\u0435\u0440\u044b\u0432\u0430\u0442\u0435\u043b\u0438 \u043e\u0431\u044b\u0447\u043d\u043e \u0438\u0441\u043f\u043e\u043b\u044c\u0437\u0443\u044e\u0442\u0441\u044f \u0432 \u0432\u043e\u0434\u043e\u043f\u0440\u043e\u0432\u043e\u0434\u043d\u044b\u0445 \u0441\u0438\u0441\u0442\u0435\u043c\u0430\u0445 \u0434\u043b\u044f \u043f\u0440\u0435\u0434\u043e\u0442\u0432\u0440\u0430\u0449\u0435\u043d\u0438\u044f \u043e\u0431\u0440\u0430\u0442\u043d\u043e\u0433\u043e \u043f\u043e\u0442\u043e\u043a\u0430, \u043a\u043e\u0442\u043e\u0440\u044b\u0439 \u043f\u0440\u0435\u0434\u0441\u0442\u0430\u0432\u043b\u044f\u0435\u0442 \u0441\u043e\u0431\u043e\u0439 \u0438\u0437\u043c\u0435\u043d\u0435\u043d\u0438\u0435 \u043d\u043e\u0440\u043c\u0430\u043b\u044c\u043d\u043e\u0433\u043e \u043f\u043e\u0442\u043e\u043a\u0430 \u0432\u043e\u0434\u044b \u0432 \u0441\u0438\u0441\u0442\u0435\u043c\u0435.<\/p>\n<p>\u0421\u0443\u0449\u0435\u0441\u0442\u0432\u0443\u0435\u0442 \u0434\u0432\u0430 \u043e\u0441\u043d\u043e\u0432\u043d\u044b\u0445 \u0442\u0438\u043f\u0430 \u043f\u0440\u0435\u0440\u044b\u0432\u0430\u0442\u0435\u043b\u0435\u0439 \u0432\u0430\u043a\u0443\u0443\u043c\u0430: \u043f\u0440\u0435\u0440\u044b\u0432\u0430\u0442\u0435\u043b\u0438 \u0430\u0442\u043c\u043e\u0441\u0444\u0435\u0440\u043d\u043e\u0433\u043e \u0432\u0430\u043a\u0443\u0443\u043c\u0430 \u0438 \u043f\u0440\u0435\u0440\u044b\u0432\u0430\u0442\u0435\u043b\u0438 \u0432\u0430\u043a\u0443\u0443\u043c\u0430 \u043f\u043e\u0434 \u0434\u0430\u0432\u043b\u0435\u043d\u0438\u0435\u043c. \u041f\u0440\u0435\u0440\u044b\u0432\u0430\u0442\u0435\u043b\u0438 \u0430\u0442\u043c\u043e\u0441\u0444\u0435\u0440\u043d\u043e\u0433\u043e \u0432\u0430\u043a\u0443\u0443\u043c\u0430 \u043e\u0431\u044b\u0447\u043d\u043e \u043f\u0440\u0438\u043a\u0440\u0435\u043f\u043b\u044f\u044e\u0442\u0441\u044f \u043a \u043a\u043e\u043d\u0446\u0443 \u043d\u0430\u0433\u0440\u0443\u0434\u043d\u0438\u043a\u0430 \u0448\u043b\u0430\u043d\u0433\u0430 \u0438\u043b\u0438 \u0434\u0440\u0443\u0433\u043e\u0433\u043e \u043d\u0430\u0440\u0443\u0436\u043d\u043e\u0433\u043e \u043a\u0440\u0430\u043d\u0430 \u0438 \u043f\u0440\u0435\u0434\u043d\u0430\u0437\u043d\u0430\u0447\u0435\u043d\u044b \u0434\u043b\u044f \u043f\u0440\u0435\u0434\u043e\u0442\u0432\u0440\u0430\u0449\u0435\u043d\u0438\u044f \u043e\u0431\u0440\u0430\u0442\u043d\u043e\u0433\u043e \u043f\u043e\u0442\u043e\u043a\u0430, \u043d\u0430\u0440\u0443\u0448\u0430\u044f \u0432\u0430\u043a\u0443\u0443\u043c, \u043f\u0440\u043e\u043f\u0443\u0441\u043a\u0430\u044f \u0432\u043e\u0437\u0434\u0443\u0445 \u0432 \u0441\u0438\u0441\u0442\u0435\u043c\u0443, \u043a\u043e\u0433\u0434\u0430 \u043f\u043e\u0442\u043e\u043a \u0432\u043e\u0434\u044b \u043e\u0442\u043a\u043b\u044e\u0447\u0435\u043d. \u0412\u0430\u043a\u0443\u0443\u043c\u043d\u044b\u0435 \u043f\u0440\u0435\u0440\u044b\u0432\u0430\u0442\u0435\u043b\u0438 \u0434\u0430\u0432\u043b\u0435\u043d\u0438\u044f, \u0441 \u0434\u0440\u0443\u0433\u043e\u0439 \u0441\u0442\u043e\u0440\u043e\u043d\u044b, \u043f\u0440\u0435\u0434\u043d\u0430\u0437\u043d\u0430\u0447\u0435\u043d\u044b \u0434\u043b\u044f \u043f\u0440\u0435\u0434\u043e\u0442\u0432\u0440\u0430\u0449\u0435\u043d\u0438\u044f \u043e\u0431\u0440\u0430\u0442\u043d\u043e\u0433\u043e \u043f\u043e\u0442\u043e\u043a\u0430 \u043f\u0443\u0442\u0435\u043c \u043f\u043e\u0432\u0442\u043e\u0440\u043d\u043e\u0433\u043e \u043d\u0430\u0440\u0443\u0448\u0435\u043d\u0438\u044f \u0432\u0430\u043a\u0443\u0443\u043c\u0430 \u043f\u0443\u0442\u0435\u043c \u043f\u043e\u0434\u0430\u0447\u0438 \u0432\u043e\u0437\u0434\u0443\u0445\u0430 \u0432 \u0441\u0438\u0441\u0442\u0435\u043c\u0443, \u043a\u043e\u0433\u0434\u0430 \u0434\u0430\u0432\u043b\u0435\u043d\u0438\u0435 \u0432\u043e\u0434\u044b \u043f\u0430\u0434\u0430\u0435\u0442 \u043d\u0438\u0436\u0435 \u043e\u043f\u0440\u0435\u0434\u0435\u043b\u0435\u043d\u043d\u043e\u0433\u043e \u0443\u0440\u043e\u0432\u043d\u044f.<\/p>\n<h2><span class=\"ez-toc-section\" id=\"%D0%9F%D1%80%D0%B8%D0%BD%D1%86%D0%B8%D0%BF_%D1%80%D0%B0%D0%B1%D0%BE%D1%82%D1%8B\"><\/span><span style=\"font-size: 22px;\">\u041f\u0440\u0438\u043d\u0446\u0438\u043f \u0440\u0430\u0431\u043e\u0442\u044b<\/span><span class=\"ez-toc-section-end\"><\/span><\/h2>\n<p>\u041a\u043e\u043d\u0434\u0435\u043d\u0441\u0430\u0446\u0438\u044f \u043d\u0435\u0436\u0435\u043b\u0430\u0442\u0435\u043b\u044c\u043d\u0430 \u0432 \u043f\u0430\u0440\u043e\u0432\u044b\u0445 \u0443\u0441\u0442\u0430\u043d\u043e\u0432\u043a\u0430\u0445. \u043a\u043e\u043d\u0434\u0435\u043d\u0441\u0430\u0446\u0438\u044f; \u041f\u043e\u043f\u0430\u0434\u0430\u043d\u0438\u0435 \u043f\u0430\u0440\u0430 \u0432 \u043e\u043a\u0440\u0443\u0436\u0430\u044e\u0449\u0443\u044e \u0441\u0440\u0435\u0434\u0443 \u043f\u0440\u043e\u0438\u0441\u0445\u043e\u0434\u0438\u0442 \u043f\u0440\u0438 \u043e\u0445\u043b\u0430\u0436\u0434\u0435\u043d\u0438\u0438 \u0443\u0441\u0442\u0430\u043d\u043e\u0432\u043a\u0438 \u043f\u0440\u0438 \u043f\u0435\u0440\u0435\u0440\u0435\u0437\u043a\u0435 \u0442\u0440\u0443\u0431\u043e\u043f\u0440\u043e\u0432\u043e\u0434\u0430 \u043f\u0440\u0438 \u0432\u044b\u0441\u043e\u043a\u0438\u0445 \u0434\u0430\u0432\u043b\u0435\u043d\u0438\u044f\u0445. \u041f\u0430\u0440, \u043f\u0440\u0435\u0432\u0440\u0430\u0449\u0430\u044e\u0449\u0438\u0439\u0441\u044f \u0441 \u043a\u043e\u043d\u0434\u0435\u043d\u0441\u0430\u0446\u0438\u0435\u0439 \u0432 \u0432\u043e\u0434\u0443, \u0432\u044b\u0437\u044b\u0432\u0430\u0435\u0442 \u0443\u043c\u0435\u043d\u044c\u0448\u0435\u043d\u0438\u0435 \u043e\u0431\u044a\u0435\u043c\u0430 \u0432 \u043e\u043a\u0440\u0443\u0436\u0430\u044e\u0449\u0435\u0439 \u0441\u0440\u0435\u0434\u0435 \u0438 \u0434\u0430\u0432\u043b\u0435\u043d\u0438\u0435 \u0432 \u043e\u043a\u0440\u0443\u0436\u0430\u044e\u0449\u0435\u0439 \u0441\u0440\u0435\u0434\u0435 \u043f\u043e\u0441\u0442\u0435\u043f\u0435\u043d\u043d\u043e \u0441\u043d\u0438\u0436\u0430\u0435\u0442\u0441\u044f, \u0430 \u0432 \u0441\u0438\u0441\u0442\u0435\u043c\u0435 \u043e\u0431\u0440\u0430\u0437\u0443\u0435\u0442\u0441\u044f \u0432\u0430\u043a\u0443\u0443\u043c.<\/p>\n<p>\u0412\u0430\u043a\u0443\u0443\u043c\u043d\u044b\u0439 \u0432\u044b\u043a\u043b\u044e\u0447\u0430\u0442\u0435\u043b\u044c \u0438\u0437 \u043d\u0435\u0440\u0436\u0430\u0432\u0435\u044e\u0449\u0435\u0439 \u0441\u0442\u0430\u043b\u0438 UNOX UKV-70DP; \u041e\u043d \u0440\u0430\u0437\u043c\u0435\u0449\u0430\u0435\u0442\u0441\u044f \u0432 \u043f\u043e\u0434\u0445\u043e\u0434\u044f\u0449\u0438\u0445 \u043c\u0435\u0441\u0442\u0430\u0445 \u0443\u0441\u0442\u0430\u043d\u043e\u0432\u043a\u0438, \u0447\u0442\u043e\u0431\u044b \u0441\u0431\u0430\u043b\u0430\u043d\u0441\u0438\u0440\u043e\u0432\u0430\u0442\u044c \u0434\u0430\u0432\u043b\u0435\u043d\u0438\u0435 \u0432 \u043e\u043a\u0440\u0443\u0436\u0430\u044e\u0449\u0435\u0439 \u0441\u0440\u0435\u0434\u0435. \u0412 \u043f\u0440\u0438\u043d\u0446\u0438\u043f\u0435, \u043e\u043d \u0434\u0435\u0439\u0441\u0442\u0432\u0443\u0435\u0442 \u043a\u0430\u043a \u043e\u0431\u0440\u0430\u0442\u043d\u044b\u0439 \u043a\u043b\u0430\u043f\u0430\u043d \u0432 \u043f\u0430\u0440\u043e\u043f\u0440\u043e\u0432\u043e\u0434\u0430\u0445. \u0415\u0441\u043b\u0438 \u0434\u0430\u0432\u043b\u0435\u043d\u0438\u0435 \u0432 \u043e\u043a\u0440\u0443\u0436\u0430\u044e\u0449\u0435\u0439 \u0441\u0440\u0435\u0434\u0435 \u043f\u0430\u0434\u0430\u0435\u0442, \u043e\u043d \u0443\u0440\u0430\u0432\u043d\u043e\u0432\u0435\u0448\u0438\u0432\u0430\u0435\u0442 \u0434\u0430\u0432\u043b\u0435\u043d\u0438\u0435, \u0432\u0441\u0430\u0441\u044b\u0432\u0430\u044f \u0432\u043e\u0437\u0434\u0443\u0445, \u0438\u043b\u0438 \u043a\u043e\u0433\u0434\u0430 \u043d\u0430\u0447\u0438\u043d\u0430\u0435\u0442 \u0444\u043e\u0440\u043c\u0438\u0440\u043e\u0432\u0430\u0442\u044c\u0441\u044f \u0432\u044b\u0441\u043e\u043a\u043e\u0435 \u0434\u0430\u0432\u043b\u0435\u043d\u0438\u0435 \u0432 \u043e\u043a\u0440\u0443\u0436\u0430\u044e\u0449\u0435\u0439 \u0441\u0440\u0435\u0434\u0435, \u043e\u043d \u0437\u0430\u043a\u0440\u044b\u0432\u0430\u0435\u0442\u0441\u044f \u0438 \u0443\u0434\u0435\u0440\u0436\u0438\u0432\u0430\u0435\u0442 \u0434\u0430\u0432\u043b\u0435\u043d\u0438\u0435 \u0432 \u0440\u0430\u0432\u043d\u043e\u0432\u0435\u0441\u0438\u0438. \u042d\u0442\u043e \u0438\u0437\u0434\u0435\u043b\u0438\u044f \u043e\u0431\u0449\u0435\u0433\u043e \u043d\u0430\u0437\u043d\u0430\u0447\u0435\u043d\u0438\u044f, \u0432\u044b\u043f\u0443\u0441\u043a\u0430\u0435\u043c\u044b\u0435 \u0432 \u043d\u0435\u0431\u043e\u043b\u044c\u0448\u0438\u0445 \u0440\u0430\u0437\u043c\u0435\u0440\u0430\u0445, \u043f\u0440\u0435\u0434\u043d\u0430\u0437\u043d\u0430\u0447\u0435\u043d\u043d\u044b\u0435 \u0434\u043b\u044f \u0438\u0441\u043f\u043e\u043b\u044c\u0437\u043e\u0432\u0430\u043d\u0438\u044f \u0432 \u043f\u0430\u0440\u043e\u043f\u0440\u043e\u0432\u043e\u0434\u0430\u0445 \u0438 \u0442\u0440\u0443\u0431\u043e\u043f\u0440\u043e\u0432\u043e\u0434\u0430\u0445, \u043e\u0431\u0440\u0430\u0437\u0443\u044e\u0449\u0438\u0445 \u043a\u043e\u043d\u0434\u0435\u043d\u0441\u0430\u0442.<\/p>\n<p>\u0412\u0430\u043a\u0443\u0443\u043c\u043d\u044b\u0439 \u043f\u0440\u0435\u0440\u044b\u0432\u0430\u0442\u0435\u043b\u044c \u0438\u0437 \u043d\u0435\u0440\u0436\u0430\u0432\u0435\u044e\u0449\u0435\u0439 \u0441\u0442\u0430\u043b\u0438 UKV-70DP \u0434\u043e\u043b\u0436\u0435\u043d \u0443\u0441\u0442\u0430\u043d\u0430\u0432\u043b\u0438\u0432\u0430\u0442\u044c\u0441\u044f \u0432\u0435\u0440\u0442\u0438\u043a\u0430\u043b\u044c\u043d\u043e, \u043f\u043e\u0434\u043a\u043b\u044e\u0447\u0435\u043d\u0438\u0435 \u043a \u0441\u0438\u0441\u0442\u0435\u043c\u0435 \u0434\u043e\u043b\u0436\u043d\u043e \u0431\u044b\u0442\u044c \u0432\u043d\u0438\u0437\u0443.<\/p>\n<h2><span class=\"ez-toc-section\" id=\"%D0%9E%D1%81%D0%BE%D0%B1%D0%B5%D0%BD%D0%BD%D0%BE%D1%81%D1%82%D0%B8_%D0%BF%D1%80%D0%BE%D0%B4%D1%83%D0%BA%D1%82%D0%B0\"><\/span><span style=\"font-size: 22px;\">\u041e\u0441\u043e\u0431\u0435\u043d\u043d\u043e\u0441\u0442\u0438 \u043f\u0440\u043e\u0434\u0443\u043a\u0442\u0430<\/span><span class=\"ez-toc-section-end\"><\/span><\/h2>\n<ul>\n<li><strong>\u041c\u043e\u0434\u0435\u043b\u044c: <\/strong>UKV-70DP<\/li>\n<li><strong>\u0418\u0437\u043c\u0435\u0440\u0435\u043d\u0438\u0435: <\/strong>1\/2&#8243;<\/li>\n<li><strong>\u041a\u043e\u0440\u043f\u0443\u0441<\/strong>: \u043d\u0435\u0440\u0436\u0430\u0432\u0435\u044e\u0449\u0430\u044f \u0441\u0442\u0430\u043b\u044c AISI304<\/li>\n<li><strong>\u0418\u043d\u0442\u0435\u0440\u044c\u0435\u0440<\/strong>: \u043d\u0435\u0440\u0436\u0430\u0432\u0435\u044e\u0449\u0430\u044f \u0441\u0442\u0430\u043b\u044c AISI304<\/li>\n<li><strong>\u041c\u0430\u043a\u0441. \u0420\u0430\u0431\u043e\u0447\u0435\u0435 \u0434\u0430\u0432\u043b\u0435\u043d\u0438\u0435:  <\/strong>40 \u0411\u0410\u0420<\/li>\n<li><strong>\u041c\u0430\u043a\u0441. \u0420\u0430\u0431\u043e\u0447\u0430\u044f \u0422\u0435\u043c\u043f\u0435\u0440\u0430\u0442\u0443\u0440\u0430: <\/strong> 400\u00b0C<\/li>\n<li><strong>\u043c\u0438\u043d. \u0394P \u0414\u0430\u0432\u043b\u0435\u043d\u0438\u0435 \u043e\u0442\u043a\u0440\u044b\u0442\u0438\u044f:  <\/strong>0,17 \u0431\u0430\u0440<\/li>\n<li><span style=\"font-size: 16px;\"><strong>\u0421\u043e\u0435\u0434\u0438\u043d\u0435\u043d\u0438\u044f<\/strong><\/span>: \u0420\u0435\u0437\u044c\u0431\u043e\u0432\u044b\u0435<\/li>\n<li><strong>\u0412\u0435\u0441 \u043c\u0430\u0442\u0435\u0440\u0438\u0430\u043b\u0430<\/strong>: 380 \u0433\u0440.<\/li>\n<\/ul>\n<h2><span class=\"ez-toc-section\" id=\"%D0%9E%D0%B1%D0%BB%D0%B0%D1%81%D1%82%D1%8C_%D0%BF%D1%80%D0%B8%D0%BC%D0%B5%D0%BD%D0%B5%D0%BD%D0%B8%D1%8F\"><\/span><span style=\"font-size: 22px;\">\u041e\u0431\u043b\u0430\u0441\u0442\u044c \u043f\u0440\u0438\u043c\u0435\u043d\u0435\u043d\u0438\u044f<\/span><span class=\"ez-toc-section-end\"><\/span><\/h2>\n<ul>\n<li>\u0417\u043c\u0435\u0438\u043d\u044b\u0435 \u0441\u0438\u0441\u0442\u0435\u043c\u044b<\/li>\n<li>\u0442\u0435\u043f\u043b\u043e\u043e\u0431\u043c\u0435\u043d\u043d\u0438\u043a\u0438<\/li>\n<li>\u0420\u0430\u0437\u0440\u044b\u0432\u044b \u0442\u0440\u0443\u0431\u043e\u043f\u0440\u043e\u0432\u043e\u0434\u043e\u0432 \u0432 \u043f\u0430\u0440\u043e\u0432\u044b\u0445 \u0441\u0438\u0441\u0442\u0435\u043c\u0430\u0445<\/li>\n<li>\u043f\u0430\u0440\u043e\u0441\u0431\u043e\u0440\u043d\u0438\u043a\u0438<\/li>\n<\/ul>\n","protected":false},"excerpt":{"rendered":"<p><a href=\"https:\/\/unox.com.tr\/wp-content\/uploads\/2023\/01\/Paslanmaz-Vakum-Kirici.pdf\" target=\"_blank\" rel=\"noopener\"><button style=\"background-color: #11224b; color: #ffffff; padding: 10px 15px; font-family: montserrat; font-weight: bold; font-size: 19px; border-radius: 10px;\"><img decoding=\"async\" style=\"width: 25px; height: 25px;\" src=\"https:\/\/unox.com.tr\/wp-content\/uploads\/2023\/02\/pdf-1.png\">\u041a\u0410\u0422\u0410\u041b\u041e\u0413 \u041f\u0420\u041e\u0414\u0423\u041a\u0426\u0418\u0418<\/button><\/a><\/p>\n<p><button style=\"background-color: #11224b; margin-top: 5px; color: white; padding: 0px 15px; width: 150px; height: 55px; border-radius: 10px; border: none; cursor: pointer;\"><br \/>\n<img decoding=\"async\" style=\"width: 120px; height: 30px;\" src=\"https:\/\/unox.com.tr\/wp-content\/uploads\/2023\/02\/4-1.svg\"><\/button><\/p>\n","protected":false},"featured_media":69419,"comment_status":"closed","ping_status":"closed","template":"","meta":{"_joinchat":[]},"product_brand":[],"product_cat":[1090,1087],"product_tag":[],"class_list":{"0":"post-52179","1":"product","2":"type-product","3":"status-publish","4":"has-post-thumbnail","6":"product_cat-1090","7":"product_cat-1087","9":"first","10":"instock","11":"shipping-taxable","12":"product-type-simple"},"_links":{"self":[{"href":"https:\/\/unox.com.tr\/ru\/wp-json\/wp\/v2\/product\/52179","targetHints":{"allow":["GET"]}}],"collection":[{"href":"https:\/\/unox.com.tr\/ru\/wp-json\/wp\/v2\/product"}],"about":[{"href":"https:\/\/unox.com.tr\/ru\/wp-json\/wp\/v2\/types\/product"}],"replies":[{"embeddable":true,"href":"https:\/\/unox.com.tr\/ru\/wp-json\/wp\/v2\/comments?post=52179"}],"version-history":[{"count":0,"href":"https:\/\/unox.com.tr\/ru\/wp-json\/wp\/v2\/product\/52179\/revisions"}],"wp:featuredmedia":[{"embeddable":true,"href":"https:\/\/unox.com.tr\/ru\/wp-json\/wp\/v2\/media\/69419"}],"wp:attachment":[{"href":"https:\/\/unox.com.tr\/ru\/wp-json\/wp\/v2\/media?parent=52179"}],"wp:term":[{"taxonomy":"product_brand","embeddable":true,"href":"https:\/\/unox.com.tr\/ru\/wp-json\/wp\/v2\/product_brand?post=52179"},{"taxonomy":"product_cat","embeddable":true,"href":"https:\/\/unox.com.tr\/ru\/wp-json\/wp\/v2\/product_cat?post=52179"},{"taxonomy":"product_tag","embeddable":true,"href":"https:\/\/unox.com.tr\/ru\/wp-json\/wp\/v2\/product_tag?post=52179"}],"curies":[{"name":"wp","href":"https:\/\/api.w.org\/{rel}","templated":true}]}}