{"id":52281,"date":"2020-09-29T07:36:03","date_gmt":"2020-09-29T04:36:03","guid":{"rendered":"https:\/\/unox.com.tr\/urun\/2-%d1%85%d0%be%d0%b4%d0%be%d0%b2%d0%be%d0%b9-%d0%bf%d0%bd%d0%b5%d0%b2%d0%bc%d0%b0%d1%82%d0%b8%d1%87%d0%b5%d1%81%d0%ba%d0%b8%d0%b9-%d0%b4%d0%b2%d1%83%d1%85%d0%bf%d0%be%d0%b7%d0%b8%d1%86%d0%b8%d0%be\/"},"modified":"2020-09-29T07:36:03","modified_gmt":"2020-09-29T04:36:03","slug":"2-%d1%85%d0%be%d0%b4%d0%be%d0%b2%d0%be%d0%b9-%d0%bf%d0%bd%d0%b5%d0%b2%d0%bc%d0%b0%d1%82%d0%b8%d1%87%d0%b5%d1%81%d0%ba%d0%b8%d0%b9-%d0%b4%d0%b2%d1%83%d1%85%d0%bf%d0%be%d0%b7%d0%b8%d1%86%d0%b8%d0%be","status":"publish","type":"product","link":"https:\/\/unox.com.tr\/ru\/2-%d1%85%d0%be%d0%b4%d0%be%d0%b2%d0%be%d0%b9-%d0%bf%d0%bd%d0%b5%d0%b2%d0%bc%d0%b0%d1%82%d0%b8%d1%87%d0%b5%d1%81%d0%ba%d0%b8%d0%b9-%d0%b4%d0%b2%d1%83%d1%85%d0%bf%d0%be%d0%b7%d0%b8%d1%86%d0%b8%d0%be\/","title":{"rendered":"2-\u0445\u043e\u0434\u043e\u0432\u043e\u0439 \u043f\u043d\u0435\u0432\u043c\u0430\u0442\u0438\u0447\u0435\u0441\u043a\u0438\u0439 \u0434\u0432\u0443\u0445\u043f\u043e\u0437\u0438\u0446\u0438\u043e\u043d\u043d\u044b\u0439 \u043a\u043b\u0430\u043f\u0430\u043d \u0433\u043e\u0440\u044f\u0447\u0435\u0433\u043e \u043c\u0430\u0441\u043b\u0430 \u2014 33612"},"content":{"rendered":"<div id=\"ez-toc-container\" class=\"ez-toc-v2_0_82_2 counter-hierarchy ez-toc-counter ez-toc-grey ez-toc-container-direction\">\n<div class=\"ez-toc-title-container\">\n<p class=\"ez-toc-title\" style=\"cursor:inherit\">Sayfa \u0130\u00e7eri\u011fi<\/p>\n<span class=\"ez-toc-title-toggle\"><a href=\"#\" class=\"ez-toc-pull-right ez-toc-btn ez-toc-btn-xs ez-toc-btn-default ez-toc-toggle\" aria-label=\"Toggle Table of Content\"><span class=\"ez-toc-js-icon-con\"><span class=\"\"><span class=\"eztoc-hide\" style=\"display:none;\">Toggle<\/span><span class=\"ez-toc-icon-toggle-span\"><svg style=\"fill: #999;color:#999\" xmlns=\"http:\/\/www.w3.org\/2000\/svg\" class=\"list-377408\" width=\"20px\" height=\"20px\" viewBox=\"0 0 24 24\" fill=\"none\"><path d=\"M6 6H4v2h2V6zm14 0H8v2h12V6zM4 11h2v2H4v-2zm16 0H8v2h12v-2zM4 16h2v2H4v-2zm16 0H8v2h12v-2z\" fill=\"currentColor\"><\/path><\/svg><svg style=\"fill: #999;color:#999\" class=\"arrow-unsorted-368013\" xmlns=\"http:\/\/www.w3.org\/2000\/svg\" width=\"10px\" height=\"10px\" viewBox=\"0 0 24 24\" version=\"1.2\" baseProfile=\"tiny\"><path d=\"M18.2 9.3l-6.2-6.3-6.2 6.3c-.2.2-.3.4-.3.7s.1.5.3.7c.2.2.4.3.7.3h11c.3 0 .5-.1.7-.3.2-.2.3-.5.3-.7s-.1-.5-.3-.7zM5.8 14.7l6.2 6.3 6.2-6.3c.2-.2.3-.5.3-.7s-.1-.5-.3-.7c-.2-.2-.4-.3-.7-.3h-11c-.3 0-.5.1-.7.3-.2.2-.3.5-.3.7s.1.5.3.7z\"\/><\/svg><\/span><\/span><\/span><\/a><\/span><\/div>\n<nav><ul class='ez-toc-list ez-toc-list-level-1 ' ><li class='ez-toc-page-1 ez-toc-heading-level-2'><a class=\"ez-toc-link ez-toc-heading-1\" href=\"https:\/\/unox.com.tr\/ru\/2-%d1%85%d0%be%d0%b4%d0%be%d0%b2%d0%be%d0%b9-%d0%bf%d0%bd%d0%b5%d0%b2%d0%bc%d0%b0%d1%82%d0%b8%d1%87%d0%b5%d1%81%d0%ba%d0%b8%d0%b9-%d0%b4%d0%b2%d1%83%d1%85%d0%bf%d0%be%d0%b7%d0%b8%d1%86%d0%b8%d0%be\/#%D0%A7%D1%82%D0%BE_%D1%82%D0%B0%D0%BA%D0%BE%D0%B5_%D0%B4%D0%B2%D1%83%D1%85%D1%85%D0%BE%D0%B4%D0%BE%D0%B2%D0%BE%D0%B9_%D0%BF%D0%BD%D0%B5%D0%B2%D0%BC%D0%B0%D1%82%D0%B8%D1%87%D0%B5%D1%81%D0%BA%D0%B8%D0%B9_%D0%B4%D0%B2%D1%83%D1%85%D0%BF%D0%BE%D0%B7%D0%B8%D1%86%D0%B8%D0%BE%D0%BD%D0%BD%D1%8B%D0%B9_%D0%BA%D0%BB%D0%B0%D0%BF%D0%B0%D0%BD_%D0%B3%D0%BE%D1%80%D1%8F%D1%87%D0%B5%D0%B3%D0%BE_%D0%BC%D0%B0%D1%81%D0%BB%D0%B0\" >\u0427\u0442\u043e \u0442\u0430\u043a\u043e\u0435 \u0434\u0432\u0443\u0445\u0445\u043e\u0434\u043e\u0432\u043e\u0439 \u043f\u043d\u0435\u0432\u043c\u0430\u0442\u0438\u0447\u0435\u0441\u043a\u0438\u0439 \u0434\u0432\u0443\u0445\u043f\u043e\u0437\u0438\u0446\u0438\u043e\u043d\u043d\u044b\u0439 \u043a\u043b\u0430\u043f\u0430\u043d \u0433\u043e\u0440\u044f\u0447\u0435\u0433\u043e \u043c\u0430\u0441\u043b\u0430?<\/a><\/li><li class='ez-toc-page-1 ez-toc-heading-level-2'><a class=\"ez-toc-link ez-toc-heading-2\" href=\"https:\/\/unox.com.tr\/ru\/2-%d1%85%d0%be%d0%b4%d0%be%d0%b2%d0%be%d0%b9-%d0%bf%d0%bd%d0%b5%d0%b2%d0%bc%d0%b0%d1%82%d0%b8%d1%87%d0%b5%d1%81%d0%ba%d0%b8%d0%b9-%d0%b4%d0%b2%d1%83%d1%85%d0%bf%d0%be%d0%b7%d0%b8%d1%86%d0%b8%d0%be\/#%D0%A7%D1%82%D0%BE_%D1%82%D0%B0%D0%BA%D0%BE%D0%B5_%D1%80%D0%B5%D0%B3%D1%83%D0%BB%D0%B8%D1%80%D1%83%D1%8E%D1%89%D0%B8%D0%B9_%D0%BA%D0%BB%D0%B0%D0%BF%D0%B0%D0%BD\" >\u0427\u0442\u043e \u0442\u0430\u043a\u043e\u0435 \u0440\u0435\u0433\u0443\u043b\u0438\u0440\u0443\u044e\u0449\u0438\u0439 \u043a\u043b\u0430\u043f\u0430\u043d?<\/a><\/li><li class='ez-toc-page-1 ez-toc-heading-level-2'><a class=\"ez-toc-link ez-toc-heading-3\" href=\"https:\/\/unox.com.tr\/ru\/2-%d1%85%d0%be%d0%b4%d0%be%d0%b2%d0%be%d0%b9-%d0%bf%d0%bd%d0%b5%d0%b2%d0%bc%d0%b0%d1%82%d0%b8%d1%87%d0%b5%d1%81%d0%ba%d0%b8%d0%b9-%d0%b4%d0%b2%d1%83%d1%85%d0%bf%d0%be%d0%b7%d0%b8%d1%86%d0%b8%d0%be\/#%D0%A7%D1%82%D0%BE_%D1%82%D0%B0%D0%BA%D0%BE%D0%B5_%D0%BF%D1%80%D0%B8%D0%BD%D1%86%D0%B8%D0%BF_%D1%80%D0%B0%D0%B1%D0%BE%D1%82%D1%8B_On-Off\" >\u0427\u0442\u043e \u0442\u0430\u043a\u043e\u0435 \u043f\u0440\u0438\u043d\u0446\u0438\u043f \u0440\u0430\u0431\u043e\u0442\u044b On-Off?<\/a><\/li><li class='ez-toc-page-1 ez-toc-heading-level-2'><a class=\"ez-toc-link ez-toc-heading-4\" href=\"https:\/\/unox.com.tr\/ru\/2-%d1%85%d0%be%d0%b4%d0%be%d0%b2%d0%be%d0%b9-%d0%bf%d0%bd%d0%b5%d0%b2%d0%bc%d0%b0%d1%82%d0%b8%d1%87%d0%b5%d1%81%d0%ba%d0%b8%d0%b9-%d0%b4%d0%b2%d1%83%d1%85%d0%bf%d0%be%d0%b7%d0%b8%d1%86%d0%b8%d0%be\/#%D0%9E%D0%B1%D1%89%D0%B8%D0%B5_%D1%85%D0%B0%D1%80%D0%B0%D0%BA%D1%82%D0%B5%D1%80%D0%B8%D1%81%D1%82%D0%B8%D0%BA%D0%B8\" >\u041e\u0431\u0449\u0438\u0435 \u0445\u0430\u0440\u0430\u043a\u0442\u0435\u0440\u0438\u0441\u0442\u0438\u043a\u0438<\/a><\/li><li class='ez-toc-page-1 ez-toc-heading-level-2'><a class=\"ez-toc-link ez-toc-heading-5\" href=\"https:\/\/unox.com.tr\/ru\/2-%d1%85%d0%be%d0%b4%d0%be%d0%b2%d0%be%d0%b9-%d0%bf%d0%bd%d0%b5%d0%b2%d0%bc%d0%b0%d1%82%d0%b8%d1%87%d0%b5%d1%81%d0%ba%d0%b8%d0%b9-%d0%b4%d0%b2%d1%83%d1%85%d0%bf%d0%be%d0%b7%d0%b8%d1%86%d0%b8%d0%be\/#%D0%A1%D0%B2%D0%BE%D0%B9%D1%81%D1%82%D0%B2%D0%B0_%D0%BC%D0%B0%D1%82%D0%B5%D1%80%D0%B8%D0%B0%D0%BB%D0%B0\" >\u0421\u0432\u043e\u0439\u0441\u0442\u0432\u0430 \u043c\u0430\u0442\u0435\u0440\u0438\u0430\u043b\u0430<\/a><\/li><\/ul><\/nav><\/div>\n<h2><span class=\"ez-toc-section\" id=\"%D0%A7%D1%82%D0%BE_%D1%82%D0%B0%D0%BA%D0%BE%D0%B5_%D0%B4%D0%B2%D1%83%D1%85%D1%85%D0%BE%D0%B4%D0%BE%D0%B2%D0%BE%D0%B9_%D0%BF%D0%BD%D0%B5%D0%B2%D0%BC%D0%B0%D1%82%D0%B8%D1%87%D0%B5%D1%81%D0%BA%D0%B8%D0%B9_%D0%B4%D0%B2%D1%83%D1%85%D0%BF%D0%BE%D0%B7%D0%B8%D1%86%D0%B8%D0%BE%D0%BD%D0%BD%D1%8B%D0%B9_%D0%BA%D0%BB%D0%B0%D0%BF%D0%B0%D0%BD_%D0%B3%D0%BE%D1%80%D1%8F%D1%87%D0%B5%D0%B3%D0%BE_%D0%BC%D0%B0%D1%81%D0%BB%D0%B0\"><\/span><span style=\"font-size: 22px;\">\u0427\u0442\u043e \u0442\u0430\u043a\u043e\u0435 \u0434\u0432\u0443\u0445\u0445\u043e\u0434\u043e\u0432\u043e\u0439 \u043f\u043d\u0435\u0432\u043c\u0430\u0442\u0438\u0447\u0435\u0441\u043a\u0438\u0439 \u0434\u0432\u0443\u0445\u043f\u043e\u0437\u0438\u0446\u0438\u043e\u043d\u043d\u044b\u0439 \u043a\u043b\u0430\u043f\u0430\u043d \u0433\u043e\u0440\u044f\u0447\u0435\u0433\u043e \u043c\u0430\u0441\u043b\u0430?<\/span><span class=\"ez-toc-section-end\"><\/span><\/h2>\n<p>\u0414\u0432\u0443\u0445\u0445\u043e\u0434\u043e\u0432\u043e\u0439 \u043f\u043d\u0435\u0432\u043c\u0430\u0442\u0438\u0447\u0435\u0441\u043a\u0438\u0439 \u0434\u0432\u0443\u0445\u043f\u043e\u0437\u0438\u0446\u0438\u043e\u043d\u043d\u044b\u0439 \u043a\u043b\u0430\u043f\u0430\u043d \u0433\u043e\u0440\u044f\u0447\u0435\u0433\u043e \u043c\u0430\u0441\u043b\u0430 \u043f\u0440\u0435\u0434\u0441\u0442\u0430\u0432\u043b\u044f\u0435\u0442 \u0441\u043e\u0431\u043e\u0439 \u043a\u043b\u0430\u043f\u0430\u043d, \u043f\u0440\u0435\u0434\u043d\u0430\u0437\u043d\u0430\u0447\u0435\u043d\u043d\u044b\u0439 \u0434\u043b\u044f \u0443\u043f\u0440\u0430\u0432\u043b\u0435\u043d\u0438\u044f \u043f\u043e\u0442\u043e\u043a\u043e\u043c \u0433\u043e\u0440\u044f\u0447\u0435\u0433\u043e \u043c\u0430\u0441\u043b\u0430 \u0438\u043b\u0438 \u0434\u0440\u0443\u0433\u0438\u0445 \u0433\u043e\u0440\u044f\u0447\u0438\u0445 \u0436\u0438\u0434\u043a\u043e\u0441\u0442\u0435\u0439. \u042d\u0442\u0438 \u043a\u043b\u0430\u043f\u0430\u043d\u044b \u043e\u0431\u044b\u0447\u043d\u043e \u0438\u0441\u043f\u043e\u043b\u044c\u0437\u0443\u044e\u0442\u0441\u044f \u0432 \u043f\u0440\u043e\u043c\u044b\u0448\u043b\u0435\u043d\u043d\u044b\u0445 \u0438\u043b\u0438 \u043a\u043e\u043c\u043c\u0435\u0440\u0447\u0435\u0441\u043a\u0438\u0445 \u0443\u0441\u043b\u043e\u0432\u0438\u044f\u0445, \u0433\u0434\u0435 \u0437\u0430\u0434\u0435\u0439\u0441\u0442\u0432\u043e\u0432\u0430\u043d\u044b \u0432\u044b\u0441\u043e\u043a\u0438\u0435 \u0442\u0435\u043c\u043f\u0435\u0440\u0430\u0442\u0443\u0440\u044b \u0438 \u0434\u0430\u0432\u043b\u0435\u043d\u0438\u044f, \u043d\u0430\u043f\u0440\u0438\u043c\u0435\u0440, \u043d\u0430 \u0442\u0435\u0445\u043d\u043e\u043b\u043e\u0433\u0438\u0447\u0435\u0441\u043a\u0438\u0445 \u0443\u0441\u0442\u0430\u043d\u043e\u0432\u043a\u0430\u0445 \u0438\u043b\u0438 \u044d\u043b\u0435\u043a\u0442\u0440\u043e\u0441\u0442\u0430\u043d\u0446\u0438\u044f\u0445. \u041a\u043b\u0430\u043f\u0430\u043d \u0433\u043e\u0440\u044f\u0447\u0435\u0433\u043e \u043c\u0430\u0441\u043b\u0430 \u043c\u043e\u0436\u0435\u0442 \u0438\u0441\u043f\u043e\u043b\u044c\u0437\u043e\u0432\u0430\u0442\u044c\u0441\u044f \u0432 \u0440\u0430\u0437\u043b\u0438\u0447\u043d\u044b\u0445 \u043e\u0431\u043b\u0430\u0441\u0442\u044f\u0445, \u0432\u043a\u043b\u044e\u0447\u0430\u044f \u043d\u0430\u0433\u0440\u0435\u0432, \u043e\u0445\u043b\u0430\u0436\u0434\u0435\u043d\u0438\u0435, \u0441\u043c\u0430\u0437\u043a\u0443 \u0438 \u0440\u0435\u0433\u0443\u043b\u0438\u0440\u043e\u0432\u0430\u043d\u0438\u0435 \u0442\u0435\u043c\u043f\u0435\u0440\u0430\u0442\u0443\u0440\u044b. \u041a\u0430\u043a \u043f\u0440\u0430\u0432\u0438\u043b\u043e, \u043e\u043d\u0438 \u0438\u0437\u0433\u043e\u0442\u0430\u0432\u043b\u0438\u0432\u0430\u044e\u0442\u0441\u044f \u0438\u0437 \u043c\u0430\u0442\u0435\u0440\u0438\u0430\u043b\u043e\u0432, \u0443\u0441\u0442\u043e\u0439\u0447\u0438\u0432\u044b\u0445 \u043a \u0432\u044b\u0441\u043e\u043a\u0438\u043c \u0442\u0435\u043c\u043f\u0435\u0440\u0430\u0442\u0443\u0440\u0430\u043c \u0438 \u0432\u044b\u0434\u0435\u0440\u0436\u0438\u0432\u0430\u044e\u0449\u0438\u0445 \u043a\u043e\u0440\u0440\u043e\u0437\u0438\u043e\u043d\u043d\u043e\u0435 \u0432\u043e\u0437\u0434\u0435\u0439\u0441\u0442\u0432\u0438\u0435 \u0433\u043e\u0440\u044f\u0447\u0438\u0445 \u043c\u0430\u0441\u0435\u043b.<\/p>\n<h2><span class=\"ez-toc-section\" id=\"%D0%A7%D1%82%D0%BE_%D1%82%D0%B0%D0%BA%D0%BE%D0%B5_%D1%80%D0%B5%D0%B3%D1%83%D0%BB%D0%B8%D1%80%D1%83%D1%8E%D1%89%D0%B8%D0%B9_%D0%BA%D0%BB%D0%B0%D0%BF%D0%B0%D0%BD\"><\/span><span style=\"font-size: 22px;\">\u0427\u0442\u043e \u0442\u0430\u043a\u043e\u0435 \u0440\u0435\u0433\u0443\u043b\u0438\u0440\u0443\u044e\u0449\u0438\u0439 \u043a\u043b\u0430\u043f\u0430\u043d?<\/span><span class=\"ez-toc-section-end\"><\/span><\/h2>\n<p>\u0440\u0435\u0433\u0443\u043b\u0438\u0440\u0443\u044e\u0449\u0438\u0439 \u0432\u0435\u043d\u0442\u0438\u043b\u044c; \u041a\u043b\u0430\u043f\u0430\u043d, \u0438\u0441\u043f\u043e\u043b\u044c\u0437\u0443\u0435\u043c\u044b\u0439 \u0434\u043b\u044f \u0443\u043f\u0440\u0430\u0432\u043b\u0435\u043d\u0438\u044f \u043f\u043e\u0442\u043e\u043a\u043e\u043c \u043f\u0443\u0442\u0435\u043c \u0438\u0437\u043c\u0435\u043d\u0435\u043d\u0438\u044f \u0440\u0430\u0437\u043c\u0435\u0440\u0430 \u043f\u0440\u043e\u0445\u043e\u0434\u043d\u043e\u0433\u043e \u0441\u0435\u0447\u0435\u043d\u0438\u044f \u0432 \u0441\u043e\u043e\u0442\u0432\u0435\u0442\u0441\u0442\u0432\u0438\u0438 \u0441 \u0441\u0438\u0433\u043d\u0430\u043b\u043e\u043c \u043a\u043e\u043d\u0442\u0440\u043e\u043b\u043b\u0435\u0440\u0430. \u0420\u0435\u0433\u0443\u043b\u0438\u0440\u0443\u044e\u0449\u0438\u0435 \u043a\u043b\u0430\u043f\u0430\u043d\u044b \u043e\u0431\u0435\u0441\u043f\u0435\u0447\u0438\u0432\u0430\u044e\u0442 \u043a\u043e\u043d\u0442\u0440\u043e\u043b\u044c \u0434\u0430\u0432\u043b\u0435\u043d\u0438\u044f, \u0442\u0435\u043c\u043f\u0435\u0440\u0430\u0442\u0443\u0440\u044b, \u0440\u0430\u0441\u0445\u043e\u0434\u0430 \u0438 \u0443\u0440\u043e\u0432\u043d\u044f \u0432\u043e \u0432\u0441\u0435\u0445 \u043f\u0440\u043e\u0446\u0435\u0441\u0441\u0430\u0445, \u0432 \u043a\u043e\u0442\u043e\u0440\u044b\u0445 \u043f\u0440\u0438\u0441\u0443\u0442\u0441\u0442\u0432\u0443\u0435\u0442 \u0436\u0438\u0434\u043a\u043e\u0441\u0442\u044c. \u0420\u0435\u0433\u0443\u043b\u0438\u0440\u0443\u044e\u0449\u0438\u0435 \u043a\u043b\u0430\u043f\u0430\u043d\u044b \u0438\u0441\u043f\u043e\u043b\u044c\u0437\u0443\u044e\u0442\u0441\u044f \u0434\u043b\u044f \u0445\u043e\u043b\u043e\u0434\u043d\u043e\u0439 \u0432\u043e\u0434\u044b, \u0433\u043e\u0440\u044f\u0447\u0435\u0439 \u0432\u043e\u0434\u044b, \u043f\u0430\u0440\u0430, \u043f\u0435\u0440\u0435\u0433\u0440\u0435\u0442\u043e\u0439 \u0432\u043e\u0434\u044b, \u043f\u0430\u0440\u0430 \u0438 \u0433\u0430\u0437\u0430 \u0438 \u0442.\u0434., \u043f\u0440\u043e\u0438\u0437\u0432\u043e\u0434\u0438\u043c\u044b\u0445 \u043f\u0440\u0438 \u043f\u043e\u0442\u0440\u0435\u0431\u043b\u0435\u043d\u0438\u0438 \u044d\u043d\u0435\u0440\u0433\u0438\u0438 \u043d\u0430 \u043f\u0440\u0435\u0434\u043f\u0440\u0438\u044f\u0442\u0438\u044f\u0445. \u042d\u0442\u043e \u0433\u0430\u0440\u0430\u043d\u0442\u0438\u0440\u0443\u0435\u0442, \u0447\u0442\u043e \u0436\u0438\u0434\u043a\u043e\u0441\u0442\u0438 \u043c\u043e\u0436\u043d\u043e \u0442\u0440\u0430\u043d\u0441\u043f\u043e\u0440\u0442\u0438\u0440\u043e\u0432\u0430\u0442\u044c \u0438 \u043a\u043e\u043d\u0442\u0440\u043e\u043b\u0438\u0440\u043e\u0432\u0430\u0442\u044c \u0431\u0435\u0437 \u043a\u0430\u043a\u0438\u0445-\u043b\u0438\u0431\u043e \u043f\u043e\u0442\u0435\u0440\u044c.<\/p>\n<h2><span class=\"ez-toc-section\" id=\"%D0%A7%D1%82%D0%BE_%D1%82%D0%B0%D0%BA%D0%BE%D0%B5_%D0%BF%D1%80%D0%B8%D0%BD%D1%86%D0%B8%D0%BF_%D1%80%D0%B0%D0%B1%D0%BE%D1%82%D1%8B_On-Off\"><\/span><span style=\"font-size: 22px;\">\u0427\u0442\u043e \u0442\u0430\u043a\u043e\u0435 \u043f\u0440\u0438\u043d\u0446\u0438\u043f \u0440\u0430\u0431\u043e\u0442\u044b On-Off?<\/span><span class=\"ez-toc-section-end\"><\/span><\/h2>\n<p>\u041f\u0440\u0438\u043d\u0446\u0438\u043f \u0440\u0430\u0431\u043e\u0442\u044b On-Off \u043e\u0442\u043d\u043e\u0441\u0438\u0442\u0441\u044f \u043a \u0441\u0438\u0441\u0442\u0435\u043c\u0435 \u0443\u043f\u0440\u0430\u0432\u043b\u0435\u043d\u0438\u044f, \u0432 \u043a\u043e\u0442\u043e\u0440\u043e\u0439 \u0443\u0441\u0442\u0440\u043e\u0439\u0441\u0442\u0432\u043e \u0438\u043b\u0438 \u0441\u0438\u0441\u0442\u0435\u043c\u0430 \u043f\u043e\u043b\u043d\u043e\u0441\u0442\u044c\u044e \u043e\u0442\u043a\u0440\u044b\u0442\u044b \u0438\u043b\u0438 \u043f\u043e\u043b\u043d\u043e\u0441\u0442\u044c\u044e \u0437\u0430\u043a\u0440\u044b\u0442\u044b \u0431\u0435\u0437 \u043f\u0440\u043e\u043c\u0435\u0436\u0443\u0442\u043e\u0447\u043d\u044b\u0445 \u0441\u043e\u0441\u0442\u043e\u044f\u043d\u0438\u0439. \u042d\u0442\u043e\u0442 \u0442\u0438\u043f \u0443\u043f\u0440\u0430\u0432\u043b\u0435\u043d\u0438\u044f \u0447\u0430\u0441\u0442\u043e \u0438\u0441\u043f\u043e\u043b\u044c\u0437\u0443\u0435\u0442\u0441\u044f \u0432 \u043f\u0440\u043e\u0441\u0442\u044b\u0445 \u0441\u0438\u0441\u0442\u0435\u043c\u0430\u0445, \u0433\u0434\u0435 \u043d\u0435\u043e\u0431\u0445\u043e\u0434\u0438\u043c\u043e \u0432\u043a\u043b\u044e\u0447\u0438\u0442\u044c \u0438\u043b\u0438 \u0432\u044b\u043a\u043b\u044e\u0447\u0438\u0442\u044c \u0443\u0441\u0442\u0440\u043e\u0439\u0441\u0442\u0432\u043e \u0438\u043b\u0438 \u0441\u0438\u0441\u0442\u0435\u043c\u0443 \u0432 \u0437\u0430\u0432\u0438\u0441\u0438\u043c\u043e\u0441\u0442\u0438 \u043e\u0442 \u043e\u043f\u0440\u0435\u0434\u0435\u043b\u0435\u043d\u043d\u043e\u0433\u043e \u0443\u0441\u043b\u043e\u0432\u0438\u044f \u0438\u043b\u0438 \u0432\u0432\u043e\u0434\u0430.<\/p>\n<p>\u041f\u0440\u0438\u043c\u0435\u0440\u043e\u043c \u043f\u0440\u0438\u043d\u0446\u0438\u043f\u0430 \u0440\u0430\u0431\u043e\u0442\u044b On-Off \u044f\u0432\u043b\u044f\u0435\u0442\u0441\u044f \u0442\u0435\u0440\u043c\u043e\u0441\u0442\u0430\u0442, \u0443\u043f\u0440\u0430\u0432\u043b\u044f\u044e\u0449\u0438\u0439 \u0441\u0438\u0441\u0442\u0435\u043c\u043e\u0439 \u043e\u0442\u043e\u043f\u043b\u0435\u043d\u0438\u044f \u0438\u043b\u0438 \u043e\u0445\u043b\u0430\u0436\u0434\u0435\u043d\u0438\u044f. \u041a\u043e\u0433\u0434\u0430 \u0442\u0435\u0440\u043c\u043e\u0441\u0442\u0430\u0442 \u043d\u0430\u0441\u0442\u0440\u043e\u0435\u043d \u043d\u0430 \u043e\u043f\u0440\u0435\u0434\u0435\u043b\u0435\u043d\u043d\u0443\u044e \u0442\u0435\u043c\u043f\u0435\u0440\u0430\u0442\u0443\u0440\u0443, \u043e\u043d \u0432\u043a\u043b\u044e\u0447\u0430\u0435\u0442 \u0438\u043b\u0438 \u0432\u044b\u043a\u043b\u044e\u0447\u0430\u0435\u0442 \u0441\u0438\u0441\u0442\u0435\u043c\u0443 \u043f\u043e \u043c\u0435\u0440\u0435 \u043d\u0435\u043e\u0431\u0445\u043e\u0434\u0438\u043c\u043e\u0441\u0442\u0438 \u0434\u043b\u044f \u043f\u043e\u0434\u0434\u0435\u0440\u0436\u0430\u043d\u0438\u044f \u044d\u0442\u043e\u0439 \u0442\u0435\u043c\u043f\u0435\u0440\u0430\u0442\u0443\u0440\u044b. \u0415\u0441\u043b\u0438 \u0442\u0435\u043c\u043f\u0435\u0440\u0430\u0442\u0443\u0440\u0430 \u0432 \u043f\u043e\u043c\u0435\u0449\u0435\u043d\u0438\u0438 \u043f\u0430\u0434\u0430\u0435\u0442 \u043d\u0438\u0436\u0435 \u0437\u0430\u0434\u0430\u043d\u043d\u043e\u0439, \u0432\u043a\u043b\u044e\u0447\u0430\u0435\u0442\u0441\u044f \u0441\u0438\u0441\u0442\u0435\u043c\u0430 \u043e\u0442\u043e\u043f\u043b\u0435\u043d\u0438\u044f, \u0435\u0441\u043b\u0438 \u0442\u0435\u043c\u043f\u0435\u0440\u0430\u0442\u0443\u0440\u0430 \u043f\u043e\u0434\u043d\u0438\u043c\u0430\u0435\u0442\u0441\u044f \u0432\u044b\u0448\u0435 \u0437\u0430\u0434\u0430\u043d\u043d\u043e\u0439, \u0441\u0438\u0441\u0442\u0435\u043c\u0430 \u043e\u0442\u043e\u043f\u043b\u0435\u043d\u0438\u044f \u0432\u044b\u043a\u043b\u044e\u0447\u0430\u0435\u0442\u0441\u044f.<\/p>\n<p>\u041f\u0440\u0438\u043d\u0446\u0438\u043f \u0440\u0430\u0431\u043e\u0442\u044b On-Off \u0447\u0430\u0441\u0442\u043e \u0438\u0441\u043f\u043e\u043b\u044c\u0437\u0443\u0435\u0442\u0441\u044f \u0432 \u043f\u0440\u043e\u0441\u0442\u044b\u0445 \u0441\u0438\u0441\u0442\u0435\u043c\u0430\u0445 \u0443\u043f\u0440\u0430\u0432\u043b\u0435\u043d\u0438\u044f, \u0442\u0430\u043a \u043a\u0430\u043a \u0435\u0433\u043e \u043e\u0442\u043d\u043e\u0441\u0438\u0442\u0435\u043b\u044c\u043d\u043e \u043b\u0435\u0433\u043a\u043e \u0440\u0435\u0430\u043b\u0438\u0437\u043e\u0432\u0430\u0442\u044c \u0438 \u043f\u043e\u043d\u044f\u0442\u044c. \u041e\u0434\u043d\u0430\u043a\u043e \u043e\u043d \u043c\u043e\u0436\u0435\u0442 \u0431\u044b\u0442\u044c \u043c\u0435\u043d\u0435\u0435 \u0447\u0443\u0432\u0441\u0442\u0432\u0438\u0442\u0435\u043b\u044c\u043d\u044b\u043c, \u0447\u0435\u043c \u0434\u0440\u0443\u0433\u0438\u0435 \u043c\u0435\u0442\u043e\u0434\u044b \u0443\u043f\u0440\u0430\u0432\u043b\u0435\u043d\u0438\u044f, \u043f\u043e\u0441\u043a\u043e\u043b\u044c\u043a\u0443 \u043d\u0435 \u0434\u043e\u043f\u0443\u0441\u043a\u0430\u0435\u0442 \u0442\u043e\u0447\u043d\u043e\u0439 \u043d\u0430\u0441\u0442\u0440\u043e\u0439\u043a\u0438 \u0438\u043b\u0438 \u043f\u0440\u043e\u043c\u0435\u0436\u0443\u0442\u043e\u0447\u043d\u044b\u0445 \u0441\u043e\u0441\u0442\u043e\u044f\u043d\u0438\u0439.<\/p>\n<h2><span class=\"ez-toc-section\" id=\"%D0%9E%D0%B1%D1%89%D0%B8%D0%B5_%D1%85%D0%B0%D1%80%D0%B0%D0%BA%D1%82%D0%B5%D1%80%D0%B8%D1%81%D1%82%D0%B8%D0%BA%D0%B8\"><\/span><span style=\"font-size: 22px;\">\u041e\u0431\u0449\u0438\u0435 \u0445\u0430\u0440\u0430\u043a\u0442\u0435\u0440\u0438\u0441\u0442\u0438\u043a\u0438<\/span><span class=\"ez-toc-section-end\"><\/span><\/h2>\n<ul>\n<li><strong>\u041f\u0440\u043e\u0434\u0443\u043a\u0442<\/strong>: 2-\u0445\u043e\u0434\u043e\u0432\u043e\u0439 \u043f\u043d\u0435\u0432\u043c\u0430\u0442\u0438\u0447\u0435\u0441\u043a\u0438\u0439 \u0434\u0432\u0443\u0445\u043f\u043e\u0437\u0438\u0446\u0438\u043e\u043d\u043d\u044b\u0439 \u043a\u043b\u0430\u043f\u0430\u043d \u0433\u043e\u0440\u044f\u0447\u0435\u0433\u043e \u043c\u0430\u0441\u043b\u0430 (\u0441 \u0434\u043e\u0431\u0430\u0432\u043b\u0435\u043d\u0438\u0435\u043c \u043c\u0435\u0442\u0430\u043b\u043b\u0438\u0447\u0435\u0441\u043a\u0438\u0445 \u0441\u0438\u043b\u044c\u0444\u043e\u043d\u043e\u0432)<\/li>\n<li><strong>\u0420\u0430\u0437\u043c\u0435\u0440\u044b<\/strong>: DN15 \/ DN20 \/ DN25 \/ DN32 \/ DN40 \/ DN50 \/ DN65 \/ DN80 \/ DN100<\/li>\n<li><strong>\u041e\u0431\u043b\u0430\u0441\u0442\u044c \u043f\u0440\u0438\u043c\u0435\u043d\u0435\u043d\u0438\u044f<\/strong>: \u043b\u0438\u043d\u0438\u0438 \u043f\u0430\u0440\u0430 \u043f\u043e\u0434 \u0434\u0430\u0432\u043b\u0435\u043d\u0438\u0435\u043c \u0438 \u0433\u043e\u0440\u044f\u0447\u0435\u0433\u043e \u043c\u0430\u0441\u043b\u0430<\/li>\n<li><strong>\u0421\u0442\u0430\u043d\u0434\u0430\u0440\u0442 \u0441\u043e\u0435\u0434\u0438\u043d\u0435\u043d\u0438\u044f:<\/strong> \u0424\u043b\u0430\u043d\u0446\u0435\u0432\u043e\u0435 \u0441\u043e\u0435\u0434\u0438\u043d\u0435\u043d\u0438\u0435 (DIN1092-2)<\/li>\n<li><strong>\u041a\u043b\u0430\u0441\u0441 \u0434\u0430\u0432\u043b\u0435\u043d\u0438\u044f<\/strong>: PN25<\/li>\n<li><strong>\u0411\u0435\u0437\u043e\u043f\u0430\u0441\u043d\u043e\u0435 \u043f\u043e\u043b\u043e\u0436\u0435\u043d\u0438\u0435<\/strong>: \u043d\u043e\u0440\u043c\u0430\u043b\u044c\u043d\u043e \u0437\u0430\u043a\u0440\u044b\u0442\u044b\u0439 &#8212; \u043d\u043e\u0440\u043c\u0430\u043b\u044c\u043d\u043e \u043e\u0442\u043a\u0440\u044b\u0442\u044b\u0439<\/li>\n<li><strong>\u041a\u043b\u0430\u0441\u0441 \u0443\u043f\u043b\u043e\u0442\u043d\u0435\u043d\u0438\u044f<\/strong>: \u041a\u041b\u0410\u0421\u0421 IV \u043c\u0435\u0442\u0430\u043b\u043b \u043a \u043c\u0435\u0442\u0430\u043b\u043b\u0443<\/li>\n<li><strong>\u041c\u0430\u043a\u0441. \u0420\u0430\u0431\u043e\u0447\u0430\u044f \u0422\u0435\u043c\u043f\u0435\u0440\u0430\u0442\u0443\u0440\u0430: <\/strong> 350 \u00b0C<\/li>\n<li><strong>\u0423\u043f\u043b\u043e\u0442\u043d\u0435\u043d\u0438\u0435 \u0433\u043e\u0440\u043b\u043e\u0432\u0438\u043d\u044b<\/strong>: \u0441 \u043c\u0435\u0442\u0430\u043b\u043b\u0438\u0447\u0435\u0441\u043a\u0438\u043c \u0441\u0438\u043b\u044c\u0444\u043e\u043d\u043e\u043c V-Pack<\/li>\n<li><strong>\u0425\u0430\u0440\u0430\u043a\u0442\u0435\u0440\u0438\u0441\u0442\u0438\u043a\u0430<\/strong>: \u0432\u043a\u043b.-\u0432\u044b\u043a\u043b.<\/li>\n<\/ul>\n<h2><span class=\"ez-toc-section\" id=\"%D0%A1%D0%B2%D0%BE%D0%B9%D1%81%D1%82%D0%B2%D0%B0_%D0%BC%D0%B0%D1%82%D0%B5%D1%80%D0%B8%D0%B0%D0%BB%D0%B0\"><\/span><span style=\"font-size: 22px;\">\u0421\u0432\u043e\u0439\u0441\u0442\u0432\u0430 \u043c\u0430\u0442\u0435\u0440\u0438\u0430\u043b\u0430<\/span><span class=\"ez-toc-section-end\"><\/span><\/h2>\n<ul>\n<li><strong>\u041a\u043e\u0440\u043f\u0443\u0441:<\/strong> GGG &#8212; \u043a\u043e\u0432\u043a\u0438\u0439 \u0447\u0443\u0433\u0443\u043d 40.3<\/li>\n<li><strong>\u041f\u043e\u043a\u0440\u044b\u0442\u0438\u0435:<\/strong> GGG &#8212; \u043a\u043e\u0432\u043a\u0438\u0439 \u0447\u0443\u0433\u0443\u043d 40.3<\/li>\n<li><strong>\u0428\u0435\u0439\u043d\u044b\u0439 \u0441\u043e\u0435\u0434\u0438\u043d\u0438\u0442\u0435\u043b\u044c:<\/strong> ST44-3 (S275J0)<\/li>\n<li><strong>\u0421\u0435\u0434\u043b\u043e:<\/strong> \u043d\u0435\u0440\u0436\u0430\u0432\u0435\u044e\u0449\u0430\u044f \u0441\u0442\u0430\u043b\u044c 1.4571 (AISI316)<\/li>\n<\/ul>\n<p><strong>\u0410\u043a\u0441\u0435\u0441\u0441\u0443\u0430\u0440\u044b<\/strong><\/p>\n<p><em>\u041f\u043e\u043f\u0440\u043e\u0441\u0438\u0442\u0435 \u0434\u043e\u0431\u0430\u0432\u0438\u0442\u044c \u0431\u043b\u043e\u043a \u043a\u043e\u043d\u0446\u0435\u0432\u044b\u0445 \u0432\u044b\u043a\u043b\u044e\u0447\u0430\u0442\u0435\u043b\u0435\u0439.<\/em><\/p>\n<p><em>\u041f\u043e\u043f\u0440\u043e\u0441\u0438\u0442\u0435 \u0440\u0443\u0447\u043d\u043e\u0435 \u0443\u043f\u0440\u0430\u0432\u043b\u0435\u043d\u0438\u0435.<\/em><\/p>\n<p><em>DN100, DN125, DN150 \u041c\u0430\u0442\u0435\u0440\u0438\u0430\u043b \u043a\u043e\u0440\u043f\u0443\u0441\u0430 \u2013 \u0447\u0443\u0433\u0443\u043d PN16.<\/em><\/p>\n<p><em>\u041f\u043e\u0436\u0430\u043b\u0443\u0439\u0441\u0442\u0430, \u0437\u0430\u043f\u0440\u043e\u0441\u0438\u0442\u0435 \u0440\u0430\u0437\u043b\u0438\u0447\u043d\u044b\u0435 \u043c\u0430\u0442\u0435\u0440\u0438\u0430\u043b\u044b \u043a\u043e\u0440\u043f\u0443\u0441\u0430.<\/em><\/p>\n","protected":false},"excerpt":{"rendered":"<p><a href=\"https:\/\/unox.com.tr\/wp-content\/uploads\/2023\/01\/2-Yollu-Pnomatik-On-Off-Kizgin-Yag-Vanasi-33612.pdf\" target=\"_blank\" rel=\"noopener\"><button style=\"background-color: #11224b; color: #ffffff; padding: 10px 15px; font-family: montserrat; font-weight: bold; font-size: 19px; border-radius: 10px;\"><img decoding=\"async\" style=\"width: 25px; height: 25px;\" src=\"https:\/\/unox.com.tr\/wp-content\/uploads\/2023\/02\/pdf-1.png\">\u041a\u0410\u0422\u0410\u041b\u041e\u0413 \u041f\u0420\u041e\u0414\u0423\u041a\u0426\u0418\u0418<\/button><\/a><\/p>\n<p><button style=\"background-color: #11224b; margin-top: 5px; color: white; padding: 0px 15px; width: 150px; height: 55px; border-radius: 10px; border: none; cursor: pointer;\"><br \/>\n<img decoding=\"async\" style=\"width: 120px; height: 30px;\" src=\"https:\/\/unox.com.tr\/wp-content\/uploads\/2023\/02\/4-1.svg\"><\/button><\/p>\n","protected":false},"featured_media":33958,"comment_status":"open","ping_status":"closed","template":"","meta":{"_joinchat":[]},"product_brand":[],"product_cat":[1659,1094,1091],"product_tag":[],"class_list":{"0":"post-52281","1":"product","2":"type-product","3":"status-publish","4":"has-post-thumbnail","6":"product_cat-1659","7":"product_cat-1094","8":"product_cat-1091","10":"first","11":"instock","12":"shipping-taxable","13":"product-type-simple"},"_links":{"self":[{"href":"https:\/\/unox.com.tr\/ru\/wp-json\/wp\/v2\/product\/52281","targetHints":{"allow":["GET"]}}],"collection":[{"href":"https:\/\/unox.com.tr\/ru\/wp-json\/wp\/v2\/product"}],"about":[{"href":"https:\/\/unox.com.tr\/ru\/wp-json\/wp\/v2\/types\/product"}],"replies":[{"embeddable":true,"href":"https:\/\/unox.com.tr\/ru\/wp-json\/wp\/v2\/comments?post=52281"}],"version-history":[{"count":0,"href":"https:\/\/unox.com.tr\/ru\/wp-json\/wp\/v2\/product\/52281\/revisions"}],"wp:featuredmedia":[{"embeddable":true,"href":"https:\/\/unox.com.tr\/ru\/wp-json\/wp\/v2\/media\/33958"}],"wp:attachment":[{"href":"https:\/\/unox.com.tr\/ru\/wp-json\/wp\/v2\/media?parent=52281"}],"wp:term":[{"taxonomy":"product_brand","embeddable":true,"href":"https:\/\/unox.com.tr\/ru\/wp-json\/wp\/v2\/product_brand?post=52281"},{"taxonomy":"product_cat","embeddable":true,"href":"https:\/\/unox.com.tr\/ru\/wp-json\/wp\/v2\/product_cat?post=52281"},{"taxonomy":"product_tag","embeddable":true,"href":"https:\/\/unox.com.tr\/ru\/wp-json\/wp\/v2\/product_tag?post=52281"}],"curies":[{"name":"wp","href":"https:\/\/api.w.org\/{rel}","templated":true}]}}