{"id":54337,"date":"2023-03-14T16:29:48","date_gmt":"2023-03-14T13:29:48","guid":{"rendered":"https:\/\/unox.com.tr\/urun\/%d1%81%d0%b2%d0%b0%d1%80%d0%bd%d0%be%d0%b9-%d0%ba%d0%be%d0%bc%d0%bf%d0%b5%d0%bd%d1%81%d0%b0%d1%82%d0%be%d1%80-%d0%b3%d0%be%d1%80%d0%bb%d0%be%d0%b2%d0%b8%d0%bd%d1%8b-%d1%81-%d0%b2%d0%bd%d0%b5%d1%88\/"},"modified":"2023-03-14T16:29:48","modified_gmt":"2023-03-14T13:29:48","slug":"%d1%81%d0%b2%d0%b0%d1%80%d0%bd%d0%be%d0%b9-%d0%ba%d0%be%d0%bc%d0%bf%d0%b5%d0%bd%d1%81%d0%b0%d1%82%d0%be%d1%80-%d0%b3%d0%be%d1%80%d0%bb%d0%be%d0%b2%d0%b8%d0%bd%d1%8b-%d1%81-%d0%b2%d0%bd%d0%b5%d1%88","status":"publish","type":"product","link":"https:\/\/unox.com.tr\/ru\/%d1%81%d0%b2%d0%b0%d1%80%d0%bd%d0%be%d0%b9-%d0%ba%d0%be%d0%bc%d0%bf%d0%b5%d0%bd%d1%81%d0%b0%d1%82%d0%be%d1%80-%d0%b3%d0%be%d1%80%d0%bb%d0%be%d0%b2%d0%b8%d0%bd%d1%8b-%d1%81-%d0%b2%d0%bd%d0%b5%d1%88\/","title":{"rendered":"\u0421\u0432\u0430\u0440\u043d\u043e\u0439 \u043a\u043e\u043c\u043f\u0435\u043d\u0441\u0430\u0442\u043e\u0440 \u0433\u043e\u0440\u043b\u043e\u0432\u0438\u043d\u044b \u0441 \u0432\u043d\u0435\u0448\u043d\u0438\u043c \u0434\u0430\u0432\u043b\u0435\u043d\u0438\u0435\u043c"},"content":{"rendered":"<div id=\"ez-toc-container\" class=\"ez-toc-v2_0_82_2 counter-hierarchy ez-toc-counter ez-toc-grey ez-toc-container-direction\">\n<div class=\"ez-toc-title-container\">\n<p class=\"ez-toc-title\" style=\"cursor:inherit\">Sayfa \u0130\u00e7eri\u011fi<\/p>\n<span class=\"ez-toc-title-toggle\"><a href=\"#\" class=\"ez-toc-pull-right ez-toc-btn ez-toc-btn-xs ez-toc-btn-default ez-toc-toggle\" aria-label=\"Toggle Table of Content\"><span class=\"ez-toc-js-icon-con\"><span class=\"\"><span class=\"eztoc-hide\" style=\"display:none;\">Toggle<\/span><span class=\"ez-toc-icon-toggle-span\"><svg style=\"fill: #999;color:#999\" xmlns=\"http:\/\/www.w3.org\/2000\/svg\" class=\"list-377408\" width=\"20px\" height=\"20px\" viewBox=\"0 0 24 24\" fill=\"none\"><path d=\"M6 6H4v2h2V6zm14 0H8v2h12V6zM4 11h2v2H4v-2zm16 0H8v2h12v-2zM4 16h2v2H4v-2zm16 0H8v2h12v-2z\" fill=\"currentColor\"><\/path><\/svg><svg style=\"fill: #999;color:#999\" class=\"arrow-unsorted-368013\" xmlns=\"http:\/\/www.w3.org\/2000\/svg\" width=\"10px\" height=\"10px\" viewBox=\"0 0 24 24\" version=\"1.2\" baseProfile=\"tiny\"><path d=\"M18.2 9.3l-6.2-6.3-6.2 6.3c-.2.2-.3.4-.3.7s.1.5.3.7c.2.2.4.3.7.3h11c.3 0 .5-.1.7-.3.2-.2.3-.5.3-.7s-.1-.5-.3-.7zM5.8 14.7l6.2 6.3 6.2-6.3c.2-.2.3-.5.3-.7s-.1-.5-.3-.7c-.2-.2-.4-.3-.7-.3h-11c-.3 0-.5.1-.7.3-.2.2-.3.5-.3.7s.1.5.3.7z\"\/><\/svg><\/span><\/span><\/span><\/a><\/span><\/div>\n<nav><ul class='ez-toc-list ez-toc-list-level-1 ' ><li class='ez-toc-page-1 ez-toc-heading-level-2'><a class=\"ez-toc-link ez-toc-heading-1\" href=\"https:\/\/unox.com.tr\/ru\/%d1%81%d0%b2%d0%b0%d1%80%d0%bd%d0%be%d0%b9-%d0%ba%d0%be%d0%bc%d0%bf%d0%b5%d0%bd%d1%81%d0%b0%d1%82%d0%be%d1%80-%d0%b3%d0%be%d1%80%d0%bb%d0%be%d0%b2%d0%b8%d0%bd%d1%8b-%d1%81-%d0%b2%d0%bd%d0%b5%d1%88\/#%D0%A1%D0%B2%D0%B0%D1%80%D0%BD%D0%BE%D0%B9_%D0%BA%D0%BE%D0%BC%D0%BF%D0%B5%D0%BD%D1%81%D0%B0%D1%82%D0%BE%D1%80_%D0%B3%D0%BE%D1%80%D0%BB%D0%BE%D0%B2%D0%B8%D0%BD%D1%8B_%D1%81_%D0%B2%D0%BD%D0%B5%D1%88%D0%BD%D0%B8%D0%BC_%D0%B4%D0%B0%D0%B2%D0%BB%D0%B5%D0%BD%D0%B8%D0%B5%D0%BC\" >\u0421\u0432\u0430\u0440\u043d\u043e\u0439 \u043a\u043e\u043c\u043f\u0435\u043d\u0441\u0430\u0442\u043e\u0440 \u0433\u043e\u0440\u043b\u043e\u0432\u0438\u043d\u044b \u0441 \u0432\u043d\u0435\u0448\u043d\u0438\u043c \u0434\u0430\u0432\u043b\u0435\u043d\u0438\u0435\u043c<\/a><\/li><li class='ez-toc-page-1 ez-toc-heading-level-2'><a class=\"ez-toc-link ez-toc-heading-2\" href=\"https:\/\/unox.com.tr\/ru\/%d1%81%d0%b2%d0%b0%d1%80%d0%bd%d0%be%d0%b9-%d0%ba%d0%be%d0%bc%d0%bf%d0%b5%d0%bd%d1%81%d0%b0%d1%82%d0%be%d1%80-%d0%b3%d0%be%d1%80%d0%bb%d0%be%d0%b2%d0%b8%d0%bd%d1%8b-%d1%81-%d0%b2%d0%bd%d0%b5%d1%88\/#%D0%9E%D1%81%D0%BE%D0%B1%D0%B5%D0%BD%D0%BD%D0%BE%D1%81%D1%82%D0%B8_%D0%BF%D1%80%D0%BE%D0%B4%D1%83%D0%BA%D1%82%D0%B0\" >\u041e\u0441\u043e\u0431\u0435\u043d\u043d\u043e\u0441\u0442\u0438 \u043f\u0440\u043e\u0434\u0443\u043a\u0442\u0430<\/a><\/li><\/ul><\/nav><\/div>\n<h2><span class=\"ez-toc-section\" id=\"%D0%A1%D0%B2%D0%B0%D1%80%D0%BD%D0%BE%D0%B9_%D0%BA%D0%BE%D0%BC%D0%BF%D0%B5%D0%BD%D1%81%D0%B0%D1%82%D0%BE%D1%80_%D0%B3%D0%BE%D1%80%D0%BB%D0%BE%D0%B2%D0%B8%D0%BD%D1%8B_%D1%81_%D0%B2%D0%BD%D0%B5%D1%88%D0%BD%D0%B8%D0%BC_%D0%B4%D0%B0%D0%B2%D0%BB%D0%B5%D0%BD%D0%B8%D0%B5%D0%BC\"><\/span>\u0421\u0432\u0430\u0440\u043d\u043e\u0439 \u043a\u043e\u043c\u043f\u0435\u043d\u0441\u0430\u0442\u043e\u0440 \u0433\u043e\u0440\u043b\u043e\u0432\u0438\u043d\u044b \u0441 \u0432\u043d\u0435\u0448\u043d\u0438\u043c \u0434\u0430\u0432\u043b\u0435\u043d\u0438\u0435\u043c<span class=\"ez-toc-section-end\"><\/span><\/h2>\n<h2><span class=\"ez-toc-section\" id=\"%D0%9E%D1%81%D0%BE%D0%B1%D0%B5%D0%BD%D0%BD%D0%BE%D1%81%D1%82%D0%B8_%D0%BF%D1%80%D0%BE%D0%B4%D1%83%D0%BA%D1%82%D0%B0\"><\/span>\u041e\u0441\u043e\u0431\u0435\u043d\u043d\u043e\u0441\u0442\u0438 \u043f\u0440\u043e\u0434\u0443\u043a\u0442\u0430<span class=\"ez-toc-section-end\"><\/span><\/h2>\n<ul>\n<li><strong>\u041c\u0430\u0442\u0435\u0440\u0438\u0430\u043b<\/strong>: \u043d\u0435\u0440\u0436\u0430\u0432\u0435\u044e\u0449\u0430\u044f \u0441\u0442\u0430\u043b\u044c<\/li>\n<li><strong>\u0420\u0430\u0431\u043e\u0447\u0430\u044f \u0442\u0435\u043c\u043f\u0435\u0440\u0430\u0442\u0443\u0440\u0430:<\/strong> -196 \/ +600 \u00b0C<\/li>\n<li><strong>\u0421\u043e\u0435\u0434\u0438\u043d\u0435\u043d\u0438\u0435:<\/strong> \u0428\u0435\u044f \u0441\u0432\u0430\u0440\u043a\u0438<\/li>\n<li><strong>\u041a\u043b\u0430\u0441\u0441 \u0434\u0430\u0432\u043b\u0435\u043d\u0438\u044f<\/strong>: PN16<\/li>\n<\/ul>\n","protected":false},"excerpt":{"rendered":"<p><button style=\"background-color: #11224b; color: #ffffff; padding: 10px 15px; font-family: montserrat; font-weight: bold; font-size: 19px; border-radius: 10px;\"><img decoding=\"async\" style=\"width: 25px; height: 25px;\" src=\"https:\/\/unox.com.tr\/wp-content\/uploads\/2023\/02\/pdf-1.png\">\u041a\u0410\u0422\u0410\u041b\u041e\u0413 \u041f\u0420\u041e\u0414\u0423\u041a\u0426\u0418\u0418<\/button><\/p>\n<p><button style=\"background-color: #11224b; margin-top: 5px; color: white; padding: 0px 15px; width: 150px; height: 55px; border-radius: 10px; border: none; cursor: default;\"><br \/>\n<img decoding=\"async\" style=\"width: 120px; height: 30px;\" src=\"https:\/\/unox.com.tr\/wp-content\/uploads\/2023\/02\/4-1.svg\"><\/button><\/p>\n","protected":false},"featured_media":53632,"comment_status":"open","ping_status":"closed","template":"","meta":{"_joinchat":[]},"product_brand":[],"product_cat":[1033,1044],"product_tag":[],"class_list":{"0":"post-54337","1":"product","2":"type-product","3":"status-publish","4":"has-post-thumbnail","6":"product_cat-1033","7":"product_cat-1044","9":"first","10":"instock","11":"shipping-taxable","12":"product-type-simple"},"_links":{"self":[{"href":"https:\/\/unox.com.tr\/ru\/wp-json\/wp\/v2\/product\/54337","targetHints":{"allow":["GET"]}}],"collection":[{"href":"https:\/\/unox.com.tr\/ru\/wp-json\/wp\/v2\/product"}],"about":[{"href":"https:\/\/unox.com.tr\/ru\/wp-json\/wp\/v2\/types\/product"}],"replies":[{"embeddable":true,"href":"https:\/\/unox.com.tr\/ru\/wp-json\/wp\/v2\/comments?post=54337"}],"version-history":[{"count":0,"href":"https:\/\/unox.com.tr\/ru\/wp-json\/wp\/v2\/product\/54337\/revisions"}],"wp:featuredmedia":[{"embeddable":true,"href":"https:\/\/unox.com.tr\/ru\/wp-json\/wp\/v2\/media\/53632"}],"wp:attachment":[{"href":"https:\/\/unox.com.tr\/ru\/wp-json\/wp\/v2\/media?parent=54337"}],"wp:term":[{"taxonomy":"product_brand","embeddable":true,"href":"https:\/\/unox.com.tr\/ru\/wp-json\/wp\/v2\/product_brand?post=54337"},{"taxonomy":"product_cat","embeddable":true,"href":"https:\/\/unox.com.tr\/ru\/wp-json\/wp\/v2\/product_cat?post=54337"},{"taxonomy":"product_tag","embeddable":true,"href":"https:\/\/unox.com.tr\/ru\/wp-json\/wp\/v2\/product_tag?post=54337"}],"curies":[{"name":"wp","href":"https:\/\/api.w.org\/{rel}","templated":true}]}}