{"id":59504,"date":"2024-02-26T13:01:16","date_gmt":"2024-02-26T10:01:16","guid":{"rendered":"https:\/\/unox.com.tr\/?post_type=product&#038;p=59504"},"modified":"2025-05-14T10:01:11","modified_gmt":"2025-05-14T07:01:11","slug":"elektrikli-sicaklik-pid-kontrol-sistemi","status":"publish","type":"product","link":"https:\/\/unox.com.tr\/ru\/elektrikli-sicaklik-pid-kontrol-sistemi\/","title":{"rendered":"Elektrikli S\u0131cakl\u0131k PID Kontrol Sistemi"},"content":{"rendered":"<div id=\"ez-toc-container\" class=\"ez-toc-v2_0_82_2 counter-hierarchy ez-toc-counter ez-toc-grey ez-toc-container-direction\">\n<div class=\"ez-toc-title-container\">\n<p class=\"ez-toc-title\" style=\"cursor:inherit\">Sayfa \u0130\u00e7eri\u011fi<\/p>\n<span class=\"ez-toc-title-toggle\"><a href=\"#\" class=\"ez-toc-pull-right ez-toc-btn ez-toc-btn-xs ez-toc-btn-default ez-toc-toggle\" aria-label=\"Toggle Table of Content\"><span class=\"ez-toc-js-icon-con\"><span class=\"\"><span class=\"eztoc-hide\" style=\"display:none;\">Toggle<\/span><span class=\"ez-toc-icon-toggle-span\"><svg style=\"fill: #999;color:#999\" xmlns=\"http:\/\/www.w3.org\/2000\/svg\" class=\"list-377408\" width=\"20px\" height=\"20px\" viewBox=\"0 0 24 24\" fill=\"none\"><path d=\"M6 6H4v2h2V6zm14 0H8v2h12V6zM4 11h2v2H4v-2zm16 0H8v2h12v-2zM4 16h2v2H4v-2zm16 0H8v2h12v-2z\" fill=\"currentColor\"><\/path><\/svg><svg style=\"fill: #999;color:#999\" class=\"arrow-unsorted-368013\" xmlns=\"http:\/\/www.w3.org\/2000\/svg\" width=\"10px\" height=\"10px\" viewBox=\"0 0 24 24\" version=\"1.2\" baseProfile=\"tiny\"><path d=\"M18.2 9.3l-6.2-6.3-6.2 6.3c-.2.2-.3.4-.3.7s.1.5.3.7c.2.2.4.3.7.3h11c.3 0 .5-.1.7-.3.2-.2.3-.5.3-.7s-.1-.5-.3-.7zM5.8 14.7l6.2 6.3 6.2-6.3c.2-.2.3-.5.3-.7s-.1-.5-.3-.7c-.2-.2-.4-.3-.7-.3h-11c-.3 0-.5.1-.7.3-.2.2-.3.5-.3.7s.1.5.3.7z\"\/><\/svg><\/span><\/span><\/span><\/a><\/span><\/div>\n<nav><ul class='ez-toc-list ez-toc-list-level-1 ' ><li class='ez-toc-page-1 ez-toc-heading-level-2'><a class=\"ez-toc-link ez-toc-heading-1\" href=\"https:\/\/unox.com.tr\/ru\/elektrikli-sicaklik-pid-kontrol-sistemi\/#Elektrikli_Sicaklik_PID_Kontrol_Sistemi_Nedir\" >Elektrikli S\u0131cakl\u0131k PID Kontrol Sistemi Nedir?<\/a><ul class='ez-toc-list-level-3' ><li class='ez-toc-heading-level-3'><a class=\"ez-toc-link ez-toc-heading-2\" href=\"https:\/\/unox.com.tr\/ru\/elektrikli-sicaklik-pid-kontrol-sistemi\/#PID_Kontrol_Sistemi_Nasil_Calisir\" >PID Kontrol Sistemi Nas\u0131l \u00c7al\u0131\u015f\u0131r?<\/a><\/li><li class='ez-toc-page-1 ez-toc-heading-level-3'><a class=\"ez-toc-link ez-toc-heading-3\" href=\"https:\/\/unox.com.tr\/ru\/elektrikli-sicaklik-pid-kontrol-sistemi\/#Kontrol_Vanasi_ile_Sicaklik_Duzenleme\" >Kontrol Vanas\u0131 ile S\u0131cakl\u0131k D\u00fczenleme<\/a><\/li><li class='ez-toc-page-1 ez-toc-heading-level-3'><a class=\"ez-toc-link ez-toc-heading-4\" href=\"https:\/\/unox.com.tr\/ru\/elektrikli-sicaklik-pid-kontrol-sistemi\/#Sicaklik_Kontrolunde_Guvenli_Otomasyon\" >S\u0131cakl\u0131k Kontrol\u00fcnde G\u00fcvenli Otomasyon<\/a><\/li><\/ul><\/li><\/ul><\/nav><\/div>\n<h2><span class=\"ez-toc-section\" id=\"Elektrikli_Sicaklik_PID_Kontrol_Sistemi_Nedir\"><\/span>Elektrikli S\u0131cakl\u0131k PID Kontrol Sistemi Nedir?<span class=\"ez-toc-section-end\"><\/span><\/h2>\n<p data-start=\"287\" data-end=\"1029\">Elektrikli s\u0131cakl\u0131k PID kontrol sistemi nedir? Bu sistem end\u00fcstriyel \u0131s\u0131 y\u00f6netiminde kritik rol oynar. Boru hatt\u0131 \u00fczerinden s\u0131cakl\u0131k kontrol\u00fc sa\u011flamak i\u00e7in dijital \u00e7\u0131k\u0131\u015f verebilen bir \u00f6l\u00e7\u00fcm cihaz\u0131 kullan\u0131l\u0131r. Bu cihaz genellikle PT100 gibi hassas sens\u00f6rlerden olu\u015fur. \u00d6l\u00e7\u00fcm cihaz\u0131, s\u0131cakl\u0131k de\u011ferini ger\u00e7ek zamanl\u0131 olarak dijital bi\u00e7imde kontrol cihaz\u0131na iletir. Bu kontrol cihaz\u0131, gelen veriyi anl\u0131k olarak i\u015fler. Ard\u0131ndan sistemde yer alan kontrol vanas\u0131na bir sinyal g\u00f6nderir.<\/p>\n<h3 data-start=\"1031\" data-end=\"1069\"><span class=\"ez-toc-section\" id=\"PID_Kontrol_Sistemi_Nasil_Calisir\"><\/span>PID Kontrol Sistemi Nas\u0131l \u00c7al\u0131\u015f\u0131r?<span class=\"ez-toc-section-end\"><\/span><\/h3>\n<p data-start=\"1071\" data-end=\"1657\">Bu sistem, \u00fcretim hatlar\u0131nda s\u0131cakl\u0131k de\u011fi\u015fimlerini an\u0131nda kontrol etme yetene\u011fi sa\u011flar. Bu nedenle enerji tasarrufu sa\u011flamakla kalmaz, \u00fcr\u00fcn kalitesini de art\u0131r\u0131r. Ayr\u0131ca otomasyonla entegre \u00e7al\u0131\u015fabilme \u00f6zelli\u011fi sayesinde insan m\u00fcdahalesine olan ihtiyac\u0131 azalt\u0131r. Bu t\u00fcr sistemler hakk\u0131nda detayl\u0131 bilgiye <a class=\"\" href=\"https:\/\/unox.com.tr\/\" target=\"_new\" rel=\"noopener\" data-start=\"1377\" data-end=\"1397\">unox<\/a> adresinden ula\u015fabilirsiniz. \u00d6zellikle proses m\u00fchendisli\u011fi gerektiren uygulamalarda bu tip \u00e7\u00f6z\u00fcmler \u00f6n plana \u00e7\u0131kar. \u00c7\u00fcnk\u00fc s\u0131cakl\u0131k dengesizlikleri, \u00fcretim verimlili\u011fini ciddi \u015fekilde etkiler. Ama PID kontrol teknolojisiyle bu sorunlar b\u00fcy\u00fck \u00f6l\u00e7\u00fcde \u00f6nlenebilir.<\/p>\n<h3 data-start=\"1659\" data-end=\"1700\"><span class=\"ez-toc-section\" id=\"Kontrol_Vanasi_ile_Sicaklik_Duzenleme\"><\/span>Kontrol Vanas\u0131 ile S\u0131cakl\u0131k D\u00fczenleme<span class=\"ez-toc-section-end\"><\/span><\/h3>\n<p data-start=\"1702\" data-end=\"2364\">PID sistemlerinde do\u011fru sinyal iletimi olduk\u00e7a \u00f6nemlidir. Aksi takdirde vana yanl\u0131\u015f konumda \u00e7al\u0131\u015fabilir. Bu nedenle hem sens\u00f6r kalitesi hem de kablolama dikkatle se\u00e7ilmelidir. Uygun sistem kurulumlar\u0131 ve \u00f6rnek uygulamalar i\u00e7in <a class=\"\" href=\"https:\/\/www.unoxonline.com.tr\/\" target=\"_new\" rel=\"noopener nofollow\" data-start=\"1929\" data-end=\"1959\">unoxonline<\/a> ba\u011flant\u0131s\u0131ndan faydalanabilirsiniz. Unox teknik ekibi bu konuda kapsaml\u0131 destek sunmaktad\u0131r. Dan\u0131\u015fmanl\u0131k ve teknik servis hizmeti almak i\u00e7in <a class=\"\" href=\"https:\/\/unox.com.tr\/iletisim\/\" target=\"_new\" rel=\"noopener\" data-start=\"2172\" data-end=\"2201\">unox<\/a>\u00a0sayfas\u0131n\u0131 ziyaret edebilirsiniz. Ayn\u0131 \u015fekilde \u00fcr\u00fcn tedarik ve destek talepleriniz i\u00e7in <a class=\"\" href=\"https:\/\/www.unoxonline.com.tr\/iletisim\/\" target=\"_new\" rel=\"noopener nofollow\" data-start=\"2289\" data-end=\"2328\">unoxonline<\/a>\u00a0\u00fczerinden ileti\u015fime ge\u00e7ebilirsiniz.<\/p>\n<h3 data-start=\"2366\" data-end=\"2408\"><span class=\"ez-toc-section\" id=\"Sicaklik_Kontrolunde_Guvenli_Otomasyon\"><\/span>S\u0131cakl\u0131k Kontrol\u00fcnde G\u00fcvenli Otomasyon<span class=\"ez-toc-section-end\"><\/span><\/h3>\n<p data-start=\"2410\" data-end=\"2888\">PID kontrol sistemleri, otomasyon alan\u0131nda g\u00fcvenilirlikleriyle tan\u0131n\u0131r. \u00c7\u00fcnk\u00fc bu sistemler s\u0131cakl\u0131\u011f\u0131 sadece \u00f6l\u00e7mekle kalmaz, ayn\u0131 zamanda aktif olarak y\u00f6netir. Kullan\u0131ld\u0131\u011f\u0131 her ortamda sabit s\u0131cakl\u0131k profili olu\u015fturur. B\u00f6ylece proses s\u00fcreklili\u011fi sa\u011flan\u0131r. Ayr\u0131ca operat\u00f6r y\u00fck\u00fc \u00f6nemli \u00f6l\u00e7\u00fcde azal\u0131r. Bu da insan kaynakl\u0131 hatalar\u0131 minimuma indirir. Elektrikli s\u0131cakl\u0131k PID kontrol sistemleri hakk\u0131nda teknik d\u00f6k\u00fcmanlara ve \u00f6rnek projelere Unox kurumsal sitesinden ula\u015fabilirsiniz.<\/p>\n","protected":false},"excerpt":{"rendered":"<p><button style=\"background-color: #11224b; color: #ffffff; padding: 10px 15px; font-family: montserrat; font-weight: bold; font-size: 19px; border-radius: 10px;\"><img decoding=\"async\" style=\"width: 25px; height: 25px;\" src=\"https:\/\/unox.com.tr\/wp-content\/uploads\/2023\/02\/pdf-1.png\" \/>\u00dcR\u00dcN KATALO\u011eU<\/button><\/p>\n<p><button style=\"background-color: #11224b; margin-top: 5px; color: white; padding: 0px 15px; width: 150px; height: 55px; border-radius: 10px; border: none; cursor: pointer;\"><br \/>\n<img decoding=\"async\" style=\"width: 120px; height: 30px;\" src=\"https:\/\/unox.com.tr\/wp-content\/uploads\/2023\/02\/4-1.svg\" \/><\/button><\/p>\n","protected":false},"featured_media":59505,"comment_status":"open","ping_status":"closed","template":"","meta":[],"product_brand":[],"product_cat":[1616,1615,22],"product_tag":[],"class_list":{"0":"post-59504","1":"product","2":"type-product","3":"status-publish","4":"has-post-thumbnail","6":"product_cat-sicaklik-pid-kontrol-sistemleri","7":"product_cat-kontrol-sistemleri","8":"product_cat-kontrol-vanasi","10":"first","11":"instock","12":"shipping-taxable","13":"product-type-simple"},"_links":{"self":[{"href":"https:\/\/unox.com.tr\/ru\/wp-json\/wp\/v2\/product\/59504","targetHints":{"allow":["GET"]}}],"collection":[{"href":"https:\/\/unox.com.tr\/ru\/wp-json\/wp\/v2\/product"}],"about":[{"href":"https:\/\/unox.com.tr\/ru\/wp-json\/wp\/v2\/types\/product"}],"replies":[{"embeddable":true,"href":"https:\/\/unox.com.tr\/ru\/wp-json\/wp\/v2\/comments?post=59504"}],"version-history":[{"count":2,"href":"https:\/\/unox.com.tr\/ru\/wp-json\/wp\/v2\/product\/59504\/revisions"}],"predecessor-version":[{"id":65049,"href":"https:\/\/unox.com.tr\/ru\/wp-json\/wp\/v2\/product\/59504\/revisions\/65049"}],"wp:featuredmedia":[{"embeddable":true,"href":"https:\/\/unox.com.tr\/ru\/wp-json\/wp\/v2\/media\/59505"}],"wp:attachment":[{"href":"https:\/\/unox.com.tr\/ru\/wp-json\/wp\/v2\/media?parent=59504"}],"wp:term":[{"taxonomy":"product_brand","embeddable":true,"href":"https:\/\/unox.com.tr\/ru\/wp-json\/wp\/v2\/product_brand?post=59504"},{"taxonomy":"product_cat","embeddable":true,"href":"https:\/\/unox.com.tr\/ru\/wp-json\/wp\/v2\/product_cat?post=59504"},{"taxonomy":"product_tag","embeddable":true,"href":"https:\/\/unox.com.tr\/ru\/wp-json\/wp\/v2\/product_tag?post=59504"}],"curies":[{"name":"wp","href":"https:\/\/api.w.org\/{rel}","templated":true}]}}