{"id":61954,"date":"2024-09-02T13:41:56","date_gmt":"2024-09-02T10:41:56","guid":{"rendered":"https:\/\/unox.com.tr\/?post_type=product&#038;p=61954"},"modified":"2025-12-30T11:39:02","modified_gmt":"2025-12-30T08:39:02","slug":"smart-pozisyoner","status":"publish","type":"product","link":"https:\/\/unox.com.tr\/ru\/smart-pozisyoner\/","title":{"rendered":"Smart Pozisyoner"},"content":{"rendered":"<p class=\"p1\">Smart Pozisyoner, kontrol vanalar\u0131n\u0131n konumunu dijital sinyallerle y\u00fcksek hassasiyetle y\u00f6neten geli\u015fmi\u015f bir cihazd\u0131r. Bu sistemler, \u00f6zellikle proses otomasyonunda ak\u0131\u015fkan y\u00f6netimini optimize ederek \u00fcretim verimlili\u011fini art\u0131r\u0131r. <a href=\"https:\/\/unox.com.tr\/\">Unox<\/a> markas\u0131, smart pozisyoner teknolojisini farkl\u0131 vana ve akt\u00fcat\u00f6r sistemlerine entegre ederek kullan\u0131c\u0131lar\u0131na g\u00fc\u00e7l\u00fc \u00e7\u00f6z\u00fcmler sunar. Ancak her sistemin yap\u0131s\u0131 farkl\u0131 oldu\u011fu i\u00e7in uygun \u00fcr\u00fcn e\u015fle\u015fmesi olduk\u00e7a \u00f6nemlidir. <a href=\"https:\/\/unox.com.tr\/ru\/?attachment_id=40804\">Unox Elektrik Akt\u00fcat\u00f6rl\u00fc Flan\u015fl\u0131 K\u00fcresel Vana<\/a> gibi \u00fcr\u00fcnlerle birlikte kararl\u0131 kontrol mekanizmalar\u0131 elde edilebilir.<\/p>\n<div id=\"ez-toc-container\" class=\"ez-toc-v2_0_82_2 counter-hierarchy ez-toc-counter ez-toc-grey ez-toc-container-direction\">\n<div class=\"ez-toc-title-container\">\n<p class=\"ez-toc-title\" style=\"cursor:inherit\">Sayfa \u0130\u00e7eri\u011fi<\/p>\n<span class=\"ez-toc-title-toggle\"><a href=\"#\" class=\"ez-toc-pull-right ez-toc-btn ez-toc-btn-xs ez-toc-btn-default ez-toc-toggle\" aria-label=\"Toggle Table of Content\"><span class=\"ez-toc-js-icon-con\"><span class=\"\"><span class=\"eztoc-hide\" style=\"display:none;\">Toggle<\/span><span class=\"ez-toc-icon-toggle-span\"><svg style=\"fill: #999;color:#999\" xmlns=\"http:\/\/www.w3.org\/2000\/svg\" class=\"list-377408\" width=\"20px\" height=\"20px\" viewBox=\"0 0 24 24\" fill=\"none\"><path d=\"M6 6H4v2h2V6zm14 0H8v2h12V6zM4 11h2v2H4v-2zm16 0H8v2h12v-2zM4 16h2v2H4v-2zm16 0H8v2h12v-2z\" fill=\"currentColor\"><\/path><\/svg><svg style=\"fill: #999;color:#999\" class=\"arrow-unsorted-368013\" xmlns=\"http:\/\/www.w3.org\/2000\/svg\" width=\"10px\" height=\"10px\" viewBox=\"0 0 24 24\" version=\"1.2\" baseProfile=\"tiny\"><path d=\"M18.2 9.3l-6.2-6.3-6.2 6.3c-.2.2-.3.4-.3.7s.1.5.3.7c.2.2.4.3.7.3h11c.3 0 .5-.1.7-.3.2-.2.3-.5.3-.7s-.1-.5-.3-.7zM5.8 14.7l6.2 6.3 6.2-6.3c.2-.2.3-.5.3-.7s-.1-.5-.3-.7c-.2-.2-.4-.3-.7-.3h-11c-.3 0-.5.1-.7.3-.2.2-.3.5-.3.7s.1.5.3.7z\"\/><\/svg><\/span><\/span><\/span><\/a><\/span><\/div>\n<nav><ul class='ez-toc-list ez-toc-list-level-1 ' ><li class='ez-toc-page-1 ez-toc-heading-level-3'><a class=\"ez-toc-link ez-toc-heading-1\" href=\"https:\/\/unox.com.tr\/ru\/smart-pozisyoner\/#Dijital_Kontrol_ve_Otomasyon_Uyumu\" >Dijital Kontrol ve Otomasyon Uyumu<\/a><\/li><li class='ez-toc-page-1 ez-toc-heading-level-3'><a class=\"ez-toc-link ez-toc-heading-2\" href=\"https:\/\/unox.com.tr\/ru\/smart-pozisyoner\/#Geri_Bildirim_Mekanizmasi_ve_Diagnostik_Ozellikler\" >Geri Bildirim Mekanizmas\u0131 ve Diagnostik \u00d6zellikler<\/a><\/li><li class='ez-toc-page-1 ez-toc-heading-level-3'><a class=\"ez-toc-link ez-toc-heading-3\" href=\"https:\/\/unox.com.tr\/ru\/smart-pozisyoner\/#Endustriyel_Dayaniklilik_ve_Uygulama_Alanlari\" >End\u00fcstriyel Dayan\u0131kl\u0131l\u0131k ve Uygulama Alanlar\u0131<\/a><\/li><\/ul><\/nav><\/div>\n<h3><span class=\"ez-toc-section\" id=\"Dijital_Kontrol_ve_Otomasyon_Uyumu\"><\/span><b>Dijital Kontrol ve Otomasyon Uyumu<\/b><span class=\"ez-toc-section-end\"><\/span><\/h3>\n<p class=\"p1\">Smart pozisyonerler, 4-20 mA ya da dijital sinyallerle do\u011frudan komut al\u0131r. Ard\u0131ndan bu sinyalleri hassas pozisyon hareketine d\u00f6n\u00fc\u015ft\u00fcr\u00fcr. Ayr\u0131ca baz\u0131 modellerde HART, Profibus veya Fieldbus gibi haberle\u015fme protokolleriyle sistemler aras\u0131 veri ak\u0131\u015f\u0131 sa\u011flan\u0131r. <a href=\"https:\/\/unox.com.tr\/cok-turlu-oransal-elektrik-aktuatorlu-vana\">Unox \u00c7ok Turlu Oransal Elektrik Akt\u00fcat\u00f6rl\u00fc Vana<\/a> ile birlikte kullan\u0131ld\u0131\u011f\u0131nda senkronize kontrol elde edilmektedir. Fakat entegrasyon \u00f6ncesinde sistem \u00f6zelliklerinin dikkatle incelenmesi gerekir.<\/p>\n<h3><span class=\"ez-toc-section\" id=\"Geri_Bildirim_Mekanizmasi_ve_Diagnostik_Ozellikler\"><\/span><b>Geri Bildirim Mekanizmas\u0131 ve Diagnostik \u00d6zellikler<\/b><span class=\"ez-toc-section-end\"><\/span><\/h3>\n<p class=\"p1\">Smart pozisyonerler sadece konumland\u0131rma yapmaz, ayn\u0131 zamanda anl\u0131k geri bildirim de sunar. Bu \u00f6zellik sayesinde operat\u00f6r, sistemin performans\u0131n\u0131 s\u00fcrekli izlemektedir. Ayr\u0131ca ar\u0131za te\u015fhisi ve \u00f6nleyici bak\u0131m gibi avantajlar da sa\u011flan\u0131r. <a href=\"https:\/\/unox.com.tr\/ru\/?attachment_id=25338\">Unox Elektrik Akt\u00fcat\u00f6rl\u00fc 3 Yollu K\u00fcresel Vana<\/a> gibi \u00fcr\u00fcnlerle birlikte kullan\u0131ld\u0131\u011f\u0131nda proses g\u00fcvenli\u011fi \u00f6nemli \u00f6l\u00e7\u00fcde artar. <a href=\"https:\/\/www.unoxonline.com.tr\/\" rel=\"nofollow noopener\" target=\"_blank\">Unox Online<\/a> \u00fczerinden bu \u00f6zellikleri destekleyen modelleri inceleyebilirsiniz.<\/p>\n<h3><span class=\"ez-toc-section\" id=\"Endustriyel_Dayaniklilik_ve_Uygulama_Alanlari\"><\/span><b>End\u00fcstriyel Dayan\u0131kl\u0131l\u0131k ve Uygulama Alanlar\u0131<\/b><span class=\"ez-toc-section-end\"><\/span><\/h3>\n<p class=\"p1\">Smart pozisyoner sistemleri, toz, nem, s\u0131cakl\u0131k ve titre\u015fime kar\u015f\u0131 dayan\u0131kl\u0131 g\u00f6vde yap\u0131s\u0131yla uzun \u00f6m\u00fcr sunmaktad\u0131r. Bu \u00f6zellik sayesinde kimya, petrokimya, ila\u00e7 ve su ar\u0131tma gibi sekt\u00f6rlerde g\u00fcvenle tercih edilmektedir. <a href=\"https:\/\/unox.com.tr\/ayirma-disli-kollu-pnomatik-aktuatorlu-kelebek-vana\">Unox Ay\u0131rma Di\u015fli Kollu Pn\u00f6matik Akt\u00fcat\u00f6rl\u00fc Kelebek Vana<\/a> ile birlikte dar alanlarda y\u00fcksek performans elde edilmektedir. Ayr\u0131ca <a href=\"https:\/\/unox.com.tr\/ru\/?attachment_id=40788\">Unox Elektrik Akt\u00fcat\u00f6rl\u00fc U-PVC K\u00fcresel Vana<\/a> sayesinde kimyasal ortamlarda sistem kararl\u0131l\u0131\u011f\u0131 korunmaktad\u0131r. Teknik dok\u00fcmana <a href=\"https:\/\/unox.com.tr\/\">Unox<\/a> adresi \u00fczerinden eri\u015febilirsiniz.<\/p>\n<p><img decoding=\"async\" class=\"alignnone size-medium wp-image-68185\" src=\"https:\/\/unox.com.tr\/wp-content\/themes\/woodmart\/images\/lazy.svg\" data-src=\"https:\/\/unox.com.tr\/wp-content\/uploads\/2024\/09\/smart-pozisyoner-1-300x300.webp\" alt=\"smart pozisyoner\" width=\"300\" height=\"300\" title=\"\" srcset=\"\" data-srcset=\"https:\/\/unox.com.tr\/wp-content\/uploads\/2024\/09\/smart-pozisyoner-1-300x300.webp 300w, https:\/\/unox.com.tr\/wp-content\/uploads\/2024\/09\/smart-pozisyoner-1-1024x1024.webp 1024w, https:\/\/unox.com.tr\/wp-content\/uploads\/2024\/09\/smart-pozisyoner-1-150x150.webp 150w, https:\/\/unox.com.tr\/wp-content\/uploads\/2024\/09\/smart-pozisyoner-1-768x768.webp 768w, https:\/\/unox.com.tr\/wp-content\/uploads\/2024\/09\/smart-pozisyoner-1-1536x1536.webp 1536w, https:\/\/unox.com.tr\/wp-content\/uploads\/2024\/09\/smart-pozisyoner-1-600x600.webp 600w, https:\/\/unox.com.tr\/wp-content\/uploads\/2024\/09\/smart-pozisyoner-1.webp 1920w\" sizes=\"(max-width: 300px) 100vw, 300px\" \/><\/p>\n","protected":false},"excerpt":{"rendered":"<p><a href=\"https:\/\/unox.com.tr\/wp-content\/uploads\/2025\/12\/tissin-ts800-ca-e.pdf\" target=\"_blank\" rel=\"noopener\"><button style=\"background-color: #11224b; color: #ffffff; padding: 10px 15px; font-family: montserrat; font-weight: bold; font-size: 19px; border-radius: 10px;\"><img decoding=\"async\" style=\"width: 25px; height: 25px;\" src=\"https:\/\/unox.com.tr\/wp-content\/uploads\/2023\/02\/pdf-1.png\" \/>\u00dcR\u00dcN KATALO\u011eU<\/button><\/a><\/p>\n<p><a href=\"https:\/\/unox.com.tr\/wp-content\/uploads\/2025\/12\/tissin_positioner_TS800-manual_E.pdf\" target=\"_blank\" rel=\"noopener\"><button style=\"background-color: #11224b; margin-top: 5px; color: #ffffff; padding: 10px 15px; font-family: montserrat; font-weight: bold; font-size: 16px; border-radius: 10px;\"><img decoding=\"async\" style=\"width: 25px; height: 25px;\" src=\"https:\/\/unox.com.tr\/wp-content\/uploads\/2023\/02\/pdf-1.png\" \/>KULLANIM TAL\u0130MATI<\/button><\/a><\/p>\n<p><button style=\"background-color: #11224b; margin-top: 5px; color: white; padding: 0px 15px; width: 150px; height: 55px; border-radius: 10px; border: none; cursor: pointer;\"><br \/>\n<img decoding=\"async\" style=\"width: 120px; height: 30px;\" src=\"https:\/\/unox.com.tr\/wp-content\/uploads\/2023\/02\/4-1.svg\" \/><\/button><\/p>\n","protected":false},"featured_media":68185,"comment_status":"open","ping_status":"closed","template":"","meta":{"_joinchat":[]},"product_brand":[],"product_cat":[61,26],"product_tag":[],"class_list":{"0":"post-61954","1":"product","2":"type-product","3":"status-publish","4":"has-post-thumbnail","6":"product_cat-pnomatik-aktuator-aksesuar","7":"product_cat-pnomatik-vana","9":"first","10":"instock","11":"shipping-taxable","12":"product-type-simple"},"_links":{"self":[{"href":"https:\/\/unox.com.tr\/ru\/wp-json\/wp\/v2\/product\/61954","targetHints":{"allow":["GET"]}}],"collection":[{"href":"https:\/\/unox.com.tr\/ru\/wp-json\/wp\/v2\/product"}],"about":[{"href":"https:\/\/unox.com.tr\/ru\/wp-json\/wp\/v2\/types\/product"}],"replies":[{"embeddable":true,"href":"https:\/\/unox.com.tr\/ru\/wp-json\/wp\/v2\/comments?post=61954"}],"version-history":[{"count":2,"href":"https:\/\/unox.com.tr\/ru\/wp-json\/wp\/v2\/product\/61954\/revisions"}],"predecessor-version":[{"id":68221,"href":"https:\/\/unox.com.tr\/ru\/wp-json\/wp\/v2\/product\/61954\/revisions\/68221"}],"wp:featuredmedia":[{"embeddable":true,"href":"https:\/\/unox.com.tr\/ru\/wp-json\/wp\/v2\/media\/68185"}],"wp:attachment":[{"href":"https:\/\/unox.com.tr\/ru\/wp-json\/wp\/v2\/media?parent=61954"}],"wp:term":[{"taxonomy":"product_brand","embeddable":true,"href":"https:\/\/unox.com.tr\/ru\/wp-json\/wp\/v2\/product_brand?post=61954"},{"taxonomy":"product_cat","embeddable":true,"href":"https:\/\/unox.com.tr\/ru\/wp-json\/wp\/v2\/product_cat?post=61954"},{"taxonomy":"product_tag","embeddable":true,"href":"https:\/\/unox.com.tr\/ru\/wp-json\/wp\/v2\/product_tag?post=61954"}],"curies":[{"name":"wp","href":"https:\/\/api.w.org\/{rel}","templated":true}]}}