{"id":63506,"date":"2025-04-04T17:08:10","date_gmt":"2025-04-04T14:08:10","guid":{"rendered":"https:\/\/unox.com.tr\/?post_type=product&#038;p=63506"},"modified":"2025-05-29T10:43:24","modified_gmt":"2025-05-29T07:43:24","slug":"paslanmaz-cift-etkili-pnomatik-pistonlu-bicak-surgulu-vana","status":"publish","type":"product","link":"https:\/\/unox.com.tr\/ru\/paslanmaz-cift-etkili-pnomatik-pistonlu-bicak-surgulu-vana\/","title":{"rendered":"Paslanmaz \u00c7ift Etkili Pn\u00f6matik Pistonlu B\u0131\u00e7ak S\u00fcrg\u00fcl\u00fc Vana"},"content":{"rendered":"<p class=\"p1\">Paslanmaz \u00e7ift etkili pn\u00f6matik pistonlu b\u0131\u00e7ak s\u00fcrg\u00fcl\u00fc vana, end\u00fcstriyel s\u0131v\u0131 kontrol sistemlerinde y\u00fcksek verim sunan \u00f6zel bir vana \u00e7e\u015fidi aras\u0131na girmektedir. Bu vanalar, \u00f6zellikle y\u00fcksek viskoziteli ve partik\u00fcl i\u00e7eren ak\u0131\u015fkanlar\u0131n kontrol\u00fcnde b\u00fcy\u00fck avantaj sa\u011flamaktad\u0131r. B\u0131\u00e7ak tipi yap\u0131s\u0131 sayesinde, ak\u0131\u015fkan i\u00e7indeki kat\u0131 maddelerin birikmesi engellenmekte ve sistemin sorunsuz \u00e7al\u0131\u015fmas\u0131 sa\u011flanmaktad\u0131r.<\/p>\n<p class=\"p1\">Vana i\u00e7inde kullan\u0131lan b\u0131\u00e7ak, g\u00fc\u00e7l\u00fc ve keskin bir mekanizma ile s\u0131v\u0131 ak\u0131\u015f\u0131n\u0131 kesintisiz bir \u015fekilde d\u00fczenlemektedir. \u00c7ift etkili pn\u00f6matik akt\u00fcat\u00f6r yard\u0131m\u0131yla, vana hem a\u00e7ma hem de kapama i\u015flemleri i\u00e7in hava bas\u0131nc\u0131yla \u00e7al\u0131\u015ft\u0131r\u0131lmaktad\u0131r. Bu yap\u0131, y\u00fcksek performansl\u0131 ve kararl\u0131 bir ak\u0131\u015f kontrol\u00fc sa\u011flamaktad\u0131r.<\/p>\n<p class=\"p1\">Vanan\u0131n g\u00f6vdesi, AISI 304 veya AISI 316 kalite paslanmaz \u00e7elikten \u00fcretilmektedir. Bu sayede korozyona kar\u015f\u0131 \u00fcst d\u00fczey diren\u00e7 sa\u011flanmakta ve kimyasal ortamlarda uzun \u00f6m\u00fcrl\u00fc kullan\u0131m m\u00fcmk\u00fcnd\u00fcr. Y\u00fcksek s\u0131cakl\u0131k ve zorlu \u00e7al\u0131\u015fma ko\u015fullar\u0131na kar\u015f\u0131 mukavemeti sayesinde bir\u00e7ok sanayi dal\u0131nda g\u00fcvenle kullan\u0131lmaktad\u0131r.<\/p>\n<div id=\"ez-toc-container\" class=\"ez-toc-v2_0_82_2 counter-hierarchy ez-toc-counter ez-toc-grey ez-toc-container-direction\">\n<div class=\"ez-toc-title-container\">\n<p class=\"ez-toc-title\" style=\"cursor:inherit\">Sayfa \u0130\u00e7eri\u011fi<\/p>\n<span class=\"ez-toc-title-toggle\"><a href=\"#\" class=\"ez-toc-pull-right ez-toc-btn ez-toc-btn-xs ez-toc-btn-default ez-toc-toggle\" aria-label=\"Toggle Table of Content\"><span class=\"ez-toc-js-icon-con\"><span class=\"\"><span class=\"eztoc-hide\" style=\"display:none;\">Toggle<\/span><span class=\"ez-toc-icon-toggle-span\"><svg style=\"fill: #999;color:#999\" xmlns=\"http:\/\/www.w3.org\/2000\/svg\" class=\"list-377408\" width=\"20px\" height=\"20px\" viewBox=\"0 0 24 24\" fill=\"none\"><path d=\"M6 6H4v2h2V6zm14 0H8v2h12V6zM4 11h2v2H4v-2zm16 0H8v2h12v-2zM4 16h2v2H4v-2zm16 0H8v2h12v-2z\" fill=\"currentColor\"><\/path><\/svg><svg style=\"fill: #999;color:#999\" class=\"arrow-unsorted-368013\" xmlns=\"http:\/\/www.w3.org\/2000\/svg\" width=\"10px\" height=\"10px\" viewBox=\"0 0 24 24\" version=\"1.2\" baseProfile=\"tiny\"><path d=\"M18.2 9.3l-6.2-6.3-6.2 6.3c-.2.2-.3.4-.3.7s.1.5.3.7c.2.2.4.3.7.3h11c.3 0 .5-.1.7-.3.2-.2.3-.5.3-.7s-.1-.5-.3-.7zM5.8 14.7l6.2 6.3 6.2-6.3c.2-.2.3-.5.3-.7s-.1-.5-.3-.7c-.2-.2-.4-.3-.7-.3h-11c-.3 0-.5.1-.7.3-.2.2-.3.5-.3.7s.1.5.3.7z\"\/><\/svg><\/span><\/span><\/span><\/a><\/span><\/div>\n<nav><ul class='ez-toc-list ez-toc-list-level-1 ' ><li class='ez-toc-page-1 ez-toc-heading-level-3'><a class=\"ez-toc-link ez-toc-heading-1\" href=\"https:\/\/unox.com.tr\/ru\/paslanmaz-cift-etkili-pnomatik-pistonlu-bicak-surgulu-vana\/#Kullanim_Alanlari_ve_Avantajlari\" >Kullan\u0131m Alanlar\u0131 ve Avantajlar\u0131<\/a><\/li><li class='ez-toc-page-1 ez-toc-heading-level-3'><a class=\"ez-toc-link ez-toc-heading-2\" href=\"https:\/\/unox.com.tr\/ru\/paslanmaz-cift-etkili-pnomatik-pistonlu-bicak-surgulu-vana\/#Teknik_Ozellikler\" >Teknik \u00d6zellikler<\/a><\/li><\/ul><\/nav><\/div>\n<h3><span class=\"ez-toc-section\" id=\"Kullanim_Alanlari_ve_Avantajlari\"><\/span><b>Kullan\u0131m Alanlar\u0131 ve Avantajlar\u0131<\/b><span class=\"ez-toc-section-end\"><\/span><\/h3>\n<p class=\"p1\">Bu vana t\u00fcr\u00fc, ba\u015fta kimya sanayi olmak \u00fczere \u00e7imento, maden, g\u0131da \u00fcretimi, ka\u011f\u0131t, enerji ve ar\u0131tma tesislerinde s\u0131kl\u0131kla tercih edilmektedir. Lifli ve yo\u011fun k\u0131vaml\u0131 ak\u0131\u015fkanlar i\u00e7in ideal bir \u00e7\u00f6z\u00fcmd\u00fcr. Ayr\u0131ca pn\u00f6matik kontrol altyap\u0131s\u0131 sayesinde tam otomatik sistemlerle uyumlu \u00e7al\u0131\u015fmaktad\u0131r.<\/p>\n<p class=\"p1\">Proseslerde hem g\u00fcvenlik hem de h\u0131z a\u00e7\u0131s\u0131ndan \u00f6nemli avantajlar sunmaktad\u0131r. Otomatik kontrol sistemlerine entegre edilerek insan hatas\u0131n\u0131 minimize etmektedir. Uzaktan y\u00f6netim deste\u011fiyle end\u00fcstriyel otomasyon s\u00fcre\u00e7lerine katk\u0131 sa\u011flamaktad\u0131r.<\/p>\n<p class=\"p1\">Bak\u0131m gereksinimleri minimum d\u00fczeydedir. Mod\u00fcler yap\u0131s\u0131 sayesinde vana s\u00f6k\u00fclmeden baz\u0131 par\u00e7alar\u0131n kontrol\u00fc veya de\u011fi\u015fimi yap\u0131labilmektedir. Bu da i\u015fletmelerin bak\u0131m s\u00fcrelerini azaltmakta ve \u00fcretim kayb\u0131n\u0131 en aza indirmektedir.<\/p>\n<h3><span class=\"ez-toc-section\" id=\"Teknik_Ozellikler\"><\/span><b>Teknik \u00d6zellikler<\/b><span class=\"ez-toc-section-end\"><\/span><\/h3>\n<ul>\n<li>\n<p class=\"p1\"><span class=\"s1\"><b>G\u00f6vde Malzemesi<\/b><\/span>: AISI 304 \/ 316 Paslanmaz \u00c7elik<\/p>\n<\/li>\n<li>\n<p class=\"p1\"><span class=\"s1\"><b>S\u0131zd\u0131rmazl\u0131k Eleman\u0131<\/b><\/span>: EPDM, PTFE veya metal-metal<\/p>\n<\/li>\n<li>\n<p class=\"p1\"><span class=\"s1\"><b>\u00c7al\u0131\u015fma Bas\u0131nc\u0131<\/b><\/span>: Maksimum 10 bar<\/p>\n<\/li>\n<li>\n<p class=\"p1\"><span class=\"s1\"><b>S\u0131cakl\u0131k Aral\u0131\u011f\u0131<\/b><\/span>: -10\u00b0C ila +180\u00b0C<\/p>\n<\/li>\n<li>\n<p class=\"p1\"><span class=\"s1\"><b>Ba\u011flant\u0131 Tipi<\/b><\/span>: Flan\u015fl\u0131, wafer, lug<\/p>\n<\/li>\n<li>\n<p class=\"p1\"><span class=\"s1\"><b>Akt\u00fcat\u00f6r<\/b><\/span>: \u00c7ift etkili pn\u00f6matik piston<\/p>\n<\/li>\n<li>\n<p class=\"p1\"><span class=\"s1\"><b>Kontrol T\u00fcr\u00fc<\/b><\/span>: On-Off veya oransal kontrol<\/p>\n<\/li>\n<li>\n<p class=\"p1\"><span class=\"s1\"><b>Opsiyonel Ekipmanlar<\/b><\/span>: Limit switch box, solenoid valf, pozisyoner<\/p>\n<\/li>\n<\/ul>\n<p class=\"p1\">Bu \u00fcr\u00fcn hakk\u0131nda daha fazla bilgiye <a href=\"https:\/\/unox.com.tr\/ru\/\u0433\u0440\u0443\u043f\u043f\u0430-\u043a\u043b\u0430\u043f\u0430\u043d\u043e\u0432\/\">UNOX resmi vana sayfas\u0131ndan<\/a> ula\u015fabilir, teknik detaylar\u0131 <a href=\"https:\/\/www.unoxonline.com.tr\/urun-kategori\/vana\/\" rel=\"nofollow noopener\" target=\"_blank\">\u00fcr\u00fcn katalo\u011fumuzdan<\/a> inceleyebilirsiniz<\/p>\n<p><img decoding=\"async\" width=\"300\" height=\"300\" class=\"size-medium wp-image-63507\" src=\"https:\/\/unox.com.tr\/wp-content\/themes\/woodmart\/images\/lazy.svg\" data-src=\"https:\/\/unox.com.tr\/wp-content\/uploads\/2025\/04\/pnomatik-paslanmaz-bicak-surgulu-vana-300x300.jpg\" alt=\"&lt;yoastmark class=\" title=\"\" srcset=\"\" data-srcset=\"https:\/\/unox.com.tr\/wp-content\/uploads\/2025\/04\/pnomatik-paslanmaz-bicak-surgulu-vana-300x300.jpg 300w, https:\/\/unox.com.tr\/wp-content\/uploads\/2025\/04\/pnomatik-paslanmaz-bicak-surgulu-vana-150x150.jpg 150w, https:\/\/unox.com.tr\/wp-content\/uploads\/2025\/04\/pnomatik-paslanmaz-bicak-surgulu-vana-600x600.jpg 600w, https:\/\/unox.com.tr\/wp-content\/uploads\/2025\/04\/pnomatik-paslanmaz-bicak-surgulu-vana-768x768.jpg 768w, https:\/\/unox.com.tr\/wp-content\/uploads\/2025\/04\/pnomatik-paslanmaz-bicak-surgulu-vana.jpg 1000w\" sizes=\"(max-width: 300px) 100vw, 300px\" \/><\/p>\n<p>&nbsp;<\/p>\n","protected":false},"excerpt":{"rendered":"<p><button style=\"background-color: #11224b; color: #ffffff; padding: 10px 15px; font-family: montserrat; font-weight: bold; font-size: 19px; border-radius: 10px;\"><img decoding=\"async\" style=\"width: 25px; height: 25px;\" src=\"https:\/\/unox.com.tr\/wp-content\/uploads\/2023\/02\/pdf-1.png\" \/>\u00dcR\u00dcN KATALO\u011eU<\/button><\/p>\n<p><button style=\"background-color: #11224b; margin-top: 5px; color: white; padding: 0px 15px; width: 150px; height: 55px; border-radius: 10px; border: none; cursor: pointer;\"><br \/>\n<img decoding=\"async\" style=\"width: 120px; height: 30px;\" src=\"https:\/\/unox.com.tr\/wp-content\/uploads\/2023\/02\/4-1.svg\" \/><\/button><\/p>\n","protected":false},"featured_media":63507,"comment_status":"open","ping_status":"closed","template":"","meta":{"_joinchat":[]},"product_brand":[],"product_cat":[314,33],"product_tag":[],"class_list":{"0":"post-63506","1":"product","2":"type-product","3":"status-publish","4":"has-post-thumbnail","6":"product_cat-bicakli-vana","7":"product_cat-vana","9":"first","10":"instock","11":"shipping-taxable","12":"product-type-simple"},"_links":{"self":[{"href":"https:\/\/unox.com.tr\/ru\/wp-json\/wp\/v2\/product\/63506","targetHints":{"allow":["GET"]}}],"collection":[{"href":"https:\/\/unox.com.tr\/ru\/wp-json\/wp\/v2\/product"}],"about":[{"href":"https:\/\/unox.com.tr\/ru\/wp-json\/wp\/v2\/types\/product"}],"replies":[{"embeddable":true,"href":"https:\/\/unox.com.tr\/ru\/wp-json\/wp\/v2\/comments?post=63506"}],"version-history":[{"count":1,"href":"https:\/\/unox.com.tr\/ru\/wp-json\/wp\/v2\/product\/63506\/revisions"}],"predecessor-version":[{"id":65688,"href":"https:\/\/unox.com.tr\/ru\/wp-json\/wp\/v2\/product\/63506\/revisions\/65688"}],"wp:featuredmedia":[{"embeddable":true,"href":"https:\/\/unox.com.tr\/ru\/wp-json\/wp\/v2\/media\/63507"}],"wp:attachment":[{"href":"https:\/\/unox.com.tr\/ru\/wp-json\/wp\/v2\/media?parent=63506"}],"wp:term":[{"taxonomy":"product_brand","embeddable":true,"href":"https:\/\/unox.com.tr\/ru\/wp-json\/wp\/v2\/product_brand?post=63506"},{"taxonomy":"product_cat","embeddable":true,"href":"https:\/\/unox.com.tr\/ru\/wp-json\/wp\/v2\/product_cat?post=63506"},{"taxonomy":"product_tag","embeddable":true,"href":"https:\/\/unox.com.tr\/ru\/wp-json\/wp\/v2\/product_tag?post=63506"}],"curies":[{"name":"wp","href":"https:\/\/api.w.org\/{rel}","templated":true}]}}