{"id":65902,"date":"2025-05-30T11:24:16","date_gmt":"2025-05-30T08:24:16","guid":{"rendered":"https:\/\/unox.com.tr\/?post_type=product&#038;p=65902"},"modified":"2025-05-30T11:24:17","modified_gmt":"2025-05-30T08:24:17","slug":"exproof-solenoid-valf","status":"publish","type":"product","link":"https:\/\/unox.com.tr\/ru\/exproof-solenoid-valf\/","title":{"rendered":"Exproof Solenoid Valf"},"content":{"rendered":"<h2>Exproof Solenoid Valf<\/h2>\n","protected":false},"excerpt":{"rendered":"<p><button style=\"background-color: #11224b; color: #ffffff; padding: 10px 15px; font-family: montserrat; font-weight: bold; font-size: 19px; border-radius: 10px;\"><img decoding=\"async\" style=\"width: 25px; height: 25px;\" src=\"https:\/\/unox.com.tr\/wp-content\/uploads\/2023\/02\/pdf-1.png\" \/>\u00dcR\u00dcN KATALO\u011eU<\/button><\/p>\n<p><button style=\"background-color: #11224b; margin-top: 5px; color: white; padding: 0px 15px; width: 150px; height: 55px; border-radius: 10px; border: none; cursor: pointer;\"><br \/>\n<img decoding=\"async\" style=\"width: 120px; height: 30px;\" src=\"https:\/\/unox.com.tr\/wp-content\/uploads\/2023\/02\/4-1.svg\" \/><\/button><\/p>\n","protected":false},"featured_media":65903,"comment_status":"open","ping_status":"closed","template":"","meta":{"_joinchat":[]},"product_brand":[],"product_cat":[28],"product_tag":[],"class_list":{"0":"post-65902","1":"product","2":"type-product","3":"status-publish","4":"has-post-thumbnail","6":"product_cat-solenoid-valf","8":"first","9":"instock","10":"shipping-taxable","11":"product-type-simple"},"_links":{"self":[{"href":"https:\/\/unox.com.tr\/ru\/wp-json\/wp\/v2\/product\/65902","targetHints":{"allow":["GET"]}}],"collection":[{"href":"https:\/\/unox.com.tr\/ru\/wp-json\/wp\/v2\/product"}],"about":[{"href":"https:\/\/unox.com.tr\/ru\/wp-json\/wp\/v2\/types\/product"}],"replies":[{"embeddable":true,"href":"https:\/\/unox.com.tr\/ru\/wp-json\/wp\/v2\/comments?post=65902"}],"version-history":[{"count":2,"href":"https:\/\/unox.com.tr\/ru\/wp-json\/wp\/v2\/product\/65902\/revisions"}],"predecessor-version":[{"id":65925,"href":"https:\/\/unox.com.tr\/ru\/wp-json\/wp\/v2\/product\/65902\/revisions\/65925"}],"wp:featuredmedia":[{"embeddable":true,"href":"https:\/\/unox.com.tr\/ru\/wp-json\/wp\/v2\/media\/65903"}],"wp:attachment":[{"href":"https:\/\/unox.com.tr\/ru\/wp-json\/wp\/v2\/media?parent=65902"}],"wp:term":[{"taxonomy":"product_brand","embeddable":true,"href":"https:\/\/unox.com.tr\/ru\/wp-json\/wp\/v2\/product_brand?post=65902"},{"taxonomy":"product_cat","embeddable":true,"href":"https:\/\/unox.com.tr\/ru\/wp-json\/wp\/v2\/product_cat?post=65902"},{"taxonomy":"product_tag","embeddable":true,"href":"https:\/\/unox.com.tr\/ru\/wp-json\/wp\/v2\/product_tag?post=65902"}],"curies":[{"name":"wp","href":"https:\/\/api.w.org\/{rel}","templated":true}]}}