{"id":66678,"date":"2025-07-29T15:27:08","date_gmt":"2025-07-29T12:27:08","guid":{"rendered":"https:\/\/unox.com.tr\/?post_type=product&#038;p=66678"},"modified":"2025-07-29T15:33:44","modified_gmt":"2025-07-29T12:33:44","slug":"fantini-cosmi-35m%c2%b2-ic-mekan-hava-temizleyici-kumandali","status":"publish","type":"product","link":"https:\/\/unox.com.tr\/ru\/fantini-cosmi-35m%c2%b2-ic-mekan-hava-temizleyici-kumandali\/","title":{"rendered":"Fantini Cosmi 35m\u00b2 \u0130\u00e7 Mekan Hava Temizleyici Kumandal\u0131"},"content":{"rendered":"<p><span dir=\"auto\">ECOCOMFORT PLUS, pencereleri a\u00e7man\u0131za gerek kalmadan i\u00e7 mekanlarda s\u00fcrekli temiz hava de\u011fi\u015fimi sa\u011flayan ve nem ve k\u00fcf olu\u015fumunu engelleyen bir havaland\u0131rma sistemidir.<\/span><br \/>\n<span dir=\"auto\">\u00dcnitenin i\u00e7ine yerle\u015ftirilen y\u00fcksek verimli rejeneratif seramik \u0131s\u0131 e\u015fanj\u00f6r\u00fc, odadan \u00e7ekilen hava ak\u0131m\u0131n\u0131n a\u00e7\u0131\u011fa \u00e7\u0131kard\u0131\u011f\u0131 \u0131s\u0131y\u0131 biriktirir ve havay\u0131 emme d\u00f6ng\u00fcs\u00fc s\u0131ras\u0131nda \u0131s\u0131tarak geri kazand\u0131r\u0131r, b\u00f6ylece \u00e7\u0131kan \u0131s\u0131y\u0131 geri kazan\u0131r ve enerji israf\u0131n\u0131 \u00f6nler.<\/span><br \/>\n<span dir=\"auto\">ECOCOMFORT PLUS, ortama sal\u0131nan havadaki t\u00fcm kirleticileri tutan ISO COARSE verimlilik s\u0131n\u0131f\u0131 bir filtre ve \u00fcnitede bulunan sens\u00f6rlerden gelen bilgileri (s\u0131cakl\u0131k, VOC (U\u00e7ucu Organik Bile\u015fikler), nem ve \u0131\u015f\u0131k parlakl\u0131\u011f\u0131) i\u015fleyen bir mikroi\u015flemci taraf\u0131ndan kontrol edilen d\u00fc\u015f\u00fck t\u00fcketimli f\u0131r\u00e7as\u0131z DC motor ile donat\u0131lm\u0131\u015ft\u0131r. T\u00fcm bu sens\u00f6rler, \u00fcnitenin en uygun havaland\u0131rma modlar\u0131n\u0131 otomatik olarak benimsemesini ve en iyi ortam konforunu sa\u011flamas\u0131n\u0131 sa\u011flar.<\/span><br \/>\n<span dir=\"auto\">Uzaktan kumanda, kurulum s\u0131ras\u0131nda basit ve sezgisel yap\u0131land\u0131rma ve son kullan\u0131c\u0131 taraf\u0131ndan kolay kullan\u0131m sa\u011flar. K\u0131z\u0131l\u00f6tesi (IR) teknolojisi, cihazla an\u0131nda ileti\u015fim kurulmas\u0131n\u0131 sa\u011flar ve kullan\u0131c\u0131, \u00fcnitenin sahip oldu\u011fu sens\u00f6rleri kolayca y\u00f6netebilir ve mevcut \u00e7al\u0131\u015fma modu hakk\u0131nda bilgi alabilir. Birden fazla ECOCOMFORT PLUS \u00fcnitesi kuruldu\u011funda, tek bir uzaktan kumanda hepsini kontrol etmek i\u00e7in yeterli olacakt\u0131r.<\/span><br \/>\n<span dir=\"auto\">ECOCOMFORT PLUS iki farkl\u0131 \u00e7apta (100 mm ve 160 mm) mevcuttur ve \u00e7evre duvarlar\u0131na monte edilmelidir.<\/span><\/p>\n<table class=\" cke_show_border\" width=\"823\">\n<tbody>\n<tr>\n<td><span dir=\"auto\">AP19993<\/span><\/td>\n<td><span dir=\"auto\">EKOKONFOR PLUS 160<\/span><\/td>\n<td><span dir=\"auto\">160 mm<\/span><\/td>\n<td><span dir=\"auto\">35 m\u00b2 (*)<\/span><\/td>\n<td><span dir=\"auto\">D\u00fc\u015f\u00fck<\/span><\/td>\n<td><span dir=\"auto\">28<\/span><\/td>\n<td><span dir=\"auto\">2,8 W<\/span><\/td>\n<td><span dir=\"auto\">110V \u00f7 230V~<\/span><br \/>\n<span dir=\"auto\">50\/60Hz<\/span><\/td>\n<td><span dir=\"auto\">26<\/span><\/td>\n<\/tr>\n<tr>\n<td><\/td>\n<td><\/td>\n<td><\/td>\n<td><\/td>\n<td><span dir=\"auto\">orta<\/span><\/td>\n<td><span dir=\"auto\">33<\/span><\/td>\n<td><span dir=\"auto\">5,2 W<\/span><\/td>\n<td><span dir=\"auto\">110V \u00f7 230V~<\/span><br \/>\n<span dir=\"auto\">50\/60Hz<\/span><\/td>\n<td><span dir=\"auto\">30<\/span><\/td>\n<\/tr>\n<tr>\n<td><\/td>\n<td><\/td>\n<td><\/td>\n<td><\/td>\n<td><span dir=\"auto\">y\u00fcksek<\/span><\/td>\n<td><span dir=\"auto\">50<\/span><\/td>\n<td><span dir=\"auto\">8,9 W<\/span><\/td>\n<td><span dir=\"auto\">110V \u00f7 230V~<\/span><br \/>\n<span dir=\"auto\">50\/60Hz<\/span><\/td>\n<td><span dir=\"auto\">36<\/span><\/td>\n<\/tr>\n<tr>\n<td><\/td>\n<td><\/td>\n<td><\/td>\n<td><\/td>\n<td><span dir=\"auto\">uyumak<\/span><\/td>\n<td><span dir=\"auto\">15<\/span><\/td>\n<td><span dir=\"auto\">1,6<\/span><\/td>\n<td><span dir=\"auto\">110V \u00f7 230V~<\/span><br \/>\n<span dir=\"auto\">50\/60Hz<\/span><\/td>\n<td><span dir=\"auto\">ve<\/span><\/td>\n<\/tr>\n<\/tbody>\n<\/table>\n","protected":false},"excerpt":{"rendered":"<p>ECOCOMFORT PLUS, pencereleri a\u00e7man\u0131za gerek kalmadan i\u00e7 mekanlarda s\u00fcrekli temiz hava de\u011fi\u015fimi sa\u011flayan ve nem ve k\u00fcf olu\u015fumunu engelleyen bir<\/p>\n","protected":false},"featured_media":66679,"comment_status":"open","ping_status":"closed","template":"","meta":{"_joinchat":[]},"product_brand":[],"product_cat":[336],"product_tag":[],"class_list":{"0":"post-66678","1":"product","2":"type-product","3":"status-publish","4":"has-post-thumbnail","6":"product_cat-fantini-cosmi","8":"first","9":"instock","10":"shipping-taxable","11":"product-type-simple"},"_links":{"self":[{"href":"https:\/\/unox.com.tr\/ru\/wp-json\/wp\/v2\/product\/66678","targetHints":{"allow":["GET"]}}],"collection":[{"href":"https:\/\/unox.com.tr\/ru\/wp-json\/wp\/v2\/product"}],"about":[{"href":"https:\/\/unox.com.tr\/ru\/wp-json\/wp\/v2\/types\/product"}],"replies":[{"embeddable":true,"href":"https:\/\/unox.com.tr\/ru\/wp-json\/wp\/v2\/comments?post=66678"}],"version-history":[{"count":3,"href":"https:\/\/unox.com.tr\/ru\/wp-json\/wp\/v2\/product\/66678\/revisions"}],"predecessor-version":[{"id":66716,"href":"https:\/\/unox.com.tr\/ru\/wp-json\/wp\/v2\/product\/66678\/revisions\/66716"}],"wp:featuredmedia":[{"embeddable":true,"href":"https:\/\/unox.com.tr\/ru\/wp-json\/wp\/v2\/media\/66679"}],"wp:attachment":[{"href":"https:\/\/unox.com.tr\/ru\/wp-json\/wp\/v2\/media?parent=66678"}],"wp:term":[{"taxonomy":"product_brand","embeddable":true,"href":"https:\/\/unox.com.tr\/ru\/wp-json\/wp\/v2\/product_brand?post=66678"},{"taxonomy":"product_cat","embeddable":true,"href":"https:\/\/unox.com.tr\/ru\/wp-json\/wp\/v2\/product_cat?post=66678"},{"taxonomy":"product_tag","embeddable":true,"href":"https:\/\/unox.com.tr\/ru\/wp-json\/wp\/v2\/product_tag?post=66678"}],"curies":[{"name":"wp","href":"https:\/\/api.w.org\/{rel}","templated":true}]}}