{"id":70426,"date":"2026-03-10T15:04:46","date_gmt":"2026-03-10T12:04:46","guid":{"rendered":"https:\/\/unox.com.tr\/?post_type=product&#038;p=70426"},"modified":"2026-03-10T15:20:46","modified_gmt":"2026-03-10T12:20:46","slug":"bronz-disli-emniyet-ventili","status":"publish","type":"product","link":"https:\/\/unox.com.tr\/ru\/bronz-disli-emniyet-ventili\/","title":{"rendered":"Bronz Di\u015fli Emniyet Ventili"},"content":{"rendered":"<div id=\"ez-toc-container\" class=\"ez-toc-v2_0_82_2 counter-hierarchy ez-toc-counter ez-toc-grey ez-toc-container-direction\">\n<div class=\"ez-toc-title-container\">\n<p class=\"ez-toc-title\" style=\"cursor:inherit\">Sayfa \u0130\u00e7eri\u011fi<\/p>\n<span class=\"ez-toc-title-toggle\"><a href=\"#\" class=\"ez-toc-pull-right ez-toc-btn ez-toc-btn-xs ez-toc-btn-default ez-toc-toggle\" aria-label=\"Toggle Table of Content\"><span class=\"ez-toc-js-icon-con\"><span class=\"\"><span class=\"eztoc-hide\" style=\"display:none;\">Toggle<\/span><span class=\"ez-toc-icon-toggle-span\"><svg style=\"fill: #999;color:#999\" xmlns=\"http:\/\/www.w3.org\/2000\/svg\" class=\"list-377408\" width=\"20px\" height=\"20px\" viewBox=\"0 0 24 24\" fill=\"none\"><path d=\"M6 6H4v2h2V6zm14 0H8v2h12V6zM4 11h2v2H4v-2zm16 0H8v2h12v-2zM4 16h2v2H4v-2zm16 0H8v2h12v-2z\" fill=\"currentColor\"><\/path><\/svg><svg style=\"fill: #999;color:#999\" class=\"arrow-unsorted-368013\" xmlns=\"http:\/\/www.w3.org\/2000\/svg\" width=\"10px\" height=\"10px\" viewBox=\"0 0 24 24\" version=\"1.2\" baseProfile=\"tiny\"><path d=\"M18.2 9.3l-6.2-6.3-6.2 6.3c-.2.2-.3.4-.3.7s.1.5.3.7c.2.2.4.3.7.3h11c.3 0 .5-.1.7-.3.2-.2.3-.5.3-.7s-.1-.5-.3-.7zM5.8 14.7l6.2 6.3 6.2-6.3c.2-.2.3-.5.3-.7s-.1-.5-.3-.7c-.2-.2-.4-.3-.7-.3h-11c-.3 0-.5.1-.7.3-.2.2-.3.5-.3.7s.1.5.3.7z\"\/><\/svg><\/span><\/span><\/span><\/a><\/span><\/div>\n<nav><ul class='ez-toc-list ez-toc-list-level-1 ' ><li class='ez-toc-page-1 ez-toc-heading-level-2'><a class=\"ez-toc-link ez-toc-heading-1\" href=\"https:\/\/unox.com.tr\/ru\/bronz-disli-emniyet-ventili\/#Bronz_Disli_Emniyet_Ventili\" >Bronz Di\u015fli Emniyet Ventili<\/a><\/li><li class='ez-toc-page-1 ez-toc-heading-level-2'><a class=\"ez-toc-link ez-toc-heading-2\" href=\"https:\/\/unox.com.tr\/ru\/bronz-disli-emniyet-ventili\/#One_Cikan_Ozellikler\" >\u00d6ne \u00c7\u0131kan \u00d6zellikler<\/a><\/li><li class='ez-toc-page-1 ez-toc-heading-level-2'><a class=\"ez-toc-link ez-toc-heading-3\" href=\"https:\/\/unox.com.tr\/ru\/bronz-disli-emniyet-ventili\/#Kullanim_Alanlari\" >Kullan\u0131m Alanlar\u0131<\/a><\/li><\/ul><\/nav><\/div>\n<h2><span class=\"ez-toc-section\" id=\"Bronz_Disli_Emniyet_Ventili\"><\/span>Bronz Di\u015fli Emniyet Ventili<span class=\"ez-toc-section-end\"><\/span><\/h2>\n<p><strong>Bronz Di\u015fli Emniyet Ventili<\/strong>, sistemde olu\u015fabilecek a\u015f\u0131r\u0131 bas\u0131nc\u0131 otomatik olarak tahliye ederek tesisat ekipmanlar\u0131n\u0131 ve boru hatlar\u0131n\u0131 korumak amac\u0131yla kullan\u0131lan bir g\u00fcvenlik eleman\u0131d\u0131r. \u00d6zellikle <strong>buhar, hava, su ve \u00e7e\u015fitli ak\u0131\u015fkan sistemlerinde<\/strong> g\u00fcvenli \u00e7al\u0131\u015fma sa\u011flamak i\u00e7in tercih edilir.<\/p>\n<p>UNOX bronz emniyet ventilleri, hassas yay mekanizmas\u0131 sayesinde ayarlanan bas\u0131n\u00e7 de\u011ferine ula\u015f\u0131ld\u0131\u011f\u0131nda otomatik olarak a\u00e7\u0131l\u0131r ve bas\u0131n\u00e7 d\u00fc\u015f\u00fcr\u00fcld\u00fc\u011f\u00fcnde tekrar kapanarak sistemin g\u00fcvenli \u015fekilde \u00e7al\u0131\u015fmas\u0131na yard\u0131mc\u0131 olur.<\/p>\n<p>Bronz g\u00f6vde yap\u0131s\u0131 sayesinde <strong>korozyona kar\u015f\u0131 dayan\u0131kl\u0131<\/strong>, <strong>uzun \u00f6m\u00fcrl\u00fc<\/strong> ve <strong>g\u00fcvenilir bir kullan\u0131m<\/strong> sunar. Di\u015fli ba\u011flant\u0131 yap\u0131s\u0131 ise montaj ve bak\u0131m i\u015flemlerini kolayla\u015ft\u0131r\u0131r.<\/p>\n<h2><span class=\"ez-toc-section\" id=\"One_Cikan_Ozellikler\"><\/span>\u00d6ne \u00c7\u0131kan \u00d6zellikler<span class=\"ez-toc-section-end\"><\/span><\/h2>\n<ul>\n<li>Bronz g\u00f6vde yap\u0131s\u0131<\/li>\n<li>Di\u015fli ba\u011flant\u0131 (BSP \/ NPT se\u00e7enekleri)<\/li>\n<li>Ayarlanabilir bas\u0131n\u00e7 mekanizmas\u0131<\/li>\n<li>Hassas yay sistemi ile g\u00fcvenli tahliye<\/li>\n<li>Kompakt ve dayan\u0131kl\u0131 tasar\u0131m<\/li>\n<li>Buhar, hava ve s\u0131v\u0131 uygulamalar\u0131na uygun<\/li>\n<\/ul>\n<h2><span class=\"ez-toc-section\" id=\"Kullanim_Alanlari\"><\/span>Kullan\u0131m Alanlar\u0131<span class=\"ez-toc-section-end\"><\/span><\/h2>\n<p>Bronz di\u015fli emniyet ventilleri bir\u00e7ok end\u00fcstriyel uygulamada kullan\u0131lmaktad\u0131r:<\/p>\n<ul>\n<li>Buhar hatlar\u0131<\/li>\n<li>Bas\u0131n\u00e7l\u0131 hava sistemleri<\/li>\n<li>S\u0131cak su sistemleri<\/li>\n<li>Kazan ve tank uygulamalar\u0131<\/li>\n<li>End\u00fcstriyel proses hatlar\u0131<\/li>\n<li>Is\u0131tma sistemleri<\/li>\n<\/ul>\n<p>UNOX bronz emniyet ventilleri, sistem g\u00fcvenli\u011fini art\u0131rmak ve ekipmanlar\u0131 a\u015f\u0131r\u0131 bas\u0131nca kar\u015f\u0131 korumak i\u00e7in ideal bir \u00e7\u00f6z\u00fcmd\u00fcr.<\/p>\n","protected":false},"excerpt":{"rendered":"<p><a href=\"https:\/\/unox.com.tr\/wp-content\/uploads\/2026\/03\/Bronz-Disli-Emniyet-Ventili.pdf\" target=\"_blank\" rel=\"noopener\"><button style=\"background-color: #11224b; color: #ffffff; padding: 10px 15px; font-family: montserrat; font-weight: bold; font-size: 19px; border-radius: 10px;\"><img decoding=\"async\" style=\"width: 25px; height: 25px;\" src=\"https:\/\/unox.com.tr\/wp-content\/uploads\/2023\/02\/pdf-1.png\" \/>\u00dcR\u00dcN KATALO\u011eU<\/button><\/a><\/p>\n<p><button style=\"background-color: #11224b; margin-top: 5px; color: white; padding: 0px 15px; width: 150px; height: 55px; border-radius: 10px; border: none; cursor: default;\"><br \/>\n<img decoding=\"async\" style=\"width: 120px; height: 30px;\" src=\"https:\/\/unox.com.tr\/wp-content\/uploads\/2023\/02\/4-1.svg\" \/><\/button><\/p>\n","protected":false},"featured_media":70427,"comment_status":"closed","ping_status":"closed","template":"","meta":{"_joinchat":[]},"product_brand":[],"product_cat":[1432,33],"product_tag":[],"class_list":{"0":"post-70426","1":"product","2":"type-product","3":"status-publish","4":"has-post-thumbnail","6":"product_cat-emniyet-ventili","7":"product_cat-vana","9":"first","10":"instock","11":"shipping-taxable","12":"product-type-simple"},"_links":{"self":[{"href":"https:\/\/unox.com.tr\/ru\/wp-json\/wp\/v2\/product\/70426","targetHints":{"allow":["GET"]}}],"collection":[{"href":"https:\/\/unox.com.tr\/ru\/wp-json\/wp\/v2\/product"}],"about":[{"href":"https:\/\/unox.com.tr\/ru\/wp-json\/wp\/v2\/types\/product"}],"replies":[{"embeddable":true,"href":"https:\/\/unox.com.tr\/ru\/wp-json\/wp\/v2\/comments?post=70426"}],"version-history":[{"count":3,"href":"https:\/\/unox.com.tr\/ru\/wp-json\/wp\/v2\/product\/70426\/revisions"}],"predecessor-version":[{"id":70444,"href":"https:\/\/unox.com.tr\/ru\/wp-json\/wp\/v2\/product\/70426\/revisions\/70444"}],"wp:featuredmedia":[{"embeddable":true,"href":"https:\/\/unox.com.tr\/ru\/wp-json\/wp\/v2\/media\/70427"}],"wp:attachment":[{"href":"https:\/\/unox.com.tr\/ru\/wp-json\/wp\/v2\/media?parent=70426"}],"wp:term":[{"taxonomy":"product_brand","embeddable":true,"href":"https:\/\/unox.com.tr\/ru\/wp-json\/wp\/v2\/product_brand?post=70426"},{"taxonomy":"product_cat","embeddable":true,"href":"https:\/\/unox.com.tr\/ru\/wp-json\/wp\/v2\/product_cat?post=70426"},{"taxonomy":"product_tag","embeddable":true,"href":"https:\/\/unox.com.tr\/ru\/wp-json\/wp\/v2\/product_tag?post=70426"}],"curies":[{"name":"wp","href":"https:\/\/api.w.org\/{rel}","templated":true}]}}