{"id":70462,"date":"2026-03-10T15:49:00","date_gmt":"2026-03-10T12:49:00","guid":{"rendered":"https:\/\/unox.com.tr\/?post_type=product&#038;p=70462"},"modified":"2026-03-10T15:49:01","modified_gmt":"2026-03-10T12:49:01","slug":"basinc-dusurucu-vana","status":"publish","type":"product","link":"https:\/\/unox.com.tr\/ru\/basinc-dusurucu-vana\/","title":{"rendered":"Bas\u0131n\u00e7 D\u00fc\u015f\u00fcr\u00fcc\u00fc Vana"},"content":{"rendered":"<p><strong>Bas\u0131n\u00e7 D\u00fc\u015f\u00fcr\u00fcc\u00fc Vana<\/strong>, y\u00fcksek giri\u015f bas\u0131nc\u0131na sahip hatlarda \u00e7\u0131k\u0131\u015f bas\u0131nc\u0131n\u0131 ayarlanan de\u011ferde sabit tutarak sistem ekipmanlar\u0131n\u0131 koruyan ve stabil \u00e7al\u0131\u015fma sa\u011flayan bir kontrol vanas\u0131d\u0131r. \u00d6zellikle tesisat sistemlerinde bas\u0131n\u00e7 dalgalanmalar\u0131n\u0131 \u00f6nlemek ve ekipman \u00f6mr\u00fcn\u00fc uzatmak i\u00e7in kullan\u0131l\u0131r.<\/p>\n<p>UNOX bas\u0131n\u00e7 d\u00fc\u015f\u00fcr\u00fcc\u00fc vanalar, diyafram ve yay mekanizmas\u0131 sayesinde giri\u015f bas\u0131nc\u0131ndaki de\u011fi\u015fimlerden ba\u011f\u0131ms\u0131z olarak \u00e7\u0131k\u0131\u015f bas\u0131nc\u0131n\u0131 sabit tutar. Bu sayede sistemde <strong>dengeli ak\u0131\u015f<\/strong>, <strong>g\u00fcvenli \u00e7al\u0131\u015fma<\/strong> ve <strong>enerji verimlili\u011fi<\/strong> sa\u011flan\u0131r.<\/p>\n<p>Kompakt tasar\u0131m\u0131 ve di\u015fli ba\u011flant\u0131 yap\u0131s\u0131 sayesinde montaj\u0131 kolayd\u0131r. Dayan\u0131kl\u0131 g\u00f6vde yap\u0131s\u0131 ile uzun \u00f6m\u00fcrl\u00fc kullan\u0131m sunar ve end\u00fcstriyel tesisatlar ile mekanik sistemlerde g\u00fcvenle kullan\u0131labilir.<\/p>\n<div id=\"ez-toc-container\" class=\"ez-toc-v2_0_82_2 counter-hierarchy ez-toc-counter ez-toc-grey ez-toc-container-direction\">\n<div class=\"ez-toc-title-container\">\n<p class=\"ez-toc-title\" style=\"cursor:inherit\">Sayfa \u0130\u00e7eri\u011fi<\/p>\n<span class=\"ez-toc-title-toggle\"><a href=\"#\" class=\"ez-toc-pull-right ez-toc-btn ez-toc-btn-xs ez-toc-btn-default ez-toc-toggle\" aria-label=\"Toggle Table of Content\"><span class=\"ez-toc-js-icon-con\"><span class=\"\"><span class=\"eztoc-hide\" style=\"display:none;\">Toggle<\/span><span class=\"ez-toc-icon-toggle-span\"><svg style=\"fill: #999;color:#999\" xmlns=\"http:\/\/www.w3.org\/2000\/svg\" class=\"list-377408\" width=\"20px\" height=\"20px\" viewBox=\"0 0 24 24\" fill=\"none\"><path d=\"M6 6H4v2h2V6zm14 0H8v2h12V6zM4 11h2v2H4v-2zm16 0H8v2h12v-2zM4 16h2v2H4v-2zm16 0H8v2h12v-2z\" fill=\"currentColor\"><\/path><\/svg><svg style=\"fill: #999;color:#999\" class=\"arrow-unsorted-368013\" xmlns=\"http:\/\/www.w3.org\/2000\/svg\" width=\"10px\" height=\"10px\" viewBox=\"0 0 24 24\" version=\"1.2\" baseProfile=\"tiny\"><path d=\"M18.2 9.3l-6.2-6.3-6.2 6.3c-.2.2-.3.4-.3.7s.1.5.3.7c.2.2.4.3.7.3h11c.3 0 .5-.1.7-.3.2-.2.3-.5.3-.7s-.1-.5-.3-.7zM5.8 14.7l6.2 6.3 6.2-6.3c.2-.2.3-.5.3-.7s-.1-.5-.3-.7c-.2-.2-.4-.3-.7-.3h-11c-.3 0-.5.1-.7.3-.2.2-.3.5-.3.7s.1.5.3.7z\"\/><\/svg><\/span><\/span><\/span><\/a><\/span><\/div>\n<nav><ul class='ez-toc-list ez-toc-list-level-1 ' ><li class='ez-toc-page-1 ez-toc-heading-level-2'><a class=\"ez-toc-link ez-toc-heading-1\" href=\"https:\/\/unox.com.tr\/ru\/basinc-dusurucu-vana\/#One_Cikan_Ozellikler\" >\u00d6ne \u00c7\u0131kan \u00d6zellikler<\/a><\/li><li class='ez-toc-page-1 ez-toc-heading-level-2'><a class=\"ez-toc-link ez-toc-heading-2\" href=\"https:\/\/unox.com.tr\/ru\/basinc-dusurucu-vana\/#Kullanim_Alanlari\" >Kullan\u0131m Alanlar\u0131<\/a><\/li><\/ul><\/nav><\/div>\n<h2><span class=\"ez-toc-section\" id=\"One_Cikan_Ozellikler\"><\/span>\u00d6ne \u00c7\u0131kan \u00d6zellikler<span class=\"ez-toc-section-end\"><\/span><\/h2>\n<ul>\n<li>Hassas bas\u0131n\u00e7 kontrol\u00fc<\/li>\n<li>Ayarlanabilir \u00e7\u0131k\u0131\u015f bas\u0131nc\u0131<\/li>\n<li>Diyafram ve yay mekanizmas\u0131<\/li>\n<li>Di\u015fli ba\u011flant\u0131 (BSP \/ NPT se\u00e7enekleri)<\/li>\n<li>Kompakt ve dayan\u0131kl\u0131 tasar\u0131m<\/li>\n<li>Stabil ve g\u00fcvenilir \u00e7al\u0131\u015fma<\/li>\n<\/ul>\n<h2><span class=\"ez-toc-section\" id=\"Kullanim_Alanlari\"><\/span>Kullan\u0131m Alanlar\u0131<span class=\"ez-toc-section-end\"><\/span><\/h2>\n<p>Bas\u0131n\u00e7 d\u00fc\u015f\u00fcr\u00fcc\u00fc vanalar bir\u00e7ok end\u00fcstriyel ve tesisat uygulamas\u0131nda kullan\u0131lmaktad\u0131r:<\/p>\n<ul>\n<li>Su tesisatlar\u0131<\/li>\n<li>Bas\u0131n\u00e7l\u0131 hava sistemleri<\/li>\n<li>End\u00fcstriyel proses hatlar\u0131<\/li>\n<li>Buhar ve s\u0131cak su sistemleri<\/li>\n<li>Mekanik tesisat uygulamalar\u0131<\/li>\n<li>End\u00fcstriyel makineler ve ekipmanlar<\/li>\n<\/ul>\n","protected":false},"excerpt":{"rendered":"<p><a href=\"https:\/\/unox.com.tr\/wp-content\/uploads\/2026\/03\/Basinc-Dusurucu-Vana.pdf\" target=\"_blank\" rel=\"noopener\"><button style=\"background-color: #11224b; color: #ffffff; padding: 10px 15px; font-family: montserrat; font-weight: bold; font-size: 19px; border-radius: 10px;\"><img decoding=\"async\" style=\"width: 25px; height: 25px;\" src=\"https:\/\/unox.com.tr\/wp-content\/uploads\/2023\/02\/pdf-1.png\" \/>\u00dcR\u00dcN KATALO\u011eU<\/button><\/a><\/p>\n<p><button style=\"background-color: #11224b; margin-top: 5px; color: white; padding: 0px 15px; width: 150px; height: 55px; border-radius: 10px; border: none; cursor: default;\"><br \/>\n<img decoding=\"async\" style=\"width: 120px; height: 30px;\" src=\"https:\/\/unox.com.tr\/wp-content\/uploads\/2023\/02\/4-1.svg\" \/><\/button><\/p>\n","protected":false},"featured_media":70463,"comment_status":"closed","ping_status":"closed","template":"","meta":{"_joinchat":[]},"product_brand":[],"product_cat":[1432,33],"product_tag":[],"class_list":{"0":"post-70462","1":"product","2":"type-product","3":"status-publish","4":"has-post-thumbnail","6":"product_cat-emniyet-ventili","7":"product_cat-vana","9":"first","10":"instock","11":"shipping-taxable","12":"product-type-simple"},"_links":{"self":[{"href":"https:\/\/unox.com.tr\/ru\/wp-json\/wp\/v2\/product\/70462","targetHints":{"allow":["GET"]}}],"collection":[{"href":"https:\/\/unox.com.tr\/ru\/wp-json\/wp\/v2\/product"}],"about":[{"href":"https:\/\/unox.com.tr\/ru\/wp-json\/wp\/v2\/types\/product"}],"replies":[{"embeddable":true,"href":"https:\/\/unox.com.tr\/ru\/wp-json\/wp\/v2\/comments?post=70462"}],"version-history":[{"count":2,"href":"https:\/\/unox.com.tr\/ru\/wp-json\/wp\/v2\/product\/70462\/revisions"}],"predecessor-version":[{"id":70478,"href":"https:\/\/unox.com.tr\/ru\/wp-json\/wp\/v2\/product\/70462\/revisions\/70478"}],"wp:featuredmedia":[{"embeddable":true,"href":"https:\/\/unox.com.tr\/ru\/wp-json\/wp\/v2\/media\/70463"}],"wp:attachment":[{"href":"https:\/\/unox.com.tr\/ru\/wp-json\/wp\/v2\/media?parent=70462"}],"wp:term":[{"taxonomy":"product_brand","embeddable":true,"href":"https:\/\/unox.com.tr\/ru\/wp-json\/wp\/v2\/product_brand?post=70462"},{"taxonomy":"product_cat","embeddable":true,"href":"https:\/\/unox.com.tr\/ru\/wp-json\/wp\/v2\/product_cat?post=70462"},{"taxonomy":"product_tag","embeddable":true,"href":"https:\/\/unox.com.tr\/ru\/wp-json\/wp\/v2\/product_tag?post=70462"}],"curies":[{"name":"wp","href":"https:\/\/api.w.org\/{rel}","templated":true}]}}